{"id":1457,"date":"2018-07-04T11:24:36","date_gmt":"2018-07-04T08:24:36","guid":{"rendered":"http:\/\/kapylanelainkauppa.online.fi\/?page_id=1457"},"modified":"2026-02-11T21:11:06","modified_gmt":"2026-02-11T19:11:06","slug":"lahjatavarat","status":"publish","type":"page","link":"https:\/\/www.kapylanelainkauppa.fi\/index.php\/tuotteet\/lahjatavarat\/","title":{"rendered":"Lahjatavarat"},"content":{"rendered":"<h5 style=\"text-align: center;\">Varsinaisten\u00a0 lemmikeille kuuluvien tuotteiden lis\u00e4ksi<br \/>\nvalikoimassamme on my\u00f6s runsaasti erilaisia Lahjatavaroita \ud83d\ude42<\/h5>\n<h5 style=\"text-align: center;\">N\u00e4ist\u00e4 l\u00f6yd\u00e4t kivat\u00a0 tuliaiset vieraisille tai voit muistaa yst\u00e4v\u00e4\u00e4 juhlap\u00e4iv\u00e4n\u00e4<br \/>\ntai muistaa ihan vaan itse\u00e4si kivalla yll\u00e4tyksell\u00e4&#8230;<\/h5>\n<h4 style=\"text-align: center;\">Englantilaiset Posliinimukit<\/h4>\n<p><img loading=\"lazy\" decoding=\"async\" class=\"size-medium wp-image-1465 aligncenter\" src=\"http:\/\/kapylanelainkauppa.fi\/wp-content\/uploads\/Lahjatavaramukit-300x261.jpg\" alt=\"\" width=\"300\" height=\"261\" srcset=\"https:\/\/www.kapylanelainkauppa.fi\/wp-content\/uploads\/Lahjatavaramukit-300x261.jpg 300w, https:\/\/www.kapylanelainkauppa.fi\/wp-content\/uploads\/Lahjatavaramukit.jpg 1393w\" sizes=\"auto, (max-width: 300px) 100vw, 300px\" \/><\/p>\n<p><img loading=\"lazy\" decoding=\"async\" class=\"wp-image-1495 aligncenter\" src=\"http:\/\/kapylanelainkauppa.fi\/wp-content\/uploads\/Lahjatavaramukisetti.jpg\" alt=\"\" width=\"299\" height=\"259\" \/><\/p>\n<h6 style=\"text-align: center;\">N\u00e4ist\u00e4 ihanista mukeista tarjolla vaihtuva valikoima mit\u00e4 hyllyyn milloinkin mahtuu&#8230;<br \/>\nMukit laadukasta englantilaista posliinia. 11,90\u20ac<br \/>\nMy\u00f6s settej\u00e4, joissa muki, kansi ja leip\u00e4alusta samaa sarjaa.<\/h6>\n<h4 style=\"text-align: center;\">El\u00e4inaiheiset Tyynynp\u00e4\u00e4lliset<\/h4>\n<h6 style=\"text-align: center;\">Belgialaisia, 100%\u00a0 puuvillaa<br \/>\n34,90\u20ac<\/h6>\n<figure id=\"attachment_1466\" aria-describedby=\"caption-attachment-1466\" style=\"width: 275px\" class=\"wp-caption aligncenter\"><img loading=\"lazy\" decoding=\"async\" class=\"wp-image-1466\" src=\"http:\/\/kapylanelainkauppa.fi\/wp-content\/uploads\/Lahjatavaratyynyborder-300x292.jpg\" alt=\"\" width=\"275\" height=\"267\" srcset=\"https:\/\/www.kapylanelainkauppa.fi\/wp-content\/uploads\/Lahjatavaratyynyborder-300x292.jpg 300w, https:\/\/www.kapylanelainkauppa.fi\/wp-content\/uploads\/Lahjatavaratyynyborder.jpg 1135w\" sizes=\"auto, (max-width: 275px) 100vw, 275px\" \/><figcaption id=\"caption-attachment-1466\" class=\"wp-caption-text\">Bordercollie, golf<\/figcaption><\/figure>\n<figure id=\"attachment_1467\" aria-describedby=\"caption-attachment-1467\" style=\"width: 277px\" class=\"wp-caption aligncenter\"><img loading=\"lazy\" decoding=\"async\" class=\"wp-image-1467 \" src=\"http:\/\/kapylanelainkauppa.fi\/wp-content\/uploads\/Lahjatavaratyynyboston-298x300.jpg\" alt=\"\" width=\"277\" height=\"279\" srcset=\"https:\/\/www.kapylanelainkauppa.fi\/wp-content\/uploads\/Lahjatavaratyynyboston-298x300.jpg 298w, https:\/\/www.kapylanelainkauppa.fi\/wp-content\/uploads\/Lahjatavaratyynyboston-140x140.jpg 140w, https:\/\/www.kapylanelainkauppa.fi\/wp-content\/uploads\/Lahjatavaratyynyboston.jpg 1068w\" sizes=\"auto, (max-width: 277px) 100vw, 277px\" \/><figcaption id=\"caption-attachment-1467\" class=\"wp-caption-text\">Bostoninterrieri<\/figcaption><\/figure>\n<figure id=\"attachment_1468\" aria-describedby=\"caption-attachment-1468\" style=\"width: 277px\" class=\"wp-caption aligncenter\"><img loading=\"lazy\" decoding=\"async\" class=\"wp-image-1468\" src=\"http:\/\/kapylanelainkauppa.fi\/wp-content\/uploads\/Lahjatavaratyynyboston1-300x276.jpg\" alt=\"\" width=\"277\" height=\"255\" srcset=\"https:\/\/www.kapylanelainkauppa.fi\/wp-content\/uploads\/Lahjatavaratyynyboston1-300x276.jpg 300w, https:\/\/www.kapylanelainkauppa.fi\/wp-content\/uploads\/Lahjatavaratyynyboston1.jpg 1067w\" sizes=\"auto, (max-width: 277px) 100vw, 277px\" \/><figcaption id=\"caption-attachment-1468\" class=\"wp-caption-text\">Bostoninterrieri? Ranskanbulldog?<\/figcaption><\/figure>\n<figure id=\"attachment_1469\" aria-describedby=\"caption-attachment-1469\" style=\"width: 270px\" class=\"wp-caption aligncenter\"><img loading=\"lazy\" decoding=\"async\" class=\"wp-image-1469\" src=\"http:\/\/kapylanelainkauppa.fi\/wp-content\/uploads\/Lahjatavaratyynychihu-300x288.jpg\" alt=\"\" width=\"270\" height=\"259\" srcset=\"https:\/\/www.kapylanelainkauppa.fi\/wp-content\/uploads\/Lahjatavaratyynychihu-300x288.jpg 300w, https:\/\/www.kapylanelainkauppa.fi\/wp-content\/uploads\/Lahjatavaratyynychihu.jpg 1116w\" sizes=\"auto, (max-width: 270px) 100vw, 270px\" \/><figcaption id=\"caption-attachment-1469\" class=\"wp-caption-text\">Chihuahua<\/figcaption><\/figure>\n<figure id=\"attachment_1470\" aria-describedby=\"caption-attachment-1470\" style=\"width: 278px\" class=\"wp-caption aligncenter\"><img loading=\"lazy\" decoding=\"async\" class=\"wp-image-1470\" src=\"http:\/\/kapylanelainkauppa.fi\/wp-content\/uploads\/Lahjatavaratyynychihu1-300x298.jpg\" alt=\"\" width=\"278\" height=\"276\" srcset=\"https:\/\/www.kapylanelainkauppa.fi\/wp-content\/uploads\/Lahjatavaratyynychihu1-300x298.jpg 300w, https:\/\/www.kapylanelainkauppa.fi\/wp-content\/uploads\/Lahjatavaratyynychihu1-140x140.jpg 140w, https:\/\/www.kapylanelainkauppa.fi\/wp-content\/uploads\/Lahjatavaratyynychihu1.jpg 1119w\" sizes=\"auto, (max-width: 278px) 100vw, 278px\" \/><figcaption id=\"caption-attachment-1470\" class=\"wp-caption-text\">Chihuahua<\/figcaption><\/figure>\n<figure id=\"attachment_1471\" aria-describedby=\"caption-attachment-1471\" style=\"width: 272px\" class=\"wp-caption aligncenter\"><img loading=\"lazy\" decoding=\"async\" class=\"wp-image-1471\" src=\"http:\/\/kapylanelainkauppa.fi\/wp-content\/uploads\/Lahjatavaratyynydallu-297x300.jpg\" alt=\"\" width=\"272\" height=\"275\" srcset=\"https:\/\/www.kapylanelainkauppa.fi\/wp-content\/uploads\/Lahjatavaratyynydallu-297x300.jpg 297w, https:\/\/www.kapylanelainkauppa.fi\/wp-content\/uploads\/Lahjatavaratyynydallu.jpg 1096w\" sizes=\"auto, (max-width: 272px) 100vw, 272px\" \/><figcaption id=\"caption-attachment-1471\" class=\"wp-caption-text\">Dalmatialainen<\/figcaption><\/figure>\n<figure id=\"attachment_1472\" aria-describedby=\"caption-attachment-1472\" style=\"width: 279px\" class=\"wp-caption aligncenter\"><img loading=\"lazy\" decoding=\"async\" class=\"wp-image-1472\" src=\"http:\/\/kapylanelainkauppa.fi\/wp-content\/uploads\/Lahjatavaratyynygriffon-300x291.jpg\" alt=\"\" width=\"279\" height=\"271\" srcset=\"https:\/\/www.kapylanelainkauppa.fi\/wp-content\/uploads\/Lahjatavaratyynygriffon-300x291.jpg 300w, https:\/\/www.kapylanelainkauppa.fi\/wp-content\/uploads\/Lahjatavaratyynygriffon.jpg 1096w\" sizes=\"auto, (max-width: 279px) 100vw, 279px\" \/><figcaption id=\"caption-attachment-1472\" class=\"wp-caption-text\">Griffon? Mopsi?<\/figcaption><\/figure>\n<figure id=\"attachment_1473\" aria-describedby=\"caption-attachment-1473\" style=\"width: 268px\" class=\"wp-caption aligncenter\"><img loading=\"lazy\" decoding=\"async\" class=\"wp-image-1473\" src=\"http:\/\/kapylanelainkauppa.fi\/wp-content\/uploads\/Lahjatavaratyynyjooga-298x300.jpg\" alt=\"\" width=\"268\" height=\"270\" srcset=\"https:\/\/www.kapylanelainkauppa.fi\/wp-content\/uploads\/Lahjatavaratyynyjooga-298x300.jpg 298w, https:\/\/www.kapylanelainkauppa.fi\/wp-content\/uploads\/Lahjatavaratyynyjooga-140x140.jpg 140w, https:\/\/www.kapylanelainkauppa.fi\/wp-content\/uploads\/Lahjatavaratyynyjooga.jpg 1119w\" sizes=\"auto, (max-width: 268px) 100vw, 268px\" \/><figcaption id=\"caption-attachment-1473\" class=\"wp-caption-text\">Joogaavat sekarotuiset<\/figcaption><\/figure>\n<figure id=\"attachment_1474\" aria-describedby=\"caption-attachment-1474\" style=\"width: 279px\" class=\"wp-caption aligncenter\"><img loading=\"lazy\" decoding=\"async\" class=\"wp-image-1474\" src=\"http:\/\/kapylanelainkauppa.fi\/wp-content\/uploads\/Lahjatavaratyynyjooga1-300x291.jpg\" alt=\"\" width=\"279\" height=\"271\" srcset=\"https:\/\/www.kapylanelainkauppa.fi\/wp-content\/uploads\/Lahjatavaratyynyjooga1-300x291.jpg 300w, https:\/\/www.kapylanelainkauppa.fi\/wp-content\/uploads\/Lahjatavaratyynyjooga1.jpg 1135w\" sizes=\"auto, (max-width: 279px) 100vw, 279px\" \/><figcaption id=\"caption-attachment-1474\" class=\"wp-caption-text\">Joogaavat Yorkki ja Bulldog<\/figcaption><\/figure>\n<figure id=\"attachment_1475\" aria-describedby=\"caption-attachment-1475\" style=\"width: 271px\" class=\"wp-caption aligncenter\"><img loading=\"lazy\" decoding=\"async\" class=\"wp-image-1475\" src=\"http:\/\/kapylanelainkauppa.fi\/wp-content\/uploads\/Lahjatavaratyynyjooga2-300x296.jpg\" alt=\"\" width=\"271\" height=\"267\" srcset=\"https:\/\/www.kapylanelainkauppa.fi\/wp-content\/uploads\/Lahjatavaratyynyjooga2-300x296.jpg 300w, https:\/\/www.kapylanelainkauppa.fi\/wp-content\/uploads\/Lahjatavaratyynyjooga2.jpg 1082w\" sizes=\"auto, (max-width: 271px) 100vw, 271px\" \/><figcaption id=\"caption-attachment-1475\" class=\"wp-caption-text\">Joogaavat Noutaja ja Russeli<\/figcaption><\/figure>\n<figure id=\"attachment_1477\" aria-describedby=\"caption-attachment-1477\" style=\"width: 283px\" class=\"wp-caption aligncenter\"><img loading=\"lazy\" decoding=\"async\" class=\" wp-image-1477\" src=\"http:\/\/kapylanelainkauppa.fi\/wp-content\/uploads\/Lahjatavaratyynykirjasto-300x294.jpg\" alt=\"\" width=\"283\" height=\"277\" srcset=\"https:\/\/www.kapylanelainkauppa.fi\/wp-content\/uploads\/Lahjatavaratyynykirjasto-300x294.jpg 300w, https:\/\/www.kapylanelainkauppa.fi\/wp-content\/uploads\/Lahjatavaratyynykirjasto.jpg 1076w\" sizes=\"auto, (max-width: 283px) 100vw, 283px\" \/><figcaption id=\"caption-attachment-1477\" class=\"wp-caption-text\">Noutajapentu<\/figcaption><\/figure>\n<figure id=\"attachment_1478\" aria-describedby=\"caption-attachment-1478\" style=\"width: 300px\" class=\"wp-caption aligncenter\"><img loading=\"lazy\" decoding=\"async\" class=\"wp-image-1478 size-medium\" src=\"http:\/\/kapylanelainkauppa.fi\/wp-content\/uploads\/Lahjatavaratyynykirjasto1-300x296.jpg\" alt=\"\" width=\"300\" height=\"296\" srcset=\"https:\/\/www.kapylanelainkauppa.fi\/wp-content\/uploads\/Lahjatavaratyynykirjasto1-300x296.jpg 300w, https:\/\/www.kapylanelainkauppa.fi\/wp-content\/uploads\/Lahjatavaratyynykirjasto1.jpg 1041w\" sizes=\"auto, (max-width: 300px) 100vw, 300px\" \/><figcaption id=\"caption-attachment-1478\" class=\"wp-caption-text\">Mopsi<\/figcaption><\/figure>\n<figure id=\"attachment_1482\" aria-describedby=\"caption-attachment-1482\" style=\"width: 300px\" class=\"wp-caption aligncenter\"><img loading=\"lazy\" decoding=\"async\" class=\"wp-image-1482 size-medium\" src=\"http:\/\/kapylanelainkauppa.fi\/wp-content\/uploads\/Lahjatavaratyynymopsi-300x285.jpg\" alt=\"\" width=\"300\" height=\"285\" srcset=\"https:\/\/www.kapylanelainkauppa.fi\/wp-content\/uploads\/Lahjatavaratyynymopsi-300x285.jpg 300w, https:\/\/www.kapylanelainkauppa.fi\/wp-content\/uploads\/Lahjatavaratyynymopsi.jpg 1122w\" sizes=\"auto, (max-width: 300px) 100vw, 300px\" \/><figcaption id=\"caption-attachment-1482\" class=\"wp-caption-text\">Mopsi<\/figcaption><\/figure>\n<p><img loading=\"lazy\" decoding=\"async\" class=\"wp-image-1969 size-medium aligncenter\" src=\"http:\/\/www.kapylanelainkauppa.fi\/wp-content\/uploads\/LahjatavaratyynymA\u00a4ykky-300x294.jpg\" alt=\"\" width=\"300\" height=\"294\" srcset=\"https:\/\/www.kapylanelainkauppa.fi\/wp-content\/uploads\/LahjatavaratyynymA\u00a4ykky-300x294.jpg 300w, https:\/\/www.kapylanelainkauppa.fi\/wp-content\/uploads\/LahjatavaratyynymA\u00a4ykky-768x752.jpg 768w, https:\/\/www.kapylanelainkauppa.fi\/wp-content\/uploads\/LahjatavaratyynymA\u00a4ykky.jpg 1003w\" sizes=\"auto, (max-width: 300px) 100vw, 300px\" \/><\/p>\n<p style=\"text-align: center;\">M\u00e4yr\u00e4koira<\/p>\n<figure id=\"attachment_1484\" aria-describedby=\"caption-attachment-1484\" style=\"width: 300px\" class=\"wp-caption aligncenter\"><img loading=\"lazy\" decoding=\"async\" class=\"wp-image-1484 size-medium\" src=\"http:\/\/kapylanelainkauppa.fi\/wp-content\/uploads\/Lahjatavaratyynynoutaja-300x300.jpg\" alt=\"\" width=\"300\" height=\"300\" srcset=\"https:\/\/www.kapylanelainkauppa.fi\/wp-content\/uploads\/Lahjatavaratyynynoutaja-300x300.jpg 300w, https:\/\/www.kapylanelainkauppa.fi\/wp-content\/uploads\/Lahjatavaratyynynoutaja-140x140.jpg 140w, https:\/\/www.kapylanelainkauppa.fi\/wp-content\/uploads\/Lahjatavaratyynynoutaja.jpg 1147w\" sizes=\"auto, (max-width: 300px) 100vw, 300px\" \/><figcaption id=\"caption-attachment-1484\" class=\"wp-caption-text\">Noutaja<\/figcaption><\/figure>\n<figure id=\"attachment_1485\" aria-describedby=\"caption-attachment-1485\" style=\"width: 300px\" class=\"wp-caption aligncenter\"><img loading=\"lazy\" decoding=\"async\" class=\"wp-image-1485 size-medium\" src=\"http:\/\/kapylanelainkauppa.fi\/wp-content\/uploads\/Lahjatavaratyynyranskis-300x284.jpg\" alt=\"\" width=\"300\" height=\"284\" srcset=\"https:\/\/www.kapylanelainkauppa.fi\/wp-content\/uploads\/Lahjatavaratyynyranskis-300x284.jpg 300w, https:\/\/www.kapylanelainkauppa.fi\/wp-content\/uploads\/Lahjatavaratyynyranskis.jpg 1096w\" sizes=\"auto, (max-width: 300px) 100vw, 300px\" \/><figcaption id=\"caption-attachment-1485\" class=\"wp-caption-text\">Ranskanbulldog<\/figcaption><\/figure>\n<figure id=\"attachment_1486\" aria-describedby=\"caption-attachment-1486\" style=\"width: 300px\" class=\"wp-caption aligncenter\"><img loading=\"lazy\" decoding=\"async\" class=\"wp-image-1486 size-medium\" src=\"http:\/\/kapylanelainkauppa.fi\/wp-content\/uploads\/Lahjatavaratyynyrusseli-300x284.jpg\" alt=\"\" width=\"300\" height=\"284\" srcset=\"https:\/\/www.kapylanelainkauppa.fi\/wp-content\/uploads\/Lahjatavaratyynyrusseli-300x284.jpg 300w, https:\/\/www.kapylanelainkauppa.fi\/wp-content\/uploads\/Lahjatavaratyynyrusseli.jpg 1136w\" sizes=\"auto, (max-width: 300px) 100vw, 300px\" \/><figcaption id=\"caption-attachment-1486\" class=\"wp-caption-text\">Jack Russel<\/figcaption><\/figure>\n<figure id=\"attachment_1487\" aria-describedby=\"caption-attachment-1487\" style=\"width: 300px\" class=\"wp-caption aligncenter\"><img loading=\"lazy\" decoding=\"async\" class=\"wp-image-1487 size-medium\" src=\"http:\/\/kapylanelainkauppa.fi\/wp-content\/uploads\/Lahjatavaratyynywestie-300x293.jpg\" alt=\"\" width=\"300\" height=\"293\" srcset=\"https:\/\/www.kapylanelainkauppa.fi\/wp-content\/uploads\/Lahjatavaratyynywestie-300x293.jpg 300w, https:\/\/www.kapylanelainkauppa.fi\/wp-content\/uploads\/Lahjatavaratyynywestie.jpg 1048w\" sizes=\"auto, (max-width: 300px) 100vw, 300px\" \/><figcaption id=\"caption-attachment-1487\" class=\"wp-caption-text\">Westie<\/figcaption><\/figure>\n<figure id=\"attachment_1488\" aria-describedby=\"caption-attachment-1488\" style=\"width: 300px\" class=\"wp-caption aligncenter\"><img loading=\"lazy\" decoding=\"async\" class=\"wp-image-1488 size-medium\" src=\"http:\/\/kapylanelainkauppa.fi\/wp-content\/uploads\/Lahjatavaratyynywestie1-300x292.jpg\" alt=\"\" width=\"300\" height=\"292\" srcset=\"https:\/\/www.kapylanelainkauppa.fi\/wp-content\/uploads\/Lahjatavaratyynywestie1-300x292.jpg 300w, https:\/\/www.kapylanelainkauppa.fi\/wp-content\/uploads\/Lahjatavaratyynywestie1.jpg 1099w\" sizes=\"auto, (max-width: 300px) 100vw, 300px\" \/><figcaption id=\"caption-attachment-1488\" class=\"wp-caption-text\">Westie<\/figcaption><\/figure>\n<figure id=\"attachment_1489\" aria-describedby=\"caption-attachment-1489\" style=\"width: 300px\" class=\"wp-caption aligncenter\"><img loading=\"lazy\" decoding=\"async\" class=\"wp-image-1489 size-medium\" src=\"http:\/\/kapylanelainkauppa.fi\/wp-content\/uploads\/Lahjatavaratyynyvinttikoira-300x281.jpg\" alt=\"\" width=\"300\" height=\"281\" srcset=\"https:\/\/www.kapylanelainkauppa.fi\/wp-content\/uploads\/Lahjatavaratyynyvinttikoira-300x281.jpg 300w, https:\/\/www.kapylanelainkauppa.fi\/wp-content\/uploads\/Lahjatavaratyynyvinttikoira.jpg 1260w\" sizes=\"auto, (max-width: 300px) 100vw, 300px\" \/><figcaption id=\"caption-attachment-1489\" class=\"wp-caption-text\">Vinttikoira<\/figcaption><\/figure>\n<figure id=\"attachment_1479\" aria-describedby=\"caption-attachment-1479\" style=\"width: 300px\" class=\"wp-caption aligncenter\"><img loading=\"lazy\" decoding=\"async\" class=\"wp-image-1479 size-medium\" src=\"http:\/\/kapylanelainkauppa.fi\/wp-content\/uploads\/Lahjatavaratyynykissa-300x216.jpg\" alt=\"\" width=\"300\" height=\"216\" srcset=\"https:\/\/www.kapylanelainkauppa.fi\/wp-content\/uploads\/Lahjatavaratyynykissa-300x216.jpg 300w, https:\/\/www.kapylanelainkauppa.fi\/wp-content\/uploads\/Lahjatavaratyynykissa.jpg 1126w\" sizes=\"auto, (max-width: 300px) 100vw, 300px\" \/><figcaption id=\"caption-attachment-1479\" class=\"wp-caption-text\">Kissa<\/figcaption><\/figure>\n<h4 style=\"text-align: center;\"><\/h4>\n<h4 style=\"text-align: center;\">Keksipurkit<\/h4>\n<p><img loading=\"lazy\" decoding=\"async\" class=\"wp-image-1496 aligncenter\" src=\"http:\/\/kapylanelainkauppa.fi\/wp-content\/uploads\/Lahjatavarakeksipurkit.jpg\" alt=\"\" width=\"344\" height=\"258\" \/><\/p>\n<h4 style=\"text-align: center;\">Avaimenper\u00e4t<\/h4>\n<p><img loading=\"lazy\" decoding=\"async\" class=\"aligncenter wp-image-1967 size-medium\" src=\"http:\/\/www.kapylanelainkauppa.fi\/wp-content\/uploads\/LahjatavaraavaimenperA\u00a4t-300x231.jpg\" alt=\"\" width=\"300\" height=\"231\" srcset=\"https:\/\/www.kapylanelainkauppa.fi\/wp-content\/uploads\/LahjatavaraavaimenperA\u00a4t-300x231.jpg 300w, https:\/\/www.kapylanelainkauppa.fi\/wp-content\/uploads\/LahjatavaraavaimenperA\u00a4t.jpg 720w\" sizes=\"auto, (max-width: 300px) 100vw, 300px\" \/><\/p>\n<h4 style=\"text-align: center;\">Kirjepaperipakkaukset<\/h4>\n<h6 style=\"text-align: center;\">Jos joku ihana viel\u00e4 kirjoittaa ihan oikeita kirjeit\u00e4&#8230;\u00a0\u00a0<strong>4,90\u20ac<\/strong><\/h6>\n<p><img loading=\"lazy\" decoding=\"async\" class=\"wp-image-1498 aligncenter\" src=\"http:\/\/kapylanelainkauppa.fi\/wp-content\/uploads\/Lahjatavarakirjepaperit.jpg\" alt=\"\" width=\"349\" height=\"465\" \/><\/p>\n<h4 style=\"text-align: center;\">Kortit<\/h4>\n<h6 style=\"text-align: center;\">Eri rotuisia koiria, kissoja, muita lemmikkej\u00e4 ja villiel\u00e4imi\u00e4&#8230;<br \/>\nVaihteleva valikoima<\/h6>\n<p><img loading=\"lazy\" decoding=\"async\" class=\"wp-image-1499 aligncenter\" src=\"http:\/\/kapylanelainkauppa.fi\/wp-content\/uploads\/Lahjatavarakortit.jpg\" alt=\"\" width=\"364\" height=\"605\" \/><\/p>\n<h4 style=\"text-align: center;\">Varoituskyltit<\/h4>\n<h6 style=\"text-align: center;\">&#8221;Hupivaroituskylttej\u00e4&#8221; ja my\u00f6s niit\u00e4 perinteisi\u00e4 &#8221;T\u00e4\u00e4ll\u00e4 vartioin min\u00e4&#8221;-malleja&#8230;<\/h6>\n<p><img loading=\"lazy\" decoding=\"async\" class=\"wp-image-1505 aligncenter\" src=\"http:\/\/kapylanelainkauppa.fi\/wp-content\/uploads\/Lahjatavaravaroituskyltit.jpg\" alt=\"\" width=\"415\" height=\"311\" \/><\/p>\n<h4 style=\"text-align: center;\">Rotutarrat<\/h4>\n<h6 style=\"text-align: center;\">N\u00e4m\u00e4 Tarjouksessa!<br \/>\n1\u20ac kpl, pienemm\u00e4t 0,50\u20ac ja minitarrat 1,50\u20ac\/pakkaus<br \/>\nMy\u00f6s kissoja, lintuja, jyrsij\u00f6it\u00e4, hevosia&#8230;<\/h6>\n<p><img loading=\"lazy\" decoding=\"async\" class=\"aligncenter wp-image-1968 size-medium\" src=\"http:\/\/www.kapylanelainkauppa.fi\/wp-content\/uploads\/LA\u00b6ytA\u00b6tarrat-239x300.jpg\" alt=\"\" width=\"239\" height=\"300\" srcset=\"https:\/\/www.kapylanelainkauppa.fi\/wp-content\/uploads\/LA\u00b6ytA\u00b6tarrat-239x300.jpg 239w, https:\/\/www.kapylanelainkauppa.fi\/wp-content\/uploads\/LA\u00b6ytA\u00b6tarrat-768x963.jpg 768w, https:\/\/www.kapylanelainkauppa.fi\/wp-content\/uploads\/LA\u00b6ytA\u00b6tarrat.jpg 817w\" sizes=\"auto, (max-width: 239px) 100vw, 239px\" \/><img loading=\"lazy\" decoding=\"async\" class=\"wp-image-1500 aligncenter\" src=\"http:\/\/kapylanelainkauppa.fi\/wp-content\/uploads\/Lahjatavarapikkutarrat.jpg\" alt=\"\" width=\"286\" height=\"305\" \/><\/p>\n<h4 style=\"text-align: center;\">Lahjakortti<\/h4>\n<h6 style=\"text-align: center;\">Lahjakortti K\u00e4pyl\u00e4n El\u00e4inkauppaan haluamallasi summalla.<\/h6>\n<p><img loading=\"lazy\" decoding=\"async\" class=\"wp-image-1502 aligncenter\" src=\"http:\/\/kapylanelainkauppa.fi\/wp-content\/uploads\/Lahjatavaralahjakortti.jpg\" alt=\"\" width=\"395\" height=\"291\" \/><\/p>\n","protected":false},"excerpt":{"rendered":"<p>Varsinaisten\u00a0 lemmikeille kuuluvien tuotteiden lis\u00e4ksi valikoimassamme on my\u00f6s runsaasti erilaisia Lahjatavaroita \ud83d\ude42 N\u00e4ist\u00e4 l\u00f6yd\u00e4t kivat\u00a0 tuliaiset vieraisille tai voit muistaa yst\u00e4v\u00e4\u00e4 juhlap\u00e4iv\u00e4n\u00e4 tai muistaa ihan vaan itse\u00e4si kivalla yll\u00e4tyksell\u00e4&#8230; Englantilaiset Posliinimukit N\u00e4ist\u00e4 ihanista mukeista tarjolla vaihtuva valikoima mit\u00e4 hyllyyn milloinkin mahtuu&#8230; Mukit laadukasta englantilaista posliinia. 11,90\u20ac My\u00f6s settej\u00e4, joissa muki, kansi ja leip\u00e4alusta samaa sarjaa.&hellip; <\/p>\n<p class=\"toivo-read-more\"><a href=\"https:\/\/www.kapylanelainkauppa.fi\/index.php\/tuotteet\/lahjatavarat\/\" class=\"more-link\">Lue lis\u00e4\u00e4 <span class=\"screen-reader-text\">Lahjatavarat<\/span><\/a><\/p>\n","protected":false},"author":1,"featured_media":0,"parent":433,"menu_order":6,"comment_status":"closed","ping_status":"closed","template":"","meta":{"footnotes":""},"class_list":{"0":"post-1457","1":"page","2":"type-page","3":"status-publish","5":"entry"},"_links":{"self":[{"href":"https:\/\/www.kapylanelainkauppa.fi\/index.php\/wp-json\/wp\/v2\/pages\/1457","targetHints":{"allow":["GET"]}}],"collection":[{"href":"https:\/\/www.kapylanelainkauppa.fi\/index.php\/wp-json\/wp\/v2\/pages"}],"about":[{"href":"https:\/\/www.kapylanelainkauppa.fi\/index.php\/wp-json\/wp\/v2\/types\/page"}],"author":[{"embeddable":true,"href":"https:\/\/www.kapylanelainkauppa.fi\/index.php\/wp-json\/wp\/v2\/users\/1"}],"replies":[{"embeddable":true,"href":"https:\/\/www.kapylanelainkauppa.fi\/index.php\/wp-json\/wp\/v2\/comments?post=1457"}],"version-history":[{"count":12,"href":"https:\/\/www.kapylanelainkauppa.fi\/index.php\/wp-json\/wp\/v2\/pages\/1457\/revisions"}],"predecessor-version":[{"id":2227,"href":"https:\/\/www.kapylanelainkauppa.fi\/index.php\/wp-json\/wp\/v2\/pages\/1457\/revisions\/2227"}],"up":[{"embeddable":true,"href":"https:\/\/www.kapylanelainkauppa.fi\/index.php\/wp-json\/wp\/v2\/pages\/433"}],"wp:attachment":[{"href":"https:\/\/www.kapylanelainkauppa.fi\/index.php\/wp-json\/wp\/v2\/media?parent=1457"}],"curies":[{"name":"wp","href":"https:\/\/api.w.org\/{rel}","templated":true}]}}