{"id":16,"date":"2016-10-05T10:57:23","date_gmt":"2016-10-05T10:57:23","guid":{"rendered":"http:\/\/elainkauppa.savipaja.net\/?page_id=16"},"modified":"2026-01-14T16:54:56","modified_gmt":"2026-01-14T14:54:56","slug":"koirien-pakasteet","status":"publish","type":"page","link":"https:\/\/www.kapylanelainkauppa.fi\/index.php\/tuotteet\/koirat\/koirien-ruoat\/koirien-pakasteet\/","title":{"rendered":"Koirien pakasteet"},"content":{"rendered":"<h5 style=\"text-align: center;\">Koirien raakaruokinta on yleistynyt viime vuosien aikana huimasti. Monet ruokkivat koiriaan ihan kokonaan raa&#8217;alla eli\u00a0 BARFfaavat tai sitten sekaruokitaan niin, ett\u00e4 esim. toinen p\u00e4iv\u00e4n aterioista on raakaa ja toinen kuivaruokaa. Osa omistajista vaan rikastuttaa v\u00e4h\u00e4n nappularuokaa tai lis\u00e4\u00e4 lihaa maun parantamiseksi nirsoilla koirilla. Teit niin tai n\u00e4in, kaupaltamme l\u00f6ytyy kattava valikoima eri vaihtoehtoja \ud83d\ude42 Toimittajina t\u00e4ll\u00e4 hetkell\u00e4 kotimaiset MUSH Barf, F-Animal ja Tessu .<\/h5>\n<h5 style=\"text-align: center;\">Pakastimia kaupaltamme l\u00f6ytyy t\u00e4ll\u00e4 hetkell\u00e4 per\u00e4ti 6kpl<\/h5>\n<h3><a href=\"https:\/\/www.mushbarf.com\/fi\/\">MUSH Barf<\/a><\/h3>\n<p>MUSH-tuotteet valmistetaan Suomessa Pietarsaaressa Snellmannin tehtaalla. Mush on luonut koirien ja kissojen raakaruokintaan useita vaihtoehtoja, joista varmasti l\u00f6ytyy joka koiralle sopiva vaihtoehto!<\/p>\n<p>Tilaamme MUSH-tuotteita 400kg\u00a0 n. viiden viikon v\u00e4lein ja jo perinteeksi on muodostunut Pakaste-P\u00e4iv\u00e4-alennus eli -15% kaikista pakastetuotteista sin\u00e4 p\u00e4iv\u00e4n\u00e4 kun kuorma meille saapuu. Voit my\u00f6s tilata suurempia m\u00e4\u00e4ri\u00e4 kerralla ja noutaa kokonaiset laatikot suoraan lavalta tuohon edulliseen hintaan. Pakastep\u00e4ivist\u00e4 ilmoitamme sometileill\u00e4mme.\u00a0 Jos ilmottaudut ennakkotilaus&#8221;rinkiin&#8221; ilmoitamme sinulle viestill\u00e4 milloin olemme tilausta tekem\u00e4ss\u00e4.<\/p>\n<p>Tutustu tarkemmin MUSHin koko valikoimaan <a href=\"https:\/\/www.mushbarf.com\/fi\/\">t\u00e4st\u00e4\u00a0<\/a><\/p>\n<p>Monipuolisin ja valmistajan mukaan riitt\u00e4v\u00e4 t\u00e4ysravinto on VAISTO-sarja, josta l\u00f6ytyy k\u00e4tev\u00e4t annospullapussit 800gr:n ja 3kg:n pakkauksissa. Isompaan tarpeeseen on luotu k\u00e4tev\u00e4t VAISTO-palat, jotka pakataan 10kg:n laatikkoon. Laatikko mahtuu normaalin pakastimen hyllylle. Kissoille on oma VAISTOnsa, t\u00e4ll\u00e4 hetkell\u00e4 kolmella eri makuvaihtoehdolla. DUO+-pullat ovat koostumukseltaan pelkistetympi\u00e4, usein kahden lihan tuotteita, jotka on vitaminoitu eli ovat n\u00e4in ollen my\u00f6s t\u00e4ysravintoja lemmikillesi.<\/p>\n<p>Pakastimistamme pit\u00e4isi l\u00f6yty\u00e4 aina ainakin n\u00e4m\u00e4 vaihtoehdot:<\/p>\n<p><img decoding=\"async\" class=\"aligncenter\" src=\"http:\/\/kapylanelainkauppa.fi\/wp-content\/uploads\/mmush-barf-vaisto-kalkkuna-kana-poro.jpg\" \/>Koirille:<\/p>\n<ul>\n<li>VAISTO Lila, Kana-Kalkkuna-Poro 800gr<\/li>\n<li>VAISTO Musta,\u00a0 Kalkkuna-Lammas-Sika\u00a0 10kg<\/li>\n<li>VAISTO Harmaa, Kalkkuna-Kana-Lammas 3kg<\/li>\n<li>VAISTO Sininen, Kalkkuna-Lohi-Nauta 800gr, 3kg ja 10kg<\/li>\n<li>VAISTO Vihre\u00e4, Kana-Nauta-Sika 800gr, 3kg ja 10kg<\/li>\n<li>VAISTO Punainen, Lohi-Nauta-Sika\u00a0 3kg ja 10kg<\/li>\n<li>VAISTO J\u00e4\u00e4nsininen Pennuille, Lohi-Nauta-Poro 800gr<\/li>\n<li>VAISTO Wild, Lammas-Poro-Hirvi 800gr ja 3kg<\/li>\n<li>DUO+ Sensitive Kana-Kalkkuna 1kg<\/li>\n<li>HELL\u00c4 Nauta tai Kana 1kg<\/li>\n<\/ul>\n<p>Kissoille:<\/p>\n<ul>\n<li>VAISTO CAT Keltainen, Kana-Nauta 800gr ja 7,5kg<\/li>\n<li>VAISTO CAT Valkoinen, Nauta-Sika 800gr<\/li>\n<li>VAISTO CAT\u00a0 Vaaleanpunainen, Kana-Sika 800gr<\/li>\n<li>DUO+ Sika-Kana 500gr<\/li>\n<\/ul>\n<p>T\u00e4ysravinto-vaihtoehtona l\u00f6ytyy my\u00f6s<\/p>\n<ul>\n<li>Murren Liha-Kasvis pullat 1kg<\/li>\n<li>Murren Hepomix pullat 1kg<\/li>\n<\/ul>\n<p>MUSHilta l\u00f6ytyy my\u00f6s samanlaisia k\u00e4tevi\u00e4 annospullia Basic-sarjasta. N\u00e4m\u00e4 ovat luuttomia ja sopivaa t\u00e4ydennyst\u00e4 nappuloiden sekaan tai lis\u00e4\u00e4m\u00e4\u00e4n viel\u00e4 monipuolisuutta VAISTO-pulliin:<img loading=\"lazy\" decoding=\"async\" class=\"aligncenter\" src=\"http:\/\/kapylanelainkauppa.fi\/wp-content\/uploads\/kanankivipiira-web-600x600-600x600-c-default-300x300.jpg\" width=\"238\" height=\"238\" \/><\/p>\n<ul>\n<li>Sika-Nauta-pullat 1kg<\/li>\n<li>Naudanmaha-pullat 1kg<\/li>\n<li>Kana luuton-pullat 1kg<\/li>\n<li>Kasvissose-pullat 1kg<\/li>\n<li>Kanan Syd\u00e4met irtona pussissa 800gr<\/li>\n<\/ul>\n<p>Basic-sarjasta l\u00f6ytyy lihoja my\u00f6s isompaan n\u00e4lk\u00e4\u00e4n irtolevyin\u00e4 4,6kg laatikoissa. N\u00e4it\u00e4 tilauksesta. Mm. Sika-nauta, Sika, Nauta, Kana, Lohi<\/p>\n<p>Lisukkeina viel\u00e4 MUSHin sarjassa:\u00a0 <img decoding=\"async\" class=\"alignright\" src=\"http:\/\/kapylanelainkauppa.fi\/wp-content\/uploads\/kanansiivet-web-500x500-c-default-300x300.jpg\" \/><\/p>\n<ul>\n<li>Kanan Kaulat irtona pussissa<\/li>\n<li>Naudan Rustoluut\u00a0 800gr:n pussissa<\/li>\n<li>Naudan putkiluut irtona kilohinnalla<\/li>\n<\/ul>\n<h3><a href=\"https:\/\/fanimal.fi\/\">F-ANIMAL\u00a0<\/a><\/h3>\n<p><img loading=\"lazy\" decoding=\"async\" class=\"wp-image-1708 aligncenter\" src=\"http:\/\/kapylanelainkauppa.fi\/wp-content\/uploads\/Fanimal_logo_180x.png\" alt=\"\" width=\"286\" height=\"128\" \/><\/p>\n<p>Fanimal on Suomalainen lemmikkien raakaruoan valmistaja J\u00e4rvenp\u00e4\u00e4ss\u00e4.<\/p>\n<p>Tuotteista meill\u00e4 ainakin<\/p>\n<ul>\n<li>Lammaspulla luuton 700g<\/li>\n<li>Hevospulla luuton 700g<\/li>\n<li>Riistapulla luuton 700g<\/li>\n<li>Lammasjauheliha luuton 0,5kg<\/li>\n<li>Hevosen jauheliha luuton 0,5kg<\/li>\n<li>Riista\/Poro\/Hirvi jauheliha luuton 0,5kg<\/li>\n<li>Lampaan luut n.1kg pussi<\/li>\n<\/ul>\n<h3><a href=\"http:\/\/tessu.fi\/koiranruokinta-tehtaanmyymalan-tuotteet\">TESSU<\/a><\/h3>\n<p>Kotimaisia koiranherkkuja valmistanut Tessu on laajentanut valikoimaansa my\u00f6s laadukkaisiin pakastetuotteisiin.<img loading=\"lazy\" decoding=\"async\" class=\"size-full wp-image-1720 aligncenter\" src=\"http:\/\/kapylanelainkauppa.fi\/wp-content\/uploads\/tessu.png\" alt=\"\" width=\"267\" height=\"189\" \/><\/p>\n<ul>\n<li>Kirjolohikuvio<\/li>\n<li>J\u00e4rvikalakuvio 1kg<\/li>\n<li>Kalkkunan jauhelihakuvio, luuton 1kg<\/li>\n<li>Kalkkunan Syd\u00e4npala<\/li>\n<li>Kalkkunan Maksapala<\/li>\n<li>Lammaskuvio, luuton 1kg<\/li>\n<li>Lampaan Maksapala<\/li>\n<li>Hirvikuvio, sis.luuta1kg<\/li>\n<li>Porokuvio, luuton 800g<\/li>\n<li>Kasvissosekuvio 1kg<\/li>\n<li>Broilerin Syd\u00e4n 1kg<\/li>\n<li>Broilerin Kivipiira 0,9kg<\/li>\n<li>Broilerin Siivet irtona<\/li>\n<li>Possun syd\u00e4n, jauhettu kuvio<\/li>\n<li>Naudan putkiluu lyhyt\/halkaistu<\/li>\n<\/ul>\n","protected":false},"excerpt":{"rendered":"<p>Koirien raakaruokinta on yleistynyt viime vuosien aikana huimasti. Monet ruokkivat koiriaan ihan kokonaan raa&#8217;alla eli\u00a0 BARFfaavat tai sitten sekaruokitaan niin, ett\u00e4 esim. toinen p\u00e4iv\u00e4n aterioista on raakaa ja toinen kuivaruokaa. Osa omistajista vaan rikastuttaa v\u00e4h\u00e4n nappularuokaa tai lis\u00e4\u00e4 lihaa maun parantamiseksi nirsoilla koirilla. Teit niin tai n\u00e4in, kaupaltamme l\u00f6ytyy kattava valikoima eri vaihtoehtoja \ud83d\ude42 Toimittajina&hellip; <\/p>\n<p class=\"toivo-read-more\"><a href=\"https:\/\/www.kapylanelainkauppa.fi\/index.php\/tuotteet\/koirat\/koirien-ruoat\/koirien-pakasteet\/\" class=\"more-link\">Lue lis\u00e4\u00e4 <span class=\"screen-reader-text\">Koirien pakasteet<\/span><\/a><\/p>\n","protected":false},"author":1,"featured_media":0,"parent":8,"menu_order":30,"comment_status":"closed","ping_status":"closed","template":"","meta":{"footnotes":""},"class_list":{"0":"post-16","1":"page","2":"type-page","3":"status-publish","5":"entry"},"_links":{"self":[{"href":"https:\/\/www.kapylanelainkauppa.fi\/index.php\/wp-json\/wp\/v2\/pages\/16","targetHints":{"allow":["GET"]}}],"collection":[{"href":"https:\/\/www.kapylanelainkauppa.fi\/index.php\/wp-json\/wp\/v2\/pages"}],"about":[{"href":"https:\/\/www.kapylanelainkauppa.fi\/index.php\/wp-json\/wp\/v2\/types\/page"}],"author":[{"embeddable":true,"href":"https:\/\/www.kapylanelainkauppa.fi\/index.php\/wp-json\/wp\/v2\/users\/1"}],"replies":[{"embeddable":true,"href":"https:\/\/www.kapylanelainkauppa.fi\/index.php\/wp-json\/wp\/v2\/comments?post=16"}],"version-history":[{"count":32,"href":"https:\/\/www.kapylanelainkauppa.fi\/index.php\/wp-json\/wp\/v2\/pages\/16\/revisions"}],"predecessor-version":[{"id":2215,"href":"https:\/\/www.kapylanelainkauppa.fi\/index.php\/wp-json\/wp\/v2\/pages\/16\/revisions\/2215"}],"up":[{"embeddable":true,"href":"https:\/\/www.kapylanelainkauppa.fi\/index.php\/wp-json\/wp\/v2\/pages\/8"}],"wp:attachment":[{"href":"https:\/\/www.kapylanelainkauppa.fi\/index.php\/wp-json\/wp\/v2\/media?parent=16"}],"curies":[{"name":"wp","href":"https:\/\/api.w.org\/{rel}","templated":true}]}}