{"id":22,"date":"2016-12-02T07:16:33","date_gmt":"2016-12-02T07:16:33","guid":{"rendered":"http:\/\/elainkauppa.savipaja.net\/?page_id=22"},"modified":"2025-05-27T16:51:01","modified_gmt":"2025-05-27T13:51:01","slug":"koirien-sailykkeet","status":"publish","type":"page","link":"https:\/\/www.kapylanelainkauppa.fi\/index.php\/tuotteet\/koirat\/koirien-ruoat\/koirien-sailykkeet\/","title":{"rendered":"Koirien s\u00e4ilykkeet ja lisukkeet"},"content":{"rendered":"<h5 style=\"text-align: center;\">Toisinaan on kiva pirist\u00e4\u00e4 koiran aterioita maistuvilla s\u00e4ilykeruoilla nappuloiden lis\u00e4ksi tai ihan sellaisenaan \ud83d\ude42<\/h5>\n<h5 style=\"text-align: center;\">S\u00e4ilykkeiss\u00e4 on sek\u00e4 ns. t\u00e4ydennysravintoja, jotka eiv\u00e4t t\u00e4yt\u00e4 pelk\u00e4ll\u00e4\u00e4n p\u00e4ivitt\u00e4isen ruokinnan ravintotarpeita, mutta ovat oivallisia kuivaruoan lisukkeiksi, ett\u00e4 t\u00e4ysravintoja, joissa on tarpeellinen ravintosis\u00e4lt\u00f6 p\u00e4ivitt\u00e4iseen ruokintaan.<\/h5>\n<h5 style=\"text-align: center;\">Hyllyst\u00e4mme l\u00f6ytyv\u00e4t vakituisesti alla olevat koirien s\u00e4ilykkeet<\/h5>\n<h5 style=\"text-align: center;\">Tilaamalla on saatavana muitakin merkkej\u00e4.<br \/>\nLis\u00e4tietoa ruokamerkeist\u00e4 saat alla olevia logoja tai tuotemerkkien nimi\u00e4 klikkaamalla.<\/h5>\n<h3><a href=\"https:\/\/www.ziwipets.com\/fi\/catalog\/ziwi-peak-dog-nutrition\/moist-dog-food\">ZIWIPEAK<\/a><\/h3>\n<p><a href=\"https:\/\/www.ziwipets.com\/fi\/catalog\/ziwi-peak-dog-nutrition\/moist-dog-food\"><img loading=\"lazy\" decoding=\"async\" class=\"wp-image-657 alignright\" src=\"http:\/\/kapylanelainkauppa.fi\/wp-content\/uploads\/Ziwipurkki.jpg\" alt=\"\" width=\"188\" height=\"251\" \/><\/a>Huipputuote Uudesta-Seelannista!<br \/>\nVitaminoitu T\u00c4YSLIHAs\u00e4ilyke.<br \/>\nValmistuksessa ei k\u00e4ytetty s\u00e4il\u00f6nt\u00e4-\/v\u00e4riaineita, suolaa, sokeria eik\u00e4 viljaa.<\/p>\n<p>Makuvaihtoehdot 370 g purkeissa<\/p>\n<ul>\n<li>Peura<\/li>\n<li>Peura, Lammas\u00a0 ja Maha<\/li>\n<li>Peura ja Kala<\/li>\n<li>Lammas<\/li>\n<\/ul>\n<h3><a href=\"https:\/\/www.tujoma.fi\/rinti\">RINTI<\/a><\/h3>\n<p>Meill\u00e4 Rintin sarjasta valkoimassa yhden proteiinin tuotteet eli allergisille sopivimmat 100% yht\u00e4 lihaa sis\u00e4lt\u00e4v\u00e4t tuotteet<\/p>\n<ul>\n<li>Singlefleisch Hevonen<\/li>\n<li>Singlefleisch Lammas<\/li>\n<\/ul>\n<h3>KOIRAMO<\/h3>\n<p>Koiramo-pat\u00e9makkara sis\u00e4lt\u00e4\u00e4 97% lihaa. Pat\u00e9 soveltuu helposti pilkottavana treeninamiksi tai lisukkeeksi ruokaan.<br \/>\nKoiramo-tuotteet valmistetaan Hollannissa, eurooppalaisista raaka-aineista. 400g ja 800g p\u00f6tk\u00f6t!<\/p>\n<ul>\n<li>Peura<\/li>\n<li>Hevonen<\/li>\n<li>J\u00e4nis<\/li>\n<li>Ankka<\/li>\n<\/ul>\n<h3>NATURIS<\/h3>\n<p>Suosittu viljaton Naturis-makkara 650gr!<br \/>\nNapakan koostumuksen takia t\u00e4st\u00e4 saa loistavasti leikattua maistuvia paloja koulutukseen, j\u00e4ljelle tai sitten ihan vaan ruokana k\u00e4ytett\u00e4v\u00e4ksi.<img loading=\"lazy\" decoding=\"async\" class=\"size-full wp-image-1439 alignright\" src=\"http:\/\/kapylanelainkauppa.fi\/wp-content\/uploads\/naturis-fresh-meat-kana-lohi.jpg\" alt=\"\" width=\"250\" height=\"250\" srcset=\"https:\/\/www.kapylanelainkauppa.fi\/wp-content\/uploads\/naturis-fresh-meat-kana-lohi.jpg 250w, https:\/\/www.kapylanelainkauppa.fi\/wp-content\/uploads\/naturis-fresh-meat-kana-lohi-140x140.jpg 140w\" sizes=\"auto, (max-width: 250px) 100vw, 250px\" \/><\/p>\n<p>Makuvaihtoehdot<\/p>\n<ul>\n<li>Kalkkuna<\/li>\n<li>Lammas<\/li>\n<\/ul>\n<h3><\/h3>\n<h3><a href=\"https:\/\/www.koiranruokatukku.fi\/epages\/koiranruokatukku.sf\/fi_FI\/?ObjectPath=\/Shops\/2014110104\/Categories\/Maerkaeruoka\/Abaron_100__tuoreliha\">ABARON\u00a0<\/a><\/h3>\n<p>Ei saatavilla toimittajalta t\u00e4ll\u00e4 hetkell\u00e4&#8230;<\/p>\n<p>Tuorelihamakkara 700g<img loading=\"lazy\" decoding=\"async\" class=\"alignnone size-medium wp-image-1705\" src=\"http:\/\/kapylanelainkauppa.fi\/wp-content\/uploads\/Abaron-kana-300x83.jpg\" alt=\"\" width=\"300\" height=\"83\" srcset=\"https:\/\/www.kapylanelainkauppa.fi\/wp-content\/uploads\/Abaron-kana-300x83.jpg 300w, https:\/\/www.kapylanelainkauppa.fi\/wp-content\/uploads\/Abaron-kana-768x213.jpg 768w, https:\/\/www.kapylanelainkauppa.fi\/wp-content\/uploads\/Abaron-kana.jpg 960w\" sizes=\"auto, (max-width: 300px) 100vw, 300px\" \/><\/p>\n<p>T\u00e4ysravinto. 100% vitaminoitua lihaa.<br \/>\nLisukkeeksi kuivaruoan kanssa tai sellaisenaan.<\/p>\n<ul>\n<li>Kana<\/li>\n<\/ul>\n<h3><\/h3>\n<h3><a href=\"http:\/\/www.bozita.fi\/koiranruoka\/bozita-naturals\/\">BOZITA Naturals<\/a><\/h3>\n<p><a href=\"http:\/\/www.bozita.fi\/koiranruoka\/bozita-naturals\/\"><img loading=\"lazy\" decoding=\"async\" class=\"alignright\" src=\"http:\/\/kapylanelainkauppa.fi\/wp-content\/uploads\/bozita_naturals_hig_rentier_370g_3-300x300.jpg\" width=\"224\" height=\"224\" \/><\/a>Mehev\u00e4n maistuvia lihapaloja kastikkeessa k\u00e4tev\u00e4ss\u00e4 370g:n pahvitetrassa<\/p>\n<ul>\n<li>Lohi<\/li>\n<li>Kalkkuna<\/li>\n<li>Poro<\/li>\n<li>Hirvi<\/li>\n<li>Kana pennuille<\/li>\n<li>Kana-Riisi<\/li>\n<\/ul>\n<h3><\/h3>\n<h3>BELCANDO annospussit<\/h3>\n<h3><img loading=\"lazy\" decoding=\"async\" class=\"alignright\" src=\"http:\/\/kapylanelainkauppa.fi\/wp-content\/uploads\/belcando-finest-selection-ankka.jpg\" width=\"356\" height=\"356\" \/><\/h3>\n<p>Maistuvan lihaisat ja k\u00e4tev\u00e4t annospussit, 125g tai 300g<\/p>\n<ul>\n<li>Ankka-Lammas-Riisi-Puolukka<\/li>\n<li>Kana-Riisi-Porkkana<\/li>\n<li>Kani-Hirssi<\/li>\n<li>Lammas-Peruna-Karpalo<\/li>\n<li>Riista-Lammas-Hirssi-Puolukka<\/li>\n<\/ul>\n<p>Lis\u00e4ksi 400g:n purkissa Penturuoka Kana-kananmuna<\/p>\n<h3><\/h3>\n<h3><a href=\"http:\/\/www.tujoma.fi\/lifedog\/\"> LIFEDOG<\/a><\/h3>\n<p><a href=\"http:\/\/www.tujoma.fi\/lifedog\/\"><img loading=\"lazy\" decoding=\"async\" class=\" wp-image-871 alignright\" src=\"http:\/\/kapylanelainkauppa.fi\/wp-content\/uploads\/lifedog-229x300.jpg\" alt=\"\" width=\"164\" height=\"215\" srcset=\"https:\/\/www.kapylanelainkauppa.fi\/wp-content\/uploads\/lifedog-229x300.jpg 229w, https:\/\/www.kapylanelainkauppa.fi\/wp-content\/uploads\/lifedog.jpg 347w\" sizes=\"auto, (max-width: 164px) 100vw, 164px\" \/><\/a>T\u00e4st\u00e4 sarjasta meill\u00e4 valikoimassa<\/p>\n<ul>\n<li>Monoprotein Hevonen 400g<\/li>\n<\/ul>\n<p>Hyv\u00e4 lisukeruoka allergisille, jotka voivat sy\u00f6d\u00e4 vain tietty\u00e4 lihaa.<\/p>\n<h3><\/h3>\n<h3>TROVET<\/h3>\n<ul>\n<li>Peura-Peruna Hypoallergenic<\/li>\n<li>Hevonen-Peruna Hypoallergenic<\/li>\n<\/ul>\n<h3>NAUDAN KUIVALIHA,Eu<img loading=\"lazy\" decoding=\"async\" class=\" wp-image-1389 alignright\" src=\"http:\/\/kapylanelainkauppa.fi\/wp-content\/uploads\/Kuivaliha-1-247x300.jpg\" alt=\"\" width=\"202\" height=\"245\" srcset=\"https:\/\/www.kapylanelainkauppa.fi\/wp-content\/uploads\/Kuivaliha-1-247x300.jpg 247w, https:\/\/www.kapylanelainkauppa.fi\/wp-content\/uploads\/Kuivaliha-1.jpg 542w\" sizes=\"auto, (max-width: 202px) 100vw, 202px\" \/><\/h3>\n<ul>\n<li>Energiapitoinen lisuke kuivaruokaan<\/li>\n<li>Reissuev\u00e4\u00e4ksi<\/li>\n<li>Vastaa nelinkertaista m\u00e4\u00e4r\u00e4\u00e4 tuorelihaa!<\/li>\n<li>25 \u20ac \/ kg<\/li>\n<\/ul>\n<h3>HAPPY DOG Flocken-Mixer<img loading=\"lazy\" decoding=\"async\" class=\"size-medium wp-image-1390 alignright\" src=\"http:\/\/kapylanelainkauppa.fi\/wp-content\/uploads\/Happydog-188x300.jpg\" alt=\"\" width=\"188\" height=\"300\" srcset=\"https:\/\/www.kapylanelainkauppa.fi\/wp-content\/uploads\/Happydog-188x300.jpg 188w, https:\/\/www.kapylanelainkauppa.fi\/wp-content\/uploads\/Happydog.jpg 531w\" sizes=\"auto, (max-width: 188px) 100vw, 188px\" \/><\/h3>\n<ul>\n<li>Helposti sulava hiutalelis\u00e4 lihalle tai kuitulis\u00e4ksi normaaliin ruokaan sekoitettuna<\/li>\n<li>Vitaminoitu<\/li>\n<li>Reissuev\u00e4\u00e4ksi, lis\u00e4\u00e4 vain vesi -&gt; saat puuron \ud83d\ude42<\/li>\n<\/ul>\n","protected":false},"excerpt":{"rendered":"<p>Toisinaan on kiva pirist\u00e4\u00e4 koiran aterioita maistuvilla s\u00e4ilykeruoilla nappuloiden lis\u00e4ksi tai ihan sellaisenaan \ud83d\ude42 S\u00e4ilykkeiss\u00e4 on sek\u00e4 ns. t\u00e4ydennysravintoja, jotka eiv\u00e4t t\u00e4yt\u00e4 pelk\u00e4ll\u00e4\u00e4n p\u00e4ivitt\u00e4isen ruokinnan ravintotarpeita, mutta ovat oivallisia kuivaruoan lisukkeiksi, ett\u00e4 t\u00e4ysravintoja, joissa on tarpeellinen ravintosis\u00e4lt\u00f6 p\u00e4ivitt\u00e4iseen ruokintaan. Hyllyst\u00e4mme l\u00f6ytyv\u00e4t vakituisesti alla olevat koirien s\u00e4ilykkeet Tilaamalla on saatavana muitakin merkkej\u00e4. Lis\u00e4tietoa ruokamerkeist\u00e4 saat alla&hellip; <\/p>\n<p class=\"toivo-read-more\"><a href=\"https:\/\/www.kapylanelainkauppa.fi\/index.php\/tuotteet\/koirat\/koirien-ruoat\/koirien-sailykkeet\/\" class=\"more-link\">Lue lis\u00e4\u00e4 <span class=\"screen-reader-text\">Koirien s\u00e4ilykkeet ja lisukkeet<\/span><\/a><\/p>\n","protected":false},"author":1,"featured_media":0,"parent":8,"menu_order":20,"comment_status":"closed","ping_status":"closed","template":"","meta":{"footnotes":""},"class_list":{"0":"post-22","1":"page","2":"type-page","3":"status-publish","5":"entry"},"_links":{"self":[{"href":"https:\/\/www.kapylanelainkauppa.fi\/index.php\/wp-json\/wp\/v2\/pages\/22","targetHints":{"allow":["GET"]}}],"collection":[{"href":"https:\/\/www.kapylanelainkauppa.fi\/index.php\/wp-json\/wp\/v2\/pages"}],"about":[{"href":"https:\/\/www.kapylanelainkauppa.fi\/index.php\/wp-json\/wp\/v2\/types\/page"}],"author":[{"embeddable":true,"href":"https:\/\/www.kapylanelainkauppa.fi\/index.php\/wp-json\/wp\/v2\/users\/1"}],"replies":[{"embeddable":true,"href":"https:\/\/www.kapylanelainkauppa.fi\/index.php\/wp-json\/wp\/v2\/comments?post=22"}],"version-history":[{"count":42,"href":"https:\/\/www.kapylanelainkauppa.fi\/index.php\/wp-json\/wp\/v2\/pages\/22\/revisions"}],"predecessor-version":[{"id":2144,"href":"https:\/\/www.kapylanelainkauppa.fi\/index.php\/wp-json\/wp\/v2\/pages\/22\/revisions\/2144"}],"up":[{"embeddable":true,"href":"https:\/\/www.kapylanelainkauppa.fi\/index.php\/wp-json\/wp\/v2\/pages\/8"}],"wp:attachment":[{"href":"https:\/\/www.kapylanelainkauppa.fi\/index.php\/wp-json\/wp\/v2\/media?parent=22"}],"curies":[{"name":"wp","href":"https:\/\/api.w.org\/{rel}","templated":true}]}}