{"id":24,"date":"2016-12-02T07:18:24","date_gmt":"2016-12-02T07:18:24","guid":{"rendered":"http:\/\/elainkauppa.savipaja.net\/?page_id=24"},"modified":"2023-10-31T19:23:14","modified_gmt":"2023-10-31T17:23:14","slug":"koirien-herkut","status":"publish","type":"page","link":"https:\/\/www.kapylanelainkauppa.fi\/index.php\/tuotteet\/koirat\/koirien-ruoat\/koirien-herkut\/","title":{"rendered":"Koirien herkut ja puruluut"},"content":{"rendered":"<p><img loading=\"lazy\" decoding=\"async\" class=\"aligncenter wp-image-323 size-full\" src=\"http:\/\/kapylanelainkauppa.fi\/wp-content\/uploads\/hammasjono.jpg\" alt=\"\" width=\"460\" height=\"408\" srcset=\"https:\/\/www.kapylanelainkauppa.fi\/wp-content\/uploads\/hammasjono.jpg 460w, https:\/\/www.kapylanelainkauppa.fi\/wp-content\/uploads\/hammasjono-300x266.jpg 300w\" sizes=\"auto, (max-width: 460px) 100vw, 460px\" \/><\/p>\n<h5 style=\"text-align: center;\">Koirilla on luonnollinen tarve k\u00e4ytt\u00e4\u00e4 hampaitaan \ud83d\ude00<\/h5>\n<h5 style=\"text-align: center;\">Suosimme puruluissa kotimaisia Aristo-nahkaluita.<\/h5>\n<h5 style=\"text-align: center;\"><img loading=\"lazy\" decoding=\"async\" class=\"alignnone  wp-image-1724\" src=\"http:\/\/kapylanelainkauppa.fi\/wp-content\/uploads\/Into-Rauh-300x171.jpg\" alt=\"\" width=\"326\" height=\"186\" srcset=\"https:\/\/www.kapylanelainkauppa.fi\/wp-content\/uploads\/Into-Rauh-300x171.jpg 300w, https:\/\/www.kapylanelainkauppa.fi\/wp-content\/uploads\/Into-Rauh.jpg 1024w\" sizes=\"auto, (max-width: 326px) 100vw, 326px\" \/><\/h5>\n<h5 style=\"text-align: center;\">Pakastimesta l\u00f6ytyy herkullisia raakoja luita ja herkkuhyllyst\u00e4 paistettuja aitoja luita.<\/h5>\n<h5 style=\"text-align: center;\">Herkkupuolella suosimme niin ik\u00e4\u00e4n kotimaisia toimittajia niin pitk\u00e4lle kuin se on mahdollista<\/h5>\n<h5>Nahkaluut<\/h5>\n<h5><img loading=\"lazy\" decoding=\"async\" class=\"size-full wp-image-901 alignright\" style=\"text-align: center; color: #444444; font-size: 1rem;\" src=\"http:\/\/kapylanelainkauppa.fi\/wp-content\/uploads\/rauh1.jpg\" alt=\"\" width=\"200\" height=\"200\" srcset=\"https:\/\/www.kapylanelainkauppa.fi\/wp-content\/uploads\/rauh1.jpg 200w, https:\/\/www.kapylanelainkauppa.fi\/wp-content\/uploads\/rauh1-140x140.jpg 140w\" sizes=\"auto, (max-width: 200px) 100vw, 200px\" \/><\/h5>\n<ul>\n<li>Aristo Oy:n <a href=\"http:\/\/www.aristo.fi\/rauh\">RAUH!<\/a> valikoimasta naudan- ja hirvennahkaiset ainoat aidot Kotimaiset puruluut! N\u00e4it\u00e4 l\u00f6ytyy monenkokoisena ja -mallisena sek\u00e4 sellaisia, joissa on joku mehev\u00e4 t\u00e4yte, esim. saparo rullattuna nahan sis\u00e4lle. Maistuu nirsommallekin \ud83d\ude09 My\u00f6s 500gr:n edullisia 2-laatu-pusseja sek\u00e4 naudan- ett\u00e4 hirvennahasta!<\/li>\n<li>Lis\u00e4ksi puruluu-osastolta l\u00f6yd\u00e4t kest\u00e4v\u00e4t &#8221;buffaloluut&#8221;, siannahkapuruluut, perinteiset solmuluut, keng\u00e4t, makut\u00e4ytepuruluut ja maukkaat naudannahkapuruluut, joiden p\u00e4\u00e4lle kiedottu kanan tai ankanlihaa, nam!<\/li>\n<\/ul>\n<h5>Aidot luut<\/h5>\n<ul>\n<li>Pakastimesta l\u00f6yd\u00e4t MUSHin Naudan rustoluut, kanansiivet ja -kaulat. F-Animalilta on lampaan- ja hevosenluita. Tessulta naudan putkiluu-p\u00e4tki\u00e4.<\/li>\n<li>Paistettuja aitoja luita l\u00f6ytyy Naudan kokonainen s\u00e4\u00e4riluu, putkiluu ja nilkka sek\u00e4 sian lapaluu ja lampaan selk\u00e4rankaa.<\/li>\n<\/ul>\n<h5>Kuivatut lihaherkut<img loading=\"lazy\" decoding=\"async\" class=\"size-full wp-image-902 alignright\" src=\"http:\/\/kapylanelainkauppa.fi\/wp-content\/uploads\/herkkuhylly.jpg\" alt=\"\" width=\"200\" height=\"200\" srcset=\"https:\/\/www.kapylanelainkauppa.fi\/wp-content\/uploads\/herkkuhylly.jpg 200w, https:\/\/www.kapylanelainkauppa.fi\/wp-content\/uploads\/herkkuhylly-140x140.jpg 140w\" sizes=\"auto, (max-width: 200px) 100vw, 200px\" \/><\/h5>\n<ul>\n<li>N\u00e4iss\u00e4 Kotimaisen Tessun valikoimaa mm.\n<ul>\n<li>Kanaa; kuivattu kivipiira, syd\u00e4n, filee ja kaula<\/li>\n<li>Kalkkunaa; kaula, kalkkunanlihatikut<\/li>\n<li>Sikaa; korvat<\/li>\n<li>Nautaa; lihaliuska, mahaliuska, maha, keuhko, ruokatorvipalat<\/li>\n<li>Hevosta; Hevosen lihatikut<\/li>\n<\/ul>\n<\/li>\n<li>Lis\u00e4ksi muilta toimittajilta; sonninsudit, lampaansudit, naudan niskaj\u00e4nne, vasikanlihakuutiot, kaninlihakuutiot, possun k\u00e4rs\u00e4t, kuivattu turska, poron pallealiha, peuran keuhko, peuran korvat, peuran syd\u00e4n, peuran j\u00e4nne, lampaankorvat, poron korvat&#8230;<\/li>\n<\/ul>\n<h5>Herkkuja koulutukseen<\/h5>\n<ul>\n<li>Koulutus ja palkintonamuiksi myymme eniten maukkaita Platinum puolikosteita lihaherkkuja (v\u00e4h\u00e4n niinkuin Natural Menu).\u00a0 Makuvaihtoehtoina Lammas-Riisi, Kana-Riisi, ja Ibericonporsas-Peruna. Pakkaamme n\u00e4m\u00e4 itse 5kg:n pussista 350gr minigrip-pusseihin, joissa maku ja kosteus s\u00e4ilyv\u00e4t parhaiten.<\/li>\n<li>Lis\u00e4ksi palkintonamuina esim. Anipuron herkut, Escapure, Chewies Monoprotein, Rintin monipuolinen valikoima, Vitakraftin lihatikut ja Ziwipeakin ilmakuivatut lihaherkut sek\u00e4 tietenkin kaikki kuivaherkkuhyllyn tuotteet&#8230;<\/li>\n<\/ul>\n<h5>Koirankeksej\u00e4<\/h5>\n<ul>\n<li>Perinteisi\u00e4 koirankeksej\u00e4 meill\u00e4 ei juurikaan myyd\u00e4, mutta tarjolla on yleens\u00e4 jokin viljaton sopivankokoinen keksivaihtoehto, jota voi k\u00e4ytt\u00e4\u00e4 aktivointileluissa.<\/li>\n<\/ul>\n<h5>Muut<\/h5>\n<ul>\n<li>Racinell Denticks viljattomat kasviskuitupuruluut hampaiden hoitoon S, M ja L-kokoa<\/li>\n<li>Virbac Veggie Dent Hammashoitopuru&#8221;luut&#8221;, 4 eri kokoa<\/li>\n<li>DentalFresh Sticks Hammashoitotikut ja p\u00e4tk\u00e4t<\/li>\n<li>Lammaspihvit 100% lammasta<\/li>\n<\/ul>\n","protected":false},"excerpt":{"rendered":"<p>Koirilla on luonnollinen tarve k\u00e4ytt\u00e4\u00e4 hampaitaan \ud83d\ude00 Suosimme puruluissa kotimaisia Aristo-nahkaluita. Pakastimesta l\u00f6ytyy herkullisia raakoja luita ja herkkuhyllyst\u00e4 paistettuja aitoja luita. Herkkupuolella suosimme niin ik\u00e4\u00e4n kotimaisia toimittajia niin pitk\u00e4lle kuin se on mahdollista Nahkaluut Aristo Oy:n RAUH! valikoimasta naudan- ja hirvennahkaiset ainoat aidot Kotimaiset puruluut! N\u00e4it\u00e4 l\u00f6ytyy monenkokoisena ja -mallisena sek\u00e4 sellaisia, joissa on joku&hellip; <\/p>\n<p class=\"toivo-read-more\"><a href=\"https:\/\/www.kapylanelainkauppa.fi\/index.php\/tuotteet\/koirat\/koirien-ruoat\/koirien-herkut\/\" class=\"more-link\">Lue lis\u00e4\u00e4 <span class=\"screen-reader-text\">Koirien herkut ja puruluut<\/span><\/a><\/p>\n","protected":false},"author":1,"featured_media":0,"parent":8,"menu_order":40,"comment_status":"closed","ping_status":"closed","template":"","meta":{"footnotes":""},"class_list":{"0":"post-24","1":"page","2":"type-page","3":"status-publish","5":"entry"},"_links":{"self":[{"href":"https:\/\/www.kapylanelainkauppa.fi\/index.php\/wp-json\/wp\/v2\/pages\/24","targetHints":{"allow":["GET"]}}],"collection":[{"href":"https:\/\/www.kapylanelainkauppa.fi\/index.php\/wp-json\/wp\/v2\/pages"}],"about":[{"href":"https:\/\/www.kapylanelainkauppa.fi\/index.php\/wp-json\/wp\/v2\/types\/page"}],"author":[{"embeddable":true,"href":"https:\/\/www.kapylanelainkauppa.fi\/index.php\/wp-json\/wp\/v2\/users\/1"}],"replies":[{"embeddable":true,"href":"https:\/\/www.kapylanelainkauppa.fi\/index.php\/wp-json\/wp\/v2\/comments?post=24"}],"version-history":[{"count":15,"href":"https:\/\/www.kapylanelainkauppa.fi\/index.php\/wp-json\/wp\/v2\/pages\/24\/revisions"}],"predecessor-version":[{"id":2008,"href":"https:\/\/www.kapylanelainkauppa.fi\/index.php\/wp-json\/wp\/v2\/pages\/24\/revisions\/2008"}],"up":[{"embeddable":true,"href":"https:\/\/www.kapylanelainkauppa.fi\/index.php\/wp-json\/wp\/v2\/pages\/8"}],"wp:attachment":[{"href":"https:\/\/www.kapylanelainkauppa.fi\/index.php\/wp-json\/wp\/v2\/media?parent=24"}],"curies":[{"name":"wp","href":"https:\/\/api.w.org\/{rel}","templated":true}]}}