{"id":30,"date":"2016-12-02T07:31:40","date_gmt":"2016-12-02T07:31:40","guid":{"rendered":"http:\/\/elainkauppa.savipaja.net\/?page_id=30"},"modified":"2023-10-31T19:21:51","modified_gmt":"2023-10-31T17:21:51","slug":"koirien-ruoka-ja-juoma-astiat","status":"publish","type":"page","link":"https:\/\/www.kapylanelainkauppa.fi\/index.php\/tuotteet\/koirat\/koirien-ruoka-ja-juoma-astiat\/","title":{"rendered":"Koirien ruoka- ja juoma-astiat"},"content":{"rendered":"<h3>KERAAMISET<\/h3>\n<p style=\"text-align: center;\">Kattava vaihtuva valikoima tyylikk\u00e4it\u00e4 keraamisia kuppeja kauniisti kuvioiduista hillittyihin Mason Cash astioihin.<br \/>\nKeraaminen astia pysyy hyvin paikallaan koiran ruokaillessa. Kuppi pit\u00e4\u00e4 koiran juomaveden raikkaana on helppo pit\u00e4\u00e4 puhtaana.<\/p>\n<h3>RUOSTUMATON TER\u00c4S<\/h3>\n<p style=\"text-align: center;\"><img decoding=\"async\" src=\"http:\/\/www.kapylanelainkauppa.fi\/koirankupit_teras.jpg\" alt=\"\" \/>Ruostumaton ter\u00e4skuppi on ikuinen!<br \/>\nHelppo pit\u00e4\u00e4 puhtaana.<br \/>\nKuminen liukueste pit\u00e4\u00e4 kupin hyvin paikoillaan.<br \/>\nKorotettu, jalallinen malli on erinomainen varsinkin isommille<br \/>\nja vanhemmille koirille.<\/p>\n<h3>MUOVISET<\/h3>\n<p style=\"text-align: center;\">Muovikuppi on kevyt ja k\u00e4tev\u00e4 esimerkiksi matkalla mukana.<br \/>\nUseita, raikkaita v\u00e4rej\u00e4.<\/p>\n<h3>AHMIMISTA RAJOITTAVAT<\/h3>\n<p><img loading=\"lazy\" decoding=\"async\" class=\"size-medium wp-image-923 aligncenter\" src=\"http:\/\/kapylanelainkauppa.fi\/wp-content\/uploads\/green-300x248.jpg\" alt=\"\" width=\"300\" height=\"248\" srcset=\"https:\/\/www.kapylanelainkauppa.fi\/wp-content\/uploads\/green-300x248.jpg 300w, https:\/\/www.kapylanelainkauppa.fi\/wp-content\/uploads\/green.jpg 458w\" sizes=\"auto, (max-width: 300px) 100vw, 300px\" \/><\/p>\n<p style=\"text-align: center;\"><a href=\"http:\/\/www.shetland.fi\/index.php\/tuotemerkit\/item\/262-green-interaktiivinen-ruokakuppi\">Catch kissoille ja Green koirille!<\/a><br \/>\nN\u00e4m\u00e4 muovista valmistetut erikois&#8221;kupit&#8221; hillitsev\u00e4t lemmikkisi ahmimista ja saavat ruokailuhetken kest\u00e4m\u00e4\u00e4n pidemp\u00e4\u00e4n.<br \/>\nSamalla lemmikkisi saa tyydytt\u00e4\u00e4 luontaista ravinnonhankintavietti\u00e4\u00e4n. Ihan loistava tuote!<\/p>\n","protected":false},"excerpt":{"rendered":"<p>KERAAMISET Kattava vaihtuva valikoima tyylikk\u00e4it\u00e4 keraamisia kuppeja kauniisti kuvioiduista hillittyihin Mason Cash astioihin. Keraaminen astia pysyy hyvin paikallaan koiran ruokaillessa. Kuppi pit\u00e4\u00e4 koiran juomaveden raikkaana on helppo pit\u00e4\u00e4 puhtaana. RUOSTUMATON TER\u00c4S Ruostumaton ter\u00e4skuppi on ikuinen! Helppo pit\u00e4\u00e4 puhtaana. Kuminen liukueste pit\u00e4\u00e4 kupin hyvin paikoillaan. Korotettu, jalallinen malli on erinomainen varsinkin isommille ja vanhemmille koirille. MUOVISET&hellip; <\/p>\n<p class=\"toivo-read-more\"><a href=\"https:\/\/www.kapylanelainkauppa.fi\/index.php\/tuotteet\/koirat\/koirien-ruoka-ja-juoma-astiat\/\" class=\"more-link\">Lue lis\u00e4\u00e4 <span class=\"screen-reader-text\">Koirien ruoka- ja juoma-astiat<\/span><\/a><\/p>\n","protected":false},"author":1,"featured_media":0,"parent":7,"menu_order":30,"comment_status":"closed","ping_status":"closed","template":"","meta":{"footnotes":""},"class_list":{"0":"post-30","1":"page","2":"type-page","3":"status-publish","5":"entry"},"_links":{"self":[{"href":"https:\/\/www.kapylanelainkauppa.fi\/index.php\/wp-json\/wp\/v2\/pages\/30","targetHints":{"allow":["GET"]}}],"collection":[{"href":"https:\/\/www.kapylanelainkauppa.fi\/index.php\/wp-json\/wp\/v2\/pages"}],"about":[{"href":"https:\/\/www.kapylanelainkauppa.fi\/index.php\/wp-json\/wp\/v2\/types\/page"}],"author":[{"embeddable":true,"href":"https:\/\/www.kapylanelainkauppa.fi\/index.php\/wp-json\/wp\/v2\/users\/1"}],"replies":[{"embeddable":true,"href":"https:\/\/www.kapylanelainkauppa.fi\/index.php\/wp-json\/wp\/v2\/comments?post=30"}],"version-history":[{"count":8,"href":"https:\/\/www.kapylanelainkauppa.fi\/index.php\/wp-json\/wp\/v2\/pages\/30\/revisions"}],"predecessor-version":[{"id":2004,"href":"https:\/\/www.kapylanelainkauppa.fi\/index.php\/wp-json\/wp\/v2\/pages\/30\/revisions\/2004"}],"up":[{"embeddable":true,"href":"https:\/\/www.kapylanelainkauppa.fi\/index.php\/wp-json\/wp\/v2\/pages\/7"}],"wp:attachment":[{"href":"https:\/\/www.kapylanelainkauppa.fi\/index.php\/wp-json\/wp\/v2\/media?parent=30"}],"curies":[{"name":"wp","href":"https:\/\/api.w.org\/{rel}","templated":true}]}}