{"id":32,"date":"2016-12-02T07:34:23","date_gmt":"2016-12-02T07:34:23","guid":{"rendered":"http:\/\/elainkauppa.savipaja.net\/?page_id=32"},"modified":"2025-11-20T19:42:04","modified_gmt":"2025-11-20T17:42:04","slug":"koirien-lisaravinteet","status":"publish","type":"page","link":"https:\/\/www.kapylanelainkauppa.fi\/index.php\/tuotteet\/koirat\/koirien-lisaravinteet\/","title":{"rendered":"Koirien lis\u00e4ravinteet"},"content":{"rendered":"<h2>RAVINTO\u00d6LJYT<\/h2>\n<h3><a href=\"https:\/\/www.nutrolin.fi\/tuote-osasto\/koirat\/\"><strong>Nutrolin<\/strong><\/a>-ravinto\u00f6ljyt<\/h3>\n<p><strong>150ml &#8211; 1 l<\/strong><\/p>\n<p><img loading=\"lazy\" decoding=\"async\" class=\"size-medium wp-image-2156 aligncenter\" src=\"http:\/\/www.kapylanelainkauppa.fi\/wp-content\/uploads\/Nutrolin\u00ae-SKIN-COAT-all-510x510-1-197x300.jpg\" alt=\"\" width=\"197\" height=\"300\" srcset=\"https:\/\/www.kapylanelainkauppa.fi\/wp-content\/uploads\/Nutrolin\u00ae-SKIN-COAT-all-510x510-1-197x300.jpg 197w, https:\/\/www.kapylanelainkauppa.fi\/wp-content\/uploads\/Nutrolin\u00ae-SKIN-COAT-all-510x510-1.jpg 279w\" sizes=\"auto, (max-width: 197px) 100vw, 197px\" \/><\/p>\n<ul>\n<li><a href=\"https:\/\/www.nutrolin.fi\/tuote\/nutrolin-pentu\/\">Puppy &amp; Mom<\/a><\/li>\n<li><a href=\"https:\/\/www.nutrolin.fi\/tuote\/nutrolin-iho-turkki\/\">Skin &amp; Coat<\/a><\/li>\n<li><a href=\"https:\/\/www.nutrolin.fi\/tuote\/nutrolin-seniori\/\">Senior<\/a><\/li>\n<li><a href=\"https:\/\/www.nutrolin.fi\/tuote\/nutrolin-omega-sensitive\/\">Omega Sensitive<\/a><\/li>\n<li><a href=\"https:\/\/www.nutrolin.fi\/tuote\/nutrolin-sportti\/\">Sport<\/a><\/li>\n<li><a href=\"https:\/\/www.nutrolin.fi\/tuote\/nutrolin-hip-joint-tahna\/\">Hip &amp; Joint-tahna<\/a><\/li>\n<li><a href=\"https:\/\/www.nutrolin.fi\/tuote\/nutrolin-teeth-gums\/\">Teeth &amp; Gums-tahna\u00a0 (tilaustuote)<\/a><\/li>\n<li><a href=\"https:\/\/www.nutrolin.fi\/tuote\/nutrolin-gut-flora\/\">Gut &amp; Flora-tahna\u00a0 (tilaustuote)<\/a><\/li>\n<li><a href=\"https:\/\/www.nutrolin.fi\/tuote\/nutrolin-kitten-adult\/\">Kitten &amp; Adult Cat<\/a><\/li>\n<li><a href=\"https:\/\/www.nutrolin.fi\/tuote\/nutrolin-cat-senior\/\">Cat Senior<\/a><strong style=\"color: revert; font-size: revert;\">\u00a0\u00a0<\/strong><\/li>\n<\/ul>\n<h3><a href=\"https:\/\/www.ryrys.fi\/product\/785\/omega-3-lohioljy-500ml-essential\">Essential Lohi\u00f6ljy 500ml<\/a><\/h3>\n<h3><a href=\"https:\/\/www.ryrys.fi\/product\/1351\/lohioljy-500ml-koiramo-x-ryrys\">KOIRAMO Lohi\u00f6ljy 500ml<\/a><\/h3>\n<h2>VITAMIINIT<\/h2>\n<h3><strong>Aptus<\/strong>-sarja<\/h3>\n<h3><img loading=\"lazy\" decoding=\"async\" class=\"size-full wp-image-1319 aligncenter\" style=\"color: #444444; font-size: 16px; font-weight: 400;\" src=\"http:\/\/kapylanelainkauppa.fi\/wp-content\/uploads\/Aptus_Multidog_jpg.png\" alt=\"\" width=\"200\" height=\"240\" \/><img decoding=\"async\" class=\"alignright\" src=\"http:\/\/www.kapylanelainkauppa.fi\/Aptus_Multidog_jpg.png\" alt=\"\" \/><\/h3>\n<ul>\n<li>Yleiskunto (<a href=\"https:\/\/www.orionpharmaanimalhealth.com\/fi\/Tuotteemme\/aptus\/multidog-jauhe\/\">MultiDog jauhe<\/a>, <a href=\"https:\/\/www.orionpharmaanimalhealth.com\/fi\/Tuotteemme\/aptus\/multidog-junior\/\">MultiDog Junior jauhe<\/a> ja <a href=\"https:\/\/www.orionpharmaanimalhealth.com\/fi\/Tuotteemme\/aptus\/multidog-senior\/\">MultiDog Senior<\/a> tabl.)<\/li>\n<li><a href=\"https:\/\/www.orionpharmaanimalhealth.com\/fi\/Tuotteemme\/aptus\/biorion\/\">Biorion<\/a>, Iho ja turkki<\/li>\n<li><a href=\"https:\/\/www.orionpharmaanimalhealth.com\/fi\/Tuotteemme\/aptus\/multicat\/\">MultiCat<\/a> kissoille<\/li>\n<\/ul>\n<h3><a href=\"http:\/\/www.biofarm.fi\/content\/fi\/52\/5\/3\/207\/Koira.html\">Biofarm<\/a>-sarja<\/h3>\n<ul>\n<li><a href=\"https:\/\/www.biofarm.fi\/content\/fi\/52\/190\/46\/5\/208\/B-Max%20150%20tabl.html\">B-Max<\/a>, Monipuolinen B-vitamiinivalmiste, tabletit<\/li>\n<li><a href=\"https:\/\/www.biofarm.fi\/content\/fi\/52\/7694\/191\/5\/208\/Aika%20C-max%20%20lemmikeille%20150%20g.html\">C-Max<\/a>, C-vitamiinijauhe<\/li>\n<li><a href=\"http:\/\/www.biofarm.fi\/content\/fi\/52\/195\/0\/0\/208\/Nutri-plus%20gel%20120%20g.html\">Nutri-Plus<\/a> ravintogeeli 120g<\/li>\n<\/ul>\n<h3>Dorwest Herbs<\/h3>\n<p>Tilaustuote<\/p>\n<h3><a href=\"http:\/\/www.probalans.fi\/tuotteet\/zincbalans\/\">Probalans ZincBalans<\/a><\/h3>\n<ul>\n<li>Sinkkivalmiste, jauhe<\/li>\n<\/ul>\n<h2>NIVELRAVINTEET<\/h2>\n<ul>\n<li><a href=\"https:\/\/www.nutrolin.fi\/tuote\/nutrolin-hip-joint-tahna\/\">Nutrolin Hip&amp;Joint-tahna<\/a><\/li>\n<li><a href=\"http:\/\/www.biofarm.fi\/content\/fi\/52\/183\/45\/46\/208\/Cartivet%20%2B%20MSM%20300%20g.html\">Cartivet+MSM<\/a>, tabletit tai jauhe<\/li>\n<li><a href=\"https:\/\/www.biofarm.fi\/content\/fi\/52\/717\/191\/5\/208\/AIKA%20Lypromax%20Collagen%2040%20kaps.html\">Lypromax Collagen 40kapselia<\/a><\/li>\n<li><a href=\"https:\/\/www.vetcare.fi\/tuotteet\/tuotteet-koiralle\/flexadin-advanced-30-tabl-koiralle\/\">Flexadin purutabletit\u00a0<\/a><\/li>\n<li><a href=\"https:\/\/www.orionpharmaanimalhealth.com\/fi\/Tuotteemme\/aptus\/apto-flex\/\">Aptus Apto-Flex<\/a>, nivel&#8221;siirappi&#8221;<\/li>\n<li><a href=\"https:\/\/www.fysiohealing.fi\/tuote\/bioglucomin-150g-nivelravinne\/7330824012914\/\">BioGlukomin<\/a><\/li>\n<li><a href=\"https:\/\/www.biofarm.fi\/content\/fi\/52\/232\/56\/6\/208\/Vitalcat%20Premium%20.html\">VitalCat Premium<\/a>, huippuvalmiste, joka vitamiinien lis\u00e4ksi auttaa kissojen niveliin ja virtsateiden ongelmiin<\/li>\n<\/ul>\n<h2>SUUHYGIENIA<\/h2>\n<h3><img decoding=\"async\" class=\"alignright\" src=\"http:\/\/www.kapylanelainkauppa.fi\/plaqueoff.gif\" alt=\"\" \/><strong>PlaqueOff<\/strong><\/h3>\n<ul>\n<li>Merilev\u00e4st\u00e4 valmistettu plakinpoistojauhe\u00a0\u00a0<img loading=\"lazy\" decoding=\"async\" class=\"size-medium wp-image-1615 alignright\" src=\"http:\/\/kapylanelainkauppa.fi\/wp-content\/uploads\/veggiedent-30kg_600x600-300x300.jpeg\" alt=\"\" width=\"300\" height=\"300\" srcset=\"https:\/\/www.kapylanelainkauppa.fi\/wp-content\/uploads\/veggiedent-30kg_600x600-300x300.jpeg 300w, https:\/\/www.kapylanelainkauppa.fi\/wp-content\/uploads\/veggiedent-30kg_600x600-140x140.jpeg 140w, https:\/\/www.kapylanelainkauppa.fi\/wp-content\/uploads\/veggiedent-30kg_600x600.jpeg 600w\" sizes=\"auto, (max-width: 300px) 100vw, 300px\" \/><\/li>\n<\/ul>\n<h3><a href=\"https:\/\/www.biofarm.fi\/content\/fi\/52\/428\/47\/5\/208\/VeggieDentFr3sh%20makupalat%2010-30kg%2C%2015%20kpl.html\"><strong>Biofarm<\/strong><\/a><\/h3>\n<ul>\n<li><a href=\"https:\/\/www.biofarm.fi\/content\/fi\/52\/428\/47\/45\/208\/VeggieDentFr3sh%20makupalat%2010-30kg%2C%2015%20kpl.html\">VeggieDent Fr3sh<\/a> Entsyymi-Hammashoito-&#8221;puruluut&#8221; XS, S, M ja L-koot erikokoisille hampaille \ud83d\ude09<\/li>\n<li><a href=\"https:\/\/www.biofarm.fi\/content\/fi\/52\/201\/47\/45\/208\/Maxim%20Hammastahna%2075g.html\">Maxim<\/a> Maksanmakuinen Entsyymihammastahna<\/li>\n<\/ul>\n<h3><\/h3>\n<h3><a href=\"https:\/\/www.biofarm.fi\/content\/fi\/52\/203\/47\/45\/208\/Hammastahna%20koirille%2070%20g%20.html\"><strong>VirBac<\/strong><\/a><\/h3>\n<ul>\n<li>CET kananmakuinen hammastahna 70g<\/li>\n<\/ul>\n<h3><a href=\"https:\/\/www.orionpharmaanimalhealth.com\/fi\/Tuotteemme\/aptus\/bucadog-hammasgeeli\/\"><strong>Aptus BucaDog<\/strong><\/a><\/h3>\n<ul>\n<li>Hampaille levitett\u00e4v\u00e4 geeli, joka est\u00e4\u00e4 hammaskiven muodostumista<\/li>\n<\/ul>\n<p>Valikoimassa my\u00f6s metallinen hammaskivenraaputin<br \/>\nja erilaisia hammasharjoja<\/p>\n<h5><\/h5>\n<h2>VATSAN HYVINVOINTI<\/h2>\n<h3><b>Aptus\u00a0<\/b><\/h3>\n<ul>\n<li><b><a href=\"https:\/\/www.orionpharmaanimalhealth.com\/fi\/Tuotteemme\/aptus\/tehobakt\/\">Tehobakt Pet-jauhe<\/a>,\u00a0<\/b>Maitohappobakteereja, merilev\u00e4\u00e4<\/li>\n<li><a href=\"https:\/\/www.orionpharmaanimalhealth.com\/fi\/Tuotteemme\/aptus\/nutrisal\/\"><strong>Nutrisal<\/strong>,<\/a> Nestetasapainon s\u00e4ilytt\u00e4miseen, elektrolyyttej\u00e4<\/li>\n<\/ul>\n<h3>Biofarm<\/h3>\n<ul>\n<li><a href=\"http:\/\/www.biofarm.fi\/content\/fi\/52\/174\/9\/5\/208\/Inupekt%20Forte%2060%20tabl.html\"><strong>Inupekt<\/strong> <strong>Forte<\/strong><\/a><strong>,<\/strong> inuliinia ja pektiinia sis\u00e4lt\u00e4v\u00e4 tehokas vatsanparantaja, my\u00f6s ennaltaehk\u00e4isyyn.\u00a0Joka koiranomistajan kotiapteekin sis\u00e4lt\u00f6\u00e4 \ud83d\ude09<\/li>\n<li><a href=\"https:\/\/www.biofarm.fi\/content\/fi\/52\/518\/9\/5\/208\/Biobak%20175%20g.html\"><strong>Biobak<\/strong><\/a> 175gr jauhe, maitohappobakteereja<\/li>\n<li><a href=\"https:\/\/www.biofarm.fi\/content\/fi\/52\/553\/9\/5\/208\/Kaopekt%20forte%20200%20ml.html\"><strong>Kaopekt Forte<\/strong><\/a> 200ml, perinteinen tehoapu vatsan toimintah\u00e4iri\u00f6iss\u00e4<\/li>\n<li><a href=\"https:\/\/www.biofarm.fi\/content\/fi\/52\/7651\/191\/5\/208\/AIKA%20Fiberon%20Forte%20150%20g.html\"><strong>Fiberon Forte<\/strong><\/a> 150g, kuitulis\u00e4<\/li>\n<\/ul>\n<h3>Pro-Balans<\/h3>\n<ul>\n<li><a href=\"https:\/\/probalans.fi\/tuote\/pectbalans\/\"><strong>Pect-Balans<\/strong><\/a><\/li>\n<\/ul>\n<h3><strong><a href=\"https:\/\/www.vetcare.fi\/tuotteet\/tuotteet-koiralle\/canikur-tabletit\/\">Canikur<\/a>\u00a0<img loading=\"lazy\" decoding=\"async\" class=\"wp-image-909 aligncenter\" src=\"http:\/\/kapylanelainkauppa.fi\/wp-content\/uploads\/canikur-263x300.jpg\" alt=\"\" width=\"236\" height=\"269\" \/><\/strong><\/h3>\n<ul>\n<li>Tehokas vatsan t\u00e4sm\u00e4parantaja kun &#8221;tilanne&#8221; on ns. p\u00e4\u00e4ll\u00e4&#8230;<\/li>\n<li>Tabletteina tai pastana<\/li>\n<\/ul>\n<h3><a href=\"https:\/\/www.vetcare.fi\/tuotteet\/tuotteet-koiralle\/canius-plus-30-g\/\">Canius<\/a><\/h3>\n<ul>\n<li>Tehokas jauhe on markkinoiden ainoa valmiste, joka sis\u00e4lt\u00e4\u00e4 koiraper\u00e4isi\u00e4 maitohappobakteereita<\/li>\n<\/ul>\n<h3><\/h3>\n<h2>MIELT\u00c4 RAUHOITTAVAT TUOTTEET<\/h2>\n<ul>\n<li>Serene-UM tabletit<\/li>\n<li>Zylkene<\/li>\n<li>Adaptil ja Feliway<\/li>\n<\/ul>\n","protected":false},"excerpt":{"rendered":"<p>RAVINTO\u00d6LJYT Nutrolin-ravinto\u00f6ljyt 150ml &#8211; 1 l Puppy &amp; Mom Skin &amp; Coat Senior Omega Sensitive Sport Hip &amp; Joint-tahna Teeth &amp; Gums-tahna\u00a0 (tilaustuote) Gut &amp; Flora-tahna\u00a0 (tilaustuote) Kitten &amp; Adult Cat Cat Senior\u00a0\u00a0 Essential Lohi\u00f6ljy 500ml KOIRAMO Lohi\u00f6ljy 500ml VITAMIINIT Aptus-sarja Yleiskunto (MultiDog jauhe, MultiDog Junior jauhe ja MultiDog Senior tabl.) Biorion, Iho ja turkki&hellip; <\/p>\n<p class=\"toivo-read-more\"><a href=\"https:\/\/www.kapylanelainkauppa.fi\/index.php\/tuotteet\/koirat\/koirien-lisaravinteet\/\" class=\"more-link\">Lue lis\u00e4\u00e4 <span class=\"screen-reader-text\">Koirien lis\u00e4ravinteet<\/span><\/a><\/p>\n","protected":false},"author":1,"featured_media":0,"parent":7,"menu_order":40,"comment_status":"closed","ping_status":"closed","template":"","meta":{"footnotes":""},"class_list":{"0":"post-32","1":"page","2":"type-page","3":"status-publish","5":"entry"},"_links":{"self":[{"href":"https:\/\/www.kapylanelainkauppa.fi\/index.php\/wp-json\/wp\/v2\/pages\/32","targetHints":{"allow":["GET"]}}],"collection":[{"href":"https:\/\/www.kapylanelainkauppa.fi\/index.php\/wp-json\/wp\/v2\/pages"}],"about":[{"href":"https:\/\/www.kapylanelainkauppa.fi\/index.php\/wp-json\/wp\/v2\/types\/page"}],"author":[{"embeddable":true,"href":"https:\/\/www.kapylanelainkauppa.fi\/index.php\/wp-json\/wp\/v2\/users\/1"}],"replies":[{"embeddable":true,"href":"https:\/\/www.kapylanelainkauppa.fi\/index.php\/wp-json\/wp\/v2\/comments?post=32"}],"version-history":[{"count":51,"href":"https:\/\/www.kapylanelainkauppa.fi\/index.php\/wp-json\/wp\/v2\/pages\/32\/revisions"}],"predecessor-version":[{"id":2197,"href":"https:\/\/www.kapylanelainkauppa.fi\/index.php\/wp-json\/wp\/v2\/pages\/32\/revisions\/2197"}],"up":[{"embeddable":true,"href":"https:\/\/www.kapylanelainkauppa.fi\/index.php\/wp-json\/wp\/v2\/pages\/7"}],"wp:attachment":[{"href":"https:\/\/www.kapylanelainkauppa.fi\/index.php\/wp-json\/wp\/v2\/media?parent=32"}],"curies":[{"name":"wp","href":"https:\/\/api.w.org\/{rel}","templated":true}]}}