{"id":34,"date":"2016-12-02T07:35:32","date_gmt":"2016-12-02T07:35:32","guid":{"rendered":"http:\/\/elainkauppa.savipaja.net\/?page_id=34"},"modified":"2023-10-31T19:27:08","modified_gmt":"2023-10-31T17:27:08","slug":"koirien-hihnat-pannat-ja-valjaat","status":"publish","type":"page","link":"https:\/\/www.kapylanelainkauppa.fi\/index.php\/tuotteet\/koirat\/koirien-hihnat-pannat-ja-valjaat\/","title":{"rendered":"Koirien hihnat, pannat ja valjaat"},"content":{"rendered":"<h5 style=\"text-align: center;\">Suosimme talutushihnoissa, kaulapannoissa ja valjaissa laadukkaita kotimaisia tuotteita.<br \/>\nOsan kyseisist\u00e4 tuotteista valmistamme itse k\u00e4sity\u00f6n\u00e4, my\u00f6s asiakkaidemme toiveiden mukaan mittatilauksena.<\/h5>\n<h3>\u00a0TALUTUSHIHNAT &amp; LIINAT<\/h3>\n<ul>\n<li>aidot Flexi-kelataluttimet<\/li>\n<li>nahkataluttimissa paljon erilaisia malleja, valmistajina mm. Jokke, Kesomaa, Nahka-Nasta<\/li>\n<li>tekstiilitaluttimet joka makuun<\/li>\n<li>n\u00e4yttelyhihnat<\/li>\n<li>koulutusliinat eri pituuksissa, mm. Super Grip, muovitettu j\u00e4lkipiuha, puuvillaliinat<\/li>\n<\/ul>\n<h3>KAULAPANNAT<\/h3>\n<ul>\n<li>nahkapannat niiteill\u00e4 ja ilman<img loading=\"lazy\" decoding=\"async\" class=\"size-medium wp-image-1062 alignright\" src=\"http:\/\/kapylanelainkauppa.fi\/wp-content\/uploads\/pannat-300x197.jpg\" alt=\"\" width=\"300\" height=\"197\" srcset=\"https:\/\/www.kapylanelainkauppa.fi\/wp-content\/uploads\/pannat-300x197.jpg 300w, https:\/\/www.kapylanelainkauppa.fi\/wp-content\/uploads\/pannat.jpg 1291w\" sizes=\"auto, (max-width: 300px) 100vw, 300px\" \/><\/li>\n<li>tekstiilipannat pikalukolla tai solkikiinnityksell\u00e4<\/li>\n<li>puolikuristavat nahka- ja tekstiilipannat<\/li>\n<li>ketjukaulaimet, kaikki tuotteet HS-Sprengerilt\u00e4<\/li>\n<li>heijastinpannat<\/li>\n<\/ul>\n<h3>VALJAAT<\/h3>\n<ul>\n<li>Aidot Kotimaiset <strong>Arja V\u00e4nttisen<\/strong> Poron- tai Lampaannappanahkavaljaat! N\u00e4m\u00e4 on ihan huiput!\n<ul>\n<li><img loading=\"lazy\" decoding=\"async\" class=\"wp-image-2012 size-medium alignright\" src=\"http:\/\/www.kapylanelainkauppa.fi\/wp-content\/uploads\/vanttiset-169x300.jpg\" alt=\"\" width=\"169\" height=\"300\" srcset=\"https:\/\/www.kapylanelainkauppa.fi\/wp-content\/uploads\/vanttiset-169x300.jpg 169w, https:\/\/www.kapylanelainkauppa.fi\/wp-content\/uploads\/vanttiset.jpg 540w\" sizes=\"auto, (max-width: 169px) 100vw, 169px\" \/>25 eri kokoa sek\u00e4 9 omaa kokoa lyhytraajaisille koirille.<\/li>\n<li>Paljon v\u00e4rivaihtoehtoja.<\/li>\n<\/ul>\n<\/li>\n<li>pehmustetut Y-valjaat, mm. j\u00e4ljestykseen ja Canicrossiin; Maike-tuote, Finnero, Hurtta&#8230;<\/li>\n<li>\u00a0erilaiset s\u00e4\u00e4dett\u00e4v\u00e4t tekstiilivaljaat<\/li>\n<li>\u00a0vedonestovaljaat<\/li>\n<li>\u00a0heijastinvaljaat<\/li>\n<li>\u00a0huskyvaljaat<\/li>\n<\/ul>\n<h3>MUUT<\/h3>\n<ul>\n<li>\u00a0Kuonopannat, Halti,\u00a0 CannyCollar ja Jokke nahkainen kuonopanta<\/li>\n<\/ul>\n","protected":false},"excerpt":{"rendered":"<p>Suosimme talutushihnoissa, kaulapannoissa ja valjaissa laadukkaita kotimaisia tuotteita. Osan kyseisist\u00e4 tuotteista valmistamme itse k\u00e4sity\u00f6n\u00e4, my\u00f6s asiakkaidemme toiveiden mukaan mittatilauksena. \u00a0TALUTUSHIHNAT &amp; LIINAT aidot Flexi-kelataluttimet nahkataluttimissa paljon erilaisia malleja, valmistajina mm. Jokke, Kesomaa, Nahka-Nasta tekstiilitaluttimet joka makuun n\u00e4yttelyhihnat koulutusliinat eri pituuksissa, mm. Super Grip, muovitettu j\u00e4lkipiuha, puuvillaliinat KAULAPANNAT nahkapannat niiteill\u00e4 ja ilman tekstiilipannat pikalukolla tai solkikiinnityksell\u00e4&hellip; <\/p>\n<p class=\"toivo-read-more\"><a href=\"https:\/\/www.kapylanelainkauppa.fi\/index.php\/tuotteet\/koirat\/koirien-hihnat-pannat-ja-valjaat\/\" class=\"more-link\">Lue lis\u00e4\u00e4 <span class=\"screen-reader-text\">Koirien hihnat, pannat ja valjaat<\/span><\/a><\/p>\n","protected":false},"author":1,"featured_media":0,"parent":7,"menu_order":50,"comment_status":"closed","ping_status":"closed","template":"","meta":{"footnotes":""},"class_list":{"0":"post-34","1":"page","2":"type-page","3":"status-publish","5":"entry"},"_links":{"self":[{"href":"https:\/\/www.kapylanelainkauppa.fi\/index.php\/wp-json\/wp\/v2\/pages\/34","targetHints":{"allow":["GET"]}}],"collection":[{"href":"https:\/\/www.kapylanelainkauppa.fi\/index.php\/wp-json\/wp\/v2\/pages"}],"about":[{"href":"https:\/\/www.kapylanelainkauppa.fi\/index.php\/wp-json\/wp\/v2\/types\/page"}],"author":[{"embeddable":true,"href":"https:\/\/www.kapylanelainkauppa.fi\/index.php\/wp-json\/wp\/v2\/users\/1"}],"replies":[{"embeddable":true,"href":"https:\/\/www.kapylanelainkauppa.fi\/index.php\/wp-json\/wp\/v2\/comments?post=34"}],"version-history":[{"count":9,"href":"https:\/\/www.kapylanelainkauppa.fi\/index.php\/wp-json\/wp\/v2\/pages\/34\/revisions"}],"predecessor-version":[{"id":2013,"href":"https:\/\/www.kapylanelainkauppa.fi\/index.php\/wp-json\/wp\/v2\/pages\/34\/revisions\/2013"}],"up":[{"embeddable":true,"href":"https:\/\/www.kapylanelainkauppa.fi\/index.php\/wp-json\/wp\/v2\/pages\/7"}],"wp:attachment":[{"href":"https:\/\/www.kapylanelainkauppa.fi\/index.php\/wp-json\/wp\/v2\/media?parent=34"}],"curies":[{"name":"wp","href":"https:\/\/api.w.org\/{rel}","templated":true}]}}