{"id":36,"date":"2016-12-02T07:36:18","date_gmt":"2016-12-02T07:36:18","guid":{"rendered":"http:\/\/elainkauppa.savipaja.net\/?page_id=36"},"modified":"2025-11-20T14:47:08","modified_gmt":"2025-11-20T12:47:08","slug":"koirien-turkin-ihon-ja-kynsien-hoito","status":"publish","type":"page","link":"https:\/\/www.kapylanelainkauppa.fi\/index.php\/tuotteet\/koirat\/koirien-turkin-ihon-ja-kynsien-hoito\/","title":{"rendered":"Koirien turkin, ihon ja kynsien hoito"},"content":{"rendered":"<p><img decoding=\"async\" class=\"aligncenter\" src=\"http:\/\/www.kapylanelainkauppa.fi\/koiramuusa.jpg\" alt=\"\" \/><\/p>\n<h3>SHAMPOOT, HOITOAINEET, SUIHKEET<\/h3>\n<p><img loading=\"lazy\" decoding=\"async\" class=\"size-medium wp-image-1044 aligncenter\" src=\"http:\/\/kapylanelainkauppa.fi\/wp-content\/uploads\/shampoot-1-300x218.jpg\" alt=\"\" width=\"300\" height=\"218\" srcset=\"https:\/\/www.kapylanelainkauppa.fi\/wp-content\/uploads\/shampoot-1-300x218.jpg 300w, https:\/\/www.kapylanelainkauppa.fi\/wp-content\/uploads\/shampoot-1.jpg 1158w\" sizes=\"auto, (max-width: 300px) 100vw, 300px\" \/><\/p>\n<ul>\n<li><a href=\"http:\/\/www.kaikenkarvaiset.com\/File\/koirat\/Bio_Groom_koiraesite.pdf?175685\">BioGroom<\/a> shampoot ja hoitoaineet<\/li>\n<li>KW Minkki\u00f6ljyshampoo<\/li>\n<li>Gottlieb, edullinen minkki\u00f6ljypohjainen shampoosarja<\/li>\n<li>Aptus Hell\u00e4pesu ja Derma<\/li>\n<li>K9-Sarjaa<\/li>\n<li>PCL-Sarjaa<\/li>\n<li>Kotimainen Kamu<\/li>\n<\/ul>\n<h3>TRIMMAUSV\u00c4LINEET<\/h3>\n<ul>\n<li>Trimmausveitset<\/li>\n<li>\u00a0Sakset<\/li>\n<\/ul>\n<h3><strong> Lis\u00e4ksi luonnollisesti&#8230;<\/strong><\/h3>\n<h3><strong><img loading=\"lazy\" decoding=\"async\" class=\"wp-image-2017 size-medium aligncenter\" src=\"http:\/\/www.kapylanelainkauppa.fi\/wp-content\/uploads\/turkinhoitovalineet-300x211.jpg\" alt=\"\" width=\"300\" height=\"211\" srcset=\"https:\/\/www.kapylanelainkauppa.fi\/wp-content\/uploads\/turkinhoitovalineet-300x211.jpg 300w, https:\/\/www.kapylanelainkauppa.fi\/wp-content\/uploads\/turkinhoitovalineet-768x541.jpg 768w, https:\/\/www.kapylanelainkauppa.fi\/wp-content\/uploads\/turkinhoitovalineet.jpg 960w\" sizes=\"auto, (max-width: 300px) 100vw, 300px\" \/><\/strong><\/h3>\n<ul>\n<li>Harjat, karstat, kammat, Furminatorit<\/li>\n<li>Tassuvoiteet; Love Paws, Shaws, Strandbodarnas,\u00a0 Super Koirasalva<\/li>\n<li>Kynsisakset; Millers, Mars<\/li>\n<\/ul>\n","protected":false},"excerpt":{"rendered":"<p>SHAMPOOT, HOITOAINEET, SUIHKEET BioGroom shampoot ja hoitoaineet KW Minkki\u00f6ljyshampoo Gottlieb, edullinen minkki\u00f6ljypohjainen shampoosarja Aptus Hell\u00e4pesu ja Derma K9-Sarjaa PCL-Sarjaa Kotimainen Kamu TRIMMAUSV\u00c4LINEET Trimmausveitset \u00a0Sakset Lis\u00e4ksi luonnollisesti&#8230; Harjat, karstat, kammat, Furminatorit Tassuvoiteet; Love Paws, Shaws, Strandbodarnas,\u00a0 Super Koirasalva Kynsisakset; Millers, Mars<\/p>\n","protected":false},"author":1,"featured_media":0,"parent":7,"menu_order":60,"comment_status":"closed","ping_status":"closed","template":"","meta":{"footnotes":""},"class_list":{"0":"post-36","1":"page","2":"type-page","3":"status-publish","5":"entry"},"_links":{"self":[{"href":"https:\/\/www.kapylanelainkauppa.fi\/index.php\/wp-json\/wp\/v2\/pages\/36","targetHints":{"allow":["GET"]}}],"collection":[{"href":"https:\/\/www.kapylanelainkauppa.fi\/index.php\/wp-json\/wp\/v2\/pages"}],"about":[{"href":"https:\/\/www.kapylanelainkauppa.fi\/index.php\/wp-json\/wp\/v2\/types\/page"}],"author":[{"embeddable":true,"href":"https:\/\/www.kapylanelainkauppa.fi\/index.php\/wp-json\/wp\/v2\/users\/1"}],"replies":[{"embeddable":true,"href":"https:\/\/www.kapylanelainkauppa.fi\/index.php\/wp-json\/wp\/v2\/comments?post=36"}],"version-history":[{"count":8,"href":"https:\/\/www.kapylanelainkauppa.fi\/index.php\/wp-json\/wp\/v2\/pages\/36\/revisions"}],"predecessor-version":[{"id":2195,"href":"https:\/\/www.kapylanelainkauppa.fi\/index.php\/wp-json\/wp\/v2\/pages\/36\/revisions\/2195"}],"up":[{"embeddable":true,"href":"https:\/\/www.kapylanelainkauppa.fi\/index.php\/wp-json\/wp\/v2\/pages\/7"}],"wp:attachment":[{"href":"https:\/\/www.kapylanelainkauppa.fi\/index.php\/wp-json\/wp\/v2\/media?parent=36"}],"curies":[{"name":"wp","href":"https:\/\/api.w.org\/{rel}","templated":true}]}}