{"id":38,"date":"2016-12-02T07:36:39","date_gmt":"2016-12-02T07:36:39","guid":{"rendered":"http:\/\/elainkauppa.savipaja.net\/?page_id=38"},"modified":"2023-11-11T21:18:28","modified_gmt":"2023-11-11T19:18:28","slug":"koirien-pedit-ja-hakit","status":"publish","type":"page","link":"https:\/\/www.kapylanelainkauppa.fi\/index.php\/tuotteet\/koirat\/koirien-pedit-ja-hakit\/","title":{"rendered":"Koirien pedit ja h\u00e4kit"},"content":{"rendered":"<p><img decoding=\"async\" class=\"aligncenter\" src=\"http:\/\/www.kapylanelainkauppa.fi\/koirahaika.jpg\" alt=\"\" \/><\/p>\n<p style=\"text-align: center;\"><strong>T\u00c4M\u00c4N SIVUN P\u00c4IVITYS VIEL\u00c4 KESKEN.<br \/>\n<\/strong><strong>KYSY TAI PIIPAHDA LIIKKEESS\u00c4MME TSEKKAAMASSA T\u00c4M\u00c4N HETKEN TARJONTA\u00a0?<\/strong><\/p>\n<p><img loading=\"lazy\" decoding=\"async\" class=\" wp-image-1191 aligncenter\" src=\"http:\/\/kapylanelainkauppa.fi\/wp-content\/uploads\/koirahaika-300x199.jpg\" alt=\"\" width=\"323\" height=\"214\" srcset=\"https:\/\/www.kapylanelainkauppa.fi\/wp-content\/uploads\/koirahaika-300x199.jpg 300w, https:\/\/www.kapylanelainkauppa.fi\/wp-content\/uploads\/koirahaika.jpg 593w\" sizes=\"auto, (max-width: 323px) 100vw, 323px\" \/><\/p>\n<h4>Danish Design soikeat reunapedit<\/h4>\n<p><img loading=\"lazy\" decoding=\"async\" class=\"alignnone size-medium wp-image-1399\" src=\"http:\/\/kapylanelainkauppa.fi\/wp-content\/uploads\/Danish-design-skoje-300x193.jpg\" alt=\"\" width=\"300\" height=\"193\" srcset=\"https:\/\/www.kapylanelainkauppa.fi\/wp-content\/uploads\/Danish-design-skoje-300x193.jpg 300w, https:\/\/www.kapylanelainkauppa.fi\/wp-content\/uploads\/Danish-design-skoje.jpg 801w\" sizes=\"auto, (max-width: 300px) 100vw, 300px\" \/><\/p>\n<h4>Aito ja oikea VENTAPAD- karva-alusta<\/h4>\n<ul>\n<li>150 x 100cm pala tai puolikas t\u00e4st\u00e4<\/li>\n<\/ul>\n<p><strong>Brava Fluffy P\u00f6rr\u00f6peti<\/strong> S, M, L tai XL<\/p>\n","protected":false},"excerpt":{"rendered":"<p>T\u00c4M\u00c4N SIVUN P\u00c4IVITYS VIEL\u00c4 KESKEN. KYSY TAI PIIPAHDA LIIKKEESS\u00c4MME TSEKKAAMASSA T\u00c4M\u00c4N HETKEN TARJONTA\u00a0? Danish Design soikeat reunapedit Aito ja oikea VENTAPAD- karva-alusta 150 x 100cm pala tai puolikas t\u00e4st\u00e4 Brava Fluffy P\u00f6rr\u00f6peti S, M, L tai XL<\/p>\n","protected":false},"author":1,"featured_media":0,"parent":7,"menu_order":70,"comment_status":"closed","ping_status":"closed","template":"","meta":{"footnotes":""},"class_list":{"0":"post-38","1":"page","2":"type-page","3":"status-publish","5":"entry"},"_links":{"self":[{"href":"https:\/\/www.kapylanelainkauppa.fi\/index.php\/wp-json\/wp\/v2\/pages\/38","targetHints":{"allow":["GET"]}}],"collection":[{"href":"https:\/\/www.kapylanelainkauppa.fi\/index.php\/wp-json\/wp\/v2\/pages"}],"about":[{"href":"https:\/\/www.kapylanelainkauppa.fi\/index.php\/wp-json\/wp\/v2\/types\/page"}],"author":[{"embeddable":true,"href":"https:\/\/www.kapylanelainkauppa.fi\/index.php\/wp-json\/wp\/v2\/users\/1"}],"replies":[{"embeddable":true,"href":"https:\/\/www.kapylanelainkauppa.fi\/index.php\/wp-json\/wp\/v2\/comments?post=38"}],"version-history":[{"count":9,"href":"https:\/\/www.kapylanelainkauppa.fi\/index.php\/wp-json\/wp\/v2\/pages\/38\/revisions"}],"predecessor-version":[{"id":2039,"href":"https:\/\/www.kapylanelainkauppa.fi\/index.php\/wp-json\/wp\/v2\/pages\/38\/revisions\/2039"}],"up":[{"embeddable":true,"href":"https:\/\/www.kapylanelainkauppa.fi\/index.php\/wp-json\/wp\/v2\/pages\/7"}],"wp:attachment":[{"href":"https:\/\/www.kapylanelainkauppa.fi\/index.php\/wp-json\/wp\/v2\/media?parent=38"}],"curies":[{"name":"wp","href":"https:\/\/api.w.org\/{rel}","templated":true}]}}