{"id":424,"date":"2017-10-01T23:44:09","date_gmt":"2017-10-01T20:44:09","guid":{"rendered":"http:\/\/kapylanelainkauppa.online.fi\/?page_id=424"},"modified":"2023-10-31T18:32:58","modified_gmt":"2023-10-31T16:32:58","slug":"kalojen-tarvikkeet","status":"publish","type":"page","link":"https:\/\/www.kapylanelainkauppa.fi\/index.php\/tuotteet\/kalat\/kalojen-tarvikkeet\/","title":{"rendered":"Kalojen tarvikkeet"},"content":{"rendered":"<h5 style=\"text-align: center;\">Akvaarioihin l\u00f6yd\u00e4t meilt\u00e4 perustarvikkeet, mit\u00e4 tarvitaan kotiakvaarion perustamiseen ja yll\u00e4pitoon&#8230;<\/h5>\n<p><img loading=\"lazy\" decoding=\"async\" class=\"aligncenter wp-image-1419 size-medium\" src=\"http:\/\/www.kapylanelainkauppa.fi\/wp-content\/uploads\/akvaariotarvikkeet-300x220.jpg\" alt=\"\" width=\"300\" height=\"220\" srcset=\"https:\/\/www.kapylanelainkauppa.fi\/wp-content\/uploads\/akvaariotarvikkeet-300x220.jpg 300w, https:\/\/www.kapylanelainkauppa.fi\/wp-content\/uploads\/akvaariotarvikkeet.jpg 1188w\" sizes=\"auto, (max-width: 300px) 100vw, 300px\" \/><\/p>\n<ul>\n<li>\n<h6>Hiekat<\/h6>\n<\/li>\n<li>\n<h6>Tetran hoitoaineet<\/h6>\n<\/li>\n<li>\n<h6>Eheimin sis\u00e4suodattimet sek\u00e4 jotain varaosia<\/h6>\n<p><img loading=\"lazy\" decoding=\"async\" class=\"aligncenter wp-image-1424 size-medium\" src=\"http:\/\/www.kapylanelainkauppa.fi\/wp-content\/uploads\/akvaariosuodattimet-300x119.jpg\" alt=\"\" width=\"300\" height=\"119\" srcset=\"https:\/\/www.kapylanelainkauppa.fi\/wp-content\/uploads\/akvaariosuodattimet-300x119.jpg 300w, https:\/\/www.kapylanelainkauppa.fi\/wp-content\/uploads\/akvaariosuodattimet.jpg 1179w\" sizes=\"auto, (max-width: 300px) 100vw, 300px\" \/><\/li>\n<li>\n<h6>Suodatinpatruunat<img loading=\"lazy\" decoding=\"async\" class=\"wp-image-1420 size-medium alignright\" src=\"http:\/\/www.kapylanelainkauppa.fi\/wp-content\/uploads\/akvaariokoristeet-300x204.jpg\" alt=\"\" width=\"300\" height=\"204\" srcset=\"https:\/\/www.kapylanelainkauppa.fi\/wp-content\/uploads\/akvaariokoristeet-300x204.jpg 300w, https:\/\/www.kapylanelainkauppa.fi\/wp-content\/uploads\/akvaariokoristeet.jpg 1197w\" sizes=\"auto, (max-width: 300px) 100vw, 300px\" \/><br \/>\n&#8211; Eheim<br \/>\n&#8211; Fluval<br \/>\n&#8211; Rena<br \/>\n&#8211; Hydor<br \/>\n&#8211; Juwel (poistohinta -40%)<\/h6>\n<\/li>\n<li>\n<h6>Muut suodatinmateriaalit; keraamiset, vanut, kuidut&#8230;<\/h6>\n<\/li>\n<li>\n<h6>Loisteputket, Arcadia, Sylvania, Juwel (poistohinta -40%)<\/h6>\n<\/li>\n<li>\n<h6>Valaisimet<\/h6>\n<\/li>\n<li>\n<h6>Akvaariokoristeet<\/h6>\n<\/li>\n<li>\n<h6>Ruokinta-automaatit, Ilmapumput, ilmakivet, haavit, letkut, pohjalapot, taustakuvat&#8230;<\/h6>\n<\/li>\n<\/ul>\n","protected":false},"excerpt":{"rendered":"<p>Akvaarioihin l\u00f6yd\u00e4t meilt\u00e4 perustarvikkeet, mit\u00e4 tarvitaan kotiakvaarion perustamiseen ja yll\u00e4pitoon&#8230; Hiekat Tetran hoitoaineet Eheimin sis\u00e4suodattimet sek\u00e4 jotain varaosia Suodatinpatruunat &#8211; Eheim &#8211; Fluval &#8211; Rena &#8211; Hydor &#8211; Juwel (poistohinta -40%) Muut suodatinmateriaalit; keraamiset, vanut, kuidut&#8230; Loisteputket, Arcadia, Sylvania, Juwel (poistohinta -40%) Valaisimet Akvaariokoristeet Ruokinta-automaatit, Ilmapumput, ilmakivet, haavit, letkut, pohjalapot, taustakuvat&#8230;<\/p>\n","protected":false},"author":1,"featured_media":0,"parent":72,"menu_order":0,"comment_status":"closed","ping_status":"closed","template":"","meta":{"footnotes":""},"class_list":{"0":"post-424","1":"page","2":"type-page","3":"status-publish","5":"entry"},"_links":{"self":[{"href":"https:\/\/www.kapylanelainkauppa.fi\/index.php\/wp-json\/wp\/v2\/pages\/424","targetHints":{"allow":["GET"]}}],"collection":[{"href":"https:\/\/www.kapylanelainkauppa.fi\/index.php\/wp-json\/wp\/v2\/pages"}],"about":[{"href":"https:\/\/www.kapylanelainkauppa.fi\/index.php\/wp-json\/wp\/v2\/types\/page"}],"author":[{"embeddable":true,"href":"https:\/\/www.kapylanelainkauppa.fi\/index.php\/wp-json\/wp\/v2\/users\/1"}],"replies":[{"embeddable":true,"href":"https:\/\/www.kapylanelainkauppa.fi\/index.php\/wp-json\/wp\/v2\/comments?post=424"}],"version-history":[{"count":7,"href":"https:\/\/www.kapylanelainkauppa.fi\/index.php\/wp-json\/wp\/v2\/pages\/424\/revisions"}],"predecessor-version":[{"id":1941,"href":"https:\/\/www.kapylanelainkauppa.fi\/index.php\/wp-json\/wp\/v2\/pages\/424\/revisions\/1941"}],"up":[{"embeddable":true,"href":"https:\/\/www.kapylanelainkauppa.fi\/index.php\/wp-json\/wp\/v2\/pages\/72"}],"wp:attachment":[{"href":"https:\/\/www.kapylanelainkauppa.fi\/index.php\/wp-json\/wp\/v2\/media?parent=424"}],"curies":[{"name":"wp","href":"https:\/\/api.w.org\/{rel}","templated":true}]}}