{"id":439,"date":"2017-10-04T15:20:43","date_gmt":"2017-10-04T12:20:43","guid":{"rendered":"http:\/\/kapylanelainkauppa.online.fi\/?page_id=439"},"modified":"2024-06-05T09:28:10","modified_gmt":"2024-06-05T06:28:10","slug":"palvelut","status":"publish","type":"page","link":"https:\/\/www.kapylanelainkauppa.fi\/index.php\/palvelut\/","title":{"rendered":"Palvelut"},"content":{"rendered":"<h5 style=\"text-align: center;\">Perus El\u00e4intarvikekauppa-toiminnan lis\u00e4ksi meill\u00e4 on erilaisia lis\u00e4palveluita.<\/h5>\n<h5 style=\"text-align: center;\">Yhteisty\u00f6 Fysioterapeutti Tamara Merenvallan kanssa on kest\u00e4nyt l\u00e4hes yht\u00e4 kauan kun kauppa on ollut olemassa. Tamara hoitaa ajanvaraukset ym. itsen\u00e4isesti. Fysioterapiak\u00e4ynnin yhteydess\u00e4 kaupan puolen ostoksista saa -5% alennuksen.<\/h5>\n<h5 style=\"text-align: center;\">Kaupan palveluita ovat Kotiinkuljetus, Lomahoito ja Kynsienleikkuu pikkulemmikeille<\/h5>\n<h5 style=\"text-align: center;\">Kalenterista n\u00e4et erilaiset teemap\u00e4iv\u00e4t, tuotteiden toimitusp\u00e4ivi\u00e4, pakaste-alennusp\u00e4iv\u00e4t yms.<\/h5>\n<h5 style=\"text-align: center;\"><a href=\"http:\/\/kapylanelainkauppa.fi\/index.php\/palvelut\/kotiinkuljetus\/\">Kotiinkuljetus<\/a><br \/>\n<a href=\"http:\/\/kapylanelainkauppa.fi\/index.php\/palvelut\/lomahoito\/\">Lomahoito<\/a><br \/>\n<a href=\"http:\/\/kapylanelainkauppa.fi\/index.php\/palvelut\/kynsienleikkuu\/\">Kynsienleikkuu<\/a><br \/>\n<a href=\"http:\/\/kapylanelainkauppa.fi\/index.php\/palvelut\/fysioterapia\/\">Fysioterapia<\/a><br \/>\n<a href=\"http:\/\/kapylanelainkauppa.fi\/index.php\/palvelut\/kalenteri\/\">Kalenteri<\/a><\/h5>\n","protected":false},"excerpt":{"rendered":"<p>Perus El\u00e4intarvikekauppa-toiminnan lis\u00e4ksi meill\u00e4 on erilaisia lis\u00e4palveluita. Yhteisty\u00f6 Fysioterapeutti Tamara Merenvallan kanssa on kest\u00e4nyt l\u00e4hes yht\u00e4 kauan kun kauppa on ollut olemassa. Tamara hoitaa ajanvaraukset ym. itsen\u00e4isesti. Fysioterapiak\u00e4ynnin yhteydess\u00e4 kaupan puolen ostoksista saa -5% alennuksen. Kaupan palveluita ovat Kotiinkuljetus, Lomahoito ja Kynsienleikkuu pikkulemmikeille Kalenterista n\u00e4et erilaiset teemap\u00e4iv\u00e4t, tuotteiden toimitusp\u00e4ivi\u00e4, pakaste-alennusp\u00e4iv\u00e4t yms. Kotiinkuljetus Lomahoito Kynsienleikkuu Fysioterapia&hellip; <\/p>\n<p class=\"toivo-read-more\"><a href=\"https:\/\/www.kapylanelainkauppa.fi\/index.php\/palvelut\/\" class=\"more-link\">Lue lis\u00e4\u00e4 <span class=\"screen-reader-text\">Palvelut<\/span><\/a><\/p>\n","protected":false},"author":1,"featured_media":0,"parent":0,"menu_order":0,"comment_status":"closed","ping_status":"closed","template":"","meta":{"footnotes":""},"class_list":{"0":"post-439","1":"page","2":"type-page","3":"status-publish","5":"entry"},"_links":{"self":[{"href":"https:\/\/www.kapylanelainkauppa.fi\/index.php\/wp-json\/wp\/v2\/pages\/439","targetHints":{"allow":["GET"]}}],"collection":[{"href":"https:\/\/www.kapylanelainkauppa.fi\/index.php\/wp-json\/wp\/v2\/pages"}],"about":[{"href":"https:\/\/www.kapylanelainkauppa.fi\/index.php\/wp-json\/wp\/v2\/types\/page"}],"author":[{"embeddable":true,"href":"https:\/\/www.kapylanelainkauppa.fi\/index.php\/wp-json\/wp\/v2\/users\/1"}],"replies":[{"embeddable":true,"href":"https:\/\/www.kapylanelainkauppa.fi\/index.php\/wp-json\/wp\/v2\/comments?post=439"}],"version-history":[{"count":7,"href":"https:\/\/www.kapylanelainkauppa.fi\/index.php\/wp-json\/wp\/v2\/pages\/439\/revisions"}],"predecessor-version":[{"id":2066,"href":"https:\/\/www.kapylanelainkauppa.fi\/index.php\/wp-json\/wp\/v2\/pages\/439\/revisions\/2066"}],"wp:attachment":[{"href":"https:\/\/www.kapylanelainkauppa.fi\/index.php\/wp-json\/wp\/v2\/media?parent=439"}],"curies":[{"name":"wp","href":"https:\/\/api.w.org\/{rel}","templated":true}]}}