{"id":44,"date":"2016-12-02T07:40:32","date_gmt":"2016-12-02T07:40:32","guid":{"rendered":"http:\/\/elainkauppa.savipaja.net\/?page_id=44"},"modified":"2023-10-31T19:08:41","modified_gmt":"2023-10-31T17:08:41","slug":"kissojen-kuivaruoat","status":"publish","type":"page","link":"https:\/\/www.kapylanelainkauppa.fi\/index.php\/tuotteet\/kissat\/kissojen-ruoat\/kissojen-kuivaruoat\/","title":{"rendered":"Kissojen kuivaruoat"},"content":{"rendered":"<h6 style=\"text-align: center;\">Kissojen ruokinnassa l\u00e4hdemme siit\u00e4 ajatuksesta, ett\u00e4 kissa on ensisijaisesti lihansy\u00f6j\u00e4 ja\u00a0 sen ravinnon tulisi sis\u00e4lt\u00e4\u00e4 paljon ihan oikeaa lihaa! Onneksi nykyp\u00e4iv\u00e4n\u00e4 on paljon tuotteita, joissa t\u00e4m\u00e4 t\u00e4rke\u00e4 asia on huomioitu ja valikoimamme sis\u00e4lt\u00e4\u00e4kin enimm\u00e4kseen n\u00e4it\u00e4 &#8221;kunnon&#8221; tuotteita. Esim. vilja ja sokeri ovat kissan ruokinnassa aika turhia ainesosia. Kannattaa lukea tarkasti eri kissanruokien koostumuksia ja ravintosis\u00e4lt\u00f6j\u00e4, toisinaan saattaa yll\u00e4tty\u00e4, eik\u00e4 aina niin positiivisesti&#8230;<\/h6>\n<h6 style=\"text-align: center;\">Hyllyst\u00e4mme l\u00f6ytyv\u00e4t vakituisesti alla olevat merkit, tilauksesta saatavana muitakin.<br \/>\nLis\u00e4tietoa ruokamerkeist\u00e4 saat ruoan nime\u00e4 klikkaamalla.<\/h6>\n<h2><a href=\"http:\/\/www.bestpremiums.fi\/n&amp;d-cat.html\">N&amp;D-Natural &amp; Delicious<\/a><\/h2>\n<p><a href=\"http:\/\/www.bestpremiums.fi\/n&amp;d-cat.html\"><img loading=\"lazy\" decoding=\"async\" class=\"wp-image-644 alignright\" src=\"http:\/\/kapylanelainkauppa.fi\/wp-content\/uploads\/ndcatc3.gif\" alt=\"\" width=\"159\" height=\"276\" \/><\/a>Tuorelihapohjainen HUIPPUruoka!<br \/>\nEritt\u00e4in lihapitoinen (70%) ja t\u00e4ysin viljaton t\u00e4ysravinto.<br \/>\nValmistusmaa Italia<\/p>\n<p>N&amp;D:st\u00e4 l\u00f6ytyy kaupaltamme my\u00f6s ilmaisia n\u00e4ytepusseja,<br \/>\ntule hakemaan oma maistiaisesi!<\/p>\n<p>Vaihtoehtoina 300gr ja osa 1,5kg:n pakkauksissa.<br \/>\nBonuskortilla joka 11. pussi ilmaiseksi!<\/p>\n<ul>\n<li><strong>Kitten Chicken<\/strong> &#8211; Pennuille, kanaa<\/li>\n<li><strong>Adult Cat<\/strong> &#8211; Aikuisille:<br \/>\n&#8211; Kana&amp;Granaattiomena<br \/>\n&#8211; Viiri\u00e4inen &amp; Kurpitsa<br \/>\n&#8211; Ankka &amp; Kurpitsa<br \/>\n&#8211; Silli &amp; Kurpitsa<br \/>\n&#8211; Peura &amp; Kurpitsa<br \/>\n&#8211; Villisika &amp; Herukka<\/li>\n<li><strong>Adult Neutered<\/strong> &#8211; Aikuisille leikatuille:<br \/>\n&#8211; Kana &amp; Granaattiomena,<br \/>\n&#8211; Viiri\u00e4inen &amp; Kurpitsa<\/li>\n<li><strong>Urinary<\/strong> &#8211; Virtsateiden hyvinvointiin:<br \/>\n&#8211; Ankka &amp; Quinoa<\/li>\n<li><strong>Skin &amp; Coat<\/strong> &#8211; Ihon ja turkin hyvinvointiin, kalaton<br \/>\n&#8211; Viiri\u00e4inen &amp; Quinoa<\/li>\n<\/ul>\n<h2><a href=\"https:\/\/www.essential.fi\/\">ESSENTIAL<\/a>\u00a0<img loading=\"lazy\" decoding=\"async\" class=\"size-full wp-image-1594 alignright\" src=\"http:\/\/kapylanelainkauppa.fi\/wp-content\/uploads\/essential-cat.jpg\" alt=\"\" width=\"198\" height=\"254\" \/><\/h2>\n<ul>\n<li>Huippuev\u00e4s Englannista!<\/li>\n<li>ESSENTIAL THE JAGUAR\u00a0on viljaton ja\u00a0herkullinen kissanruoka, joka sopii sek\u00e4 aikuisille ett\u00e4 pentuik\u00e4isille kissoille, kaiken rotuisille ja \u2013kokoisille kissoille. Laadukkaista raaka-aineista valmistettu ruoka mukailee kissan luonnonmukaista ravintoa. Uniikki resepti sis\u00e4lt\u00e4\u00e4 yhteens\u00e4 80% kanaa, lohta, taimenta ja kananmunaa.\u00a0<span lang=\"EN-US\">Herkullisi\u00e4 ruokahetki\u00e4!<\/span><\/li>\n<li>ESSENTIAL THE PANTHER, viljaton kevyempi vaihtoehto sis\u00e4kissoille, leikatuille, ylipainoisille. P\u00e4\u00e4raaka-aineena erilaista kalaa; 70% lohta, siika, seiti\u00e4 ja silli\u00e4.<\/li>\n<li>LITTLE LION, Pennuille<\/li>\n<\/ul>\n<h2><a href=\"http:\/\/www.tujoma.fi\/applaws\/\">APPLAWS<\/a><\/h2>\n<p><a href=\"http:\/\/www.tujoma.fi\/applaws\/\"><img loading=\"lazy\" decoding=\"async\" class=\"size-full wp-image-645 alignright\" src=\"http:\/\/kapylanelainkauppa.fi\/wp-content\/uploads\/applaws-cat-dry.jpg\" alt=\"\" width=\"176\" height=\"287\" \/><\/a>Lihapitoinen (80%), viljaton laaturuoka!<\/p>\n<p>Paljon eri vaihtoehtoja 400gr:n ja 2kg:n ja tilauksesta 7,5kg:n pusseissa:<\/p>\n<ul>\n<li>Kitten Chicken &#8211; Pennuille, kanaa<\/li>\n<li>Adult Chicken &#8211; Aikuisille, kanaa<\/li>\n<li>Adult Chicken &amp; Lamb &#8211; Aikuisille, kanaa ja lammasta<\/li>\n<li>Adult Chicken &amp; Duck &#8211; Aikuisille, kanaa ja ankkaa<\/li>\n<li>Adult Chicken &amp; Salmon &#8211; Aikuisille, kanaa ja lohta<\/li>\n<li>Adult OceanFish &#8211; Aikuisille, merikalaa ja lohta<\/li>\n<li>Senior Chicken &#8211; I\u00e4kk\u00e4\u00e4mmille ja ylipainoisille, kanaa<\/li>\n<\/ul>\n<h2><a href=\"https:\/\/www.ziwipets.com\/fi\/catalog\/ziwi-peak-cat-nutrition\/ziwi-peak-air-dried-cat-food\">ZIWI PEAK<\/a><\/h2>\n<p><a href=\"https:\/\/www.ziwipets.com\/fi\/catalog\/ziwi-peak-cat-nutrition\/ziwi-peak-air-dried-cat-food\"><img loading=\"lazy\" decoding=\"async\" class=\"wp-image-686 alignright\" src=\"http:\/\/kapylanelainkauppa.fi\/wp-content\/uploads\/Ziwikissa.jpg\" alt=\"\" width=\"229\" height=\"305\" \/><\/a>Huippuruoka Uudesta-Seelannista!<br \/>\nValmistettu tuoreesta ilmakuivatusta lihasta!<br \/>\nLihana k\u00e4ytet\u00e4\u00e4n luomulammasta, -riistaa, -nautaa ja merenel\u00e4vi\u00e4, kaikki uudesta-seelannista.<br \/>\nLis\u00e4n\u00e4 ainoastaan vitamiineja ja mineraaleja, ei mit\u00e4\u00e4n kasviper\u00e4ist\u00e4.<br \/>\nSarjasta my\u00f6s herkullinen ja tuhti s\u00e4ilykeruoka samoista raaka-aineista.<br \/>\nZiwipeakist\u00e4 usein my\u00f6s ilmaisia kokeilupusseja!<\/p>\n<ul>\n<li>Lammas 400gr<\/li>\n<li>Nauta 400gr<\/li>\n<li>Kala-Peura 400gr<\/li>\n<li>Peura 400gr<\/li>\n<\/ul>\n<h2>KATTOVIT<\/h2>\n<ul>\n<li>Erikoisruoat\n<ul>\n<li>Niere\/Renal, Munuaisten vajaatoiminnasta k\u00e4rsiville kissoille<\/li>\n<li>Gastro, Ruoansulatusongelmiin<\/li>\n<li>Sensitive, Herkille \/ Allergisille kissoille<\/li>\n<li>Saatavana 400gr:n, 1,25kg:n pusseissa.<\/li>\n<\/ul>\n<\/li>\n<\/ul>\n<h2><\/h2>\n<h2><a href=\"http:\/\/www.severa.net\/iams-cat\">IAMS<\/a><\/h2>\n<p>Iamsin sarjasta meill\u00e4<\/p>\n<ul>\n<li>Adult Chicken<\/li>\n<li>Adult Indoor<\/li>\n<li>Adult Dental<\/li>\n<\/ul>\n<p>Bonuskortti.com bonuskortilla joka ostoksesta -10%!<\/p>\n<h2><a href=\"http:\/\/www.royalcanin.fi\/kissa.html\"><br \/>\n<\/a><a href=\"http:\/\/www.royalcanin.fi\/kissa.html\"><img loading=\"lazy\" decoding=\"async\" class=\"alignnone\" src=\"http:\/\/www.kapylanelainkauppa.fi\/logoroyalcanin.jpg\" alt=\"Royal Canin \" width=\"260\" height=\"91\" \/><\/a><\/h2>\n<p><a href=\"http:\/\/www.royalcanin.fi\/kissa.html\"><img loading=\"lazy\" decoding=\"async\" class=\"wp-image-692 alignright\" src=\"http:\/\/kapylanelainkauppa.fi\/wp-content\/uploads\/RC-kissa.jpg\" alt=\"\" width=\"156\" height=\"220\" \/><\/a>J\u00e4ttisarja! Maistuvat ruoat kissan eri ik\u00e4vaiheisiin, erityistarpeisiin ja aktiivisuustasoihin.\u00a0 My\u00f6s roturuokia&#8230;<\/p>\n<ul>\n<li>Mother &amp; Babycat\n<ul>\n<li>Emoille ja pikkupennuille<\/li>\n<li>400gr<\/li>\n<\/ul>\n<\/li>\n<li>Kitten tai Kitten Sterilised\n<ul>\n<li>Pennuille ensimm\u00e4isen elinvuoden ajan<\/li>\n<li>400gr tai 2kg<\/li>\n<\/ul>\n<\/li>\n<li>Fit\n<ul>\n<li>Perusruoka aikuiselle ihannepainoiselle kissalle<\/li>\n<li>400gr, 2kg ja 10kg<\/li>\n<\/ul>\n<\/li>\n<li>Indoor\n<ul>\n<li>Perusruoka sis\u00e4kissoille<\/li>\n<li>400gr ja 2kg<\/li>\n<\/ul>\n<\/li>\n<li>Indoor 7+\n<ul>\n<li>Yli 7-vuotiaille sis\u00e4kissoille<\/li>\n<li>400gr ja 1,5kg<\/li>\n<\/ul>\n<\/li>\n<li>Sterilised\n<ul>\n<li>Kevyempi ruoka leikatuille kissoille<\/li>\n<li>400gr ja 2kg<\/li>\n<\/ul>\n<\/li>\n<li>Sterilised 7+\n<ul>\n<li>Leikatuille yli 7-vuotiaille kissoille<\/li>\n<li>400gr ja 1,5kg<\/li>\n<\/ul>\n<\/li>\n<li>Sterilised Ageing 12+\n<ul>\n<li>Leikatuille yli 12-vuotiaille kissoille<\/li>\n<li>400gr<\/li>\n<\/ul>\n<\/li>\n<li>Ageing 12+\n<ul>\n<li>Yli 12-vuotiaille kissoille pehme\u00e4mm\u00e4t nappulat<\/li>\n<li>400gr ja 2kg<\/li>\n<\/ul>\n<\/li>\n<li>Sensible\n<ul>\n<li>Herkille kissoille<\/li>\n<li>400gr, 2 kg ja 10kg<\/li>\n<\/ul>\n<\/li>\n<li>Exigent Savour\n<ul>\n<li>Nirsoille kissoille<\/li>\n<li>400gr ja 2kg<\/li>\n<\/ul>\n<\/li>\n<li>Digestive Care\n<ul>\n<li>Herkk\u00e4vatsaisille kissoille<\/li>\n<li>400gr ja 2kg<\/li>\n<\/ul>\n<\/li>\n<li>Hairball Care\n<ul>\n<li>Karvapallojen ehk\u00e4isyyn<\/li>\n<li>400gr ja 2kg<\/li>\n<\/ul>\n<\/li>\n<li>Light Care\n<ul>\n<li>Painon pudotukseen<\/li>\n<li>400gr ja 2kg<\/li>\n<\/ul>\n<\/li>\n<li>Oral Care\n<ul>\n<li>Hampaiden hoitoon<\/li>\n<li>400gr ja 1,5kg<\/li>\n<\/ul>\n<\/li>\n<li>Hair &amp; Skin Care\n<ul>\n<li>Ihon ja turkin hyvinvointiin<\/li>\n<li>400gr ja 2kg<\/li>\n<\/ul>\n<\/li>\n<li>Urinary Care\n<ul>\n<li>Virtsateiden hyvinvointiin<\/li>\n<li>400gr ja 2kg<\/li>\n<\/ul>\n<\/li>\n<li>Norwegian<\/li>\n<li>Maine Coon<\/li>\n<li>Persian<\/li>\n<\/ul>\n","protected":false},"excerpt":{"rendered":"<p>Kissojen ruokinnassa l\u00e4hdemme siit\u00e4 ajatuksesta, ett\u00e4 kissa on ensisijaisesti lihansy\u00f6j\u00e4 ja\u00a0 sen ravinnon tulisi sis\u00e4lt\u00e4\u00e4 paljon ihan oikeaa lihaa! Onneksi nykyp\u00e4iv\u00e4n\u00e4 on paljon tuotteita, joissa t\u00e4m\u00e4 t\u00e4rke\u00e4 asia on huomioitu ja valikoimamme sis\u00e4lt\u00e4\u00e4kin enimm\u00e4kseen n\u00e4it\u00e4 &#8221;kunnon&#8221; tuotteita. Esim. vilja ja sokeri ovat kissan ruokinnassa aika turhia ainesosia. Kannattaa lukea tarkasti eri kissanruokien koostumuksia ja ravintosis\u00e4lt\u00f6j\u00e4,&hellip; <\/p>\n<p class=\"toivo-read-more\"><a href=\"https:\/\/www.kapylanelainkauppa.fi\/index.php\/tuotteet\/kissat\/kissojen-ruoat\/kissojen-kuivaruoat\/\" class=\"more-link\">Lue lis\u00e4\u00e4 <span class=\"screen-reader-text\">Kissojen kuivaruoat<\/span><\/a><\/p>\n","protected":false},"author":1,"featured_media":0,"parent":42,"menu_order":10,"comment_status":"closed","ping_status":"closed","template":"","meta":{"footnotes":""},"class_list":{"0":"post-44","1":"page","2":"type-page","3":"status-publish","5":"entry"},"_links":{"self":[{"href":"https:\/\/www.kapylanelainkauppa.fi\/index.php\/wp-json\/wp\/v2\/pages\/44","targetHints":{"allow":["GET"]}}],"collection":[{"href":"https:\/\/www.kapylanelainkauppa.fi\/index.php\/wp-json\/wp\/v2\/pages"}],"about":[{"href":"https:\/\/www.kapylanelainkauppa.fi\/index.php\/wp-json\/wp\/v2\/types\/page"}],"author":[{"embeddable":true,"href":"https:\/\/www.kapylanelainkauppa.fi\/index.php\/wp-json\/wp\/v2\/users\/1"}],"replies":[{"embeddable":true,"href":"https:\/\/www.kapylanelainkauppa.fi\/index.php\/wp-json\/wp\/v2\/comments?post=44"}],"version-history":[{"count":33,"href":"https:\/\/www.kapylanelainkauppa.fi\/index.php\/wp-json\/wp\/v2\/pages\/44\/revisions"}],"predecessor-version":[{"id":1977,"href":"https:\/\/www.kapylanelainkauppa.fi\/index.php\/wp-json\/wp\/v2\/pages\/44\/revisions\/1977"}],"up":[{"embeddable":true,"href":"https:\/\/www.kapylanelainkauppa.fi\/index.php\/wp-json\/wp\/v2\/pages\/42"}],"wp:attachment":[{"href":"https:\/\/www.kapylanelainkauppa.fi\/index.php\/wp-json\/wp\/v2\/media?parent=44"}],"curies":[{"name":"wp","href":"https:\/\/api.w.org\/{rel}","templated":true}]}}