{"id":442,"date":"2017-10-04T15:21:54","date_gmt":"2017-10-04T12:21:54","guid":{"rendered":"http:\/\/kapylanelainkauppa.online.fi\/?page_id=442"},"modified":"2023-10-31T18:35:33","modified_gmt":"2023-10-31T16:35:33","slug":"kaupan-henkilokunta-ja-asukit","status":"publish","type":"page","link":"https:\/\/www.kapylanelainkauppa.fi\/index.php\/kaupan-henkilokunta-ja-asukit\/","title":{"rendered":"Kaupan henkil\u00f6kunta ja asukit"},"content":{"rendered":"<h5 style=\"text-align: center;\">Palvelevan henkil\u00f6kuntamme lis\u00e4ksi kaupallamme majailee\u00a0 joukko &#8221;maskottiel\u00e4imi\u00e4&#8221; sek\u00e4 mukana keikkuvat henkil\u00f6kunnan omat koirat.<\/h5>\n<p>Meist\u00e4 kaikista tarkemmin alla&#8230;<\/p>\n<p><a href=\"http:\/\/kapylanelainkauppa.fi\/index.php\/kaupan-henkilokunta-ja-asukit\/henkilokunta\/\">Henkil\u00f6kunta<\/a><br \/>\n<a href=\"http:\/\/kapylanelainkauppa.fi\/index.php\/kaupan-henkilokunta-ja-asukit\/talon-tassuttelijat\/\">Talon tassuttelijat<\/a><br \/>\n<a href=\"http:\/\/kapylanelainkauppa.fi\/index.php\/kaupan-henkilokunta-ja-asukit\/puodin-marsuelamaa\/\">Puodin marsuel\u00e4m\u00e4\u00e4<\/a><br \/>\n<a href=\"http:\/\/kapylanelainkauppa.fi\/index.php\/kaupan-henkilokunta-ja-asukit\/puodin-kanielamaa\/\">Puodin kaniel\u00e4m\u00e4\u00e4<\/a><br \/>\n<a href=\"http:\/\/kapylanelainkauppa.fi\/index.php\/kaupan-henkilokunta-ja-asukit\/puodin-siivekkaat-asukit\/\">Puodin siivekk\u00e4\u00e4t asukit<\/a><br \/>\n<a href=\"http:\/\/kapylanelainkauppa.fi\/index.php\/kaupan-henkilokunta-ja-asukit\/puodin-evakkaat-asukit\/\">Puodin ev\u00e4kk\u00e4\u00e4t asukit<\/a><\/p>\n","protected":false},"excerpt":{"rendered":"<p>Palvelevan henkil\u00f6kuntamme lis\u00e4ksi kaupallamme majailee\u00a0 joukko &#8221;maskottiel\u00e4imi\u00e4&#8221; sek\u00e4 mukana keikkuvat henkil\u00f6kunnan omat koirat. Meist\u00e4 kaikista tarkemmin alla&#8230; Henkil\u00f6kunta Talon tassuttelijat Puodin marsuel\u00e4m\u00e4\u00e4 Puodin kaniel\u00e4m\u00e4\u00e4 Puodin siivekk\u00e4\u00e4t asukit Puodin ev\u00e4kk\u00e4\u00e4t asukit<\/p>\n","protected":false},"author":1,"featured_media":0,"parent":0,"menu_order":0,"comment_status":"closed","ping_status":"closed","template":"","meta":{"footnotes":""},"class_list":{"0":"post-442","1":"page","2":"type-page","3":"status-publish","5":"entry"},"_links":{"self":[{"href":"https:\/\/www.kapylanelainkauppa.fi\/index.php\/wp-json\/wp\/v2\/pages\/442","targetHints":{"allow":["GET"]}}],"collection":[{"href":"https:\/\/www.kapylanelainkauppa.fi\/index.php\/wp-json\/wp\/v2\/pages"}],"about":[{"href":"https:\/\/www.kapylanelainkauppa.fi\/index.php\/wp-json\/wp\/v2\/types\/page"}],"author":[{"embeddable":true,"href":"https:\/\/www.kapylanelainkauppa.fi\/index.php\/wp-json\/wp\/v2\/users\/1"}],"replies":[{"embeddable":true,"href":"https:\/\/www.kapylanelainkauppa.fi\/index.php\/wp-json\/wp\/v2\/comments?post=442"}],"version-history":[{"count":5,"href":"https:\/\/www.kapylanelainkauppa.fi\/index.php\/wp-json\/wp\/v2\/pages\/442\/revisions"}],"predecessor-version":[{"id":1943,"href":"https:\/\/www.kapylanelainkauppa.fi\/index.php\/wp-json\/wp\/v2\/pages\/442\/revisions\/1943"}],"wp:attachment":[{"href":"https:\/\/www.kapylanelainkauppa.fi\/index.php\/wp-json\/wp\/v2\/media?parent=442"}],"curies":[{"name":"wp","href":"https:\/\/api.w.org\/{rel}","templated":true}]}}