{"id":46,"date":"2016-12-02T07:42:02","date_gmt":"2016-12-02T07:42:02","guid":{"rendered":"http:\/\/elainkauppa.savipaja.net\/?page_id=46"},"modified":"2026-01-14T16:49:46","modified_gmt":"2026-01-14T14:49:46","slug":"kissojen-sailykkeet","status":"publish","type":"page","link":"https:\/\/www.kapylanelainkauppa.fi\/index.php\/tuotteet\/kissat\/kissojen-ruoat\/kissojen-sailykkeet\/","title":{"rendered":"Kissojen s\u00e4ilykkeet"},"content":{"rendered":"<p><img loading=\"lazy\" decoding=\"async\" class=\"size-medium wp-image-1186 aligncenter\" src=\"http:\/\/kapylanelainkauppa.fi\/wp-content\/uploads\/kissatruuat_FINKissduurin-300x207.jpg\" alt=\"\" width=\"300\" height=\"207\" srcset=\"https:\/\/www.kapylanelainkauppa.fi\/wp-content\/uploads\/kissatruuat_FINKissduurin-300x207.jpg 300w, https:\/\/www.kapylanelainkauppa.fi\/wp-content\/uploads\/kissatruuat_FINKissduurin.jpg 375w\" sizes=\"auto, (max-width: 300px) 100vw, 300px\" \/><\/p>\n<p style=\"text-align: center;\">Kuva FIN* Kissduurin<\/p>\n<h6 style=\"text-align: center;\">T\u00e4rke\u00e4 osa kissan ruokinnassa ovat m\u00e4rk\u00e4=s\u00e4ilykeruoat. Toiset ruokkivat kissansa pelk\u00e4st\u00e4\u00e4n purkkiruoalla, monilla se on nappuloiden kaverina se kissalle erikseen &#8221;annettava&#8221; ateria tai vuorotellen raa&#8217;an lihan kanssa annettava kosteampi ruoka. Ruokintatapoja on niin monta kuin on ruokkijaakin, eik\u00e4 yksi tyyli ole v\u00e4ltt\u00e4m\u00e4tt\u00e4 sen sopivampi tai ep\u00e4sopivampi kuin toinen. &#8221;K\u00e4yt\u00f6ss\u00e4&#8221; l\u00f6ytyy aina se paras tapa ruokkia juuri SINUN kissasi. M\u00e4rk\u00e4ruokien hyv\u00e4 puoli on se, ett\u00e4 kissasi saa sit\u00e4 kautta nestett\u00e4, koska monet kissat ovat huonoja juomaan ja t\u00e4ll\u00f6in niiden munuaiset herk\u00e4sti rasittuvat. Ihan hyv\u00e4 tapa on sekoittaa viel\u00e4 reilu lusikallisen vett\u00e4 m\u00e4rk\u00e4ruoan mukaan\u00a0 lis\u00e4\u00e4m\u00e4\u00e4n kosteutta\u00a0?<br \/>\nS\u00e4ilykkeiss\u00e4 on sek\u00e4 ns. t\u00e4ydennysravintoja, jotka eiv\u00e4t t\u00e4yt\u00e4 p\u00e4ivitt\u00e4isen ruokinnan ravintotarpeita pelk\u00e4st\u00e4\u00e4n, mutta ovat oivallisia kuivaruoan lisukkeiksi, ett\u00e4 t\u00e4ysravintoja, joissa on tarpeellinen ravintosis\u00e4lt\u00f6 p\u00e4ivitt\u00e4iseen ruokintaan.<\/h6>\n<h6 style=\"text-align: center;\">Kts. my\u00f6s pakastevalikoiman kissoille sopivat versiot!<\/h6>\n<h2><\/h2>\n<h2><a href=\"https:\/\/www.koiranruokatukku.fi\/epages\/koiranruokatukku.sf\/fi_FI\/?ObjectPath=\/Shops\/2014110104\/Categories\/Maerkaeruoka\/ND_kissan_saeilykeravinto\">N&amp;D\u00a0<\/a><\/h2>\n<p>T\u00e4ss\u00e4 vasta mainio kissas\u00e4ilykeruoka! Lihaisa t\u00e4ysravinto kissallesi, makoisia lihapaloja herkullisessa liemess\u00e4! Lis\u00e4tty my\u00f6s tauriinia ja nivelaineita kissasi nivelten hyvinvointiin. Tarkempaa tietoa <a href=\"https:\/\/www.koiranruokatukku.fi\/epages\/koiranruokatukku.sf\/fi_FI\/?ObjectPath=\/Shops\/2014110104\/Categories\/Maerkaeruoka\/ND_kissan_saeilykeravinto\">linkist\u00e4.<\/a><\/p>\n<p>Makuina 80gr:n purkeissa:<img loading=\"lazy\" decoding=\"async\" class=\"wp-image-1523 aligncenter\" src=\"http:\/\/kapylanelainkauppa.fi\/wp-content\/uploads\/ND-Pumpkin-CHICKEN-80g-felineweb_m-300x164.jpg\" alt=\"\" width=\"258\" height=\"141\" srcset=\"https:\/\/www.kapylanelainkauppa.fi\/wp-content\/uploads\/ND-Pumpkin-CHICKEN-80g-felineweb_m-300x164.jpg 300w, https:\/\/www.kapylanelainkauppa.fi\/wp-content\/uploads\/ND-Pumpkin-CHICKEN-80g-felineweb_m.jpg 454w\" sizes=\"auto, (max-width: 258px) 100vw, 258px\" \/><\/p>\n<ul>\n<li>Kana &amp; Kurpitsa<\/li>\n<li>Villisika &amp; Kurpitsa<\/li>\n<li>Peura &amp; Kurpitsa<\/li>\n<li>Lohi &amp; Turska &amp; Katkarapu<\/li>\n<\/ul>\n<h2>APPLAWS<\/h2>\n<h4><img loading=\"lazy\" decoding=\"async\" class=\"wp-image-730 alignright\" src=\"http:\/\/kapylanelainkauppa.fi\/wp-content\/uploads\/applaws-kananrinta-70g.jpg\" alt=\"\" width=\"163\" height=\"163\" srcset=\"https:\/\/www.kapylanelainkauppa.fi\/wp-content\/uploads\/applaws-kananrinta-70g.jpg 250w, https:\/\/www.kapylanelainkauppa.fi\/wp-content\/uploads\/applaws-kananrinta-70g-140x140.jpg 140w\" sizes=\"auto, (max-width: 163px) 100vw, 163px\" \/><\/h4>\n<p>Applawsin laajasta sarjasta l\u00f6ytyy monia vaihtoehtoja nirsollekin sy\u00f6j\u00e4lle. L\u00e4hinn\u00e4 Applaws on kissallesi t\u00e4ydennysravinto, valmistettu ihmisravinnoksi kelpaavista raaka-aineista ja sen kyll\u00e4 huomaa \ud83d\ude42 Herkullinen tuoksu ja ulkon\u00e4k\u00f6 kertovat ruoan sis\u00e4lt\u00e4v\u00e4n vain sit\u00e4 itse\u00e4\u00e4n; lihaa ja hiukan kuitul\u00e4hdett\u00e4 esim. riisi\u00e4 tai vihanneksia.<\/p>\n<ul>\n<li>Peruspurkeissa 70gr\u00a0 tai 156gr\u00a0 kana- tai tonnikalapohjaiset vaihtoehdot lukuisilla &#8221;lisukkeilla&#8221;.<br \/>\nEsim. Kana-Kurpitsa, Kana-Juusto, Tonnikala-Katkarapu, Merikala&#8230;<\/li>\n<li><img loading=\"lazy\" decoding=\"async\" class=\"alignright\" src=\"http:\/\/kapylanelainkauppa.fi\/wp-content\/uploads\/applaws-kissa-kananrinta-ja-parsa-70g-annospussi.jpg\" width=\"162\" height=\"162\" \/>Annospussit 70gr : Kana-Kurpitsa, Tonnikala-Katkarapu, Kana-Parsa<\/li>\n<li><img decoding=\"async\" class=\"aligncenter\" src=\"http:\/\/kapylanelainkauppa.fi\/wp-content\/uploads\/applaws-kissa-kana-ja-lammas-hyytelossa-70g-annospussissa.jpg\" \/>Jelly Annospussit hyytel\u00f6ss\u00e4 70gr : mm. Kana-Lammas, Kana-Maksa, Tonnikala, Tonnikala-Lohi<\/li>\n<\/ul>\n<h4><\/h4>\n<ul>\n<li>N\u00e4ist\u00e4 monista l\u00f6ytyy my\u00f6s edullisemmat useamman purkin lajitelmalaatikot!<\/li>\n<\/ul>\n<h2>FELINE\u00a0PORTA 21<\/h2>\n<p>Feline Porta 21 on samantyyppinen t\u00e4ydennysravinto-m\u00e4rk\u00e4ruoka kuin Applaws. My\u00f6s siin\u00e4 n\u00e4kyy selke\u00e4sti mist\u00e4 ruoka on tehty eli oikeasta k\u00e4sittelem\u00e4tt\u00f6m\u00e4st\u00e4 lihasta.<\/p>\n<ul>\n<li>Purkit 156gr ja 400 gr.\n<ul>\n<li>Makuina\n<ul>\n<li>Kanaa ja Tonnikalaa erilaisilla &#8221;lisukkeilla&#8221; tai &#8221;lihakavereilla&#8221;<\/li>\n<li>Esim. Kana-Nauta, Tonnikala-Aloevera, Tonnikala-Katkarapu, Tonnikala-Merilev\u00e4<\/li>\n<\/ul>\n<\/li>\n<\/ul>\n<\/li>\n<li>A<img loading=\"lazy\" decoding=\"async\" class=\"size-full wp-image-737 alignright\" src=\"http:\/\/kapylanelainkauppa.fi\/wp-content\/uploads\/7185_pla_felineporta21_tunarind_pouch_3.jpg\" alt=\"\" width=\"140\" height=\"140\" \/>nnospussit 100gr\n<ul>\n<li>Pennuille kana<\/li>\n<li>Kanaa paloina<\/li>\n<li>Tonnikala-Rapu<\/li>\n<li>Ym. tonnikala-versioita<\/li>\n<\/ul>\n<\/li>\n<\/ul>\n<h2><\/h2>\n<h2>ANIMONDA<\/h2>\n<h2><img loading=\"lazy\" decoding=\"async\" class=\"wp-image-738 aligncenter\" src=\"http:\/\/kapylanelainkauppa.fi\/wp-content\/uploads\/animonda.jpg\" alt=\"\" width=\"238\" height=\"238\" \/><\/h2>\n<p>100g:n maistuvat Vom Feinsten-vuoka-t\u00e4ysravintoateriat:<\/p>\n<ul>\n<li>Kissanpennuille: Siipikarja, Nauta tai Lammas<\/li>\n<li>Aikuisille: Classic ja Mare, 6 eri makua<\/li>\n<li>I\u00e4kk\u00e4ille kissoille; Siipikarja, Nauta, Lammas<\/li>\n<li>Integra Protect: erikoisruuat virtsakiteist\u00e4 tai munuaisvaivoista k\u00e4rsiville kissoille<\/li>\n<\/ul>\n<h2><\/h2>\n<h2>LEONARDO<\/h2>\n<p>Uusin tulokas kissanruokahyllyss\u00e4mme.<\/p>\n<p>Suositut annospussit useita makuja sek\u00e4 200g purkeissa hevonen.<\/p>\n<h2>TROVET<\/h2>\n<p>Yhden proteiinin hypo-allergiapurkit 200g<\/p>\n<ul>\n<li>Kani<\/li>\n<li>Hevonen<\/li>\n<li>Peura<\/li>\n<\/ul>\n<h2>MONSTER<\/h2>\n<p>Maistuva ja lihaisa yhden proteiinil\u00e4hteen t\u00e4ysravinto! Soveltuvia my\u00f6s allergisille kissoille. 85g annospussit, irtona tai 8kpl valmislaatikoissa!<br \/>\nS\u00e4hk\u00f6isell\u00e4 Bonuscard-kortilla -10% alennus<\/p>\n<ul>\n<li>Kitten Chicken &amp; Turkey, pennuille<\/li>\n<li>Chicken single protein, kanaa<\/li>\n<li>Turkey single protein, kalkkunaa<\/li>\n<li>Lamb single protein, lammasta<\/li>\n<li>Beef single protein, nautaa<\/li>\n<li>Salmon single protein, lohta<\/li>\n<\/ul>\n<h2><\/h2>\n<h2><a href=\"https:\/\/www.koiranruokatukku.fi\/epages\/koiranruokatukku.sf\/fi_FI\/?ObjectPath=\/Shops\/2014110104\/Categories\/Maerkaeruoka\/Matisse_kissan_saeilykeravinto\">MATISSE<\/a><\/h2>\n<p>Matisse on maistuva Mousse-tyyppinen vitaminoitu t\u00e4ysravinto aikuiselle kissalle! Edullinen hinta hyv\u00e4laatuisella ruoalla! 85gr:n purkit 0,70\u20ac<\/p>\n<p><img loading=\"lazy\" decoding=\"async\" class=\"wp-image-1524 aligncenter\" src=\"http:\/\/kapylanelainkauppa.fi\/wp-content\/uploads\/Matisse-Lamb-85gweb_m-300x151.jpg\" alt=\"\" width=\"244\" height=\"123\" srcset=\"https:\/\/www.kapylanelainkauppa.fi\/wp-content\/uploads\/Matisse-Lamb-85gweb_m-300x151.jpg 300w, https:\/\/www.kapylanelainkauppa.fi\/wp-content\/uploads\/Matisse-Lamb-85gweb_m.jpg 500w\" sizes=\"auto, (max-width: 244px) 100vw, 244px\" \/><\/p>\n<ul>\n<li>Chicken, Kana<\/li>\n<li>Beef, Nauta<\/li>\n<li>Lamb, Lammas<\/li>\n<li>Rabbit, Kani<\/li>\n<li>Codfish, Turska<\/li>\n<li>Veal, Vasikka<\/li>\n<\/ul>\n<h2><\/h2>\n<h2><\/h2>\n<h2>IAMS<\/h2>\n<h4><img loading=\"lazy\" decoding=\"async\" class=\"wp-image-739 aligncenter\" src=\"http:\/\/kapylanelainkauppa.fi\/wp-content\/uploads\/iams.jpg\" alt=\"\" width=\"245\" height=\"245\" \/><\/h4>\n<p>Uudistunut entist\u00e4 maistuvampi resepti!<\/p>\n<p>85 gr:n annospusseissa useita makuja.<\/p>\n<p>Kastikkeessa tai hyytel\u00f6ss\u00e4 lihapaloja<\/p>\n<ul>\n<li>Pennuille makuna kana<\/li>\n<li>Senioreille makuna kana<\/li>\n<li>Aikuisille kissoille useita eri makuja<\/li>\n<\/ul>\n<p>12 kpl ja 48kpl Lajitelmalaatikot<\/p>\n<p>s\u00e4hk\u00f6isell\u00e4 Bonuskortilla (<a href=\"https:\/\/fi.bonuscard.com\/Account\/Login\">bonuskortti.com<\/a>) joka laatikko-ostos -10%!<\/p>\n<h4><img loading=\"lazy\" decoding=\"async\" class=\"wp-image-741 aligncenter\" src=\"http:\/\/kapylanelainkauppa.fi\/wp-content\/uploads\/iams-24.jpg\" alt=\"\" width=\"270\" height=\"270\" \/><\/h4>\n<h2>ROYAL CANIN<\/h2>\n<p>Annospusseissa 85gr paljon vaihtoehtoja kissasi eri tarpeisiin. Kastikkeessa tai hyytel\u00f6ss\u00e4.<\/p>\n<p>Kappaleittain\u00a0 tai 12kpl laatikossa<\/p>\n<p>Valikoimassa:<\/p>\n<ul>\n<li>Kitten, pennuille<\/li>\n<li>Instinctive, aikuisille<\/li>\n<li>Instinctive 7+, aikuisille yli 7vuotta<\/li>\n<li>Sterilised, leikatuille<\/li>\n<li>Intense Beauty, ihon ja turkin hyvinvointiin<\/li>\n<li>Digest Sensitive, herk\u00e4lle vatsalle<\/li>\n<li>Urinary Care, virtsateiden hyvinvointiin<\/li>\n<li>Ultra Light, painon pudotukseen<\/li>\n<li>Hairball Care, Karvapallojen ehk\u00e4isyyn<\/li>\n<li>Ageing 12+, I\u00e4kk\u00e4ille yli 12v. kissoille<\/li>\n<\/ul>\n<h2>BOZITA<\/h2>\n<p>Ruotsalainen makoisa t\u00e4ysravinto ekologisissa 190g pahvitetroissa 1,25\u20ac;<\/p>\n<ul>\n<li>Kitten pennuille<\/li>\n<li>Sensitive Hair &amp; Skin, ihon ja turkin hyvinvointiin<\/li>\n<li>Sensitive Diet &amp; Stomach, vatsayst\u00e4v\u00e4llinen, sis\u00e4lt\u00e4\u00e4 inuliinia<\/li>\n<li>Indoor &amp; Sterilised, kevyempi vaihtoehto sis\u00e4kissoille ja leikatuille<\/li>\n<li>Outdoor &amp; Active, korkeaenergisempi ruoka ulkoileville ja aktiivisille kissoille<\/li>\n<\/ul>\n<h2>KATTOVIT<\/h2>\n<p><img loading=\"lazy\" decoding=\"async\" class=\" wp-image-746 alignright\" src=\"http:\/\/kapylanelainkauppa.fi\/wp-content\/uploads\/Kattovit_tro.400g_Niere_2014_web-219x300.jpg\" alt=\"\" width=\"165\" height=\"226\" srcset=\"https:\/\/www.kapylanelainkauppa.fi\/wp-content\/uploads\/Kattovit_tro.400g_Niere_2014_web-219x300.jpg 219w, https:\/\/www.kapylanelainkauppa.fi\/wp-content\/uploads\/Kattovit_tro.400g_Niere_2014_web.jpg 790w\" sizes=\"auto, (max-width: 165px) 100vw, 165px\" \/>Erikoisruokavaliot:<br \/>\n&#8211; Sensitive Herkille<br \/>\n&#8211; Gastro, Ankka-Riisi tai Kalkkuna-Riisi Ruoansulatush\u00e4iri\u00f6ihin<\/p>\n<p>&#8211; Urinary<br \/>\n&#8211; Niere\/Renal munuaisvaivoista k\u00e4rsiville kissoille<br \/>\n85gr:n annospusseissa kolme makua:<\/p>\n<ul>\n<li>Nauta<\/li>\n<li>Kana<\/li>\n<li>Kalkkuna<\/li>\n<\/ul>\n","protected":false},"excerpt":{"rendered":"<p>Kuva FIN* Kissduurin T\u00e4rke\u00e4 osa kissan ruokinnassa ovat m\u00e4rk\u00e4=s\u00e4ilykeruoat. Toiset ruokkivat kissansa pelk\u00e4st\u00e4\u00e4n purkkiruoalla, monilla se on nappuloiden kaverina se kissalle erikseen &#8221;annettava&#8221; ateria tai vuorotellen raa&#8217;an lihan kanssa annettava kosteampi ruoka. Ruokintatapoja on niin monta kuin on ruokkijaakin, eik\u00e4 yksi tyyli ole v\u00e4ltt\u00e4m\u00e4tt\u00e4 sen sopivampi tai ep\u00e4sopivampi kuin toinen. &#8221;K\u00e4yt\u00f6ss\u00e4&#8221; l\u00f6ytyy aina se paras&hellip; <\/p>\n<p class=\"toivo-read-more\"><a href=\"https:\/\/www.kapylanelainkauppa.fi\/index.php\/tuotteet\/kissat\/kissojen-ruoat\/kissojen-sailykkeet\/\" class=\"more-link\">Lue lis\u00e4\u00e4 <span class=\"screen-reader-text\">Kissojen s\u00e4ilykkeet<\/span><\/a><\/p>\n","protected":false},"author":1,"featured_media":0,"parent":42,"menu_order":20,"comment_status":"closed","ping_status":"closed","template":"","meta":{"footnotes":""},"class_list":{"0":"post-46","1":"page","2":"type-page","3":"status-publish","5":"entry"},"_links":{"self":[{"href":"https:\/\/www.kapylanelainkauppa.fi\/index.php\/wp-json\/wp\/v2\/pages\/46","targetHints":{"allow":["GET"]}}],"collection":[{"href":"https:\/\/www.kapylanelainkauppa.fi\/index.php\/wp-json\/wp\/v2\/pages"}],"about":[{"href":"https:\/\/www.kapylanelainkauppa.fi\/index.php\/wp-json\/wp\/v2\/types\/page"}],"author":[{"embeddable":true,"href":"https:\/\/www.kapylanelainkauppa.fi\/index.php\/wp-json\/wp\/v2\/users\/1"}],"replies":[{"embeddable":true,"href":"https:\/\/www.kapylanelainkauppa.fi\/index.php\/wp-json\/wp\/v2\/comments?post=46"}],"version-history":[{"count":27,"href":"https:\/\/www.kapylanelainkauppa.fi\/index.php\/wp-json\/wp\/v2\/pages\/46\/revisions"}],"predecessor-version":[{"id":2211,"href":"https:\/\/www.kapylanelainkauppa.fi\/index.php\/wp-json\/wp\/v2\/pages\/46\/revisions\/2211"}],"up":[{"embeddable":true,"href":"https:\/\/www.kapylanelainkauppa.fi\/index.php\/wp-json\/wp\/v2\/pages\/42"}],"wp:attachment":[{"href":"https:\/\/www.kapylanelainkauppa.fi\/index.php\/wp-json\/wp\/v2\/media?parent=46"}],"curies":[{"name":"wp","href":"https:\/\/api.w.org\/{rel}","templated":true}]}}