{"id":469,"date":"2017-10-04T15:26:48","date_gmt":"2017-10-04T12:26:48","guid":{"rendered":"http:\/\/kapylanelainkauppa.online.fi\/?page_id=469"},"modified":"2022-03-21T13:07:01","modified_gmt":"2022-03-21T11:07:01","slug":"hieronta-emmi-pet-hammashoito","status":"publish","type":"page","link":"https:\/\/www.kapylanelainkauppa.fi\/index.php\/palvelut\/hieronta-emmi-pet-hammashoito\/","title":{"rendered":"Hieronta &#038; Emmi-pet -hammashoito"},"content":{"rendered":"\n<p class=\"has-text-align-center\">Kirstin Vastaanotto meill\u00e4 t\u00e4ll\u00e4 hetkell\u00e4 tauolla&#8230;<br> <\/p>\n\n\n<p>&nbsp;\n<\/p>\n<h5 style=\"text-align: center;\">Koirahieroja Kirsti Hypp\u00f6nen vastaanottaa hieronta- ja Emmi-Pet hampaidenpudistus-asiakkaita n. kerran kuukaudessa kauppamme tiloissa.<\/h5>\n<h5 style=\"text-align: center;\">Ajanvaraukset Kirstin omasta kalenterista:<\/h5>\n<p style=\"text-align: center;\"><a href=\"https:\/\/vello.fi\/tmikirstihypponen\/\">https:\/\/vello.fi\/tmikirstihypponen\/<\/a><\/p>\n<p style=\"text-align: center;\"><a href=\"https:\/\/www.facebook.com\/HauKunto\/\">https:\/\/www.facebook.com\/HauKunto\/<br>\n<\/a><\/p>\n<div>\n<div><\/div>\n<div><\/div>\n<div><\/div>\n<div>\n<p>&nbsp; &nbsp;&#8221;Olen valmistunut Tampereen urheiluhierojaopiston koirahierojalinjalta vuonna 2005. Ammattitutkinto alalle tuli vasta vuosia tuon j\u00e4ljeen ja n\u00e4ytt\u00f6 on suunnitteilla 2018.<\/p>\n<\/div>\n<div><\/div>\n<div>\n<p>&nbsp;&nbsp; Koiraharrastukseni on alkanut hevostelun jatkeena vuonna -93, ja siit\u00e4 l\u00e4htien kotona on ollut 1-3 koiraa koko ajan. Harrastuksista vuosien varrella ovat tulleet tutuiksi omien koirien kanssa n\u00e4yttelyt, agility, toko, verij\u00e4lki, pelastus, paimennus sek\u00e4 vetokoiralajit. Tavoitteellinen treenaaminen ja kisaaminen ovat j\u00e4\u00e4neet minimiin ja panostan koirien kanssa liikkumiseen ja yhteiseen aikaan perheen kanssa. T\u00e4ll\u00e4 hetkell\u00e4 nelijalkaisia perheess\u00e4 on 4 kpl &#8211; 2 suomenlapinkoiraa ja siperianhusky. Sek\u00e4 hamsteri!<\/p>\n<\/div>\n<div><\/div>\n<div>\n<p>&nbsp;&nbsp; Asiakaskuntani mukana olen syvemmin perehtynyt veto-, suojelu-,&nbsp; ja mets\u00e4styskoirien k\u00e4ytt\u00f6\u00f6n sek\u00e4 treenaukseen. Tietenk\u00e4\u00e4n unohtamatta yleisempien lajien vaatimuksia. Etenkin seniorikoirat ja kohtaamiset niiden kanssa ovat syd\u00e4nt\u00e4ni l\u00e4hell\u00e4.<\/p>\n<\/div>\n<div><\/div>\n<div>\n<p>&nbsp;&nbsp; Teen my\u00f6s Emmi-Pet hammashoitoja koirille. Emmi-Pet menetelm\u00e4ll\u00e4 puhdistetaan koiran suu ja hampaat ilman nukutusta ultra\u00e4\u00e4nell\u00e4. Paha hammaskivi, suun sairaudet, hampaiden rikkoumat, tulehdukset sek\u00e4 parodontiitti kuuluvat aina el\u00e4inl\u00e4\u00e4k\u00e4rin hoidettavaksi.&#8221;<\/p>\n<\/div>\n<div><\/div>\n<div>\n<p>&nbsp;&nbsp; Tervetuloa hoitoihin!<\/p>\n<\/div>\n<div>&nbsp; &nbsp; Kirsti<\/div>\n<\/div>","protected":false},"excerpt":{"rendered":"<p>Kirstin Vastaanotto meill\u00e4 t\u00e4ll\u00e4 hetkell\u00e4 tauolla&#8230; &nbsp; Koirahieroja Kirsti Hypp\u00f6nen vastaanottaa hieronta- ja Emmi-Pet hampaidenpudistus-asiakkaita n. kerran kuukaudessa kauppamme tiloissa. Ajanvaraukset Kirstin omasta kalenterista: https:\/\/vello.fi\/tmikirstihypponen\/ https:\/\/www.facebook.com\/HauKunto\/ &nbsp; &nbsp;&#8221;Olen valmistunut Tampereen urheiluhierojaopiston koirahierojalinjalta vuonna 2005. Ammattitutkinto alalle tuli vasta vuosia tuon j\u00e4ljeen ja n\u00e4ytt\u00f6 on suunnitteilla 2018. &nbsp;&nbsp; Koiraharrastukseni on alkanut hevostelun jatkeena vuonna -93, ja&hellip; <\/p>\n<p class=\"toivo-read-more\"><a href=\"https:\/\/www.kapylanelainkauppa.fi\/index.php\/palvelut\/hieronta-emmi-pet-hammashoito\/\" class=\"more-link\">Lue lis\u00e4\u00e4 <span class=\"screen-reader-text\">Hieronta &#038; Emmi-pet -hammashoito<\/span><\/a><\/p>\n","protected":false},"author":1,"featured_media":0,"parent":439,"menu_order":0,"comment_status":"closed","ping_status":"closed","template":"","meta":{"footnotes":""},"class_list":{"0":"post-469","1":"page","2":"type-page","3":"status-publish","5":"entry"},"_links":{"self":[{"href":"https:\/\/www.kapylanelainkauppa.fi\/index.php\/wp-json\/wp\/v2\/pages\/469","targetHints":{"allow":["GET"]}}],"collection":[{"href":"https:\/\/www.kapylanelainkauppa.fi\/index.php\/wp-json\/wp\/v2\/pages"}],"about":[{"href":"https:\/\/www.kapylanelainkauppa.fi\/index.php\/wp-json\/wp\/v2\/types\/page"}],"author":[{"embeddable":true,"href":"https:\/\/www.kapylanelainkauppa.fi\/index.php\/wp-json\/wp\/v2\/users\/1"}],"replies":[{"embeddable":true,"href":"https:\/\/www.kapylanelainkauppa.fi\/index.php\/wp-json\/wp\/v2\/comments?post=469"}],"version-history":[{"count":18,"href":"https:\/\/www.kapylanelainkauppa.fi\/index.php\/wp-json\/wp\/v2\/pages\/469\/revisions"}],"predecessor-version":[{"id":1809,"href":"https:\/\/www.kapylanelainkauppa.fi\/index.php\/wp-json\/wp\/v2\/pages\/469\/revisions\/1809"}],"up":[{"embeddable":true,"href":"https:\/\/www.kapylanelainkauppa.fi\/index.php\/wp-json\/wp\/v2\/pages\/439"}],"wp:attachment":[{"href":"https:\/\/www.kapylanelainkauppa.fi\/index.php\/wp-json\/wp\/v2\/media?parent=469"}],"curies":[{"name":"wp","href":"https:\/\/api.w.org\/{rel}","templated":true}]}}