{"id":477,"date":"2017-10-04T15:32:14","date_gmt":"2017-10-04T12:32:14","guid":{"rendered":"http:\/\/kapylanelainkauppa.online.fi\/?page_id=477"},"modified":"2023-10-31T18:50:26","modified_gmt":"2023-10-31T16:50:26","slug":"uutiset","status":"publish","type":"page","link":"https:\/\/www.kapylanelainkauppa.fi\/index.php\/uutiset\/","title":{"rendered":"Uutiset"},"content":{"rendered":"<h5><\/h5>\n<h5 style=\"text-align: center;\">22.4.2023 Kanien Joukkorokotus RHD-Myxo<\/h5>\n<h5 style=\"text-align: center;\">15.4.2023 Kujeen ja Kuutin marsuvauvat syntyiv\u00e4t!<\/h5>\n<h5 style=\"text-align: center;\">25.12.2022 Q-kaninpoikaset syntyiv\u00e4t &lt;3<br \/>\nUusinta yhdistelm\u00e4st\u00e4 Olga &amp; V\u00e4lkky<\/h5>\n<h5 style=\"text-align: center;\">25.08.2022 Helgan ja Voltti-marsun poikaset syntyiv\u00e4t. 2 tytt\u00f6\u00e4; Kuutti ja Kuje ja 2 poikaa; Kurre ja Kieppi.<br \/>\nTyt\u00f6t j\u00e4\u00e4v\u00e4t kaupalle, pojat kastroinnin j\u00e4lkeen myyntiin.<\/h5>\n<h5 style=\"text-align: center;\">07.05.2022 La suunnitteilla\u00a0 kanien RHD-Myxo-joukkorokotus<\/h5>\n<h5 style=\"text-align: center;\">26.4.2021 La kanien RHD-Myxo-joukkorokotus, 54 kania \ud83d\ude42<\/h5>\n<h5 style=\"text-align: center;\">23.2.2021 P-kaninpoikaset syntyiv\u00e4t, 2 tytt\u00f6\u00e4, 2 poikaa &lt;3<\/h5>\n<h5 style=\"text-align: center;\">25.6.2020 alkaen takaisin K\u00e4pyl\u00e4ss\u00e4! \ud83d\ude42<br \/>\nPutkiremontti on valmis!<\/h5>\n<h5 style=\"text-align: center;\">23.5.2020 La Kanien RHD-Joukkorokotus!<\/h5>\n<h5 style=\"text-align: center;\">25.3.2020 Koronavirustilanne!<br \/>\nTarjoamme t\u00e4m\u00e4n poikkeustilan ajan kotiinkuljetukset ilmaiseksi l\u00e4hialueelle!<br \/>\nMy\u00f6s tuotteiden postitus tai ostosten etuk\u00e4teen maksu ja nouto kaupan ulkopuolelta onnistuvat! Tulemme itse t\u00f6ihin vain tuntiessamme itsemme t\u00e4ysin terveiksi ja ty\u00f6skentelemme nyt vuorop\u00e4ivin\u00e4 kaupalla. Puhdistamme kassa-alueen, ovenkahvat ym. useita kertoja p\u00e4iv\u00e4ss\u00e4.<br \/>\nTsemppi\u00e4 kaikille t\u00e4h\u00e4n poikkeukselliseen aikaan!<\/h5>\n<h5 style=\"text-align: center;\">1.11.2019 -&gt;n.7kk olemme putkiremonttia paossa osoitteessa M\u00e4kitorpantie 18, Oulunkyl\u00e4. Evakkotila sijaitsee melko l\u00e4hell\u00e4 vakituista myym\u00e4l\u00e4\u00e4mme. Autolla 3-4min., k\u00e4vellen noin 1,5km.<\/h5>\n<h5 style=\"text-align: center;\">24.8. Miljoona Mikrosirua tapahtuma kaupan tiloissa!<br \/>\nLa 10-12.00. Tule mikrosiruttamaan lemmikkisi ilman ajanvarausta, 3\u20ac!<\/h5>\n<h5 style=\"text-align: center;\">Hein\u00e4kuu 2019<br \/>\nUUSI HUIPPU-Kuivaruokamerkki valikoimaamme<br \/>\nESSENTIAL!!!<\/h5>\n<h5 style=\"text-align: center;\">4.6.2019 R.I.P Rakas Roope &lt;3<br \/>\nRoope-papukaijamme menehtyi yll\u00e4tt\u00e4en 61-vuoden i\u00e4ss\u00e4 <a href=\"https:\/\/www.hs.fi\/kaupunki\/helsinki\/art-2000006132342.html\">https:\/\/www.hs.fi\/kaupunki\/helsinki\/art-2000006132342.html<\/a><\/h5>\n<h5 style=\"text-align: center;\">5.5 2019 Kanejen joukkorokotus RHD-virusta vastaan! Kaikkiaan 55 kania rokotettiin!<br \/>\nKiitos avusta Savion El\u00e4inklinikka!<\/h5>\n<h5 style=\"text-align: center;\">3.2. 2019 Myym\u00e4l\u00e4ss\u00e4mme j\u00e4rjestettiin<br \/>\nMiljoona Mikrosirua-tapahtuma!<br \/>\n<img loading=\"lazy\" decoding=\"async\" class=\"aligncenter wp-image-1559 size-medium\" src=\"http:\/\/www.kapylanelainkauppa.fi\/wp-content\/uploads\/Miljoona-mikrosirua-212x300.jpg\" alt=\"\" width=\"212\" height=\"300\" srcset=\"https:\/\/www.kapylanelainkauppa.fi\/wp-content\/uploads\/Miljoona-mikrosirua-212x300.jpg 212w, https:\/\/www.kapylanelainkauppa.fi\/wp-content\/uploads\/Miljoona-mikrosirua.jpg 480w\" sizes=\"auto, (max-width: 212px) 100vw, 212px\" \/><\/h5>\n<h5 style=\"text-align: center;\">6.1.2019 Koiran- ja kissanruokasivuja p\u00e4ivitetty \ud83d\ude42<\/h5>\n<h5 style=\"text-align: center;\">Pikku-Possun PikkuJoulu-p\u00e4iv\u00e4 1.12.2018 <a href=\"https:\/\/www.facebook.com\/events\/369786546931148\/\">https:\/\/www.facebook.com\/events\/369786546931148\/<\/a><\/h5>\n<h5 style=\"text-align: center;\">lokakuu 2018<br \/>\nHieno juttu Suomen Kuvalehdess\u00e4 Roopesta ja harmaapapukaijoista yleisesti!<br \/>\n<a href=\"https:\/\/suomenkuvalehti.fi\/jutut\/kotimaa\/presidentteja-kekkosesta-niinistoon-silla-aikaa-papukaija-roope-60-on-tarkkaillut-maailmaa-hakistaan\/?shared=1045596-995f1744-4\">https:\/\/suomenkuvalehti.fi\/jutut\/kotimaa\/presidentteja-kekkosesta-niinistoon-silla-aikaa-papukaija-roope-60-on-tarkkaillut-maailmaa-hakistaan\/?shared=1045596-995f1744-4<\/a><\/h5>\n<h5 style=\"text-align: center;\">syyskuu 2018<br \/>\nSiilinruoat valikoimassamme!<\/h5>\n<h6 style=\"text-align: center;\">Brambles-siilinruoka on huippuev\u00e4s luonnonvaraisille siiliyst\u00e4ville.<br \/>\nRuokaa k\u00e4ytet\u00e4\u00e4n my\u00f6s villiel\u00e4inten suojelutarhalla briteiss\u00e4 \ud83d\ude42<br \/>\nKuivaruoka 900gr ja 2kg:n pusseissa ja purkkiruoka 400gr<\/h6>\n<p><img loading=\"lazy\" decoding=\"async\" class=\"aligncenter wp-image-1508 size-full\" src=\"http:\/\/www.kapylanelainkauppa.fi\/wp-content\/uploads\/Siiliruoka.jpg\" alt=\"\" width=\"300\" height=\"300\" srcset=\"https:\/\/www.kapylanelainkauppa.fi\/wp-content\/uploads\/Siiliruoka.jpg 300w, https:\/\/www.kapylanelainkauppa.fi\/wp-content\/uploads\/Siiliruoka-140x140.jpg 140w\" sizes=\"auto, (max-width: 300px) 100vw, 300px\" \/><\/p>\n<h5 style=\"text-align: center;\"><span style=\"color: #000000;\">toukokuu 2018<br \/>\n<\/span><span style=\"color: #000000;\">Uusia tuotteita valikoimassamme!<\/span><\/h5>\n<h5><img loading=\"lazy\" decoding=\"async\" class=\"aligncenter wp-image-1436 size-medium\" src=\"http:\/\/www.kapylanelainkauppa.fi\/wp-content\/uploads\/Platinum-240x300.jpg\" alt=\"\" width=\"240\" height=\"300\" srcset=\"https:\/\/www.kapylanelainkauppa.fi\/wp-content\/uploads\/Platinum-240x300.jpg 240w, https:\/\/www.kapylanelainkauppa.fi\/wp-content\/uploads\/Platinum.jpg 1210w\" sizes=\"auto, (max-width: 240px) 100vw, 240px\" \/><\/h5>\n<h5 style=\"text-align: center;\"><span style=\"color: #000000;\">-Puolikosteat maittavat Platinum-makupalat<br \/>\n<\/span><span style=\"color: #000000;\">&#8211; Naturis-makkarat koulutukseen ja ruoaksi<br \/>\n-Escapuren makupalat allergikoille<br \/>\n&#8211; Pussy Deluxe kissan&#8221;makkarat&#8221;<\/span><\/h5>\n<h5 style=\"text-align: center;\"><span style=\"color: #000000;\">Uudet Kotisivut avattu 12.3.2018! \ud83d\ude42<\/span><\/h5>\n","protected":false},"excerpt":{"rendered":"<p>22.4.2023 Kanien Joukkorokotus RHD-Myxo 15.4.2023 Kujeen ja Kuutin marsuvauvat syntyiv\u00e4t! 25.12.2022 Q-kaninpoikaset syntyiv\u00e4t &lt;3 Uusinta yhdistelm\u00e4st\u00e4 Olga &amp; V\u00e4lkky 25.08.2022 Helgan ja Voltti-marsun poikaset syntyiv\u00e4t. 2 tytt\u00f6\u00e4; Kuutti ja Kuje ja 2 poikaa; Kurre ja Kieppi. Tyt\u00f6t j\u00e4\u00e4v\u00e4t kaupalle, pojat kastroinnin j\u00e4lkeen myyntiin. 07.05.2022 La suunnitteilla\u00a0 kanien RHD-Myxo-joukkorokotus 26.4.2021 La kanien RHD-Myxo-joukkorokotus, 54 kania \ud83d\ude42&hellip; <\/p>\n<p class=\"toivo-read-more\"><a href=\"https:\/\/www.kapylanelainkauppa.fi\/index.php\/uutiset\/\" class=\"more-link\">Lue lis\u00e4\u00e4 <span class=\"screen-reader-text\">Uutiset<\/span><\/a><\/p>\n","protected":false},"author":1,"featured_media":0,"parent":0,"menu_order":0,"comment_status":"closed","ping_status":"closed","template":"pages\/front-page.php","meta":{"footnotes":""},"class_list":{"0":"post-477","1":"page","2":"type-page","3":"status-publish","5":"entry"},"_links":{"self":[{"href":"https:\/\/www.kapylanelainkauppa.fi\/index.php\/wp-json\/wp\/v2\/pages\/477","targetHints":{"allow":["GET"]}}],"collection":[{"href":"https:\/\/www.kapylanelainkauppa.fi\/index.php\/wp-json\/wp\/v2\/pages"}],"about":[{"href":"https:\/\/www.kapylanelainkauppa.fi\/index.php\/wp-json\/wp\/v2\/types\/page"}],"author":[{"embeddable":true,"href":"https:\/\/www.kapylanelainkauppa.fi\/index.php\/wp-json\/wp\/v2\/users\/1"}],"replies":[{"embeddable":true,"href":"https:\/\/www.kapylanelainkauppa.fi\/index.php\/wp-json\/wp\/v2\/comments?post=477"}],"version-history":[{"count":31,"href":"https:\/\/www.kapylanelainkauppa.fi\/index.php\/wp-json\/wp\/v2\/pages\/477\/revisions"}],"predecessor-version":[{"id":1959,"href":"https:\/\/www.kapylanelainkauppa.fi\/index.php\/wp-json\/wp\/v2\/pages\/477\/revisions\/1959"}],"wp:attachment":[{"href":"https:\/\/www.kapylanelainkauppa.fi\/index.php\/wp-json\/wp\/v2\/media?parent=477"}],"curies":[{"name":"wp","href":"https:\/\/api.w.org\/{rel}","templated":true}]}}