{"id":497,"date":"2017-10-04T15:49:43","date_gmt":"2017-10-04T12:49:43","guid":{"rendered":"http:\/\/kapylanelainkauppa.online.fi\/?page_id=497"},"modified":"2023-10-31T18:30:17","modified_gmt":"2023-10-31T16:30:17","slug":"henkilokunta","status":"publish","type":"page","link":"https:\/\/www.kapylanelainkauppa.fi\/index.php\/kaupan-henkilokunta-ja-asukit\/henkilokunta\/","title":{"rendered":"Henkil\u00f6kunta"},"content":{"rendered":"<p>Kaupan omistajana toimii Kati Leino.<\/p>\n<p>Alkuper\u00e4isen\u00e4 K\u00e4pyl\u00e4l\u00e4isen\u00e4 kaupan ymp\u00e4rist\u00f6 ja asiakkaat ovat tuttuja jo vuosien takaa.<\/p>\n<p>Innostukseni El\u00e4inkauppa-alaa kohtaan alkoi jo 90-luvun <img loading=\"lazy\" decoding=\"async\" class=\"wp-image-824 size-medium alignright\" src=\"http:\/\/www.kapylanelainkauppa.fi\/wp-content\/uploads\/hakuqyy18-200x300.jpg\" alt=\"\" width=\"200\" height=\"300\" srcset=\"https:\/\/www.kapylanelainkauppa.fi\/wp-content\/uploads\/hakuqyy18-200x300.jpg 200w, https:\/\/www.kapylanelainkauppa.fi\/wp-content\/uploads\/hakuqyy18.jpg 1024w\" sizes=\"auto, (max-width: 200px) 100vw, 200px\" \/>alussa kun olin koulun TET-harjoittelussa Kallion Akvaarioliikkeess\u00e4.\u00a0 Sain j\u00e4\u00e4d\u00e4 sinne my\u00f6s el\u00e4intenhoitajaksi niin, ett\u00e4 k\u00e4vin pari kertaa viikossa koulun j\u00e4lkeen siell\u00e4 siivoamassa el\u00e4inten h\u00e4kkej\u00e4 ja akvaarioita. Lukion j\u00e4lkeen p\u00e4\u00e4sin Lemmikkiliike Reviiriin ty\u00f6markkinatuella t\u00f6ihin vuodeksi.\u00a0 Siell\u00e4 opin paljon erilaisista el\u00e4imist\u00e4, erikoisistakin ja niiden kasvatuksesta ja hoidosta sek\u00e4 tietenkin asiakaspalvelusta. V\u00e4lill\u00e4 ty\u00f6skentelin my\u00f6s osa-aikaisena El\u00e4insopissa ja tuurailin kaverini\u00a0 El\u00e4intarvikeliike Nuuskussa ja toisinaan my\u00f6s Lemmikkifanissa Koskelantiell\u00e4.\u00a0 Vuonna 1997 aloitin Hakaniemess\u00e4 El\u00e4intarvikeliike Karvakuonossa , joka my\u00f6hemmin vaihtoi nime\u00e4\u00e4n 4 Petsiksi ja joka laajeni lopulta useamman liikkeen ketjuksi Uudellamaalla. Ty\u00f6skentelin l\u00e4hinn\u00e4 Hakaniemess\u00e4 ja tuurailin v\u00e4lill\u00e4 muissa toimipisteiss\u00e4. Kun K\u00e4pyl\u00e4n liike jossain vaiheessa liittyi mukaan ketjuun, siirryin sinne t\u00f6ihin\u00a0 ja kun silloinen omistaja halusi sitten vuonna 2000 luopua liikkeest\u00e4, p\u00e4\u00e4tin rohkaistua ja ostaa sen itselleni. Alkuun kauppa toimi pienemm\u00e4ss\u00e4 tilassa, mutta kun naapuritilan yritys muutti pois, laajensimme siihen tilaan ja myym\u00e4l\u00e4n pinta-ala kolminkertaistui. Liikkeen nimen muutin K\u00e4pyl\u00e4n El\u00e4inkaupaksi vuonna 2014.<\/p>\n<p>Liiketoiminta on muuttunut vuosien varrella pyrkien pysym\u00e4\u00e4n alan muutoksissa mukana. Aika erilaista on nytkin ihan jo valikoiman ja trendejen osalta kuin silloin 17 vuotta sitten kun aloitin \ud83d\ude09<\/p>\n<p>Alkuun olin yksin ainoana ty\u00f6ntekij\u00e4n\u00e4, mutta aika pian totesin tarvitsevani v\u00e4h\u00e4n apua ja vuosien varrella on ollut useampikin ty\u00f6ntekij\u00e4 vuorollaan. T\u00e4ll\u00e4 hetkell\u00e4 apulaisena toimii Minna Mustonen Kumpulan puolelta.<\/p>\n<p>Harrastan koirieni kanssa erilaisia lajeja sek\u00e4 heppailen eli harrastan my\u00f6s ratsastusta. T\u00e4m\u00e4n hetkisist\u00e4 koiristani Qyy, malinois 9v. on jo el\u00e4kkeell\u00e4 suojelukoiran hommista, mutta nuoren Skoje-buhundin kanssa harrastamme hakua ja tokoa. (Koirista enemm\u00e4n niiden omilla sivuilla) Kotona on koirien lis\u00e4ksi t\u00e4ll\u00e4 hetkell\u00e4 vain akvaario, mutta vuosien varrella on ollut monenlaisia lemmikkej\u00e4, l\u00e4hinn\u00e4 lintuja, kaneja ja pikkujyrsij\u00f6it\u00e4&#8230;<\/p>\n<p>Kaupan py\u00f6ritt\u00e4minen on monipuolista, mukavaa ja parhaimmillaan ihanan palkitsevaa hommaa enk\u00e4 osaisi kuvitella tekev\u00e4ni mit\u00e4\u00e4n muutakaan ty\u00f6t\u00e4!<\/p>\n","protected":false},"excerpt":{"rendered":"<p>Kaupan omistajana toimii Kati Leino. Alkuper\u00e4isen\u00e4 K\u00e4pyl\u00e4l\u00e4isen\u00e4 kaupan ymp\u00e4rist\u00f6 ja asiakkaat ovat tuttuja jo vuosien takaa. Innostukseni El\u00e4inkauppa-alaa kohtaan alkoi jo 90-luvun alussa kun olin koulun TET-harjoittelussa Kallion Akvaarioliikkeess\u00e4.\u00a0 Sain j\u00e4\u00e4d\u00e4 sinne my\u00f6s el\u00e4intenhoitajaksi niin, ett\u00e4 k\u00e4vin pari kertaa viikossa koulun j\u00e4lkeen siell\u00e4 siivoamassa el\u00e4inten h\u00e4kkej\u00e4 ja akvaarioita. Lukion j\u00e4lkeen p\u00e4\u00e4sin Lemmikkiliike Reviiriin ty\u00f6markkinatuella t\u00f6ihin&hellip; <\/p>\n<p class=\"toivo-read-more\"><a href=\"https:\/\/www.kapylanelainkauppa.fi\/index.php\/kaupan-henkilokunta-ja-asukit\/henkilokunta\/\" class=\"more-link\">Lue lis\u00e4\u00e4 <span class=\"screen-reader-text\">Henkil\u00f6kunta<\/span><\/a><\/p>\n","protected":false},"author":1,"featured_media":0,"parent":442,"menu_order":0,"comment_status":"closed","ping_status":"closed","template":"","meta":{"footnotes":""},"class_list":{"0":"post-497","1":"page","2":"type-page","3":"status-publish","5":"entry"},"_links":{"self":[{"href":"https:\/\/www.kapylanelainkauppa.fi\/index.php\/wp-json\/wp\/v2\/pages\/497","targetHints":{"allow":["GET"]}}],"collection":[{"href":"https:\/\/www.kapylanelainkauppa.fi\/index.php\/wp-json\/wp\/v2\/pages"}],"about":[{"href":"https:\/\/www.kapylanelainkauppa.fi\/index.php\/wp-json\/wp\/v2\/types\/page"}],"author":[{"embeddable":true,"href":"https:\/\/www.kapylanelainkauppa.fi\/index.php\/wp-json\/wp\/v2\/users\/1"}],"replies":[{"embeddable":true,"href":"https:\/\/www.kapylanelainkauppa.fi\/index.php\/wp-json\/wp\/v2\/comments?post=497"}],"version-history":[{"count":8,"href":"https:\/\/www.kapylanelainkauppa.fi\/index.php\/wp-json\/wp\/v2\/pages\/497\/revisions"}],"predecessor-version":[{"id":1939,"href":"https:\/\/www.kapylanelainkauppa.fi\/index.php\/wp-json\/wp\/v2\/pages\/497\/revisions\/1939"}],"up":[{"embeddable":true,"href":"https:\/\/www.kapylanelainkauppa.fi\/index.php\/wp-json\/wp\/v2\/pages\/442"}],"wp:attachment":[{"href":"https:\/\/www.kapylanelainkauppa.fi\/index.php\/wp-json\/wp\/v2\/media?parent=497"}],"curies":[{"name":"wp","href":"https:\/\/api.w.org\/{rel}","templated":true}]}}