{"id":52,"date":"2016-12-02T07:47:08","date_gmt":"2016-12-02T07:47:08","guid":{"rendered":"http:\/\/elainkauppa.savipaja.net\/?page_id=52"},"modified":"2025-05-21T11:35:41","modified_gmt":"2025-05-21T08:35:41","slug":"kissanhiekat","status":"publish","type":"page","link":"https:\/\/www.kapylanelainkauppa.fi\/index.php\/tuotteet\/kissat\/kissanhiekat\/","title":{"rendered":"Kissanhiekat"},"content":{"rendered":"<h5 style=\"text-align: center;\">Sopiva kissanhiekka on ehdottomasti makukysymys,<br \/>\nitselleen paras vaihtoehto selvi\u00e4\u00e4 helpoimmin kokeilemalla kattavan valikoimamme eri tuotteita&#8230;<\/h5>\n<h2>PAAKKUUNTUVAT:<\/h2>\n<h3>LINDO CAT<\/h3>\n<h3><img decoding=\"async\" class=\"aligncenter\" src=\"http:\/\/kapylanelainkauppa.fi\/wp-content\/uploads\/Lindocat_Classic_20L_y2_m-225x300.jpg\" \/><\/h3>\n<h5>Perus Lindo Cat ei t\u00e4ll\u00e4 hetkell\u00e4 saatavilla maahantuojalta \ud83d\ude41 White-versiota saa kyll\u00e4!<\/h5>\n<p>Myydyin paakkuuntuva kissanhiekkamerkkimme<br \/>\nHyv\u00e4 hinta-laatu &#8211; suhde<br \/>\n20 l s\u00e4keiss\u00e4 19,50\u20ac<\/p>\n<h3>LINDO CAT White<\/h3>\n<p>Paranneltu versio perus-Lindosta<br \/>\nValkoinen l\u00e4hes p\u00f6ly\u00e4m\u00e4t\u00f6n hiekka<br \/>\n15 l s\u00e4keiss\u00e4 19,00\u20ac<\/p>\n<h4>SUPER CARINO<\/h4>\n<h6><span style=\"color: #ff0000;\">Super Carinon maahantuonti t\u00e4ll\u00e4 hetkell\u00e4 katkolla. Katsotaan jos sit\u00e4 viel\u00e4 tulevaisuudessa jostain saisi&#8230;<\/span><\/h6>\n<h4>BIOKAT&#8217;S<\/h4>\n<h6><span style=\"color: #ff0000;\">My\u00f6s BioKat&#8217;sin maahantuonti t\u00e4ll\u00e4 hetkell\u00e4 katkolla&#8230;<\/span><\/h6>\n<h5><img decoding=\"async\" class=\"alignright\" src=\"http:\/\/www.kapylanelainkauppa.fi\/logobiokats.jpg\" alt=\"\" \/><\/h5>\n<h2>TIIVISTEHIEKAT:<\/h2>\n<h3>EVER CLEAN<\/h3>\n<h3><img loading=\"lazy\" decoding=\"async\" class=\"size-medium wp-image-721 aligncenter\" src=\"http:\/\/kapylanelainkauppa.fi\/wp-content\/uploads\/ever-clean-205x300.jpg\" alt=\"\" width=\"205\" height=\"300\" srcset=\"https:\/\/www.kapylanelainkauppa.fi\/wp-content\/uploads\/ever-clean-205x300.jpg 205w, https:\/\/www.kapylanelainkauppa.fi\/wp-content\/uploads\/ever-clean.jpg 277w\" sizes=\"auto, (max-width: 205px) 100vw, 205px\" \/><\/h3>\n<p>Huippusuosittu tiivistehiekka! 10 l laatikoissa. 27,40\u20ac<\/p>\n<ul>\n<li>Perinteinen voimakkaasti paakkuuntuva Extra Strong Clumping Unscented<\/li>\n<li>Mukana hajua sitovia kristallirakeita Multi-Chrystals<\/li>\n<li>Total Cover, entist\u00e4 tiiviimm\u00e4t paakut<\/li>\n<li>V\u00e4hemm\u00e4n tassuissa kulkeutuva Litter Free Paws<\/li>\n<li>Antibakteerinen Multiple Cat useamman kissan talouteen<\/li>\n<\/ul>\n<p>Hajustetut:<\/p>\n<ul>\n<li>Extra Strong Scented, Fresh Lavender sek\u00e4 miedosti hajustettu\u00a0 Fast Acting Odour Control ja Spring Garden<\/li>\n<\/ul>\n<p>S\u00e4hk\u00f6isell\u00e4 <a href=\"https:\/\/fi.bonuscard.com\/Account\/Login\">Bonuskortilla<\/a> joka pakkaus -10%!<\/p>\n<h3><\/h3>\n<h3>VADIGRAN Tiivistehiekka<\/h3>\n<h5><img loading=\"lazy\" decoding=\"async\" class=\"size-full wp-image-722 aligncenter\" src=\"http:\/\/kapylanelainkauppa.fi\/wp-content\/uploads\/vadigran.jpg\" alt=\"\" width=\"277\" height=\"211\" \/><\/h5>\n<p>Edullinen tiivistehiekka 12l:n s\u00e4keiss\u00e4 20\u20ac<\/p>\n<p>Vaihtoehtoina:<\/p>\n<ul>\n<li>hajusteeton Nature<\/li>\n<li>liev\u00e4sti hajustetut Extreme Strong ja Maximim Odour Control<\/li>\n<li>vauvantalkilla hajustettu Baby Powder.<\/li>\n<\/ul>\n<h2>PUUPOHJAISET:<\/h2>\n<h3>CAT&#8217;S BEST \u00d6KOPLUS<\/h3>\n<h5><img loading=\"lazy\" decoding=\"async\" class=\"wp-image-723 aligncenter\" src=\"http:\/\/kapylanelainkauppa.fi\/wp-content\/uploads\/cat-s-best-oko-plus-20l-.jpg\" alt=\"\" width=\"307\" height=\"307\" \/><\/h5>\n<p>Paakkuuntuva puupohjainen hiekka<br \/>\nRiittoisa k\u00e4yt\u00f6ss\u00e4<br \/>\nPienin\u00e4 m\u00e4\u00e4rin\u00e4 voi h\u00e4vitt\u00e4\u00e4 WC:n kautta<br \/>\n10, 20 ja 40 litran s\u00e4keiss\u00e4<\/p>\n<p>Vaihtoehtona my\u00f6s paakkuuntuva pellettimallinen Smart Pellets, joka ei tartu tassuihin eik\u00e4 pitk\u00e4karvaisten turkkiin<\/p>\n<h3>MISU<\/h3>\n<p>Puupohjainen puhdas suomalainen luonnontuote<br \/>\nHyv\u00e4 imukyky. Havupuun pihka absorboi tehokkaasti hajun<br \/>\nVoidaan h\u00e4vitt\u00e4\u00e4 kompostoimalla, polttamalla, tai pienin\u00e4 m\u00e4\u00e4rin\u00e4 my\u00f6s WC:n kautta<br \/>\n7,5l tai tilauksesta 20kg s\u00e4keiss\u00e4<\/p>\n<h2>MUUT:<\/h2>\n<h3>TOAL\u00c4TT &#8211; PAPERIPURISTEKUIVIKE<\/h3>\n<p><span style=\"font-size: 6.75px;\">\u00a0<\/span><img loading=\"lazy\" decoding=\"async\" class=\"wp-image-726 aligncenter\" src=\"http:\/\/kapylanelainkauppa.fi\/wp-content\/uploads\/TOALATT-300x280.jpg\" alt=\"\" width=\"257\" height=\"239\" srcset=\"https:\/\/www.kapylanelainkauppa.fi\/wp-content\/uploads\/TOALATT-300x280.jpg 300w, https:\/\/www.kapylanelainkauppa.fi\/wp-content\/uploads\/TOALATT.jpg 532w\" sizes=\"auto, (max-width: 257px) 100vw, 257px\" \/>Hyv\u00e4 imukyky<br \/>\nEi tartu turkkiin<br \/>\nHajuton<br \/>\n20 ja 55 litran s\u00e4keiss\u00e4<\/p>\n<h3>LINDO CAT Lovable Nature &#8221;Maissihiekka&#8221;<\/h3>\n<h5><img loading=\"lazy\" decoding=\"async\" class=\"wp-image-762 aligncenter\" src=\"http:\/\/kapylanelainkauppa.fi\/wp-content\/uploads\/Lindo_Cat_lovebleNature_1300d-300x300.jpg\" alt=\"\" width=\"239\" height=\"239\" srcset=\"https:\/\/www.kapylanelainkauppa.fi\/wp-content\/uploads\/Lindo_Cat_lovebleNature_1300d-300x300.jpg 300w, https:\/\/www.kapylanelainkauppa.fi\/wp-content\/uploads\/Lindo_Cat_lovebleNature_1300d-140x140.jpg 140w, https:\/\/www.kapylanelainkauppa.fi\/wp-content\/uploads\/Lindo_Cat_lovebleNature_1300d.jpg 1080w\" sizes=\"auto, (max-width: 239px) 100vw, 239px\" \/><\/h5>\n<p><span id=\"result_box\" lang=\"fi\"><br \/>\n<\/span><span id=\"result_box\" lang=\"fi\">Maissint\u00e4hk\u00e4st\u00e4 valmistettu hyvin paakkuuntuva &#8221;kissanhiekka&#8221;.<br \/>\nTehokas hajunsidonta<br \/>\n100-prosenttisesti biohajoava ja\u00a0 ymp\u00e4rist\u00f6yst\u00e4v\u00e4llinen tuote.<\/span><\/p>\n","protected":false},"excerpt":{"rendered":"<p>Sopiva kissanhiekka on ehdottomasti makukysymys, itselleen paras vaihtoehto selvi\u00e4\u00e4 helpoimmin kokeilemalla kattavan valikoimamme eri tuotteita&#8230; PAAKKUUNTUVAT: LINDO CAT Perus Lindo Cat ei t\u00e4ll\u00e4 hetkell\u00e4 saatavilla maahantuojalta \ud83d\ude41 White-versiota saa kyll\u00e4! Myydyin paakkuuntuva kissanhiekkamerkkimme Hyv\u00e4 hinta-laatu &#8211; suhde 20 l s\u00e4keiss\u00e4 19,50\u20ac LINDO CAT White Paranneltu versio perus-Lindosta Valkoinen l\u00e4hes p\u00f6ly\u00e4m\u00e4t\u00f6n hiekka 15 l s\u00e4keiss\u00e4 19,00\u20ac&hellip; <\/p>\n<p class=\"toivo-read-more\"><a href=\"https:\/\/www.kapylanelainkauppa.fi\/index.php\/tuotteet\/kissat\/kissanhiekat\/\" class=\"more-link\">Lue lis\u00e4\u00e4 <span class=\"screen-reader-text\">Kissanhiekat<\/span><\/a><\/p>\n","protected":false},"author":1,"featured_media":0,"parent":40,"menu_order":30,"comment_status":"closed","ping_status":"closed","template":"","meta":{"footnotes":""},"class_list":{"0":"post-52","1":"page","2":"type-page","3":"status-publish","5":"entry"},"_links":{"self":[{"href":"https:\/\/www.kapylanelainkauppa.fi\/index.php\/wp-json\/wp\/v2\/pages\/52","targetHints":{"allow":["GET"]}}],"collection":[{"href":"https:\/\/www.kapylanelainkauppa.fi\/index.php\/wp-json\/wp\/v2\/pages"}],"about":[{"href":"https:\/\/www.kapylanelainkauppa.fi\/index.php\/wp-json\/wp\/v2\/types\/page"}],"author":[{"embeddable":true,"href":"https:\/\/www.kapylanelainkauppa.fi\/index.php\/wp-json\/wp\/v2\/users\/1"}],"replies":[{"embeddable":true,"href":"https:\/\/www.kapylanelainkauppa.fi\/index.php\/wp-json\/wp\/v2\/comments?post=52"}],"version-history":[{"count":23,"href":"https:\/\/www.kapylanelainkauppa.fi\/index.php\/wp-json\/wp\/v2\/pages\/52\/revisions"}],"predecessor-version":[{"id":2138,"href":"https:\/\/www.kapylanelainkauppa.fi\/index.php\/wp-json\/wp\/v2\/pages\/52\/revisions\/2138"}],"up":[{"embeddable":true,"href":"https:\/\/www.kapylanelainkauppa.fi\/index.php\/wp-json\/wp\/v2\/pages\/40"}],"wp:attachment":[{"href":"https:\/\/www.kapylanelainkauppa.fi\/index.php\/wp-json\/wp\/v2\/media?parent=52"}],"curies":[{"name":"wp","href":"https:\/\/api.w.org\/{rel}","templated":true}]}}