{"id":56,"date":"2016-12-02T07:53:38","date_gmt":"2016-12-02T07:53:38","guid":{"rendered":"http:\/\/elainkauppa.savipaja.net\/?page_id=56"},"modified":"2023-10-31T19:25:57","modified_gmt":"2023-10-31T17:25:57","slug":"kissojen-raapimispuut","status":"publish","type":"page","link":"https:\/\/www.kapylanelainkauppa.fi\/index.php\/tuotteet\/kissat\/kissojen-raapimispuut\/","title":{"rendered":"Kissojen raapimispuut"},"content":{"rendered":"<h6 style=\"text-align: center;\">Kissoilla on luonnollinen tarve raapimiseen. Karkeaa pintaa raapimalla ne irrottavat kynsist\u00e4\u00e4n p\u00e4\u00e4llimm\u00e4isen &#8221;tupen&#8221; ja saavat esille uuden ter\u00e4v\u00e4n kynnen. Ne my\u00f6s j\u00e4tt\u00e4v\u00e4t samalla hajumerkin toisille kissoille ja venyttelev\u00e4t j\u00e4seni\u00e4\u00e4n&#8230;<\/h6>\n<h6 style=\"text-align: center;\">Kissalle kannattaa jo heti pentuvaiheessa opettaa sallittu raapimispaikka ja materiaali. Kerran sohvan raapimisen makuun p\u00e4\u00e4ssytt\u00e4 kissaa on vaikeampi opettaa raapimispuulle kuin sellaista, joka jo pienest\u00e4 oppii sen olevan paras materiaali raapimiseen . Raapimispuun \/ laudan tulee olla riitt\u00e4v\u00e4n korkea, jotta kissa pystyy kunnolla venytt\u00e4m\u00e4\u00e4n itse\u00e4\u00e4n raapiessaan. Houkutukseksi voi suihkuttaa tai hieroa kissanminttua raapimispuun pintaan.<\/h6>\n<h6 style=\"text-align: center;\">Pyrimme valikoimassamme suosimaan kotimaisia tekij\u00f6it\u00e4 ja huolehdimme, ett\u00e4 myym\u00e4mme tuotteet olisivat riitt\u00e4v\u00e4n kokoisia ja tukevia kissayst\u00e4v\u00e4si k\u00e4ytt\u00f6\u00f6n.<\/h6>\n<h6 style=\"text-align: center;\">Tervetuloa piipahtamaan liikkeeseemme tarkistamaan\u00a0 p\u00e4iv\u00e4n valikoima!<\/h6>\n<p style=\"text-align: center;\"><big><\/big>kuva FIN* Kissduurin<\/p>\n<p><img loading=\"lazy\" decoding=\"async\" class=\"size-medium wp-image-1185 aligncenter\" src=\"http:\/\/kapylanelainkauppa.fi\/wp-content\/uploads\/kissatraapimispuut_FINKissduurin-300x227.jpg\" alt=\"\" width=\"300\" height=\"227\" srcset=\"https:\/\/www.kapylanelainkauppa.fi\/wp-content\/uploads\/kissatraapimispuut_FINKissduurin-300x227.jpg 300w, https:\/\/www.kapylanelainkauppa.fi\/wp-content\/uploads\/kissatraapimispuut_FINKissduurin.jpg 410w\" sizes=\"auto, (max-width: 300px) 100vw, 300px\" \/><\/p>\n<p style=\"text-align: center;\"><img loading=\"lazy\" decoding=\"async\" class=\"alignnone size-medium wp-image-1179\" src=\"http:\/\/kapylanelainkauppa.fi\/wp-content\/uploads\/kisaanraapimapuutfedpet-300x276.jpg\" alt=\"\" width=\"300\" height=\"276\" srcset=\"https:\/\/www.kapylanelainkauppa.fi\/wp-content\/uploads\/kisaanraapimapuutfedpet-300x276.jpg 300w, https:\/\/www.kapylanelainkauppa.fi\/wp-content\/uploads\/kisaanraapimapuutfedpet.jpg 381w\" sizes=\"auto, (max-width: 300px) 100vw, 300px\" \/><\/p>\n","protected":false},"excerpt":{"rendered":"<p>Kissoilla on luonnollinen tarve raapimiseen. Karkeaa pintaa raapimalla ne irrottavat kynsist\u00e4\u00e4n p\u00e4\u00e4llimm\u00e4isen &#8221;tupen&#8221; ja saavat esille uuden ter\u00e4v\u00e4n kynnen. Ne my\u00f6s j\u00e4tt\u00e4v\u00e4t samalla hajumerkin toisille kissoille ja venyttelev\u00e4t j\u00e4seni\u00e4\u00e4n&#8230; Kissalle kannattaa jo heti pentuvaiheessa opettaa sallittu raapimispaikka ja materiaali. Kerran sohvan raapimisen makuun p\u00e4\u00e4ssytt\u00e4 kissaa on vaikeampi opettaa raapimispuulle kuin sellaista, joka jo pienest\u00e4 oppii&hellip; <\/p>\n<p class=\"toivo-read-more\"><a href=\"https:\/\/www.kapylanelainkauppa.fi\/index.php\/tuotteet\/kissat\/kissojen-raapimispuut\/\" class=\"more-link\">Lue lis\u00e4\u00e4 <span class=\"screen-reader-text\">Kissojen raapimispuut<\/span><\/a><\/p>\n","protected":false},"author":1,"featured_media":0,"parent":40,"menu_order":50,"comment_status":"closed","ping_status":"closed","template":"","meta":{"footnotes":""},"class_list":{"0":"post-56","1":"page","2":"type-page","3":"status-publish","5":"entry"},"_links":{"self":[{"href":"https:\/\/www.kapylanelainkauppa.fi\/index.php\/wp-json\/wp\/v2\/pages\/56","targetHints":{"allow":["GET"]}}],"collection":[{"href":"https:\/\/www.kapylanelainkauppa.fi\/index.php\/wp-json\/wp\/v2\/pages"}],"about":[{"href":"https:\/\/www.kapylanelainkauppa.fi\/index.php\/wp-json\/wp\/v2\/types\/page"}],"author":[{"embeddable":true,"href":"https:\/\/www.kapylanelainkauppa.fi\/index.php\/wp-json\/wp\/v2\/users\/1"}],"replies":[{"embeddable":true,"href":"https:\/\/www.kapylanelainkauppa.fi\/index.php\/wp-json\/wp\/v2\/comments?post=56"}],"version-history":[{"count":5,"href":"https:\/\/www.kapylanelainkauppa.fi\/index.php\/wp-json\/wp\/v2\/pages\/56\/revisions"}],"predecessor-version":[{"id":2010,"href":"https:\/\/www.kapylanelainkauppa.fi\/index.php\/wp-json\/wp\/v2\/pages\/56\/revisions\/2010"}],"up":[{"embeddable":true,"href":"https:\/\/www.kapylanelainkauppa.fi\/index.php\/wp-json\/wp\/v2\/pages\/40"}],"wp:attachment":[{"href":"https:\/\/www.kapylanelainkauppa.fi\/index.php\/wp-json\/wp\/v2\/media?parent=56"}],"curies":[{"name":"wp","href":"https:\/\/api.w.org\/{rel}","templated":true}]}}