{"id":6,"date":"2016-10-05T10:34:59","date_gmt":"2016-10-05T10:34:59","guid":{"rendered":"http:\/\/elainkauppa.savipaja.net\/?page_id=4"},"modified":"2026-02-11T21:05:22","modified_gmt":"2026-02-11T19:05:22","slug":"etusivu","status":"publish","type":"page","link":"https:\/\/www.kapylanelainkauppa.fi\/","title":{"rendered":"Etusivu"},"content":{"rendered":"<p style=\"text-align: center;\">K\u00e4pyl\u00e4n El\u00e4inkauppa on vuonna 2000 perustettu yksityinen El\u00e4intarvikeliike Helsingin K\u00e4pyl\u00e4ss\u00e4, osoitteessa Pohjolankatu 1.<\/p>\n<p style=\"text-align: center;\"><span style=\"color: #ff0000;\">\u00a0<\/span><\/p>\n<p>Yhden naisen toteutunut nuoruuden haave on nyt toimiva ja sympaattinen <strong>aito kivijalkamyym\u00e4l\u00e4<\/strong>, joka\u00a0 k\u00e4tkee sis\u00e4\u00e4ns\u00e4 \u00e4llistytt\u00e4v\u00e4n <strong>monipuolisen valikoiman<\/strong> tuotteita koirille, kissoille ja muille kodin lemmikeille. Valikoimamme on hioutunut vuosien varrella vastaamaan parhaalla mahdollisella tavalla asiakkaidemme toiveita ja omia hyvi\u00e4 kokemuksiamme eri\u00a0 tuotteista. Panostamme valikoimassamme <strong>laatuun, kotimaisuuteen, pientoimittajiin \u00a0ja eettisyyteen<\/strong>. Nettikauppaa meill\u00e4 ei ainakaan viel\u00e4 ole, mutta l\u00e4het\u00e4mme kyll\u00e4 tarvittaessa helposti postin kautta tuotteita kauempanakin asuville.<\/p>\n<p>Muita palveluita kaupallamme ovat <strong>kotiinkuljetus<\/strong> l\u00e4hialueelle, <strong>lomahoitopalvelu<\/strong> pikkulemmikeille, <strong>kynsienleikkuu<\/strong> kaneille ja marsuille. Liikkeemme tiloissa koirapotilaita vastaanottaa ja hoitaa suosittu\u00a0<strong>fysioterapeutti Tamara Merenvalta<\/strong> vuosien ammattitaidolla.<\/p>\n<p>Kaupallamme asuvat el\u00e4imet ovat p\u00e4\u00e4osin omia maskottejamme. Toisinaan on my\u00f6s myynniss\u00e4 omien el\u00e4intemme j\u00e4lkikasvua; kaneja, marsuja ja lintuja. Tunnetuin \u201dty\u00f6kavereistamme\u201d oli varmasti\u00a0 harmaapapukaijaherramme\u00a0<strong>Roope<\/strong>, jolla oli vankka ihailijajoukko asiakkaistamme. Roope valitettavasti menehtyi 61-vuotiaana kes\u00e4ll\u00e4 2019.\u00a0 Usein ty\u00f6p\u00e4iv\u00e4\u00e4 ovat ilahduttamassa my\u00f6s henkil\u00f6kunnan omat koirat.<\/p>\n<p style=\"text-align: center;\">Kauppamme edess\u00e4 on <strong>hyvin parkkitilaa<\/strong> ja julkisella liikenteell\u00e4kin p\u00e4\u00e4see l\u00e4hes ovelle asti.<\/p>\n<p><img loading=\"lazy\" decoding=\"async\" class=\"aligncenter wp-image-565 size-medium\" src=\"http:\/\/www.kapylanelainkauppa.fi\/wp-content\/uploads\/Kaupan-julkisivu-300x296.jpg\" alt=\"\" width=\"300\" height=\"296\" srcset=\"https:\/\/www.kapylanelainkauppa.fi\/wp-content\/uploads\/Kaupan-julkisivu-300x296.jpg 300w, https:\/\/www.kapylanelainkauppa.fi\/wp-content\/uploads\/Kaupan-julkisivu.jpg 854w\" sizes=\"auto, (max-width: 300px) 100vw, 300px\" \/><\/p>\n<p style=\"text-align: center;\">Puotimme palvelee:<\/p>\n<p style=\"text-align: center;\">\u00a0 \u00a0 \u00a0 \u00a0 \u00a0 \u00a0 \u00a0 \u00a0 \u00a0 \u00a0 \u00a0Arkisin klo 10-18.00\u00a0 \u00a0 \u00a0 \u00a0 \u00a0 \u00a0 \u00a0 \u00a0 \u00a0 \u00a0 \u00a0 Lauantaisin klo 10-14.00<\/p>\n<p style=\"text-align: center;\">Pohjolankatu 1<\/p>\n<p style=\"text-align: center;\">Puhelin 09-757 33 07 tai 050-4755 616<\/p>\n<p style=\"text-align: center;\">Tervetuloa tutustumaan myym\u00e4l\u00e4\u00e4mme!<\/p>\n","protected":false},"excerpt":{"rendered":"<p>K\u00e4pyl\u00e4n El\u00e4inkauppa on vuonna 2000 perustettu yksityinen El\u00e4intarvikeliike Helsingin K\u00e4pyl\u00e4ss\u00e4, osoitteessa Pohjolankatu 1. \u00a0 Yhden naisen toteutunut nuoruuden haave on nyt toimiva ja sympaattinen aito kivijalkamyym\u00e4l\u00e4, joka\u00a0 k\u00e4tkee sis\u00e4\u00e4ns\u00e4 \u00e4llistytt\u00e4v\u00e4n monipuolisen valikoiman tuotteita koirille, kissoille ja muille kodin lemmikeille. Valikoimamme on hioutunut vuosien varrella vastaamaan parhaalla mahdollisella tavalla asiakkaidemme toiveita ja omia hyvi\u00e4 kokemuksiamme eri\u00a0&hellip; <\/p>\n<p class=\"toivo-read-more\"><a href=\"https:\/\/www.kapylanelainkauppa.fi\/\" class=\"more-link\">Lue lis\u00e4\u00e4 <span class=\"screen-reader-text\">Etusivu<\/span><\/a><\/p>\n","protected":false},"author":1,"featured_media":0,"parent":0,"menu_order":0,"comment_status":"closed","ping_status":"closed","template":"","meta":{"footnotes":""},"class_list":{"0":"post-6","1":"page","2":"type-page","3":"status-publish","5":"entry"},"_links":{"self":[{"href":"https:\/\/www.kapylanelainkauppa.fi\/index.php\/wp-json\/wp\/v2\/pages\/6","targetHints":{"allow":["GET"]}}],"collection":[{"href":"https:\/\/www.kapylanelainkauppa.fi\/index.php\/wp-json\/wp\/v2\/pages"}],"about":[{"href":"https:\/\/www.kapylanelainkauppa.fi\/index.php\/wp-json\/wp\/v2\/types\/page"}],"author":[{"embeddable":true,"href":"https:\/\/www.kapylanelainkauppa.fi\/index.php\/wp-json\/wp\/v2\/users\/1"}],"replies":[{"embeddable":true,"href":"https:\/\/www.kapylanelainkauppa.fi\/index.php\/wp-json\/wp\/v2\/comments?post=6"}],"version-history":[{"count":27,"href":"https:\/\/www.kapylanelainkauppa.fi\/index.php\/wp-json\/wp\/v2\/pages\/6\/revisions"}],"predecessor-version":[{"id":2225,"href":"https:\/\/www.kapylanelainkauppa.fi\/index.php\/wp-json\/wp\/v2\/pages\/6\/revisions\/2225"}],"wp:attachment":[{"href":"https:\/\/www.kapylanelainkauppa.fi\/index.php\/wp-json\/wp\/v2\/media?parent=6"}],"curies":[{"name":"wp","href":"https:\/\/api.w.org\/{rel}","templated":true}]}}