{"id":60,"date":"2016-12-02T07:59:09","date_gmt":"2016-12-02T07:59:09","guid":{"rendered":"http:\/\/elainkauppa.savipaja.net\/?page_id=60"},"modified":"2024-11-05T18:31:34","modified_gmt":"2024-11-05T16:31:34","slug":"jyrsijoiden-ja-kanien-ruoat","status":"publish","type":"page","link":"https:\/\/www.kapylanelainkauppa.fi\/index.php\/tuotteet\/jyrsijat-ja-kanit\/jyrsijoiden-ja-kanien-ruoat\/","title":{"rendered":"Jyrsij\u00f6iden ja kanien ruoat"},"content":{"rendered":"<p><img loading=\"lazy\" decoding=\"async\" class=\" wp-image-1024 aligncenter\" src=\"http:\/\/kapylanelainkauppa.fi\/wp-content\/uploads\/marsut-ruokailee-300x236.jpg\" alt=\"\" width=\"364\" height=\"287\" \/><\/p>\n<h5><\/h5>\n<h5 style=\"text-align: center;\">Valikoimistamme l\u00f6ytyy erilaisia t\u00e4ysrehupellettej\u00e4 sek\u00e4 jyv\u00e4sekoituksia eri jyrsij\u00f6iden tarpeisiin<\/h5>\n<h5>&#8221;IRTOMYYNTI&#8221;PELLETIT<\/h5>\n<h5><img loading=\"lazy\" decoding=\"async\" class=\" wp-image-1039 aligncenter\" style=\"color: #444444; font-size: 1rem;\" src=\"http:\/\/kapylanelainkauppa.fi\/wp-content\/uploads\/pelletit-1-300x117.jpg\" alt=\"\" width=\"331\" height=\"129\" srcset=\"https:\/\/www.kapylanelainkauppa.fi\/wp-content\/uploads\/pelletit-1-300x117.jpg 300w, https:\/\/www.kapylanelainkauppa.fi\/wp-content\/uploads\/pelletit-1.jpg 1412w\" sizes=\"auto, (max-width: 331px) 100vw, 331px\" \/><\/h5>\n<h6 style=\"text-align: center;\">Pussitettu kaupalla isosta s\u00e4kist\u00e4 pienempiin pusseihin&#8230;<\/h6>\n<p><strong>Kaneille:<\/strong> Altromin Elatus 5,90 \u20ac \/kg,\u00a0\u00a0\u00a0 Genesis Timotei tai Alfalfa 9,90 \u20ac \/kg<br \/>\n<strong>Marsuille:<\/strong> Altromin Elatus, Pet tai Kasvatus 5,90 \u20ac \/kg,\u00a0 \u00a0Genesis 9,90\u20ac\/kg<br \/>\n<strong>Chinchilloille:<\/strong> Altromin\u00a0 5\u20ac \/ 750g<br \/>\n<strong>Hiirille \/ Rotille:<\/strong> Altromin 5\u20ac \/ 750g<\/p>\n<h5>&#8221;JYV\u00c4SEKOITUKSET&#8221;<\/h5>\n<p><strong>Versele Lagan Nature<\/strong>-Sarja<strong>n Siemensekoitukset<br \/>\n<\/strong>Kaneille ja marsuille lisukkeeksi \/ herkuiksi<br \/>\nja t\u00e4ysravintona hamstereille, hiirille, rotille, gerbiileille<\/p>\n<h5>PAKATUT T\u00c4YSRAVINNOT<\/h5>\n<h5>Supreme Selective:<\/h5>\n<ul>\n<li>Kaneille: Rabbit Adult, 1,5kg ja 5kg, UUTUUS Naturals Grain Free Rabbit 1,5kg<\/li>\n<li>Marsuille: Guinea Pig Adult 1,5kg, Naturals Grain Free Guinea Pig 1,5kg<\/li>\n<li>Recovery ja Recovery Plus annospussit toipilaille<\/li>\n<\/ul>\n<h5>Versele Laga Complete Care:<\/h5>\n<ul>\n<li>Kaneille: Cuni Junior, Cuni Adult, Cuni Sensitive (500g ja 1,75kg)<\/li>\n<li>Marsuille: Cavia Adult (500g ja 1,75kg)<\/li>\n<li>Chinchilla &amp; Degu<\/li>\n<li>Hamster &amp; Gerbil 500gr<\/li>\n<\/ul>\n<h5>Bunny:<img loading=\"lazy\" decoding=\"async\" class=\" wp-image-1432 aligncenter\" src=\"http:\/\/kapylanelainkauppa.fi\/wp-content\/uploads\/bunny-300x121.jpg\" alt=\"\" width=\"335\" height=\"135\" srcset=\"https:\/\/www.kapylanelainkauppa.fi\/wp-content\/uploads\/bunny-300x121.jpg 300w, https:\/\/www.kapylanelainkauppa.fi\/wp-content\/uploads\/bunny.jpg 1202w\" sizes=\"auto, (max-width: 335px) 100vw, 335px\" \/><\/h5>\n<p>Huippuruoka, josta l\u00f6ytyy el\u00e4imen alkuper\u00e4ist\u00e4 ravintoa mahdollisimman l\u00e4hell\u00e4 oleva spesiaaliruoka kullekin el\u00e4inlajille:<\/p>\n<ul>\n<li>Kaneille Basic, Herbs ja Senior<\/li>\n<li>Marsuille Basic ja Senior<\/li>\n<li>K\u00e4\u00e4pi\u00f6hamstereille<\/li>\n<li>Hamstereille<\/li>\n<li>Hiirille<\/li>\n<li>Rotille<\/li>\n<li>Gerbiileille<\/li>\n<\/ul>\n<h5>LUOMUHEIN\u00c4PELLETTI<\/h5>\n<p>Kotimainen Susa Ky:n luomuhein\u00e4pelletti 800g:n pusseissa. Hyv\u00e4 lisuke kaneille ja marsuille, jotka sy\u00f6v\u00e4t huonosti hein\u00e4\u00e4. T\u00e4m\u00e4 ei ole siis t\u00e4ysravintopelletti vaan hein\u00e4silpusta puristettu pellettimallinen maistuva tuote<\/p>\n<h5><\/h5>\n<h5>HEIN\u00c4T<\/h5>\n<p>On hyv\u00e4 muistaa, ett\u00e4 hyv\u00e4laatuinen hein\u00e4 on kanin ja marsun p\u00e4\u00e4ravintoa. Sy\u00f6m\u00e4ll\u00e4 riitt\u00e4v\u00e4sti hein\u00e4\u00e4 lemmikkisi hampaat ja vatsa pysyv\u00e4t parhaiten kunnossa \ud83d\ude42 Kaupan vahva suositus on pit\u00e4\u00e4 varsinkin kaneilla kerran viikossa ns. &#8221;Hein\u00e4p\u00e4iv\u00e4&#8221;, jolloin kani ei saa ruoakseen muuta kuin hein\u00e4\u00e4 ja vett\u00e4. Karun kuuloista, mutta kanin vatsa kiitt\u00e4\u00e4 \ud83d\ude42<\/p>\n<p>Hyv\u00e4laatuiset hein\u00e4t tilaamme\u00a0 l\u00e4hinn\u00e4 Anne Purolta<br \/>\nNormaali <strong>KorsiHein\u00e4\u00a0<\/strong> 7,20 \u20ac \/2 kg<br \/>\n<strong>Syyshein\u00e4\u00a0<\/strong> 7,50\u20ac \/ 2kg ei sis\u00e4ll\u00e4 hein\u00e4n kukintoja eli k\u00e4y yleens\u00e4 hein\u00e4allergisille<br \/>\n<strong>Hoikan Herkun <\/strong>maistuva<strong> Timotei-hein\u00e4<\/strong> 1 kg 5,90\u20ac<\/p>\n<p>Susa Ky:n <strong>Kotimainen Luomuhein\u00e4<\/strong> 2kg ja <strong>LuomuSyyshein\u00e4<\/strong> 1kg my\u00f6s valikoimassa<\/p>\n<p>Ihania <strong>herkkuheini\u00e4<\/strong>, <a href=\"http:\/\/www.hoikanherkku.fi\/\">Hoikan Herkku<\/a><\/p>\n<ul>\n<li>Voikukkaniittyhein\u00e4 200g ja 500g<\/li>\n<li>\u00a0Nuorille El\u00e4imille 200g ja 500g<\/li>\n<li>\u00a0Ik\u00e4\u00e4ntyville El\u00e4imille 200g ja 500g<\/li>\n<li>Jouluherkku 100g<\/li>\n<li>Lehtiseos 100g<\/li>\n<li>Kauranverso 100g<\/li>\n<li>El\u00e4in\u00e4idin Yrtit 100g<\/li>\n<li>Artisokan lehdet ja varret<\/li>\n<li><span style=\"font-size: revert; color: initial;\">Lutukka<\/span><\/li>\n<\/ul>\n<h5>HERKUT<\/h5>\n<p>Mm.<br \/>\nJyv\u00e4tankoja,<br \/>\nJR-Farmilta\u00a0 paljon erilaisia viljattomia terveellisi\u00e4 nameja, kuivattuja yrttej\u00e4, hein\u00e4tiivistepatukoita, pajupalloja, kuivattuja jauhomatoja\u2026<br \/>\nHoikan Herkun herkut<\/p>\n<p><img loading=\"lazy\" decoding=\"async\" class=\"wp-image-1146 size-medium\" src=\"http:\/\/www.kapylanelainkauppa.fi\/wp-content\/uploads\/jyrsijaherkut-300x225.jpg\" alt=\"\" width=\"300\" height=\"225\" srcset=\"https:\/\/www.kapylanelainkauppa.fi\/wp-content\/uploads\/jyrsijaherkut-300x225.jpg 300w, https:\/\/www.kapylanelainkauppa.fi\/wp-content\/uploads\/jyrsijaherkut.jpg 603w\" sizes=\"auto, (max-width: 300px) 100vw, 300px\" \/><\/p>\n","protected":false},"excerpt":{"rendered":"<p>Valikoimistamme l\u00f6ytyy erilaisia t\u00e4ysrehupellettej\u00e4 sek\u00e4 jyv\u00e4sekoituksia eri jyrsij\u00f6iden tarpeisiin &#8221;IRTOMYYNTI&#8221;PELLETIT Pussitettu kaupalla isosta s\u00e4kist\u00e4 pienempiin pusseihin&#8230; Kaneille: Altromin Elatus 5,90 \u20ac \/kg,\u00a0\u00a0\u00a0 Genesis Timotei tai Alfalfa 9,90 \u20ac \/kg Marsuille: Altromin Elatus, Pet tai Kasvatus 5,90 \u20ac \/kg,\u00a0 \u00a0Genesis 9,90\u20ac\/kg Chinchilloille: Altromin\u00a0 5\u20ac \/ 750g Hiirille \/ Rotille: Altromin 5\u20ac \/ 750g &#8221;JYV\u00c4SEKOITUKSET&#8221; Versele Lagan&hellip; <\/p>\n<p class=\"toivo-read-more\"><a href=\"https:\/\/www.kapylanelainkauppa.fi\/index.php\/tuotteet\/jyrsijat-ja-kanit\/jyrsijoiden-ja-kanien-ruoat\/\" class=\"more-link\">Lue lis\u00e4\u00e4 <span class=\"screen-reader-text\">Jyrsij\u00f6iden ja kanien ruoat<\/span><\/a><\/p>\n","protected":false},"author":1,"featured_media":0,"parent":58,"menu_order":10,"comment_status":"closed","ping_status":"closed","template":"","meta":{"footnotes":""},"class_list":{"0":"post-60","1":"page","2":"type-page","3":"status-publish","5":"entry"},"_links":{"self":[{"href":"https:\/\/www.kapylanelainkauppa.fi\/index.php\/wp-json\/wp\/v2\/pages\/60","targetHints":{"allow":["GET"]}}],"collection":[{"href":"https:\/\/www.kapylanelainkauppa.fi\/index.php\/wp-json\/wp\/v2\/pages"}],"about":[{"href":"https:\/\/www.kapylanelainkauppa.fi\/index.php\/wp-json\/wp\/v2\/types\/page"}],"author":[{"embeddable":true,"href":"https:\/\/www.kapylanelainkauppa.fi\/index.php\/wp-json\/wp\/v2\/users\/1"}],"replies":[{"embeddable":true,"href":"https:\/\/www.kapylanelainkauppa.fi\/index.php\/wp-json\/wp\/v2\/comments?post=60"}],"version-history":[{"count":28,"href":"https:\/\/www.kapylanelainkauppa.fi\/index.php\/wp-json\/wp\/v2\/pages\/60\/revisions"}],"predecessor-version":[{"id":2099,"href":"https:\/\/www.kapylanelainkauppa.fi\/index.php\/wp-json\/wp\/v2\/pages\/60\/revisions\/2099"}],"up":[{"embeddable":true,"href":"https:\/\/www.kapylanelainkauppa.fi\/index.php\/wp-json\/wp\/v2\/pages\/58"}],"wp:attachment":[{"href":"https:\/\/www.kapylanelainkauppa.fi\/index.php\/wp-json\/wp\/v2\/media?parent=60"}],"curies":[{"name":"wp","href":"https:\/\/api.w.org\/{rel}","templated":true}]}}