{"id":62,"date":"2016-12-02T08:07:34","date_gmt":"2016-12-02T08:07:34","guid":{"rendered":"http:\/\/elainkauppa.savipaja.net\/?page_id=62"},"modified":"2023-10-31T18:52:30","modified_gmt":"2023-10-31T16:52:30","slug":"puodin-kanielamaa","status":"publish","type":"page","link":"https:\/\/www.kapylanelainkauppa.fi\/index.php\/kaupan-henkilokunta-ja-asukit\/puodin-kanielamaa\/","title":{"rendered":"Puodin kaniel\u00e4m\u00e4\u00e4"},"content":{"rendered":"<h5>KANI-JUTTUJEN P\u00c4IVITYS TY\u00d6N ALLA\u2026\u00a0?<\/h5>\n<p>Ensimm\u00e4iset kanimme Pummi (Lintutarhan Spaniels) ja Pulla (Harakirin Bullabossu, 8.1.2000 &#8211; 10.5.2008) muuttivat Pohjolankadulle vuonna 2000, jolloin liike siirtyi omistukseeni. Halusin kauppaan muutamia maskottiel\u00e4imi\u00e4, joilla voisi v\u00e4lill\u00e4 teett\u00e4\u00e4 poikasia myyntiinkin. Ajatuksena oli, ett\u00e4 kanit saavat elell\u00e4 kaupassa mahdollisimman kotoisissa oloissa ja \u201dkaninkasvatuksen\u201d tavoitteena tuottaa mukavaluonteisia lemmikkej\u00e4, joita mahdolliset ostajat voisivat k\u00e4yd\u00e4 ihastelemassa heti niiden k\u00f6mmitty\u00e4 pes\u00e4laatikosta maailmaa ihmettelem\u00e4\u00e4n. Niinp\u00e4 syntyi<\/p>\n<p><img loading=\"lazy\" decoding=\"async\" class=\" wp-image-529 aligncenter\" src=\"http:\/\/kapylanelainkauppa.fi\/wp-content\/uploads\/kaniApoikue.jpg\" alt=\"\" width=\"542\" height=\"310\" srcset=\"https:\/\/www.kapylanelainkauppa.fi\/wp-content\/uploads\/kaniApoikue.jpg 597w, https:\/\/www.kapylanelainkauppa.fi\/wp-content\/uploads\/kaniApoikue-300x172.jpg 300w\" sizes=\"auto, (max-width: 542px) 100vw, 542px\" \/><br \/>\nA-poikueemme Pulla &amp; Pummi-yhdistelm\u00e4st\u00e4 9.8.2000. Poikasia syntyi 3 kpl. Riistan v\u00e4rinen naaras Alfa; uudessa kodissaan Emmi, musta naaras Ami ja riistanv\u00e4rinen uros Adonis; uudessa kodissaan Rolle. Emmi vietti ensimm\u00e4isess\u00e4 kodissaan kuutisen vuotta, mutta on nyttemmin muuttanut takaisin meid\u00e4n hoivaamme.<br \/>\nPummi-parka sairastui talvella kaneilla yleiseen virustartuntaan pasteurellaan ja kuoli hoidosta huolimatta. Yst\u00e4v\u00e4ll\u00e4ni Noralla oli mukava chinchillan v\u00e4rinen uroskani Pepsi ja niinp\u00e4 astutimme Pullan seuraavan kerran sill\u00e4 ja syntyi<\/p>\n<p><img loading=\"lazy\" decoding=\"async\" class=\"size-full wp-image-530 aligncenter\" src=\"http:\/\/kapylanelainkauppa.fi\/wp-content\/uploads\/kanibingo.jpg\" alt=\"\" width=\"394\" height=\"610\" srcset=\"https:\/\/www.kapylanelainkauppa.fi\/wp-content\/uploads\/kanibingo.jpg 394w, https:\/\/www.kapylanelainkauppa.fi\/wp-content\/uploads\/kanibingo-194x300.jpg 194w\" sizes=\"auto, (max-width: 394px) 100vw, 394px\" \/><\/p>\n<p>B-poikue 5.6.2001. T\u00e4ss\u00e4 poikueessa oli 2 melkein valkoista (siamsoopeli) naarasta Blondi, uudessa kodissaan Lumikki ja Bingo. Lis\u00e4ksi riistanv\u00e4rinen uros Bruno ja pienen pieni musta uros Bonsai; uudessa kodissaan Elvis. Elvist\u00e4 jouduttiin aluksi lis\u00e4ruokkimaan, niin pieni se oli ja j\u00e4i v\u00e4hemm\u00e4lle maidolle kun isommat tuuppivat sit\u00e4 tielt\u00e4\u00e4n, mutta siit\u00e4kin kasvoi lopulta ihan kunnon kani ;). Bingossa oli heti pariviikkoisena \u201dsit\u00e4 jotain\u201d. Sit\u00e4 saattoi k\u00e4sitell\u00e4 miten p\u00e4in vain ja aina se oli yht\u00e4 onnellinen ja narskutteli tyytyv\u00e4isen\u00e4 hampaitaan. Kun h\u00e4kin luukun avasi, tunki se sielt\u00e4 v\u00e4kisin syliin. Niin kummallinen se oli etten voinut ajatellakaan, ett\u00e4 olisin raaskinut siit\u00e4 luopua ja niin se j\u00e4i kaupalle asumaan.<br \/>\nPummin kuoltua oli hetken niin, ett\u00e4 Pulla oli ainoa kanimme ja tuntui ett\u00e4 Pummin tyhj\u00e4\u00e4n h\u00e4kkiin pit\u00e4isi joku asukki l\u00f6yt\u00e4\u00e4. Kuulin chinchillan v\u00e4risest\u00e4 Nelli-hermeliinist\u00e4 (Hunajapupun Nelli), josta oli jouduttu perheess\u00e4 luopumaan ja etsi uutta kotia. K\u00e4vin katsomassa sit\u00e4 ja sen superkiltti luonne hurmasi ja niin tyhj\u00e4 h\u00e4kki sai uuden asukkaan. Nellille sopiva \u201dsulhanen\u201d l\u00f6ytyi omasta takaa eli A-poikueen riistanv\u00e4rinen Rolle oli is\u00e4n\u00e4<\/p>\n<p>C-poikueessa, joka syntyi 24.9.2001. Isois\u00e4 Pummi oli fuchs eli pitk\u00e4karvainen ja my\u00f6s Nellin taustalla oli pitk\u00e4karvaisia, joten yksi poikasista, Cappuccino-poika oli my\u00f6skin fuchs. Ihana kermanv\u00e4rinen p\u00f6rri\u00e4inen, jolla upea luonne. Se oli my\u00f6s kani, josta en olisi halunnut luopua, mutta j\u00e4rjen \u00e4\u00e4ni sanoi, ettei kaikkia kaneja voi itsell\u00e4\u00e4n pit\u00e4\u00e4. Varsinkin kun se oli uros ja sukua kaikille naarailleni. Niinp\u00e4 se myytiin uuteen kotiin samoin kun veljet Chili, riista ja Canny, chinchilla.<br \/>\nSeuraavaksi oli taas Pullan vuoro ja edellisen hyvin onnistuneen poikueen tavoin k\u00e4ytettiin is\u00e4n\u00e4 taas Pepsi\u00e4, mutta nyt saldona oli vain yksi valtava poikanen<\/p>\n<p><img loading=\"lazy\" decoding=\"async\" class=\"size-full wp-image-531 aligncenter\" src=\"http:\/\/kapylanelainkauppa.fi\/wp-content\/uploads\/kanicappuccino.jpg\" alt=\"\" width=\"605\" height=\"434\" srcset=\"https:\/\/www.kapylanelainkauppa.fi\/wp-content\/uploads\/kanicappuccino.jpg 605w, https:\/\/www.kapylanelainkauppa.fi\/wp-content\/uploads\/kanicappuccino-300x215.jpg 300w\" sizes=\"auto, (max-width: 605px) 100vw, 605px\" \/><\/p>\n<p>Domino 2.7.2002. Domppu oli huvittava kaninpoikanen. Se nautti t\u00e4ysin ainoan lapsen autuudesta ja imi maitoa niin paljon, ett\u00e4 muistutti pian pient\u00e4 porsasta ja nukkui sel\u00e4ll\u00e4\u00e4n vatsa pystyss\u00e4 . Emoltaan se oli perinyt v\u00e4rin (bourgogne) ja itsevarman ja itsen\u00e4isen luonteen. Dompusta toivottiin ehk\u00e4 Bingon kaltaista sylikania, mutta se osoittautui kyll\u00e4 varsin erilaiseksi. Uudessa kodissaan se on laittanut perheen kolme koiraa j\u00e4rjestykseen ja hallitsee niit\u00e4 pienen diktaattorin elkein. Mainio otus!<br \/>\nBingon ollessa reilu vuoden ik\u00e4inen aloin mietti\u00e4 sille sopivaa \u201dsulhoa\u201d ja ihastuin Pullan kasvattajan Heidi Karosen omaan kasvattiin leijonaharja-herra Tukkaan. Tukalla oli nimens\u00e4 veroinen karva ja todella kiva luonne. Se ehk\u00e4 luuli olevansa enemm\u00e4n ihminen kuin kani. Elik\u00e4 juuri sopiva Bingo-tytt\u00f6selle. Niinp\u00e4 syntyi<\/p>\n<p>E-poikue, jonka nelj\u00e4st\u00e4 poikasesta vain valitettavasti yksi j\u00e4i henkiin. Muut olivat kuolleet synnytyksen yhteydess\u00e4. Poikanen oli is\u00e4ns\u00e4 tavoin bourgognen v\u00e4rinen leijonanharjas ja sai nimekseen Elsa. Se oli todella kiva kanilapsi ja p\u00e4\u00e4si hyv\u00e4\u00e4n kotiin.<\/p>\n<p>Nelli Sitten oli taas Nellin vuoro ja syntyi<\/p>\n<p><img loading=\"lazy\" decoding=\"async\" class=\"aligncenter size-full wp-image-532\" src=\"http:\/\/kapylanelainkauppa.fi\/wp-content\/uploads\/kaninelli.jpg\" alt=\"\" width=\"499\" height=\"347\" srcset=\"https:\/\/www.kapylanelainkauppa.fi\/wp-content\/uploads\/kaninelli.jpg 499w, https:\/\/www.kapylanelainkauppa.fi\/wp-content\/uploads\/kaninelli-300x209.jpg 300w\" sizes=\"auto, (max-width: 499px) 100vw, 499px\" \/><\/p>\n<p>F-poikue 25.3.2003. Is\u00e4n\u00e4 oli taas oma kasvatti Rolle ja toiveena lis\u00e4\u00e4 fuchs-kaneja\u2026 ehk\u00e4 naaras, jonka voisi j\u00e4tt\u00e4\u00e4 omaksi. Ei tullut fuchseja, mutta 3 kivaa poikasta kuitenkin. Kaikille oli koditkin valmiina jo pian niiden syntym\u00e4n j\u00e4lkeen eli ei tullut sitten houkutusta j\u00e4tt\u00e4\u00e4 itselle ket\u00e4\u00e4n. Fe; uudessa kodissa Iris, oli pieni ja siro musta naaras, joka p\u00e4\u00e4si luppakorvakanin seuraksi. Frodo; uudessa kodissaan\u00a0 \u00a0 \u00a0 \u00a0 \u00a0 , liikkeemme naapurustossa, Lune oli my\u00f6s musta, mutta uros. Ja Funny-tytt\u00f6; uudessa kodissaan Hilla, is\u00e4ns\u00e4 tapaan riistanv\u00e4rinen joukon johtaja, joka p\u00e4\u00e4si koiran kaveriksi.<br \/>\nPullaa yritettiin 2003-2004 taas astuttaa useampaan otteeseen, mutta se ei tullut kantavaksi. Liek\u00f6 j\u00e4ttil\u00e4is-Domino vaurioittanut jotain viime kerralla, koska se j\u00e4i Pullan viimeiseksi poikaseksi.<\/p>\n<p><img loading=\"lazy\" decoding=\"async\" class=\"aligncenter size-full wp-image-533\" src=\"http:\/\/kapylanelainkauppa.fi\/wp-content\/uploads\/kanibobo.jpg\" alt=\"\" width=\"561\" height=\"414\" srcset=\"https:\/\/www.kapylanelainkauppa.fi\/wp-content\/uploads\/kanibobo.jpg 561w, https:\/\/www.kapylanelainkauppa.fi\/wp-content\/uploads\/kanibobo-300x221.jpg 300w\" sizes=\"auto, (max-width: 561px) 100vw, 561px\" \/><\/p>\n<p>G-poikue 29.8.2003 oli taas Bingon ja Tukan heini\u00e4, mutta taas vain yksi poikanen selviytyi. Se oli suloinen madagaskarin v\u00e4rinen leijonaharjaspoika Gandalf; uudessa kodissaan Bobo. Se j\u00e4i K\u00e4pyl\u00e4\u00e4n monien muiden kasvattiemme tapaan ja p\u00e4\u00e4si kultaisennoutajan kaveriksi. Bobo k\u00e4ytt\u00e4ytyykin kotonaan kuin koira. Ihana kani!<br \/>\nNelli-rassukankin piti saada poikasia, mutta se kuoli synnytykseen. Se tuntui pahalta, kun jotenkin ajatteli, ett\u00e4 se on omaa syyt\u00e4, koska on sen p\u00e4\u00e4tt\u00e4nyt astuttaa. Vaikka toisaalta, ei niit\u00e4 kaneja koskaan syntyisi jos ei kukaan niit\u00e4 astuttaisi. Kanien synnytyksess\u00e4 on ongelmallista se, ett\u00e4 ne haluavat synnytt\u00e4\u00e4 yksin kaikessa rauhassa ja yleens\u00e4 viel\u00e4 aamuy\u00f6st\u00e4, jolloin ket\u00e4\u00e4n ei ole sitten auttamassakaan jos jotain ongelmia tulee. Nellukka kuoli siis p\u00e4\u00e4si\u00e4isen\u00e4 2004.<\/p>\n<p>Hessu; uudessa kodissaan Rasmus, madagaskarin v\u00e4rinen leijonaharjapoika, syntyi 7.7.2004. Vanhempina taas Bingo ja Tukka. Bingon edellisten poikueiden tapaan taas vain yksi poikanen selvisi. Rasmus muutti isois\u00e4ns\u00e4 Pepsin paikalle Nora-yst\u00e4v\u00e4ni luo. Pepsi kuoli 2003 ja Noran koti kaipasi uutta pikkukania. Kukapa olisi ollut sen sopivampi lohduttaja kuin oman kanin j\u00e4lkel\u00e4inen!<br \/>\nNellin kuoltua oli taas v\u00e4h\u00e4n aikaa niin, ett\u00e4 kaupalla asui vain kaksi kania; Pulla ja Bingo. F-poikueen Hilla oli kuitenkin kunnostautunut uudessa kodissaan tuhoamalla huushollia siihen malliin, ett\u00e4 se sai l\u00e4ht\u00f6passit ja muutti takaisin puodille. Hilla on mukava kani, jonka huonona puolena tosin on se, ett\u00e4 se on melko aktiivinen ja kekseli\u00e4s ja silppuaa kyll\u00e4 kaiken mihin p\u00e4\u00e4see k\u00e4siksi. Hillalle l\u00f6ytyi sulhanen t\u00e4\u00e4lt\u00e4 K\u00e4pyl\u00e4st\u00e4. Taas Heidi Karosen kasvatti; t\u00e4ll\u00e4 kertaa kullanv\u00e4rinen fuchs-kani Wilson.<\/p>\n<p><img loading=\"lazy\" decoding=\"async\" class=\"aligncenter size-full wp-image-534\" src=\"http:\/\/kapylanelainkauppa.fi\/wp-content\/uploads\/kaniinto.jpg\" alt=\"\" width=\"297\" height=\"367\" srcset=\"https:\/\/www.kapylanelainkauppa.fi\/wp-content\/uploads\/kaniinto.jpg 297w, https:\/\/www.kapylanelainkauppa.fi\/wp-content\/uploads\/kaniinto-243x300.jpg 243w\" sizes=\"auto, (max-width: 297px) 100vw, 297px\" \/><br \/>\nI-poikue syntyi 22.8.2004. Tytt\u00f6kaneista oli kovasti kysynt\u00e4\u00e4, mutta tietenkin kaikki nelj\u00e4 lapsukaista olivat poikia! Kaksi niist\u00e4; Iivo ja Iivari olivat chinchillan v\u00e4risi\u00e4, Illi \u00e4itins\u00e4 tapaan riistanv\u00e4rinen ja Into; uudessa kodissaan Veikko is\u00e4ns\u00e4 s\u00e4vyinen bourgogne.<br \/>\nBingon vakiosulhanen Tukka kuoli 2004 ja Bingolle sopivaa herraa etsittiin pitk\u00e4\u00e4n. Ty\u00f6kaverillani Johannalla oli leijonaharjaspoika Onni, jota yritettiin tutustuttaa Bingoon useampaan kertaan. Ensimm\u00e4isill\u00e4 kerroilla Bingo ei siet\u00e4nyt sit\u00e4, mutta l\u00e4mpeni kyll\u00e4 v\u00e4hitellen ja n\u00e4ytti silt\u00e4 ett\u00e4 astutus onnistui. Ensimm\u00e4isest\u00e4 astumisesta se ei kuitenkaan tullut kantavaksi ja seuraavastakin molemmat kaksi poikasta olivat kuolleita. Todenn\u00e4k\u00f6isesti yrit\u00e4mme viel\u00e4, koska haaveilisin itse Bingon tytt\u00e4rest\u00e4, jolla voisi jatkaa sen sukua ja loistavaa luonnetta.<\/p>\n<p>2006 alkuvuodesta hoitohotellissamme oli kuukauden hoidossa risteytyskani Singa. Hilla asui samassa huoneessa ja kerran Singan ulkoillessa oli se onnistunut rys\u00e4ytt\u00e4m\u00e4\u00e4n Hillan h\u00e4kin katon alas ja niin ne makoilivat paikalle tullessamme onnellisen oloisina lattialla vierekk\u00e4in. Singa oli paljon Hillaa suurempi ja pelk\u00e4sin miten mahdollinen synnytys onnistuu jos se tuli kerrasta kantavaksi. Tulihan se ja tulihan niit\u00e4 ongelmiakin\u2026<\/p>\n<p><img loading=\"lazy\" decoding=\"async\" class=\"aligncenter size-full wp-image-535\" src=\"http:\/\/kapylanelainkauppa.fi\/wp-content\/uploads\/kanihilla2.jpg\" alt=\"\" width=\"487\" height=\"409\" srcset=\"https:\/\/www.kapylanelainkauppa.fi\/wp-content\/uploads\/kanihilla2.jpg 487w, https:\/\/www.kapylanelainkauppa.fi\/wp-content\/uploads\/kanihilla2-300x252.jpg 300w\" sizes=\"auto, (max-width: 487px) 100vw, 487px\" \/><\/p>\n<p>J-poikue syntyi lopulta keisarileikkauksella 17.2.2006. Poikaset olivat melko suuria ja yksi niist\u00e4 oli kuollut kohtuun tukkien samalla muiden ulosp\u00e4\u00e4sytien. Toinen poikasista sai ilmeisesti nukutusl\u00e4\u00e4kett\u00e4 liikaa istukan kautta ja kuoli, mutta yksi, Justus, selvisi. Hillakin onneksi, vaikka leikkaus ja nukutus on aina suuri riski kanille. Justus ja Hilla toipuivat leikkauksesta kylpyhuoneeni l\u00e4mm\u00f6ss\u00e4 ensimm\u00e4iset viikot. Aluksi pienokaista piti nostaa nisille imem\u00e4\u00e4n kun Hilla ei oikein tajunnut sit\u00e4 poikasekseen, mutta parin p\u00e4iv\u00e4n p\u00e4\u00e4st\u00e4 se alkoi itse hoitaa sit\u00e4. Poikasesta tuli superkesy ja se kipitti aina ovelle vastaan kun menin niit\u00e4 katsomaan. Uudessa kodissaan Hilloksi ristitty poikanen j\u00e4i K\u00e4pyl\u00e4\u00e4n asumaan ja siit\u00e4 kasvoi ihan mets\u00e4j\u00e4niksen n\u00e4k\u00f6inen otus! Riistanv\u00e4ri , pitk\u00e4t korvat ja suippo p\u00e4\u00e4&#8230; ihana!<\/p>\n<p>K-poikue Kes\u00e4ll\u00e4 2007 kauppaamme tuli lomahoitoon riistanv\u00e4rinen pieni k\u00e4\u00e4pi\u00f6luppakorvakani-tytt\u00f6 Siiri (Olipa Kerran Gally). En yleens\u00e4 tykk\u00e4\u00e4 luppiksista niin paljon kuin hermeliineist\u00e4, mutta pikkuinen Siiri valloitti meid\u00e4n kaikkien syd\u00e4met. Se on tavattoman yst\u00e4v\u00e4llinen ja luppikseksi rauhallinen. Ja suloinen! Siirin omistajaperheess\u00e4 oli ilmennyt allergiaa ja sovimme, ett\u00e4 Siiri saa j\u00e4\u00e4d\u00e4 kaupalle asumaan. Siiri on syntynyt 1.1.2006. Ajattelin, ett\u00e4 sille voisi tulla kivoja poikasia, mutta koska se oli kuitenkin jo 1,5-vuotias p\u00e4\u00e4tin, ett\u00e4 on parasta astuttaa se ensimm\u00e4isen kerran jollain pienell\u00e4 urokselle, jotta synnytys olisi mahdollisimman helppo. Pari kertaa yritettiin Bingon poika Bobon kanssa ilman &#8221;tulosta&#8221;. Sitten kokeilimme asiakkaan hyvin pienikokoista leijonanharja-urosta ja tuloksena syntyi varsin sekarotuinen K-poikue 2.12.2007. Poikasia syntyi 3 kpl, kaikki eri v\u00e4risi\u00e4 ja kaikki t\u00e4ll\u00e4 kertaa tytt\u00f6j\u00e4!<\/p>\n<p><img loading=\"lazy\" decoding=\"async\" class=\"aligncenter size-full wp-image-536\" src=\"http:\/\/kapylanelainkauppa.fi\/wp-content\/uploads\/kanivauvat07.jpg\" alt=\"\" width=\"900\" height=\"621\" srcset=\"https:\/\/www.kapylanelainkauppa.fi\/wp-content\/uploads\/kanivauvat07.jpg 900w, https:\/\/www.kapylanelainkauppa.fi\/wp-content\/uploads\/kanivauvat07-300x207.jpg 300w\" sizes=\"auto, (max-width: 900px) 100vw, 900px\" \/><\/p>\n<p>Kuura on j\u00e4nn\u00e4n vaaleanharmaa. V\u00e4ri\u00e4 ei l\u00f6ydy yleisesti kanejen v\u00e4rimaailmasta eli sille ei ole mit\u00e4\u00e4n nime\u00e4, mutta kaunis se on. V\u00e4h\u00e4n niin kuin kuurapintainen kallio. Kuura pit\u00e4\u00e4 ihmisseurasta ja n\u00f6k\u00f6tt\u00e4\u00e4 mielell\u00e4\u00e4n silitett\u00e4v\u00e4n\u00e4. Se on my\u00f6skin reipas ja ahne ja melkein samann\u00e4k\u00f6inen kuin Kaneli paitsi tietysti v\u00e4rilt\u00e4\u00e4n.<br \/>\nMadagaskarin v\u00e4rinen Kaneli (uudessa kodissaan Bombalurina) on koko joukon vilkkain ja itsen\u00e4isin. Se pit\u00e4\u00e4 kyll\u00e4 kovasti seurasta ja silittelyst\u00e4, mutta l\u00e4hinn\u00e4 silloin kun sille itselleen sopii. Se on ahne ja onkin kasvanut kooltaan muita suuremmaksi. My\u00f6s sen korvat ovat suuret ja toinen v\u00e4lill\u00e4 v\u00e4h\u00e4n lerpallaan. Kaneli muutti Bobo-kanin seuraksi K\u00e4pyl\u00e4\u00e4n.<br \/>\nPikkuinen Killi (2007-2011) on ihan eri n\u00e4k\u00f6inen kuin sisaruksensa. Se on pieni ja py\u00f6re\u00e4 naamastaan ja lyhyt kropastaan. Se on my\u00f6s erikoisen sinert\u00e4v\u00e4n tummanharmaa v\u00e4rilt\u00e4\u00e4n ja sen karva taitaa kasvaa v\u00e4h\u00e4n pidemm\u00e4ksi. Se on uskomattoman rento ja luottavainen ja istuisi syliss\u00e4 vaikka tuntikausia.<\/p>\n<p><img loading=\"lazy\" decoding=\"async\" class=\"aligncenter size-full wp-image-537\" src=\"http:\/\/kapylanelainkauppa.fi\/wp-content\/uploads\/kaninpoikanen.jpg\" alt=\"\" width=\"278\" height=\"315\" srcset=\"https:\/\/www.kapylanelainkauppa.fi\/wp-content\/uploads\/kaninpoikanen.jpg 278w, https:\/\/www.kapylanelainkauppa.fi\/wp-content\/uploads\/kaninpoikanen-265x300.jpg 265w\" sizes=\"auto, (max-width: 278px) 100vw, 278px\" \/><\/p>\n<p>L-poikue,\u00a0 Killi j\u00e4i kaupalle asumaan ja astutettiin syyskuussa 2008 omalla kasvatilla eli I-poikueen chinchillan v\u00e4risell\u00e4 Iivolla (uudessa kodissa nimi on Tapsa). Tuloksena oli kaksi harmaata L-poikasta, jotka syntyiv\u00e4t 27.10.2008. Valitettavasti toinen kuoli jostain syyst\u00e4 noin viikon ik\u00e4isen\u00e4. J\u00e4ljelle j\u00e4\u00e4nyt potra poika sai nimekseen Leo ja l\u00f6ysikin nopeasti uuden, hyv\u00e4n kodin. Leo kuoli kev\u00e4\u00e4ll\u00e4 2020 kunnioitettavassa 11 vuoden i\u00e4ss\u00e4.<\/p>\n<p>Pitk\u00e4 aika mentiin ilman kaninpoikasia. Bingo oli jo niin i\u00e4k\u00e4s ettei sill\u00e4 en\u00e4\u00e4 voinut ajatella poikasia, Hilla oli muuttanut kotiini el\u00e4kkeelle poikastenteko-hommista viimeisimm\u00e4n keisarileikatun poikasensa j\u00e4lkeen ja Siirin \u00e4killisesti menehdytty\u00e4, huomasin yht\u00e4kki\u00e4 Killin olevan ainoa lis\u00e4\u00e4ntymisik\u00e4inen kanini.<\/p>\n<p>Kev\u00e4\u00e4ll\u00e4 2010 ostin Harakirin kanilasta kaksi uutta hermeliinikania. Tulokkaat olivat madagaskarinv\u00e4rinen pieni tytt\u00f6, Harakirin Flika ja tummanruskea poika, Harakirin Bruno \u201dUuno\u201d. Flika on aika s\u00e4p\u00e4kk\u00e4 n\u00e4tti tytt\u00f6, joka tykk\u00e4\u00e4 tehd\u00e4 asiat omalla tavallaan \ud83d\ude09 Uuno on v\u00e4h\u00e4n arka ja rauhallinen, omissa oloissaan viihtyv\u00e4 poika.<\/p>\n<p><img loading=\"lazy\" decoding=\"async\" class=\"size-full wp-image-538 aligncenter\" src=\"http:\/\/kapylanelainkauppa.fi\/wp-content\/uploads\/kaniflika_pieni.jpg\" alt=\"\" width=\"324\" height=\"262\" srcset=\"https:\/\/www.kapylanelainkauppa.fi\/wp-content\/uploads\/kaniflika_pieni.jpg 324w, https:\/\/www.kapylanelainkauppa.fi\/wp-content\/uploads\/kaniflika_pieni-300x243.jpg 300w\" sizes=\"auto, (max-width: 324px) 100vw, 324px\" \/><\/p>\n<p><img loading=\"lazy\" decoding=\"async\" class=\" wp-image-539 aligncenter\" src=\"http:\/\/kapylanelainkauppa.fi\/wp-content\/uploads\/kanibruno2__pieni.jpg\" alt=\"\" width=\"349\" height=\"473\" srcset=\"https:\/\/www.kapylanelainkauppa.fi\/wp-content\/uploads\/kanibruno2__pieni.jpg 432w, https:\/\/www.kapylanelainkauppa.fi\/wp-content\/uploads\/kanibruno2__pieni-222x300.jpg 222w\" sizes=\"auto, (max-width: 349px) 100vw, 349px\" \/><\/p>\n<p>M-poikue Maaliskuussa astutin sitten ensin Killin Uunolla ja tuloksena syntyi 22.4.2010 kaksi poikasta. Toinen musta, toinen harmaa. Musta osoittautui varsin sosiaaliseksi ja mukavaksi pojaksi ja sai nimekseen Mikki, uudessa kodissaan Hugo. Harmaa oli pieni tytt\u00f6 ja saikin nimekseen (pikku)Myy. Molemmat poikaset ovat todella seurallisia, luottavaisia ja ahneita. Sisarukset l\u00f6ysiv\u00e4t nopeasti uudet omat kodit ja kes\u00e4kuussa astutin sitten my\u00f6s Flikan Uunolla. Tuloksena<\/p>\n<p>N-poikue, joka syntyi 25.7.2010. T\u00e4ll\u00e4 kertaa molemmat poikaset olivat mustia tytt\u00f6j\u00e4, Niisku ja v\u00e4h\u00e4n seurallista sisartaan ujompi Nyyti. Alkuajan Flika oli oikein hyv\u00e4 \u00e4iti poikasilleen, mutta kun poikaset olivat noin viisiviikkoisia, alkoi se jahdata niit\u00e4 niin rajusti, ett\u00e4 poikaset oli erotettava em\u00e4st\u00e4\u00e4n ennen aikojaan. Tyt\u00f6t asuivat kahdestaan luovutusik\u00e4isiksi ja l\u00f6ysiv\u00e4t sitten uudet kodit. Nyyti muutti ihanan Elsa-kanin (syntynyt yhdistelm\u00e4st\u00e4 Bingo-Tukka) seuraajaksi K\u00e4pyl\u00e4\u00e4n.<\/p>\n<p>Sitten olikin taas taukoa kaninpoikasten kanssa&#8230; Yritin astuttaa Flikaa muutaman kerran omalla kasvatillamme Leolla (yhdistelm\u00e4st\u00e4 Killi-Tapsa), mutta joko Flika ei tullut kantavaksi tai sitten poikaset syntyiv\u00e4t kuolleina.<\/p>\n<p>O-poikue. Vasta 28.4.2012 onnisti Uunon kanssa ja Flika synnytti kolme poikasta. Valitettavasti kaksi oli tehty hiekkalaatikkoon ja ne olivat menehtyneet, mutta yksi oli pes\u00e4ss\u00e4 ja kasvoi nopeasti ainoana lapsena. Se on \u00e4itins\u00e4 tapaan madagaskarinv\u00e4rinen ja nimelt\u00e4\u00e4n Omppu. Omppu muutti toisen kanin seuraksi heti luovutusik\u00e4isen\u00e4.<\/p>\n<p>Ompun j\u00e4lkeen ei ole ollut kaninpoikasia.<br \/>\nKilli menehtyi my\u00f6s yll\u00e4tt\u00e4en. Uuno ja Flika asustelivat vaan kaupan maskotteina useita vuosia. Flika kuoli 7-vuotiaana ja Uuno jouduttiin lopettamaan 9-vuotiaana tasapaino-ongelmien takia.<\/p>\n<p>2016 loppukes\u00e4st\u00e4 huomasin Facebookin Karkurit-ryhm\u00e4ss\u00e4 havainnon kanista, joka oli koko kes\u00e4n liikkunut Keravalla omakotialueella. Kani oli selv\u00e4sti lemmikkikani ja l\u00e4hdin auttamaan sen kiinnisaamisessa. Saatiin villiintynyt pupu kiinni ja toin sen aluksi kotiini. Ilmoittelin siit\u00e4 l\u00f6yt\u00f6el\u00e4intaloihin ja l\u00e4hetin kuvia, mutta kukaan ei kania kaivannut ja niinp\u00e4 se lopulta j\u00e4i minulle ja muutti kaupalle maskottipupuksi. Ja sai nimekseen Villi. Villi oli nuori naaraskani ja kiva luonteeltaan kunhan ensin v\u00e4h\u00e4n kesyyntyi. Kokeilin pari kertaa astuttaa sit\u00e4 Uunolla, mutta ei onnistunut ja sitten alkoi Villill\u00e4 jo olla liikaa ik\u00e4\u00e4 ensisynnytt\u00e4j\u00e4ksi, joten ei tullut poikasia siit\u00e4.<br \/>\nKes\u00e4ll\u00e4 2020 Villill\u00e4 havaittiin kaulan alla silloin jo aika suuri kasvain. El\u00e4inl\u00e4\u00e4k\u00e4rit eiv\u00e4t suositelleet sen leikkauksen yritt\u00e4mist\u00e4, koska paikka oli niin hankala ja ennuste paranemisesta olisi ollut huono. P\u00e4\u00e4tettiin, ett\u00e4 seuraillaan tilannetta ja annetaan Villin elell\u00e4 niin kauan kun patti ei sit\u00e4 vaivaa ja el\u00e4m\u00e4 on mukavaa. Kes\u00e4ll\u00e4 2021 sitten kasvain alkoi kasvamaan nopeasti suuremmaksi ja p\u00e4\u00e4stimme Villin paremmille porkkanamaille. Ik\u00e4v\u00e4 on hassua p\u00f6rr\u00f6tukkaa &lt;3<\/p>\n<p>Facebookin esittelyss\u00e4 tarkemmin tarinaa Villist\u00e4 <a href=\"https:\/\/www.facebook.com\/permalink.php?story_fbid=3506741932782151&amp;id=329828523806857\">https:\/\/www.facebook.com\/permalink.php?story_fbid=3506741932782151&amp;id=329828523806857<\/a><\/p>\n<p><img loading=\"lazy\" decoding=\"async\" class=\"wp-image-1789 aligncenter\" src=\"http:\/\/kapylanelainkauppa.fi\/wp-content\/uploads\/Villi.jpg\" alt=\"\" width=\"292\" height=\"378\" \/><\/p>\n","protected":false},"excerpt":{"rendered":"<p>KANI-JUTTUJEN P\u00c4IVITYS TY\u00d6N ALLA\u2026\u00a0? Ensimm\u00e4iset kanimme Pummi (Lintutarhan Spaniels) ja Pulla (Harakirin Bullabossu, 8.1.2000 &#8211; 10.5.2008) muuttivat Pohjolankadulle vuonna 2000, jolloin liike siirtyi omistukseeni. Halusin kauppaan muutamia maskottiel\u00e4imi\u00e4, joilla voisi v\u00e4lill\u00e4 teett\u00e4\u00e4 poikasia myyntiinkin. Ajatuksena oli, ett\u00e4 kanit saavat elell\u00e4 kaupassa mahdollisimman kotoisissa oloissa ja \u201dkaninkasvatuksen\u201d tavoitteena tuottaa mukavaluonteisia lemmikkej\u00e4, joita mahdolliset ostajat voisivat k\u00e4yd\u00e4&hellip; <\/p>\n<p class=\"toivo-read-more\"><a href=\"https:\/\/www.kapylanelainkauppa.fi\/index.php\/kaupan-henkilokunta-ja-asukit\/puodin-kanielamaa\/\" class=\"more-link\">Lue lis\u00e4\u00e4 <span class=\"screen-reader-text\">Puodin kaniel\u00e4m\u00e4\u00e4<\/span><\/a><\/p>\n","protected":false},"author":1,"featured_media":0,"parent":442,"menu_order":2,"comment_status":"closed","ping_status":"closed","template":"","meta":{"footnotes":""},"class_list":{"0":"post-62","1":"page","2":"type-page","3":"status-publish","5":"entry"},"_links":{"self":[{"href":"https:\/\/www.kapylanelainkauppa.fi\/index.php\/wp-json\/wp\/v2\/pages\/62","targetHints":{"allow":["GET"]}}],"collection":[{"href":"https:\/\/www.kapylanelainkauppa.fi\/index.php\/wp-json\/wp\/v2\/pages"}],"about":[{"href":"https:\/\/www.kapylanelainkauppa.fi\/index.php\/wp-json\/wp\/v2\/types\/page"}],"author":[{"embeddable":true,"href":"https:\/\/www.kapylanelainkauppa.fi\/index.php\/wp-json\/wp\/v2\/users\/1"}],"replies":[{"embeddable":true,"href":"https:\/\/www.kapylanelainkauppa.fi\/index.php\/wp-json\/wp\/v2\/comments?post=62"}],"version-history":[{"count":10,"href":"https:\/\/www.kapylanelainkauppa.fi\/index.php\/wp-json\/wp\/v2\/pages\/62\/revisions"}],"predecessor-version":[{"id":1961,"href":"https:\/\/www.kapylanelainkauppa.fi\/index.php\/wp-json\/wp\/v2\/pages\/62\/revisions\/1961"}],"up":[{"embeddable":true,"href":"https:\/\/www.kapylanelainkauppa.fi\/index.php\/wp-json\/wp\/v2\/pages\/442"}],"wp:attachment":[{"href":"https:\/\/www.kapylanelainkauppa.fi\/index.php\/wp-json\/wp\/v2\/media?parent=62"}],"curies":[{"name":"wp","href":"https:\/\/api.w.org\/{rel}","templated":true}]}}