{"id":626,"date":"2017-10-17T15:37:21","date_gmt":"2017-10-17T12:37:21","guid":{"rendered":"http:\/\/kapylanelainkauppa.online.fi\/?page_id=626"},"modified":"2026-01-14T16:22:35","modified_gmt":"2026-01-14T14:22:35","slug":"myytavat-jyrsijat-ja-kanit","status":"publish","type":"page","link":"https:\/\/www.kapylanelainkauppa.fi\/index.php\/tuotteet\/jyrsijat-ja-kanit\/myytavat-jyrsijat-ja-kanit\/","title":{"rendered":"Myyt\u00e4v\u00e4t kanit ja marsut"},"content":{"rendered":"<h4>\u00a0<\/h4>\n<h4 style=\"text-align: center;\">Ei myyt\u00e4vi\u00e4 el\u00e4imi\u00e4 t\u00e4ll\u00e4 hetkell\u00e4&#8230;<\/h4>\n<h4>\u00a0<\/h4>\n<h4 style=\"text-align: center;\">2 marsupoikuetta syntyi 18.1.2024<\/h4>\n<p>\u00a0 \u00a0Loppuvuodesta 2023 oli taas aika mietti\u00e4 marsupoikueita. Edellisist\u00e4 poikasista puodille j\u00e4i asumaan harmaa Tirri ja se alkoi tulla siihen ik\u00e4\u00e4n, ett\u00e4 ensimm\u00e4iset poikaset olisi hyv\u00e4 laittaa aluilleen. Sulhaseksi valikoitui asiakkaan teddy-karvainen tricolour-uros V\u00e4in\u00f6. V\u00e4in\u00f6 hankittiin kasvattajalta naaraslauman kaveriksi, mutta ennen kastraatiota sovittiin, ett\u00e4 kokeillaan josko t\u00e4rpp\u00e4isi meid\u00e4n Tirrin kanssa. Ja samalla ajattelin, ett\u00e4 kokeillaan my\u00f6s Kuje, joka viimeksi synnytti vaan yhden poikasen.<br \/>Molemmat tulivat kantaviksi ja 18.1.2024 oli marsulassa taas vipin\u00e4\u00e4. Kuje oli synnytt\u00e4nyt 4 tummaa poikasta ja Tirri kolme. Yksi Kujeen poikasista menetettiin ik\u00e4v\u00e4n tapaturman seurauksena, mutta 6 muuta kasvavat ja voivat nyt hyvin.<br \/>Tirrin poikasista p\u00f6rr\u00f6isell\u00e4 PomPomilla ilmeni muutaman p\u00e4iv\u00e4n ik\u00e4isen\u00e4 ongelmaa silmien kanssa. Sill\u00e4 oli sis\u00e4\u00e4np\u00e4in k\u00e4\u00e4ntyv\u00e4t silm\u00e4luomet ja ripset ja karvat hiersiv\u00e4t silm\u00e4\u00e4 niin, ett\u00e4 sille tuli nopeasti haavaumat molempiin silmiin. Kujeen musta-ruskealla Polkalla sitten taas oli jotenkin l\u00f6ys\u00e4 toinen yl\u00e4luomi ja raskas crest-py\u00f6rre p\u00e4\u00e4n p\u00e4\u00e4ll\u00e4 litisti viel\u00e4 entisest\u00e4\u00e4n karvoja silm\u00e4n p\u00e4\u00e4lt\u00e4 ja sill\u00e4 my\u00f6s toisen silm\u00e4n siristely\u00e4 ja vuotoa. Huuhdottiin silmi\u00e4 silm\u00e4vedell\u00e4 ja k\u00e4\u00e4nneltiin karvoja parempaan suuntaan, mutta tilanne ei kuitenkaan juurikaan muuttunut. Niinp\u00e4 vajaa viikon ik\u00e4isin\u00e4 pikkuiset matkustivat ekan kerran El\u00e4inl\u00e4\u00e4k\u00e4riin ja saivat sitten antibioottitipat silmiin ja niit\u00e4 PomPomille 6 kertaa vrk ja Polkalle 4 kertaa. Lis\u00e4ksi v\u00e4liin kosteutustippoja. T\u00e4t\u00e4 kahden viikon ajan, mutta nyt lopputarkastuksessa molemmat saivat terveen paperit \ud83d\ude42 Kyll\u00e4 kannatti hoitaa! Ja taas itse yht\u00e4 kokemusta rikkaampana. T\u00e4llaistakin voi siis esiinty\u00e4, mutta on n\u00e4k\u00f6j\u00e4\u00e4n hoidettavissa oleva ongelma.<br \/><img loading=\"lazy\" decoding=\"async\" class=\"size-medium wp-image-2043 alignleft\" src=\"http:\/\/www.kapylanelainkauppa.fi\/wp-content\/uploads\/P-marsupoikaset-2024-300x300.jpg\" alt=\"\" width=\"300\" height=\"300\" srcset=\"https:\/\/www.kapylanelainkauppa.fi\/wp-content\/uploads\/P-marsupoikaset-2024-300x300.jpg 300w, https:\/\/www.kapylanelainkauppa.fi\/wp-content\/uploads\/P-marsupoikaset-2024-768x768.jpg 768w, https:\/\/www.kapylanelainkauppa.fi\/wp-content\/uploads\/P-marsupoikaset-2024-140x140.jpg 140w, https:\/\/www.kapylanelainkauppa.fi\/wp-content\/uploads\/P-marsupoikaset-2024.jpg 1008w\" sizes=\"auto, (max-width: 300px) 100vw, 300px\" \/><\/p>\n<p>Kuvassa ylh\u00e4\u00e4ll\u00e4 sile\u00e4karvaiset naaraat;<br \/>Tirrin hauska kopio itsest\u00e4\u00e4n, harmaa Penni. <br \/>Ja Kujeen tyt\u00e4r Polka(-Gris).<br \/>N\u00e4m\u00e4 on molemmat varattu ja muuttavat helmi-maaliskuun vaihteessa omaan yhteiseen kotiin.\u00a0<\/p>\n<p>Keskell\u00e4 Tirrin pojat;<br \/>PomPom, Pompula. V\u00e4h\u00e4n pidemm\u00e4ll\u00e4 teddy-turkilla.\u00a0<br \/>Ja Panda, vahvaluonteinen ja rohkea sile\u00e4karvainen poika crestill\u00e4. (Panda varattu, kaksi nuorta naarasta saa siit\u00e4 herraseuraa my\u00f6hemmin kes\u00e4ll\u00e4 kastroituna \ud83d\ude42)<\/p>\n<p>Alhaalla Kujeen pojat;<br \/>Pekka (Laku-Pekka), pikkuinen musta teddy.<br \/>Ja Papu, tricolour-teddy crestill\u00e4. (Laku-Pekka ja Papu varattu yhteiseen kotiin!)<\/p>\n<p>Tuttuun tapaan pid\u00e4mme pojat meill\u00e4 6kk ik\u00e4\u00e4n asti, jolloin ne kastroidaan ja myyd\u00e4\u00e4n uusiin koteihin vasta sitten kastroituina. Jotenkin n\u00e4kisin t\u00e4ss\u00e4 vaiheessa Pompulan ja etenkin Pandan sopivina naaraiden kaveriksi. Pekka ja Papu voisivat hyvinkin viihty\u00e4 kavereina kesken\u00e4\u00e4n. Ne on sellaiset kiltit veljekset, tied\u00e4 vaikka olisivat kaksoset!<br \/>Pojat siis myynniss\u00e4 joskus hein\u00e4-elokuussa.<\/p>\n<h4>\u00a0<\/h4>\n<h4 style=\"text-align: center;\">2 marsupoikuetta syntyi 15.4.2023<\/h4>\n<p>Edellisen marsupoikueen sisarukset Kuutti ja Kuje j\u00e4iv\u00e4t kaupalle ja astutettiin asiakkaamme nuorella Onni-pojalla.\u00a0<br \/>Molemmat synnyttiv\u00e4t samaan aikaan ja 15.4. aamulla oli kova kuhina kun Kuutti oli synnytt\u00e4nyt viisikon ja Kuje yhden ison valkoisen kiharakarvaisen tyt\u00f6n!<br \/>Kuutin lapsissa oli kolme tytt\u00f6\u00e4; harmaa Tirri (j\u00e4\u00e4 kaupalle), ruskeakirjavat otsacrestill\u00e4, Tintti ja Tuikku. Ja kaksi poikaa Touho ja Tarmo. Kujeen lampaan n\u00e4k\u00f6inen j\u00e4lkel\u00e4inen sai nimekseen Tuomi ja muutti is\u00e4marsun omistajalle. Tuikku muutti naaraslauman jatkoksi ja Tintti sai oman kodin Sipoosta ja tytt\u00f6kaverin toiselta kasvattajalta kaveriksi.\u00a0<br \/>Pojat j\u00e4iv\u00e4t taas kaupalle asumaan kunnes ne voidaan kastroida. Touho muuttaa sitten samaan perheeseen kuin Tuikku ja saa 5 naaraan haaremin itselleen ;D<\/p>\n<p><img loading=\"lazy\" decoding=\"async\" class=\"size-medium wp-image-1911 alignleft\" src=\"http:\/\/uusi.kapylanelainkauppa.fi\/wp-content\/uploads\/T-marsunpoikaset-2023-300x300.jpg\" alt=\"\" width=\"300\" height=\"300\" srcset=\"https:\/\/www.kapylanelainkauppa.fi\/wp-content\/uploads\/T-marsunpoikaset-2023-300x300.jpg 300w, https:\/\/www.kapylanelainkauppa.fi\/wp-content\/uploads\/T-marsunpoikaset-2023-1024x1024.jpg 1024w, https:\/\/www.kapylanelainkauppa.fi\/wp-content\/uploads\/T-marsunpoikaset-2023-768x768.jpg 768w, https:\/\/www.kapylanelainkauppa.fi\/wp-content\/uploads\/T-marsunpoikaset-2023-140x140.jpg 140w, https:\/\/www.kapylanelainkauppa.fi\/wp-content\/uploads\/T-marsunpoikaset-2023.jpg 1152w\" sizes=\"auto, (max-width: 300px) 100vw, 300px\" \/><\/p>\n<p>Tarmo (kuvassa keskell\u00e4 ylh\u00e4\u00e4ll\u00e4) muutti ihanan naaraan kaveriksi tammikuussa 2024.<\/p>\n<h4>\u00a0<\/h4>\n<h4>\u00a0<\/h4>\n<h4>\u00a0<\/h4>\n<h4 style=\"text-align: center;\">Q-kanipoikue syntyi 25.12.2022<\/h4>\n<p>Olgan (k\u00e4\u00e4pi\u00f6luppa) ja V\u00e4lkyn (pienirex) toinen poikue syntyi joulup\u00e4iv\u00e4n\u00e4 2022.<br \/>T\u00e4ss\u00e4 poikueessa taas kaikki eriv\u00e4risi\u00e4. Kolme urosta; Qorvapuusti (&#8221;Puusti&#8221;) &#8221;V\u00e4in\u00f6&#8221;, Qarkki &#8221;Karkki&#8221; ja Quula\u00a0 ja yksi naaras, Qullanmuru &#8221;Muru&#8221;.<\/p>\n<p>Luovutuksessa maaliskuun alussa valmiiksi\u00a0 mikrosirutettuina ja rokotettuina. <img loading=\"lazy\" decoding=\"async\" class=\"wp-image-1908 alignleft\" src=\"http:\/\/uusi.kapylanelainkauppa.fi\/wp-content\/uploads\/Q-poikaset-2023-300x300.jpg\" alt=\"\" width=\"291\" height=\"291\" srcset=\"https:\/\/www.kapylanelainkauppa.fi\/wp-content\/uploads\/Q-poikaset-2023-300x300.jpg 300w, https:\/\/www.kapylanelainkauppa.fi\/wp-content\/uploads\/Q-poikaset-2023-1024x1024.jpg 1024w, https:\/\/www.kapylanelainkauppa.fi\/wp-content\/uploads\/Q-poikaset-2023-768x768.jpg 768w, https:\/\/www.kapylanelainkauppa.fi\/wp-content\/uploads\/Q-poikaset-2023-140x140.jpg 140w, https:\/\/www.kapylanelainkauppa.fi\/wp-content\/uploads\/Q-poikaset-2023.jpg 1210w\" sizes=\"auto, (max-width: 291px) 100vw, 291px\" \/><\/p>\n<h4>N\u00e4ist\u00e4 Quula on viel\u00e4 ilman omaa t\u00e4ydellist\u00e4 mieluiten aikuista ja erityist\u00e4 pupua ymm\u00e4rt\u00e4v\u00e4\u00e4 kotia&#8230;<\/h4>\n<p><strong>Quula<\/strong> on madagaskarin v\u00e4rinen kuvassa oikealla oleva kaveri. Sill\u00e4 on is\u00e4ns\u00e4 tapainen rex-turkki ja my\u00f6skin eniten is\u00e4ns\u00e4 luonne. Touhukas, \u00e4lyk\u00e4s ja v\u00e4h\u00e4n rasavili. <strong>Quula<\/strong> on kastroitu eli myyd\u00e4\u00e4n leikattuna, rokotettuna ja mikrosirutettuna mieluiten kanikokeneeseen kotiin \ud83d\ude42<\/p>\n<p>Pitk\u00e4n harkinnan j\u00e4lkeen p\u00e4\u00e4dyin siihen ratkaisuun, ett\u00e4 my\u00f6s suvunjatkamismielell\u00e4 &#8221;kotiinj\u00e4tetty&#8221; <strong>Muru<\/strong> (Qullanmuru), kuvassa toinen oikealta, <strong>voisi olla sopivan paikan l\u00f6ytyess\u00e4 valmis kuitenkin muuttamaan omaan kotiin<\/strong>. Se ei tullut kantavaksi muutamista yrityksist\u00e4 huolimatta ja on nyt kuitenkin jo yli vuoden ik\u00e4inen, joka alkaa olla ensisynnytt\u00e4j\u00e4lle v\u00e4h\u00e4n liikaa. Ja toisaalta my\u00f6s tuntuu, ett\u00e4 kanikriisi kasvaa ja on todella paljon kodittomia kaneja tarjolla, joten silloin on j\u00e4rkev\u00e4\u00e4 mietti\u00e4, onko n\u00e4ille uusille kaninpoikasille varmasti riitt\u00e4v\u00e4sti hyvi\u00e4 koteja tiedossa.<br \/><strong>Muru<\/strong> on kiltti nuori naaras, enemm\u00e4n \u00e4itins\u00e4 Olgan-tyyppinen letke\u00e4 h\u00f6mp\u00f6ttelij\u00e4. V\u00e4rilt\u00e4\u00e4n tosi tumma kelta-musta japanilainen ja karvanlaadultaan &#8221;normaali&#8221;. Se on my\u00f6s sirutettu, rokotettu ja steriloitu. <img loading=\"lazy\" decoding=\"async\" class=\"alignnone wp-image-2059 size-medium\" src=\"http:\/\/www.kapylanelainkauppa.fi\/wp-content\/uploads\/Qullanmuru-2024-300x236.jpg\" alt=\"\" width=\"300\" height=\"236\" srcset=\"https:\/\/www.kapylanelainkauppa.fi\/wp-content\/uploads\/Qullanmuru-2024-300x236.jpg 300w, https:\/\/www.kapylanelainkauppa.fi\/wp-content\/uploads\/Qullanmuru-2024-768x604.jpg 768w, https:\/\/www.kapylanelainkauppa.fi\/wp-content\/uploads\/Qullanmuru-2024.jpg 854w\" sizes=\"auto, (max-width: 300px) 100vw, 300px\" \/><br \/>Muru sai uuden kodin loppuvuodesta 2024. Sille l\u00f6ytyi t\u00e4ydellinen match leikatusta k\u00e4\u00e4pi\u00f6luppapojasta Pupesta ja muutti Kotkaan sen kaveriksi.<\/p>\n<h4>Marsupoikue syntyi 25.8.2022<img loading=\"lazy\" decoding=\"async\" class=\"wp-image-1855 size-medium alignright\" src=\"http:\/\/www.kapylanelainkauppa.fi\/wp-content\/uploads\/k-marsut-300x254.jpg\" alt=\"\" width=\"300\" height=\"254\" srcset=\"https:\/\/www.kapylanelainkauppa.fi\/wp-content\/uploads\/k-marsut-300x254.jpg 300w, https:\/\/www.kapylanelainkauppa.fi\/wp-content\/uploads\/k-marsut.jpg 479w\" sizes=\"auto, (max-width: 300px) 100vw, 300px\" \/><\/h4>\n<p>Em\u00e4n\u00e4 meid\u00e4n maskottimarsu Helga ja is\u00e4n\u00e4 nuori herra Voltti.<br \/>Poikaset, 5kpl, syntyiv\u00e4t 25.8. Pienin niist\u00e4 ei kehittynyt kunnolla ja kuoli viikon ik\u00e4isen\u00e4, mutta loput kasvoivat v\u00e4h\u00e4n vaikeasta alusta huolimatta hyvin. Pikkuiset saivat nimekseen Kuje ja Kuutti (naaraat) ja Kurre ja Kieppi (urokset). Marsujen tarinaa enemm\u00e4n <a href=\"https:\/\/www.facebook.com\/permalink.php?story_fbid=pfbid02JRz2FQiShwzNSauc94UuwaDzZTvYsAZdAAgrJW8PU5SSt5QBszkemXtK8vUaPxcdl&amp;id=100063715414263\">facebook-sivuillamme<\/a>\u00a0<br \/>Urokset tulevat my\u00f6hemmin myyntiin. Mahdollisesti vasta 5-6kk ik\u00e4isin\u00e4 valmiiksi kastroituina.\u00a0<\/p>\n<p>Kurre ja Kieppi muuttivat kastroinnin j\u00e4lkeen omaan yhteiseen kotiin. Pojat tulevat hyvin toimeen kesken\u00e4\u00e4n ja olivatkin kes\u00e4ll\u00e4 2023 meill\u00e4 hoidossa viikon verran.\u00a0<\/p>\n<p><strong>Yksityishenkil\u00f6lt\u00e4 myyntiin tulleet Watti ja Voltti l\u00f6ysiv\u00e4t kastroituina nopeasti ikiomat kodit ja molemmat p\u00e4\u00e4sev\u00e4t tytt\u00f6marsu-kaksikon seuraksi. <br \/>Ihan parhaat mahdolliset kodit molemmille &lt;3\u00a0<\/strong><\/p>\n<p>Pojat ovat syntyneet 26.3.2022.<img loading=\"lazy\" decoding=\"async\" class=\"wp-image-1836 size-medium alignright\" src=\"http:\/\/www.kapylanelainkauppa.fi\/wp-content\/uploads\/Watti3-225x300.jpg\" alt=\"\" width=\"225\" height=\"300\" srcset=\"https:\/\/www.kapylanelainkauppa.fi\/wp-content\/uploads\/Watti3-225x300.jpg 225w, https:\/\/www.kapylanelainkauppa.fi\/wp-content\/uploads\/Watti3.jpg 1210w\" sizes=\"auto, (max-width: 225px) 100vw, 225px\" \/><img loading=\"lazy\" decoding=\"async\" class=\"wp-image-1838 size-medium alignright\" src=\"http:\/\/www.kapylanelainkauppa.fi\/wp-content\/uploads\/Voltti2-225x300.jpg\" alt=\"\" width=\"225\" height=\"300\" srcset=\"https:\/\/www.kapylanelainkauppa.fi\/wp-content\/uploads\/Voltti2-225x300.jpg 225w, https:\/\/www.kapylanelainkauppa.fi\/wp-content\/uploads\/Voltti2.jpg 1210w\" sizes=\"auto, (max-width: 225px) 100vw, 225px\" \/> <br \/>150\u20ac\/kpl (kastroidut)<br \/>Puna-Valko-kirjavat lyhytkarvaiset pikkumiehet ovat luonteeltaan melko reippaita. Voltti viel\u00e4 velje\u00e4\u00e4n rohkeampi.<br \/>Voltista tuli is\u00e4 elokuun lopussa syntyneelle marsupoikueellemme.<\/p>\n<p>Pojat kastroitiin syyskuussa ja ovat toipuneet hyvin. Nyt ne voivat muuttaa ehk\u00e4 oman naarashaaremin kaveriksi tai toisen leikatun uroksen kanssa. Kastroituna marsupojilla on niin paljon enemm\u00e4n mahdollisuuksia onnelliseen ja stressitt\u00f6m\u00e4\u00e4n el\u00e4m\u00e4\u00e4n \ud83d\ude42<\/p>\n<h5>\u00a0<\/h5>\n<h5>\u00a0<\/h5>\n<h5>\u00a0<\/h5>\n\n\n<p><\/p>\n","protected":false},"excerpt":{"rendered":"<p>\u00a0 Ei myyt\u00e4vi\u00e4 el\u00e4imi\u00e4 t\u00e4ll\u00e4 hetkell\u00e4&#8230; \u00a0 2 marsupoikuetta syntyi 18.1.2024 \u00a0 \u00a0Loppuvuodesta 2023 oli taas aika mietti\u00e4 marsupoikueita. Edellisist\u00e4 poikasista puodille j\u00e4i asumaan harmaa Tirri ja se alkoi tulla siihen ik\u00e4\u00e4n, ett\u00e4 ensimm\u00e4iset poikaset olisi hyv\u00e4 laittaa aluilleen. Sulhaseksi valikoitui asiakkaan teddy-karvainen tricolour-uros V\u00e4in\u00f6. V\u00e4in\u00f6 hankittiin kasvattajalta naaraslauman kaveriksi, mutta ennen kastraatiota sovittiin, ett\u00e4&hellip; <\/p>\n<p class=\"toivo-read-more\"><a href=\"https:\/\/www.kapylanelainkauppa.fi\/index.php\/tuotteet\/jyrsijat-ja-kanit\/myytavat-jyrsijat-ja-kanit\/\" class=\"more-link\">Lue lis\u00e4\u00e4 <span class=\"screen-reader-text\">Myyt\u00e4v\u00e4t kanit ja marsut<\/span><\/a><\/p>\n","protected":false},"author":1,"featured_media":0,"parent":58,"menu_order":0,"comment_status":"closed","ping_status":"closed","template":"","meta":{"footnotes":""},"class_list":{"0":"post-626","1":"page","2":"type-page","3":"status-publish","5":"entry"},"_links":{"self":[{"href":"https:\/\/www.kapylanelainkauppa.fi\/index.php\/wp-json\/wp\/v2\/pages\/626","targetHints":{"allow":["GET"]}}],"collection":[{"href":"https:\/\/www.kapylanelainkauppa.fi\/index.php\/wp-json\/wp\/v2\/pages"}],"about":[{"href":"https:\/\/www.kapylanelainkauppa.fi\/index.php\/wp-json\/wp\/v2\/types\/page"}],"author":[{"embeddable":true,"href":"https:\/\/www.kapylanelainkauppa.fi\/index.php\/wp-json\/wp\/v2\/users\/1"}],"replies":[{"embeddable":true,"href":"https:\/\/www.kapylanelainkauppa.fi\/index.php\/wp-json\/wp\/v2\/comments?post=626"}],"version-history":[{"count":57,"href":"https:\/\/www.kapylanelainkauppa.fi\/index.php\/wp-json\/wp\/v2\/pages\/626\/revisions"}],"predecessor-version":[{"id":2199,"href":"https:\/\/www.kapylanelainkauppa.fi\/index.php\/wp-json\/wp\/v2\/pages\/626\/revisions\/2199"}],"up":[{"embeddable":true,"href":"https:\/\/www.kapylanelainkauppa.fi\/index.php\/wp-json\/wp\/v2\/pages\/58"}],"wp:attachment":[{"href":"https:\/\/www.kapylanelainkauppa.fi\/index.php\/wp-json\/wp\/v2\/media?parent=626"}],"curies":[{"name":"wp","href":"https:\/\/api.w.org\/{rel}","templated":true}]}}