{"id":628,"date":"2017-10-17T15:37:33","date_gmt":"2017-10-17T12:37:33","guid":{"rendered":"http:\/\/kapylanelainkauppa.online.fi\/?page_id=628"},"modified":"2023-10-31T18:47:51","modified_gmt":"2023-10-31T16:47:51","slug":"myytavat-linnut","status":"publish","type":"page","link":"https:\/\/www.kapylanelainkauppa.fi\/index.php\/tuotteet\/linnut\/myytavat-linnut\/","title":{"rendered":"Myyt\u00e4v\u00e4t linnut"},"content":{"rendered":"<h5 style=\"text-align: center;\">Ei myyt\u00e4vi\u00e4 lintuja t\u00e4ll\u00e4 hetkell\u00e4&#8230;<\/h5>\n<h5 style=\"text-align: center;\">Kaupan oma kasvatti &#8221;Junnu&#8221;<\/h5>\n<p style=\"text-align: center;\">kuoriutunut 26.3.2018<br \/>\n60\u20ac<br \/>\nMyyty!<\/p>\n<h5 style=\"text-align: center;\"><img loading=\"lazy\" decoding=\"async\" class=\"aligncenter wp-image-1447 size-medium\" src=\"http:\/\/www.kapylanelainkauppa.fi\/wp-content\/uploads\/Kanaria-Junnu-219x300.jpg\" alt=\"\" width=\"219\" height=\"300\" srcset=\"https:\/\/www.kapylanelainkauppa.fi\/wp-content\/uploads\/Kanaria-Junnu-219x300.jpg 219w, https:\/\/www.kapylanelainkauppa.fi\/wp-content\/uploads\/Kanaria-Junnu.jpg 933w\" sizes=\"auto, (max-width: 219px) 100vw, 219px\" \/><\/h5>\n<h5 style=\"text-align: center;\">Hienosti laulava Kanarialintu uros &#8221;Mad&#8221;,<\/h5>\n<p style=\"text-align: center;\">ruskea (kotimainen)<br \/>\nsynt. n. 03.2017<br \/>\n50\u20ac<br \/>\nMyyty!<\/p>\n<h5 style=\"text-align: center;\"><img loading=\"lazy\" decoding=\"async\" class=\"aligncenter wp-image-1068 size-medium\" src=\"http:\/\/www.kapylanelainkauppa.fi\/wp-content\/uploads\/kanaria-300x287.jpg\" alt=\"\" width=\"300\" height=\"287\" srcset=\"https:\/\/www.kapylanelainkauppa.fi\/wp-content\/uploads\/kanaria-300x287.jpg 300w, https:\/\/www.kapylanelainkauppa.fi\/wp-content\/uploads\/kanaria.jpg 362w\" sizes=\"auto, (max-width: 300px) 100vw, 300px\" \/><\/h5>\n","protected":false},"excerpt":{"rendered":"<p>Ei myyt\u00e4vi\u00e4 lintuja t\u00e4ll\u00e4 hetkell\u00e4&#8230; Kaupan oma kasvatti &#8221;Junnu&#8221; kuoriutunut 26.3.2018 60\u20ac Myyty! Hienosti laulava Kanarialintu uros &#8221;Mad&#8221;, ruskea (kotimainen) synt. n. 03.2017 50\u20ac Myyty!<\/p>\n","protected":false},"author":1,"featured_media":0,"parent":66,"menu_order":0,"comment_status":"closed","ping_status":"closed","template":"","meta":{"footnotes":""},"class_list":{"0":"post-628","1":"page","2":"type-page","3":"status-publish","5":"entry"},"_links":{"self":[{"href":"https:\/\/www.kapylanelainkauppa.fi\/index.php\/wp-json\/wp\/v2\/pages\/628","targetHints":{"allow":["GET"]}}],"collection":[{"href":"https:\/\/www.kapylanelainkauppa.fi\/index.php\/wp-json\/wp\/v2\/pages"}],"about":[{"href":"https:\/\/www.kapylanelainkauppa.fi\/index.php\/wp-json\/wp\/v2\/types\/page"}],"author":[{"embeddable":true,"href":"https:\/\/www.kapylanelainkauppa.fi\/index.php\/wp-json\/wp\/v2\/users\/1"}],"replies":[{"embeddable":true,"href":"https:\/\/www.kapylanelainkauppa.fi\/index.php\/wp-json\/wp\/v2\/comments?post=628"}],"version-history":[{"count":8,"href":"https:\/\/www.kapylanelainkauppa.fi\/index.php\/wp-json\/wp\/v2\/pages\/628\/revisions"}],"predecessor-version":[{"id":1955,"href":"https:\/\/www.kapylanelainkauppa.fi\/index.php\/wp-json\/wp\/v2\/pages\/628\/revisions\/1955"}],"up":[{"embeddable":true,"href":"https:\/\/www.kapylanelainkauppa.fi\/index.php\/wp-json\/wp\/v2\/pages\/66"}],"wp:attachment":[{"href":"https:\/\/www.kapylanelainkauppa.fi\/index.php\/wp-json\/wp\/v2\/media?parent=628"}],"curies":[{"name":"wp","href":"https:\/\/api.w.org\/{rel}","templated":true}]}}