{"id":630,"date":"2017-10-17T15:37:59","date_gmt":"2017-10-17T12:37:59","guid":{"rendered":"http:\/\/kapylanelainkauppa.online.fi\/?page_id=630"},"modified":"2018-04-17T23:11:41","modified_gmt":"2018-04-17T20:11:41","slug":"myytavat-kalat","status":"publish","type":"page","link":"https:\/\/www.kapylanelainkauppa.fi\/index.php\/tuotteet\/kalat\/myytavat-kalat\/","title":{"rendered":"Myyt\u00e4v\u00e4t kalat"},"content":{"rendered":"<h5 style=\"text-align: center;\">Meilt\u00e4 l\u00f6yd\u00e4t terveet peruskalat kotiakvaarioosi!<\/h5>\n<h5 style=\"text-align: center;\">Suosimme helppohoitoisia ja vaivattomia kesken\u00e4\u00e4n toimeentulevia lajeja. Myym\u00e4mme kalat ovat Suomessa kasvatettuja tai karanteenattuja.<br \/>\n&#8221;Hifistelyn&#8221; j\u00e4t\u00e4mme suosiolla\u00a0 osaavammille alan erikoisliikkeille \ud83d\ude09<\/h5>\n<h5><\/h5>\n<h5>Myym\u00e4l\u00e4n akvaarioista yleens\u00e4 l\u00f6ytyvi\u00e4 lajeja:<\/h5>\n<ul>\n<li>\n<h6>Synnytt\u00e4v\u00e4t Hammaskarpit<br \/>\n&#8211; Miljoonakala<br \/>\n&#8211; Miekkapyrst\u00f6<br \/>\n&#8211; Platy<br \/>\n&#8211; Perhostoka<\/h6>\n<\/li>\n<li>\n<h6>Tetrat<br \/>\n&#8211; Neontetra<br \/>\n&#8211; Kardinaalitetra<br \/>\n&#8211; Punap\u00e4\u00e4tetra<br \/>\n&#8211; Kongontetra<\/h6>\n<\/li>\n<li>\n<h6>Barbit<br \/>\n&#8211; Loistobarbi<br \/>\n&#8211; Keltabarbi<\/h6>\n<\/li>\n<li>\n<h6>Seeprakala<\/h6>\n<\/li>\n<li>\n<h6>Kiilakylki<\/h6>\n<\/li>\n<li>\n<h6>Monniset<br \/>\n&#8211; Albiinomonninen<br \/>\n&#8211; Kuparimonninen<br \/>\n&#8211; Kirjomonninen<\/h6>\n<\/li>\n<li>\n<h6>Partaimumonni<\/h6>\n<\/li>\n<li>\n<h6>Haarniskamonni<\/h6>\n<\/li>\n<\/ul>\n","protected":false},"excerpt":{"rendered":"<p>Meilt\u00e4 l\u00f6yd\u00e4t terveet peruskalat kotiakvaarioosi! Suosimme helppohoitoisia ja vaivattomia kesken\u00e4\u00e4n toimeentulevia lajeja. Myym\u00e4mme kalat ovat Suomessa kasvatettuja tai karanteenattuja. &#8221;Hifistelyn&#8221; j\u00e4t\u00e4mme suosiolla\u00a0 osaavammille alan erikoisliikkeille \ud83d\ude09 Myym\u00e4l\u00e4n akvaarioista yleens\u00e4 l\u00f6ytyvi\u00e4 lajeja: Synnytt\u00e4v\u00e4t Hammaskarpit &#8211; Miljoonakala &#8211; Miekkapyrst\u00f6 &#8211; Platy &#8211; Perhostoka Tetrat &#8211; Neontetra &#8211; Kardinaalitetra &#8211; Punap\u00e4\u00e4tetra &#8211; Kongontetra Barbit &#8211; Loistobarbi &#8211; Keltabarbi&hellip; <\/p>\n<p class=\"toivo-read-more\"><a href=\"https:\/\/www.kapylanelainkauppa.fi\/index.php\/tuotteet\/kalat\/myytavat-kalat\/\" class=\"more-link\">Lue lis\u00e4\u00e4 <span class=\"screen-reader-text\">Myyt\u00e4v\u00e4t kalat<\/span><\/a><\/p>\n","protected":false},"author":1,"featured_media":0,"parent":72,"menu_order":0,"comment_status":"closed","ping_status":"closed","template":"","meta":{"footnotes":""},"class_list":{"0":"post-630","1":"page","2":"type-page","3":"status-publish","5":"entry"},"_links":{"self":[{"href":"https:\/\/www.kapylanelainkauppa.fi\/index.php\/wp-json\/wp\/v2\/pages\/630","targetHints":{"allow":["GET"]}}],"collection":[{"href":"https:\/\/www.kapylanelainkauppa.fi\/index.php\/wp-json\/wp\/v2\/pages"}],"about":[{"href":"https:\/\/www.kapylanelainkauppa.fi\/index.php\/wp-json\/wp\/v2\/types\/page"}],"author":[{"embeddable":true,"href":"https:\/\/www.kapylanelainkauppa.fi\/index.php\/wp-json\/wp\/v2\/users\/1"}],"replies":[{"embeddable":true,"href":"https:\/\/www.kapylanelainkauppa.fi\/index.php\/wp-json\/wp\/v2\/comments?post=630"}],"version-history":[{"count":5,"href":"https:\/\/www.kapylanelainkauppa.fi\/index.php\/wp-json\/wp\/v2\/pages\/630\/revisions"}],"predecessor-version":[{"id":1409,"href":"https:\/\/www.kapylanelainkauppa.fi\/index.php\/wp-json\/wp\/v2\/pages\/630\/revisions\/1409"}],"up":[{"embeddable":true,"href":"https:\/\/www.kapylanelainkauppa.fi\/index.php\/wp-json\/wp\/v2\/pages\/72"}],"wp:attachment":[{"href":"https:\/\/www.kapylanelainkauppa.fi\/index.php\/wp-json\/wp\/v2\/media?parent=630"}],"curies":[{"name":"wp","href":"https:\/\/api.w.org\/{rel}","templated":true}]}}