{"id":64,"date":"2016-12-02T08:11:38","date_gmt":"2016-12-02T08:11:38","guid":{"rendered":"http:\/\/elainkauppa.savipaja.net\/?page_id=64"},"modified":"2023-10-31T18:54:07","modified_gmt":"2023-10-31T16:54:07","slug":"puodin-marsuelamaa","status":"publish","type":"page","link":"https:\/\/www.kapylanelainkauppa.fi\/index.php\/kaupan-henkilokunta-ja-asukit\/puodin-marsuelamaa\/","title":{"rendered":"Puodin marsuel\u00e4m\u00e4\u00e4"},"content":{"rendered":"<h5 style=\"text-align: center;\">MARSU-JUTTUJEN P\u00c4IVITYS TY\u00d6N ALLA&#8230; \ud83d\ude09<\/h5>\n<p><img loading=\"lazy\" decoding=\"async\" class=\"aligncenter size-full wp-image-541\" src=\"http:\/\/kapylanelainkauppa.fi\/wp-content\/uploads\/marsut4.jpg\" alt=\"\" width=\"896\" height=\"510\" srcset=\"https:\/\/www.kapylanelainkauppa.fi\/wp-content\/uploads\/marsut4.jpg 896w, https:\/\/www.kapylanelainkauppa.fi\/wp-content\/uploads\/marsut4-300x171.jpg 300w\" sizes=\"auto, (max-width: 896px) 100vw, 896px\" \/><\/p>\n<p>Ensimm\u00e4iset marsumme saapuivat kaupalle asumaan vuonna 2002. Kyseess\u00e4 oli er\u00e4\u00e4n asiakkaamme 12.5.2002 syntynyt oma poikue, josta kaksi myytiin ja kaksi tytt\u00f6\u00e4 j\u00e4i meille asumaan. Sohvi oli kokomusta lyhytkarvainen ja Kinuski lyhytkarvainen musta kinuskinv\u00e4risill\u00e4 laikuilla ja p\u00e4\u00e4ss\u00e4\u00e4n crest eli sellainen hauska py\u00f6rre. Molemmilla on ollut pari poikuetta, jotka on myyty lemmikeiksi. Kinuskin synnytykset ovat aina sujuneet hyvin ja se on ollut erinomainen emo lapsukaisilleen. Sohvilla taas oli ep\u00e4onnea poikueidensa kanssa. Ensimm\u00e4isest\u00e4 poikueesta selviytyi elossa vain yksi, kaksi muuta syntyiv\u00e4t kuolleena. Parilla seuraavalla kerralla se ei tullut lainkaan kantavaksi ja suruksemme se menehtyi synnytysongelmiin kun onnistui seuraavan kerran tiinehtym\u00e4\u00e4n. T\u00e4ss\u00e4 yhteydess\u00e4 huomasimme, miten vaikeaa on saada pienel\u00e4imelle kiireellist\u00e4 hoitoa, vaikka Helsingiss\u00e4 olemmekin ja el\u00e4inl\u00e4\u00e4k\u00e4reit\u00e4 runsaasti. Kaikissa pienel\u00e4imiin erikoistuneissa l\u00e4\u00e4k\u00e4riasemissa oli valtaisa jono ja jouduimme lopulta kiid\u00e4tt\u00e4m\u00e4\u00e4n Sohvin pienel\u00e4inklinikalle, jonka oli pakko ottaa se vastaan. <img loading=\"lazy\" decoding=\"async\" class=\"alignright size-full wp-image-543\" src=\"http:\/\/kapylanelainkauppa.fi\/wp-content\/uploads\/marsut.jpg\" alt=\"\" width=\"409\" height=\"409\" srcset=\"https:\/\/www.kapylanelainkauppa.fi\/wp-content\/uploads\/marsut.jpg 409w, https:\/\/www.kapylanelainkauppa.fi\/wp-content\/uploads\/marsut-300x300.jpg 300w, https:\/\/www.kapylanelainkauppa.fi\/wp-content\/uploads\/marsut-140x140.jpg 140w\" sizes=\"auto, (max-width: 409px) 100vw, 409px\" \/>Sille annettiin ensin supistuksia lis\u00e4\u00e4v\u00e4\u00e4 l\u00e4\u00e4kett\u00e4, oksitosiinia,\u00a0 mutta kun sek\u00e4\u00e4n ei tehonnut, p\u00e4\u00e4dyttiin leikkaukseen. Sen mahasta l\u00f6ytyi nelj\u00e4 kuollutta poikasta, ja n\u00e4ist\u00e4 yksi oli ollut\u00a0 kuolleena jo pidemm\u00e4n aikaa. Sohvi sai kipul\u00e4\u00e4kett\u00e4 ja antibioottia, mutta ilmeisesti sille oli jo ehtinyt kehitty\u00e4 verenmyrkytys, koska se kuoli seuraavan y\u00f6n aikana 28.12.2004. Taas syyllistin mieless\u00e4ni itse\u00e4ni, etten ollut tajunnut tilannetta aikaisemmin ja, ett\u00e4 olin edes astuttanut sen, vaikka sill\u00e4 oli ollut ongelmia ennenkin. Sohvi vaan oli niin kiva marsu-possu, ett\u00e4 sen poikasia olisi ollut kiva saada maailmaan.<\/p>\n<p><img loading=\"lazy\" decoding=\"async\" class=\"alignright wp-image-545 size-medium\" src=\"http:\/\/kapylanelainkauppa.fi\/wp-content\/uploads\/marsusylvi2-300x206.jpg\" alt=\"\" width=\"300\" height=\"206\" srcset=\"https:\/\/www.kapylanelainkauppa.fi\/wp-content\/uploads\/marsusylvi2-300x206.jpg 300w, https:\/\/www.kapylanelainkauppa.fi\/wp-content\/uploads\/marsusylvi2.jpg 683w\" sizes=\"auto, (max-width: 300px) 100vw, 300px\" \/>Sohvin kuoleman j\u00e4lkeen en en\u00e4\u00e4 uskaltanut astuttaa Kinuskiakaan. Kinuskin edellisest\u00e4 poikueesta oli j\u00e4\u00e4nyt urosmarsu Pepe, joka kastroituna oli sitten pit\u00e4m\u00e4ss\u00e4 \u00e4idilleen seuraa. Pepelle l\u00f6ytyi kuitenkin koti syksyll\u00e4 2005 ja koska Kinuski ei selv\u00e4stik\u00e4\u00e4n viihtynyt yksin, muutti sen seuraksi hauska pitk\u00e4karvainen coronet tytt\u00f6marsu Sylvi (20.9.2005 &#8211; 10\/2011). Sohvin muiston mukaan se nimettiin samantapaisella nimell\u00e4 ja on v\u00e4rilt\u00e4\u00e4n my\u00f6s musta. Se on\u00a0 marsukasvattajalta\u00a0 hankittu n\u00e4yttelymarsujen j\u00e4lkel\u00e4inen. Hieno tytt\u00f6 siis! Luonteeltaan se on varsin hauska, \u00e4\u00e4rett\u00f6m\u00e4n ahne ja kova\u00e4\u00e4ninen. Sen muutettua meille on Roope-papukaijammekin oppinut matkimaan marsun\u00e4\u00e4nt\u00e4. Niin usein sit\u00e4 kuulee ja niin kovaa\u2026<\/p>\n<p>Kauppamme \u201dlemmikkihotellin\u201d vakioasiakkaita on veike\u00e4 marsupoika Herra Huu. Se on hieman pitk\u00e4karvainen, p\u00e4\u00e4v\u00e4rilt\u00e4\u00e4n musta ja sill\u00e4 on my\u00f6s crest-py\u00f6rre p\u00e4\u00e4ss\u00e4\u00e4n. Se on kivoin marsu mink\u00e4 olen ikin\u00e4 tavannut! Tavattoman utelias ja seurallinen. Niinp\u00e4 nyt, kun se taas saapui hoitoomme pidemm\u00e4ksi aikaa, kysyin voisiko se kenties asua Sylvin kanssa samassa h\u00e4kiss\u00e4. J\u00e4rjestely sopi ja niin n\u00e4m\u00e4 pitk\u00e4karvamarsut asuivat hoitoajan yhdess\u00e4 ja\u00a0 marsulapsia (Totoro ja James) syntyi 2 kpl kev\u00e4\u00e4ll\u00e4 2006. Vuodenvaihteessa 2006-2007 syntyi viel\u00e4 yksi poikapoikanen Tiitus samasta yhdistelm\u00e4st\u00e4. Kaikki poikaset ovat olleet v\u00e4rilt\u00e4\u00e4n mustia tai musta-valko-kirjavia ja pitk\u00e4-tai puolipitk\u00e4karvaisia.<\/p>\n<p><img loading=\"lazy\" decoding=\"async\" class=\"alignright wp-image-546 size-medium\" src=\"http:\/\/kapylanelainkauppa.fi\/wp-content\/uploads\/marsupeikko-300x190.jpg\" alt=\"\" width=\"300\" height=\"190\" srcset=\"https:\/\/www.kapylanelainkauppa.fi\/wp-content\/uploads\/marsupeikko-300x190.jpg 300w, https:\/\/www.kapylanelainkauppa.fi\/wp-content\/uploads\/marsupeikko.jpg 605w\" sizes=\"auto, (max-width: 300px) 100vw, 300px\" \/>Herra Huun ja Sylvin uusimmat lapset n\u00e4kiv\u00e4t p\u00e4iv\u00e4nvalon 18.9.2007. Poikasia syntyi kaksi; toinen kokomusta ja toisella on v\u00e4h\u00e4n valkoista pohjav\u00e4rin ollessa my\u00f6skin musta. Molemmat ovat poikia&#8230; taas&#8230; N\u00e4iden poikasten karva oli heti syntyess\u00e4 hassun kihara viiksikarvoja my\u00f6ten ja nyt kun ne ovat v\u00e4h\u00e4n varttuneet ja karva on my\u00f6skin kasvanut pidemm\u00e4ksi, n\u00e4ytt\u00e4isi ainakin kokomusta, &#8221;M\u00f6rk\u00f6&#8221; ihan merino-marsulta eli pitk\u00e4- ja kiharakarvaiselta, jonka otsassa on karvoissa py\u00f6rre. Kirjavalla &#8221;Peikolla&#8221; on v\u00e4h\u00e4n lyhyempi karva, mutta my\u00f6skin py\u00f6rre otsassa. M\u00f6rk\u00f6 muutti ty\u00f6ntekij\u00e4mme Ullan luokse asumaan ja Peikosta tuli &#8221;landemarsu&#8221;. Se muutti Juvalle lehm\u00e4tilalle serkkuni tyt\u00f6lle Lindalle lemmikkimarsuksi. Hein\u00e4\u00e4 ja tilaa ainakin riitt\u00e4\u00e4&#8230;ja varmasti paljon rakkautta \ud83d\ude09<\/p>\n<p><img loading=\"lazy\" decoding=\"async\" class=\"alignright size-full wp-image-547\" src=\"http:\/\/kapylanelainkauppa.fi\/wp-content\/uploads\/marsuiitu.jpg\" alt=\"\" width=\"271\" height=\"328\" srcset=\"https:\/\/www.kapylanelainkauppa.fi\/wp-content\/uploads\/marsuiitu.jpg 271w, https:\/\/www.kapylanelainkauppa.fi\/wp-content\/uploads\/marsuiitu-248x300.jpg 248w\" sizes=\"auto, (max-width: 271px) 100vw, 271px\" \/>Kinuski kuoli yll\u00e4tt\u00e4en 26.5.08 kuusivuotiaana ja Sylvi j\u00e4i yksin. Sylvin piti saada samoihin aikoihin taas poikasia Herra Huun kanssa, mutta j\u00e4ikin t\u00e4ll\u00e4 kertaa tyhj\u00e4ksi eik\u00e4 poikasia tullut. Samana viikkona kun Kinuski oli kuollut soitti er\u00e4s asiakas ja tarjosi nuorta tytt\u00f6marsua Iitua kaupalle asumaan. Iitu oli hankittu i\u00e4kk\u00e4\u00e4n leikatun urosmarsun kaveriksi, mutta ik\u00e4ero oli liian suuri ja vanha pappa oli h\u00e4t\u00e4\u00e4 k\u00e4rsim\u00e4ss\u00e4 nuoren ja vilkkaan Iitun kanssa. Koska kaupalla oli nyt yhden marsun &#8221;vaje&#8221; sovimme, ett\u00e4 Iitu voi muuttaa meille ja saada toivottavasti poikasia t\u00e4\u00e4ll\u00e4. Vakio-is\u00e4marsumme Herra Huu on my\u00f6skin ainakin toistaiseksi muuttanut vakituisesti kaupalle em\u00e4nt\u00e4ns\u00e4 matkustelujen vuoksi. Iitu on v\u00e4rilt\u00e4\u00e4n punaruskea-valko-kirjava ja syntynyt 5.12.2007 eli se oli sopivassa i\u00e4ss\u00e4 ensi kertaa astutettavaksi. Marsujen pit\u00e4\u00e4 saada ensimm\u00e4iset poikasensa melko nuorina etteiv\u00e4t lantionluut ehdi luutua liian tiukoiksi ja hankaloittaa verrattaen suurten poikasten synnytt\u00e4mist\u00e4. Niinp\u00e4 Iitu muutti Herra Huun kanssa yhteen ja tuloksena oli, ett\u00e4 1.9.2008 aamulla marsuh\u00e4kiss\u00e4 oli melkoinen yll\u00e4tys! Seisem\u00e4n poikasta, joista valitettavasti kolme oli kuollut. Marsumammat olivat p\u00e4\u00e4tt\u00e4neet synnytt\u00e4\u00e4 samana y\u00f6n\u00e4. Todenn\u00e4k\u00f6isesti Iitun poikasia oli kolme ja yksi kuollut. Sylvilt\u00e4 oli yksi el\u00e4v\u00e4 ja kaksi kuollutta. Emot hoitivat kaikkia poikasia sekaisin eli m\u00e4\u00e4r\u00e4 oli juuri sopiva kun marsuilla on vain kaksi nis\u00e4\u00e4 &#8211; eli kullekin poikaselle oma \ud83d\ude42<\/p>\n<p><img loading=\"lazy\" decoding=\"async\" class=\"alignright size-full wp-image-548\" src=\"http:\/\/kapylanelainkauppa.fi\/wp-content\/uploads\/marsu6.jpg\" alt=\"\" width=\"404\" height=\"279\" srcset=\"https:\/\/www.kapylanelainkauppa.fi\/wp-content\/uploads\/marsu6.jpg 404w, https:\/\/www.kapylanelainkauppa.fi\/wp-content\/uploads\/marsu6-300x207.jpg 300w\" sizes=\"auto, (max-width: 404px) 100vw, 404px\" \/>Pikkuiset kasvoivat nopeasti ja kaikille l\u00f6ytyi uudet kodit ennenkuin ne olivat edes luovutusik\u00e4isi\u00e4. Punavalkoinen, v\u00e4h\u00e4n kiharakarvainen Olga muutti Oliver-marsun seuraksi. Oliver on ollut meill\u00e4 usein hoidossa. My\u00f6skin Sylvin ensimm\u00e4isen poikueen James sai kaverin punavalkoisesta sile\u00e4karvaisesta &#8221;pikkusiskostaan&#8221;. Kiharakarvainen mustavalkoinen tytt\u00f6 muutti ainakin aluksi ainoaksi marsuksi, samoin kuin Sylvin ainokainen, sile\u00e4karvainen mustavalkoinen poika Neo.<\/p>\n<p>Seuraavalla kerralla kun Iitun piti saada poikasia, meill\u00e4 oli taas ep\u00e4onnea matkassa. Valtavan kokoinen Iitu yritti selv\u00e4sti ponnistaa poikasia maailmaan, mutta mit\u00e4\u00e4n ei tapahtunut. Kiikutin sen luottoel\u00e4inl\u00e4\u00e4k\u00e4rimme Reijo Nenosen vastaanotolle, ja annoimme sille oksitosiinia, jota sain mukaan my\u00f6s kotiin annettavaksi Iitulle parin tunnin v\u00e4lein. Aamulla Iitu poikasineen oli kuitenkin valitettavasti menehtynyt.<\/p>\n<p>Sylville syntyi Herra Huun kanssa 23.4.2009 viel\u00e4 yksi poikanen, kokomusta puolipitk\u00e4karvainen Harri, joka muutti asumaan Tiitus-marsun seuraajaksi asiakkaallemme K\u00e4pyl\u00e4\u00e4n.<br \/>\n2011 kev\u00e4\u00e4ll\u00e4 Sylvi oli ainoa marsumme i\u00e4kk\u00e4\u00e4n Herra Huunkin siirrytty\u00e4 6\/2010 vehre\u00e4mmille ruohomaille luultavimmin munuaissairauden uuvuttamana. Samalla kun hankimme kaupalle pikkujyrsij\u00f6it\u00e4, saimme el\u00e4inkuntaamme my\u00f6s uuden texel-rotuisen marsun Sissin texel\/rex-risteytysmarsutytt\u00e4rens\u00e4 Soman kanssa. I\u00e4k\u00e4s Sylvi ei tullut tulokkaiden kanssa oikein toimeen, joten Sylvi siirtyi viett\u00e4m\u00e4\u00e4n el\u00e4kep\u00e4ivi\u00e4\u00e4n Uuno-kanimme h\u00e4kkitoveriksi. Lokakuussa 2011 Sylvin poika Harri tuli meille hoitoon ja majoittautui samaan h\u00e4kkiin tytt\u00f6jen kanssa. Seurauksena t\u00e4st\u00e4 toveruudesta syntyi Sissille 6.12.2011 kolme reipasta poikaa. Kaikki poikaset olivat eri v\u00e4risi\u00e4: mustavalkokirjava vaikuttaisi perineen \u00e4itins\u00e4 karvanlaadun, is\u00e4ns\u00e4 n\u00e4k\u00f6inen, l\u00e4hes kokomusta poikanen on hieman pitk\u00e4karvaisempi ja kolmas, hyvin tummanruskea poika Vili on my\u00f6s pitk\u00e4karvaisempaa laatua. Soma ei valitettavasti tullut, ainakaan t\u00e4ll\u00e4 kertaa, kantavaksi.<\/p>\n<p><img loading=\"lazy\" decoding=\"async\" class=\"aligncenter size-full wp-image-549\" src=\"http:\/\/kapylanelainkauppa.fi\/wp-content\/uploads\/marsu_sissi.jpg\" alt=\"\" width=\"2973\" height=\"1353\" srcset=\"https:\/\/www.kapylanelainkauppa.fi\/wp-content\/uploads\/marsu_sissi.jpg 2973w, https:\/\/www.kapylanelainkauppa.fi\/wp-content\/uploads\/marsu_sissi-300x137.jpg 300w\" sizes=\"auto, (max-width: 2973px) 100vw, 2973px\" \/>kuvassa Sissi-\u00e4iti poikastensa kanssa 1\/2012<\/p>\n<p>Sissin ja Soman j\u00e4lkeen oli pitk\u00e4\u00e4n taukoa marsujen kanssa, mutta alkuvuodesta 2017 meille tuli kasvattajalta kaksi sile\u00e4karvaista tytt\u00f6marsua; Nevian Myy ja Nevian Maggie. N\u00e4iden kanssa oli tarkoitus elvytt\u00e4\u00e4 meid\u00e4n pienimuoinen marsukasvatus taas k\u00e4yntiin, mutta n\u00e4m\u00e4 tytt\u00f6set olivatkin sit\u00e4 mielt\u00e4, ett\u00e4 j\u00e4\u00e4v\u00e4t mielummin vanhoiksipiioiksi eiv\u00e4tk\u00e4 tulleet kantaviksi vaikka kolmea eri urosta niille kokeiltiin ;D Ei se aina t\u00e4rpp\u00e4\u00e4&#8230;<br \/>\nTyt\u00f6t j\u00e4iv\u00e4t kuitenkin meille kauppamaskoteiksi &lt;3<br \/>\nMaggie jouduttiin vuonna 2021 lopettamaan kilpirauhasvaivojen takia ja yksin\u00e4iselle Myylle hankittiin uusi kaveri, luovutusik\u00e4inen Helga. Helga on my\u00f6s sile\u00e4karvainen, mutta otsalla on crest ja niskassa pieni harjas. Hassun n\u00e4k\u00f6inen tytt\u00f6!<br \/>\nHelgalle l\u00f6ytyi sopivasti sulhanen meille myyntiin tulleesta nuoresta pojasta Voltista ja nyt onnistui ja 25.8.2022 syntyi n\u00e4iden yhteiset poikaset, 5kpl. T\u00e4m\u00e4n poikueen tarinaa tarkemmin <a href=\"https:\/\/www.facebook.com\/permalink.php?story_fbid=pfbid02JRz2FQiShwzNSauc94UuwaDzZTvYsAZdAAgrJW8PU5SSt5QBszkemXtK8vUaPxcdl&amp;id=100063715414263\">Facebookissa<\/a> . Yksi menehtyi alle viikon ik\u00e4isen\u00e4 ja Helgakin sairastui vakavaan raskausmyrkytykseen, mutta lopulta selviytyiv\u00e4t apuruokittuina pojat Kurre ja Kieppi ja tyt\u00f6t Kuje ja Kuutti. Ja my\u00f6s Helga toipui kuin ihmeen kaupalla. En\u00e4\u00e4 sit\u00e4 en uskalla kyll\u00e4 astuttaa, mutta tyt\u00f6t j\u00e4iv\u00e4t nyt kaupalle toivottavasti jatkamaan sukuaan vuoden 2023 kev\u00e4\u00e4ll\u00e4.<br \/>\nP\u00e4\u00e4tin my\u00f6s jo aiemmin, ett\u00e4 tehd\u00e4\u00e4n periaatep\u00e4\u00e4t\u00f6s ja myyd\u00e4\u00e4n jatkossa meilt\u00e4 marsupoikia vain valmiiksi kastroituina. Uskon vahvasti, ett\u00e4 n\u00e4in niill\u00e4 on helpompi el\u00e4m\u00e4 edess\u00e4\u00e4n. Joko leikatut pojat kesken\u00e4\u00e4n tai parhaassa tapauksessa naarashaaremin kunkkuina.<br \/>\nKurre ja Kieppi kastroitiin 5kk:n i\u00e4ss\u00e4 ja hyvin kesken\u00e4\u00e4n toimeen tulevat oravann\u00e4k\u00f6iset veljekset muuttavat yhteiseen omaan kotiin alkuvuodesta 2023 \ud83d\ude42<\/p>\n","protected":false},"excerpt":{"rendered":"<p>MARSU-JUTTUJEN P\u00c4IVITYS TY\u00d6N ALLA&#8230; \ud83d\ude09 Ensimm\u00e4iset marsumme saapuivat kaupalle asumaan vuonna 2002. Kyseess\u00e4 oli er\u00e4\u00e4n asiakkaamme 12.5.2002 syntynyt oma poikue, josta kaksi myytiin ja kaksi tytt\u00f6\u00e4 j\u00e4i meille asumaan. Sohvi oli kokomusta lyhytkarvainen ja Kinuski lyhytkarvainen musta kinuskinv\u00e4risill\u00e4 laikuilla ja p\u00e4\u00e4ss\u00e4\u00e4n crest eli sellainen hauska py\u00f6rre. Molemmilla on ollut pari poikuetta, jotka on myyty lemmikeiksi.&hellip; <\/p>\n<p class=\"toivo-read-more\"><a href=\"https:\/\/www.kapylanelainkauppa.fi\/index.php\/kaupan-henkilokunta-ja-asukit\/puodin-marsuelamaa\/\" class=\"more-link\">Lue lis\u00e4\u00e4 <span class=\"screen-reader-text\">Puodin marsuel\u00e4m\u00e4\u00e4<\/span><\/a><\/p>\n","protected":false},"author":1,"featured_media":0,"parent":442,"menu_order":3,"comment_status":"closed","ping_status":"closed","template":"","meta":{"footnotes":""},"class_list":{"0":"post-64","1":"page","2":"type-page","3":"status-publish","5":"entry"},"_links":{"self":[{"href":"https:\/\/www.kapylanelainkauppa.fi\/index.php\/wp-json\/wp\/v2\/pages\/64","targetHints":{"allow":["GET"]}}],"collection":[{"href":"https:\/\/www.kapylanelainkauppa.fi\/index.php\/wp-json\/wp\/v2\/pages"}],"about":[{"href":"https:\/\/www.kapylanelainkauppa.fi\/index.php\/wp-json\/wp\/v2\/types\/page"}],"author":[{"embeddable":true,"href":"https:\/\/www.kapylanelainkauppa.fi\/index.php\/wp-json\/wp\/v2\/users\/1"}],"replies":[{"embeddable":true,"href":"https:\/\/www.kapylanelainkauppa.fi\/index.php\/wp-json\/wp\/v2\/comments?post=64"}],"version-history":[{"count":8,"href":"https:\/\/www.kapylanelainkauppa.fi\/index.php\/wp-json\/wp\/v2\/pages\/64\/revisions"}],"predecessor-version":[{"id":1964,"href":"https:\/\/www.kapylanelainkauppa.fi\/index.php\/wp-json\/wp\/v2\/pages\/64\/revisions\/1964"}],"up":[{"embeddable":true,"href":"https:\/\/www.kapylanelainkauppa.fi\/index.php\/wp-json\/wp\/v2\/pages\/442"}],"wp:attachment":[{"href":"https:\/\/www.kapylanelainkauppa.fi\/index.php\/wp-json\/wp\/v2\/media?parent=64"}],"curies":[{"name":"wp","href":"https:\/\/api.w.org\/{rel}","templated":true}]}}