{"id":68,"date":"2016-12-02T08:13:01","date_gmt":"2016-12-02T08:13:01","guid":{"rendered":"http:\/\/elainkauppa.savipaja.net\/?page_id=68"},"modified":"2023-11-08T17:14:26","modified_gmt":"2023-11-08T15:14:26","slug":"lintujen-ruoat","status":"publish","type":"page","link":"https:\/\/www.kapylanelainkauppa.fi\/index.php\/tuotteet\/linnut\/lintujen-ruoat\/","title":{"rendered":"Lintujen ruoat"},"content":{"rendered":"<h5 style=\"text-align: center;\">Valikoimastamme l\u00f6yd\u00e4t monipuoliset ev\u00e4\u00e4t siivekk\u00e4ille pikkuyst\u00e4villesi \ud83d\ude42<\/h5>\n<p><img loading=\"lazy\" decoding=\"async\" class=\" wp-image-1314 aligncenter\" src=\"http:\/\/kapylanelainkauppa.fi\/wp-content\/uploads\/viiriaiset2-1-300x165.jpg\" alt=\"\" width=\"356\" height=\"196\" srcset=\"https:\/\/www.kapylanelainkauppa.fi\/wp-content\/uploads\/viiriaiset2-1-300x165.jpg 300w, https:\/\/www.kapylanelainkauppa.fi\/wp-content\/uploads\/viiriaiset2-1.jpg 480w\" sizes=\"auto, (max-width: 356px) 100vw, 356px\" \/><\/p>\n<h4>JYV\u00c4SEKOITUKSET<\/h4>\n<ul>\n<li>Pakataan kaupalla isommista s\u00e4keist\u00e4 kilon pusseihin&#8230;<br \/>\n&#8211; Peipoille\u00a0 4,90\u20ac kg<br \/>\n&#8211; Kanarialinnuille\u00a0 4,90\u20ac kg<br \/>\n&#8211; Undulaateille\u00a0 4,90\u20ac kg<br \/>\n&#8211; Parakiiteille\u00a0 4,90\u20ac kg<br \/>\n&#8211; Papukaijoille<\/li>\n<\/ul>\n<h4>PELLETIT<img loading=\"lazy\" decoding=\"async\" class=\"wp-image-757 alignright\" src=\"http:\/\/kapylanelainkauppa.fi\/wp-content\/uploads\/zupreem-natural-with-added-vitamins-minerals-premium-daily-bird-food-medium-large-birds-300x300.jpg\" alt=\"\" width=\"257\" height=\"257\" srcset=\"https:\/\/www.kapylanelainkauppa.fi\/wp-content\/uploads\/zupreem-natural-with-added-vitamins-minerals-premium-daily-bird-food-medium-large-birds-300x300.jpg 300w, https:\/\/www.kapylanelainkauppa.fi\/wp-content\/uploads\/zupreem-natural-with-added-vitamins-minerals-premium-daily-bird-food-medium-large-birds-140x140.jpg 140w, https:\/\/www.kapylanelainkauppa.fi\/wp-content\/uploads\/zupreem-natural-with-added-vitamins-minerals-premium-daily-bird-food-medium-large-birds.jpg 800w\" sizes=\"auto, (max-width: 257px) 100vw, 257px\" \/><\/h4>\n<ul>\n<li>Laadukkaat ZuPreem-pelletit:<br \/>\n&#8211; Undulaateille, parakiiteille, papukaijoille Natural -vaihtoehto<\/p>\n<h4>HERKUT<\/h4>\n<\/li>\n<li>Hirssint\u00e4hk\u00e4t pakattu kaupalla vaihtelevan kokoisiin pusseihin 15\u20ac kg<\/li>\n<li>Voimaruoat<\/li>\n<li>Jyv\u00e4tangot<\/li>\n<li>Kuivatut jauhomadot<\/li>\n<li>Kuorelliset maap\u00e4hkin\u00e4t<\/li>\n<\/ul>\n<h4>MUUT<\/h4>\n<ul>\n<li>Kalkkikivet<\/li>\n<li>Seepiansuomut<\/li>\n<li>Ruoansulatushiekka<\/li>\n<li>Vitamiinit<\/li>\n<li>Nestem\u00e4inen kalkki<\/li>\n<li>Viiri\u00e4isten kylpyhiekka<\/li>\n<\/ul>\n","protected":false},"excerpt":{"rendered":"<p>Valikoimastamme l\u00f6yd\u00e4t monipuoliset ev\u00e4\u00e4t siivekk\u00e4ille pikkuyst\u00e4villesi \ud83d\ude42 JYV\u00c4SEKOITUKSET Pakataan kaupalla isommista s\u00e4keist\u00e4 kilon pusseihin&#8230; &#8211; Peipoille\u00a0 4,90\u20ac kg &#8211; Kanarialinnuille\u00a0 4,90\u20ac kg &#8211; Undulaateille\u00a0 4,90\u20ac kg &#8211; Parakiiteille\u00a0 4,90\u20ac kg &#8211; Papukaijoille PELLETIT Laadukkaat ZuPreem-pelletit: &#8211; Undulaateille, parakiiteille, papukaijoille Natural -vaihtoehto HERKUT Hirssint\u00e4hk\u00e4t pakattu kaupalla vaihtelevan kokoisiin pusseihin 15\u20ac kg Voimaruoat Jyv\u00e4tangot Kuivatut jauhomadot Kuorelliset&hellip; <\/p>\n<p class=\"toivo-read-more\"><a href=\"https:\/\/www.kapylanelainkauppa.fi\/index.php\/tuotteet\/linnut\/lintujen-ruoat\/\" class=\"more-link\">Lue lis\u00e4\u00e4 <span class=\"screen-reader-text\">Lintujen ruoat<\/span><\/a><\/p>\n","protected":false},"author":1,"featured_media":0,"parent":66,"menu_order":10,"comment_status":"closed","ping_status":"closed","template":"","meta":{"footnotes":""},"class_list":{"0":"post-68","1":"page","2":"type-page","3":"status-publish","5":"entry"},"_links":{"self":[{"href":"https:\/\/www.kapylanelainkauppa.fi\/index.php\/wp-json\/wp\/v2\/pages\/68","targetHints":{"allow":["GET"]}}],"collection":[{"href":"https:\/\/www.kapylanelainkauppa.fi\/index.php\/wp-json\/wp\/v2\/pages"}],"about":[{"href":"https:\/\/www.kapylanelainkauppa.fi\/index.php\/wp-json\/wp\/v2\/types\/page"}],"author":[{"embeddable":true,"href":"https:\/\/www.kapylanelainkauppa.fi\/index.php\/wp-json\/wp\/v2\/users\/1"}],"replies":[{"embeddable":true,"href":"https:\/\/www.kapylanelainkauppa.fi\/index.php\/wp-json\/wp\/v2\/comments?post=68"}],"version-history":[{"count":11,"href":"https:\/\/www.kapylanelainkauppa.fi\/index.php\/wp-json\/wp\/v2\/pages\/68\/revisions"}],"predecessor-version":[{"id":2035,"href":"https:\/\/www.kapylanelainkauppa.fi\/index.php\/wp-json\/wp\/v2\/pages\/68\/revisions\/2035"}],"up":[{"embeddable":true,"href":"https:\/\/www.kapylanelainkauppa.fi\/index.php\/wp-json\/wp\/v2\/pages\/66"}],"wp:attachment":[{"href":"https:\/\/www.kapylanelainkauppa.fi\/index.php\/wp-json\/wp\/v2\/media?parent=68"}],"curies":[{"name":"wp","href":"https:\/\/api.w.org\/{rel}","templated":true}]}}