{"id":70,"date":"2016-12-02T08:16:38","date_gmt":"2016-12-02T08:16:38","guid":{"rendered":"http:\/\/elainkauppa.savipaja.net\/?page_id=70"},"modified":"2023-10-31T18:55:29","modified_gmt":"2023-10-31T16:55:29","slug":"puodin-siivekkaat-asukit","status":"publish","type":"page","link":"https:\/\/www.kapylanelainkauppa.fi\/index.php\/kaupan-henkilokunta-ja-asukit\/puodin-siivekkaat-asukit\/","title":{"rendered":"Puodin siivekk\u00e4\u00e4t asukit"},"content":{"rendered":"<h5>LINTU-JUTTUJEN P\u00c4IVITYS TY\u00d6N ALLA\u2026\u00a0?<\/h5>\n<h1>LINTUPARVI<\/h1>\n<p>Olen harrastanut lintuja jo parikymment\u00e4 vuotta. Lapsena kinusin pitk\u00e4\u00e4n jotain omaa lemmikki\u00e4 ja lopulta vanhempani suostuivat \u201djoihinkin pieniin h\u00e4kkilintuihin\u201d. Ensimm\u00e4iset lintuni olivat lopulta tulikutojia, jotka eiv\u00e4t ole ihan perinteinen laji lintuharrastuksen aloitukseen. \u201dVahingosta\u201d viisastuneena hankin my\u00f6hemmin my\u00f6s tavallisempia h\u00e4kkilintuja eli lokkipeippoja, seeprapeippoja ja kanarialintuja.<br \/>\nNyky\u00e4\u00e4n kaupalla asuvaan \u201dparveen\u201d on kertynyt kaikenlaista siivek\u00e4st\u00e4. Lintuharrastus tuntuu olevan nyky\u00e4\u00e4n aika v\u00e4h\u00e4ist\u00e4 eik\u00e4 lintuja myyvi\u00e4 el\u00e4inkauppoja ole kovin paljon. Meid\u00e4nkin linnuista osa on kulkeutunut t\u00e4nne toimintansa lopettaneista liikkeist\u00e4.<\/p>\n<h2>ROOPE\u00a0\u00a0 &#8211;\u00a0 Jako eli harmaapapukaija, Psittacus Erithacus<\/h2>\n<p><img loading=\"lazy\" decoding=\"async\" class=\"alignright size-full wp-image-552\" src=\"http:\/\/kapylanelainkauppa.fi\/wp-content\/uploads\/omaroope.jpg\" alt=\"\" width=\"408\" height=\"612\" srcset=\"https:\/\/www.kapylanelainkauppa.fi\/wp-content\/uploads\/omaroope.jpg 408w, https:\/\/www.kapylanelainkauppa.fi\/wp-content\/uploads\/omaroope-200x300.jpg 200w\" sizes=\"auto, (max-width: 408px) 100vw, 408px\" \/>Aloitetaan esittely \u201dtalon vanhimmasta\u201d eli Roopesta. Roopen arvioitu syntym\u00e4vuosi on 1958 ja se saapui kaupallemme asumaan kes\u00e4ll\u00e4 2004. Se ehti asua entisess\u00e4 kodissa parikymment\u00e4 vuotta, mutta valitettavasti perheen is\u00e4n astma \u00e4ityi niin pahaksi, ett\u00e4 Roopesta oli luovuttava. Roope on kokenut el\u00e4m\u00e4ns\u00e4 aikana kovia. Kun entinen omistaja n\u00e4ki sen ensimm\u00e4isen kerran er\u00e4\u00e4ss\u00e4 el\u00e4inkaupassa, se oli ollut l\u00e4hes h\u00f6yhenet\u00f6n reppana, jonka toinen silm\u00e4 oli jossain vaiheessa vahingoittunut niin, ett\u00e4 se oli kuivunut mit\u00e4tt\u00f6m\u00e4ksi. Se oli hiljattain saapunut kyseiselle el\u00e4inkaupalle sit\u00e4 edellisest\u00e4 kodistaan, miss\u00e4 sit\u00e4 oli pidetty huonosti. Uuden kodin hyv\u00e4ss\u00e4 hoidossa h\u00f6yhenet kasvoivat takaisin, mutta toinen silm\u00e4 on ja pysyy sokeana. Kaupallamme Roopelle hankittiin suuri h\u00e4kki, jossa se viihtyy hyvin. H\u00e4kin luukku on usein auki, mutta ilmeisesti huonon n\u00e4k\u00f6ns\u00e4 vuoksi se ei uskaltaudu ulos sielt\u00e4. Luukulta on kuitenkin kiva p\u00e4llistell\u00e4 ihmisi\u00e4 ja kerj\u00e4t\u00e4 namuja. Sanoja Roope ei ole oppinut toistamaan, vaikka jakot ovatkin yleens\u00e4 taitavia puhujia. Sen sijaan se oppii todella nopeasti erilaisia vihellyksi ja sen uusimpia bravuureja ovat t\u00e4ll\u00e4 hetkell\u00e4 Jyskin mainostunnari ja Akcentin Kylie-biisi!! Mitenk\u00e4\u00e4n t\u00e4ysin kesy se ei ole vaan tulee kyll\u00e4 n\u00e4peille jos sit\u00e4 sen mielest\u00e4 h\u00e4irit\u00e4\u00e4n aiheettomasti h\u00e4kiss\u00e4\u00e4n. Tai jos ruokakuppiin uskalletaan lis\u00e4t\u00e4 ruokaa \ud83d\ude09 Muuten se on kiva poika&#8230; tai tytt\u00f6, ja nauttii siit\u00e4, ett\u00e4 sill\u00e4 on ainakin 8 tuntia ohjelmaa p\u00e4ivitt\u00e4in ihmetelles\u00e4\u00e4n millaisia asiakkaita ovesta tulee ja p\u00e4\u00e4stess\u00e4\u00e4n mahdollisesti jujuttamaan niiden mukana tulevia koiria vislaamalla niille\u2026 Roopelle on muodostunut suuri yst\u00e4v\u00e4- ja ihailijapiiri asiakkaidemme joukosta.<\/p>\n<h2>SVEN ja OLGA &#8211; Jaavan naurukyyhky, Streptopelia sp.<\/h2>\n<p><img loading=\"lazy\" decoding=\"async\" class=\"alignright size-full wp-image-553\" src=\"http:\/\/kapylanelainkauppa.fi\/wp-content\/uploads\/kyyhkyt.jpg\" alt=\"\" width=\"453\" height=\"601\" srcset=\"https:\/\/www.kapylanelainkauppa.fi\/wp-content\/uploads\/kyyhkyt.jpg 453w, https:\/\/www.kapylanelainkauppa.fi\/wp-content\/uploads\/kyyhkyt-226x300.jpg 226w\" sizes=\"auto, (max-width: 453px) 100vw, 453px\" \/>Sven on entinen taikurin temppukyyhkynen. Taikuri p\u00e4\u00e4tti kuitenkin luopua siit\u00e4 koska se oli aggressiivinen muita lintuja kohtaan. Niinp\u00e4 se p\u00e4\u00e4tyi pienen mutkan kautta kotiini jouluna 1996, jolloin se oli pari vuotias. Olen aina ihmetellyt ettei kyyhkysist\u00e4 ole tullut suositumpia lemmikkej\u00e4, koska ne ovat todella helppohoitoisia ja mukavia lemmikkej\u00e4. Ne ovat peruskesyj\u00e4 eiv\u00e4tk\u00e4 tykk\u00e4\u00e4 huonoa, vaikka niit\u00e4 pitelisi k\u00e4siss\u00e4 ja silittelisi, mist\u00e4 suurin osa linnuista olisi kauhuissaan. Ne eiv\u00e4t tuhoa kotia nokallaan eli niit\u00e4 uskaltaa pit\u00e4\u00e4 vapaana ja sy\u00f6v\u00e4t hyv\u00e4ll\u00e4 halulla mit\u00e4 tarjotaan. Ne keikkuvat mielell\u00e4\u00e4n omistajansa olkap\u00e4\u00e4ll\u00e4 eik\u00e4 niill\u00e4 ole paha \u00e4\u00e4nik\u00e4\u00e4n. Kerrassaan mukavia lemmikkilintuja.<br \/>\nSven on aina ollut v\u00e4h\u00e4n h\u00f6n\u00f6. Sen lentotaidossa ei ole kehumista ja se saattaa t\u00f6rm\u00e4ill\u00e4 seiniin, mink\u00e4 j\u00e4lkeen se istuu pitk\u00e4\u00e4n lattialla kommentoimassa tapahtunutta tragediaa. Se alkoi v\u00e4hitellen vaikuttaa hieman yksin\u00e4iselt\u00e4 ja niinp\u00e4 sille hankittiin alkuvuodesta 1999 kaveriksi nuori luonnonv\u00e4rinen neito Olga. Olga on asiakkaani kotikasvattama eli kovin erilaisista l\u00e4ht\u00f6kohdista kuin Sven. Se osaa lent\u00e4\u00e4 upean kevyesti ja aina aiottuun paikkaan eik\u00e4 seinille \ud83d\ude09 Niist\u00e4 tuli Svenin kanssa heti hyv\u00e4t kaverit ja ovat olleet erottamattomat siit\u00e4 l\u00e4htien. Niill\u00e4 on ollut kolme poikuetta ja olisi ollut enemm\u00e4nkin jos ne olisivat saaneet valita. Munia l\u00f6ytyy v\u00e4h\u00e4n turhan usein h\u00e4kin pohjalta tai ruokakupeista. Kes\u00e4t ne asuvat m\u00f6kill\u00e4mme ulkotarhassa ja nauttivat olostaan saaristolaislintuina. Sven ja Olga ovat my\u00f6s esiintyneet Tuikku Kaimion &#8221;ohjastamina&#8221; monissa elokuvissa ja mainoksissa.<br \/>\nSven ja Olga l\u00e4htiv\u00e4t yhteiselle viimeiselle matkalleen k\u00e4si k\u00e4dess\u00e4, siipi siivess\u00e4 2016 sairasteltuaan molemmat jo jonkin aikaa&#8230;<\/p>\n<h2>AgaporniksetROMEO &amp; JULIA\u00a0\u00a0 &#8211;\u00a0 Rakkauspapukaija, Agapornis roseicollis<\/h2>\n<p><img loading=\"lazy\" decoding=\"async\" class=\"alignright size-full wp-image-554\" src=\"http:\/\/kapylanelainkauppa.fi\/wp-content\/uploads\/agapornikset.jpg\" alt=\"\" width=\"363\" height=\"438\" srcset=\"https:\/\/www.kapylanelainkauppa.fi\/wp-content\/uploads\/agapornikset.jpg 363w, https:\/\/www.kapylanelainkauppa.fi\/wp-content\/uploads\/agapornikset-249x300.jpg 249w\" sizes=\"auto, (max-width: 363px) 100vw, 363px\" \/>Pikku rakastavaiset muuttivat kauppaan 2002. Ne ovat syntyneet todenn\u00e4k\u00f6isesti 90-luvun puoliv\u00e4lin tienoilla. Tuttavani ei voinut en\u00e4\u00e4 pit\u00e4\u00e4 niit\u00e4 kotonaan ja t\u00e4nne ne mahtuivat silloin hyvin. Niille hankittiin suuri h\u00e4kki kun huomattiin, ettei niit\u00e4 voinut p\u00e4\u00e4st\u00e4\u00e4 lentelem\u00e4\u00e4n vapaana. Agapornikset rakastavat tuhoamista ja pieniin koloihin sulloutumista etsiess\u00e4\u00e4n sopivaa pes\u00e4paikkaa. Se ei oikein liikkeess\u00e4 k\u00e4ynyt p\u00e4ins\u00e4. Kaveruksista Julia on se fiksumpi osapuoli, joka aina huomaa jos h\u00e4kin luukku on j\u00e4\u00e4nyt ilman lukkoa, avaa nokallaan luukun ja johdattaa kaksikon pahantekoon. Onneksi ne ovat ahneita ja ruoan avulla ne saa nopeasti takaisin h\u00e4kkiin. Niill\u00e4 on ollut useampi poikue ja poikasia on aina k\u00e4sitelty runsaasti, joten uusiin koteihin on p\u00e4\u00e4tynyt varsin kesyj\u00e4 pikku agaporniksia. Julia kuoli kev\u00e4ttalvella 2007 ja Romeo joitain vuosia my\u00f6hemmin&#8230;<\/p>\n<h2>KANARIALINNUT, Serenius Canarius<\/h2>\n<p><img loading=\"lazy\" decoding=\"async\" class=\"alignright size-full wp-image-555\" src=\"http:\/\/kapylanelainkauppa.fi\/wp-content\/uploads\/Karkkilankanariat2.jpg\" alt=\"\" width=\"394\" height=\"451\" srcset=\"https:\/\/www.kapylanelainkauppa.fi\/wp-content\/uploads\/Karkkilankanariat2.jpg 394w, https:\/\/www.kapylanelainkauppa.fi\/wp-content\/uploads\/Karkkilankanariat2-262x300.jpg 262w\" sizes=\"auto, (max-width: 394px) 100vw, 394px\" \/>Karkkilan kanarialinnut\u00a0\u00a0 Kanarialinnut ovat aina olleet omia suosikkilintujani! Ne ovat kauniita, toimeliaita, fiksuja ja koiraat laulavat upeasti. Vapaana ollessaan ne eiv\u00e4t tee tuhoja ja oppivat nopeasti miten h\u00e4kkiin menn\u00e4\u00e4n takaisin. Tavoitteenani on ollut kasvattaa yksiv\u00e4risi\u00e4 kanarialintuja, joista v\u00e4rein\u00e4 oranssi, keltainen ja valkoinen.<br \/>\nKaupalla asustelee nyt keltainen pesiv\u00e4 pariskunta Aatu (10-2004, Faunatar) ja Titi II (2003). Ne ovat innokkaita pesim\u00e4\u00e4n ja keltaisia poikasia on tullut useasti. Lis\u00e4ksi on toinen \u201duusi\u201d keltainen pariskunta; Arska (08-2006, oma kasvatti) ja <img loading=\"lazy\" decoding=\"async\" class=\"alignright size-medium wp-image-556\" src=\"http:\/\/kapylanelainkauppa.fi\/wp-content\/uploads\/kanarialapsi07-300x209.jpg\" alt=\"\" width=\"300\" height=\"209\" srcset=\"https:\/\/www.kapylanelainkauppa.fi\/wp-content\/uploads\/kanarialapsi07-300x209.jpg 300w, https:\/\/www.kapylanelainkauppa.fi\/wp-content\/uploads\/kanarialapsi07.jpg 601w\" sizes=\"auto, (max-width: 300px) 100vw, 300px\" \/>Jaffa (4.4.2005, Karkkila). Jaffa on v\u00e4h\u00e4n oranssin s\u00e4vyinen ja Arska kirkkaan sitruunankeltainen. N\u00e4ill\u00e4 ei viel\u00e4 ole ollut poikasia, mutta pes\u00e4kori laitetaan n\u00e4in\u00e4 p\u00e4ivin\u00e4\u2026 Kolmas \u201dpariskunta\u201d on oranssi; Candy (4.4.2005, Karkkila) ja Satsuma (08-2005, Saksa). Satsuman piti olla koiras, mutta vaikka ne ovat munineet ja hautoneet ahkerasti, ei poikasia ole tullut, joten ep\u00e4ilen, ett\u00e4 Satsuma ehk\u00e4 onkin tytt\u00f6 vaikka v\u00e4h\u00e4n laulaakin. Eli jostain pit\u00e4isi l\u00f6yt\u00e4\u00e4 oranssi varma uros, ett\u00e4 oranssi-kasvatus jatkuisi. Lis\u00e4ksi on yksi oranssi naaras Titi (06-2000), joka asustelee yksin\u00e4\u00e4n. Sen muutama h\u00f6yhen on alkanut kasvamaan vinksalleen, joten sit\u00e4 ei en\u00e4\u00e4 k\u00e4ytet\u00e4 \u201djalostukseen\u201d. Vaivan syyt\u00e4 ei varmaksi tiedet\u00e4, mutta en halua ett\u00e4 se periytt\u00e4\u00e4 sit\u00e4 poikasilleen. Suuri ylpeyteni on valkoinen naaras Pulmunen (08-2005, Saksa).<\/p>\n<h2>SINIVIIRI\u00c4ISET, Coturnix chinensis<\/h2>\n<p><img loading=\"lazy\" decoding=\"async\" class=\"alignright wp-image-557 size-full\" src=\"http:\/\/kapylanelainkauppa.fi\/wp-content\/uploads\/viiriaiset2.jpg\" alt=\"\" width=\"480\" height=\"264\" srcset=\"https:\/\/www.kapylanelainkauppa.fi\/wp-content\/uploads\/viiriaiset2.jpg 480w, https:\/\/www.kapylanelainkauppa.fi\/wp-content\/uploads\/viiriaiset2-300x165.jpg 300w\" sizes=\"auto, (max-width: 480px) 100vw, 480px\" \/>Hauskat siniviiri\u00e4iset p\u00e4\u00e4tyiv\u00e4t kauppaamme kun Karkkilassa ollut el\u00e4inkauppa lopetti toimintansa. Lintuja oli silloin viisi, mutta kaksi myin heti pois. Vaihdossa sain yhden valkokurkkuisen koiraan. Kukko sai nimekseen Gabriel (06-2005) ja kaverikseen ruskean naaraan, jonka nimeksi tuli Hieta (05-2005, Karkkila). T\u00e4m\u00e4 pari on saanut muutaman kerran poikasia ja Hieta on hienosti hautonut munat ja hoitanut poikaset. Paitsi ensimm\u00e4isell\u00e4 kerralla, jolloin se pelk\u00e4si n\u00e4it\u00e4 munista yht\u00e4kki\u00e4 ilmestyvi\u00e4 yll\u00e4tyksi\u00e4\u2026 \ud83d\ude09 Vankeudessa asuvilla linnuilla on haudontavietti usein kadonnut ja munat haudotaan haudontakoneessa. Onkin hyv\u00e4, ett\u00e4 jotkut kanat kuitenkin hautovat itse, koska todenn\u00e4k\u00f6isesti my\u00f6s niiden poikasilla on t\u00e4m\u00e4 vietti sitten j\u00e4ljell\u00e4. T\u00e4ll\u00e4 hetkell\u00e4 (elokuu 2010) kaupalla asustaa ainoastaan leskeksi j\u00e4\u00e4nyt kukko Gabriel.<\/p>\n<h2>TIMANTTIKYYHKYT, Geopelia cuneata<\/h2>\n<p>Kaupan erikoisempia asukkeja ovat olleet my\u00f6s kauniit timanttikyyhkysisarukset (02-07). Olen ihaillut n\u00e4it\u00e4 siroja kyyhkysi\u00e4 jo kauan ja er\u00e4\u00e4n\u00e4 p\u00e4iv\u00e4n\u00e4 yksi asiakas soitti ja kysyi ottaisinko myyntiin h\u00e4nell\u00e4 syntyneet sisarukset. Niin ne ilmestyiv\u00e4t kaupalle ja asuivat yhdess\u00e4 sekalaisen peippoparven kanssa. Molemmat olivat ilmeisesti uroksia ja alkoivat tapella n.vuoden ik\u00e4isen\u00e4, joten toinen muutti ty\u00f6ntekij\u00e4mme luokse ja toinen parakiittiparveen asiakkaallemme. Linnut tulivat hyvin toimeen pienten peippojen ja viiri\u00e4isten kanssa. Aika paljon lentotilaa ne kaipaavat eli tarvitsevat ison h\u00e4kin tai vapaana lentely\u00e4.<\/p>\n<p style=\"text-align: center;\"><img loading=\"lazy\" decoding=\"async\" class=\"aligncenter size-medium wp-image-558\" src=\"http:\/\/kapylanelainkauppa.fi\/wp-content\/uploads\/timanttikyyhky-300x125.jpg\" alt=\"\" width=\"300\" height=\"125\" srcset=\"https:\/\/www.kapylanelainkauppa.fi\/wp-content\/uploads\/timanttikyyhky-300x125.jpg 300w, https:\/\/www.kapylanelainkauppa.fi\/wp-content\/uploads\/timanttikyyhky.jpg 573w\" sizes=\"auto, (max-width: 300px) 100vw, 300px\" \/>Timanttikyyhky<\/p>\n<h2>SEKALAINEN PEIPPOSEURAKUNTA<\/h2>\n<p>Peipot ovat pieni\u00e4, sosiaalisia lintuja, jotka tulevat yleens\u00e4 hyvin toimeen toistensa kanssa. Liikkeess\u00e4mme el\u00e4\u00e4 suuressa h\u00e4kiss\u00e4\u00e4n sekalainen peipposeurakunta, johon on aikojen saatossa kuulunut erilaisia j\u00e4seni\u00e4. Karkkilan 4Petsin lopettaessa toimintansa liikkest\u00e4 muuttivat meille tummanruskeat lokkipeipposisarukset (05-05). Lis\u00e4\u00e4 saman lajin lintuja saimme asiakkaaltamme vuonna 2008. Eirassa toimintansa lopettaneesta el\u00e4inkaupasta puolestaan saapui harlekiinipeippopariskunta: mustap\u00e4inen naaras Hilma (2000), ja sen puoliso Severi sek\u00e4 perhospeipponaaras Essi, jolle my\u00f6hemmin hankittiin kaveriksi Elmeri. Parvessa on aiemmin elellyt my\u00f6s punapiispapariskunta Piikki ja Pumpuli.\u00a0 Kasvatin aikaisemmin fawn-v\u00e4risi\u00e4 valkoisia seeprapeippoja, joilla kuviointi n\u00e4kyy himme\u00e4n\u00e4. Ehk\u00e4 niit\u00e4kin viel\u00e4 joskus hankitaan taas lis\u00e4\u00e4.<\/p>\n","protected":false},"excerpt":{"rendered":"<p>LINTU-JUTTUJEN P\u00c4IVITYS TY\u00d6N ALLA\u2026\u00a0? LINTUPARVI Olen harrastanut lintuja jo parikymment\u00e4 vuotta. Lapsena kinusin pitk\u00e4\u00e4n jotain omaa lemmikki\u00e4 ja lopulta vanhempani suostuivat \u201djoihinkin pieniin h\u00e4kkilintuihin\u201d. Ensimm\u00e4iset lintuni olivat lopulta tulikutojia, jotka eiv\u00e4t ole ihan perinteinen laji lintuharrastuksen aloitukseen. \u201dVahingosta\u201d viisastuneena hankin my\u00f6hemmin my\u00f6s tavallisempia h\u00e4kkilintuja eli lokkipeippoja, seeprapeippoja ja kanarialintuja. Nyky\u00e4\u00e4n kaupalla asuvaan \u201dparveen\u201d on kertynyt&hellip; <\/p>\n<p class=\"toivo-read-more\"><a href=\"https:\/\/www.kapylanelainkauppa.fi\/index.php\/kaupan-henkilokunta-ja-asukit\/puodin-siivekkaat-asukit\/\" class=\"more-link\">Lue lis\u00e4\u00e4 <span class=\"screen-reader-text\">Puodin siivekk\u00e4\u00e4t asukit<\/span><\/a><\/p>\n","protected":false},"author":1,"featured_media":0,"parent":442,"menu_order":4,"comment_status":"closed","ping_status":"closed","template":"","meta":{"footnotes":""},"class_list":{"0":"post-70","1":"page","2":"type-page","3":"status-publish","5":"entry"},"_links":{"self":[{"href":"https:\/\/www.kapylanelainkauppa.fi\/index.php\/wp-json\/wp\/v2\/pages\/70","targetHints":{"allow":["GET"]}}],"collection":[{"href":"https:\/\/www.kapylanelainkauppa.fi\/index.php\/wp-json\/wp\/v2\/pages"}],"about":[{"href":"https:\/\/www.kapylanelainkauppa.fi\/index.php\/wp-json\/wp\/v2\/types\/page"}],"author":[{"embeddable":true,"href":"https:\/\/www.kapylanelainkauppa.fi\/index.php\/wp-json\/wp\/v2\/users\/1"}],"replies":[{"embeddable":true,"href":"https:\/\/www.kapylanelainkauppa.fi\/index.php\/wp-json\/wp\/v2\/comments?post=70"}],"version-history":[{"count":7,"href":"https:\/\/www.kapylanelainkauppa.fi\/index.php\/wp-json\/wp\/v2\/pages\/70\/revisions"}],"predecessor-version":[{"id":1965,"href":"https:\/\/www.kapylanelainkauppa.fi\/index.php\/wp-json\/wp\/v2\/pages\/70\/revisions\/1965"}],"up":[{"embeddable":true,"href":"https:\/\/www.kapylanelainkauppa.fi\/index.php\/wp-json\/wp\/v2\/pages\/442"}],"wp:attachment":[{"href":"https:\/\/www.kapylanelainkauppa.fi\/index.php\/wp-json\/wp\/v2\/media?parent=70"}],"curies":[{"name":"wp","href":"https:\/\/api.w.org\/{rel}","templated":true}]}}