{"id":74,"date":"2016-12-02T08:18:33","date_gmt":"2016-12-02T08:18:33","guid":{"rendered":"http:\/\/elainkauppa.savipaja.net\/?page_id=74"},"modified":"2023-10-31T19:05:52","modified_gmt":"2023-10-31T17:05:52","slug":"puodin-evakkaat-asukit","status":"publish","type":"page","link":"https:\/\/www.kapylanelainkauppa.fi\/index.php\/kaupan-henkilokunta-ja-asukit\/puodin-evakkaat-asukit\/","title":{"rendered":"Puodin ev\u00e4kk\u00e4\u00e4t asukit"},"content":{"rendered":"<p>Liikkeess\u00e4mme asuu my\u00f6s maskottina komea ilmestys&#8230;<\/p>\n<p>NIPSU-Niilinhauki<big><br \/>\n<\/big><\/p>\n<p><img loading=\"lazy\" decoding=\"async\" class=\"size-full wp-image-526\" src=\"http:\/\/kapylanelainkauppa.fi\/wp-content\/uploads\/kalanipsuniilinhauki_reunat.jpg\" alt=\"\" width=\"603\" height=\"385\" srcset=\"https:\/\/www.kapylanelainkauppa.fi\/wp-content\/uploads\/kalanipsuniilinhauki_reunat.jpg 603w, https:\/\/www.kapylanelainkauppa.fi\/wp-content\/uploads\/kalanipsuniilinhauki_reunat-300x192.jpg 300w\" sizes=\"auto, (max-width: 603px) 100vw, 603px\" \/><\/p>\n<p>Nipsun edelt\u00e4j\u00e4, Niilo-Niilinhauki otettiin kauppaamme asumaan kun sen omistaja kyll\u00e4styi siihen ja sen ominaisuuteen saalistaa ja nielaista akvaarion muut kalat. Niilo k\u00e4veli kuitenkin akvaariosta ulos er\u00e4\u00e4n\u00e4 y\u00f6n\u00e4 ja loukkaantui niin, ett\u00e4 kuoli. Hassua kalaa tuli ik\u00e4v\u00e4 ja edelt\u00e4j\u00e4\u00e4ns\u00e4 komeamman v\u00e4rinen Nipsu muutti kauppaamme n. vuonna 2007. Pienest\u00e4 lierosta kasvoi nopeasti iso ja komea kala, se on t\u00e4ll\u00e4 hetkell\u00e4 noin 30 cm pituinen. Se on muuttanut aina vaan isompiin altaisiin kasvaessaan ja t\u00e4ll\u00e4 hetkell\u00e4 asustaa yksin\u00e4\u00e4n n. 300litran altaassa.<\/p>\n<p><a href=\"https:\/\/fi.wikipedia.org\/wiki\/Niilinhauki\">Niilinhauki<\/a> on erikoinen kala, varsinainen muinaisj\u00e4\u00e4nne. Se pystyy liikkumaan kuivalla maalla etuevill\u00e4\u00e4n ry\u00f6mien etsiess\u00e4\u00e4n uusia lammikoita tai puroja.<\/p>\n","protected":false},"excerpt":{"rendered":"<p>Liikkeess\u00e4mme asuu my\u00f6s maskottina komea ilmestys&#8230; NIPSU-Niilinhauki Nipsun edelt\u00e4j\u00e4, Niilo-Niilinhauki otettiin kauppaamme asumaan kun sen omistaja kyll\u00e4styi siihen ja sen ominaisuuteen saalistaa ja nielaista akvaarion muut kalat. Niilo k\u00e4veli kuitenkin akvaariosta ulos er\u00e4\u00e4n\u00e4 y\u00f6n\u00e4 ja loukkaantui niin, ett\u00e4 kuoli. Hassua kalaa tuli ik\u00e4v\u00e4 ja edelt\u00e4j\u00e4\u00e4ns\u00e4 komeamman v\u00e4rinen Nipsu muutti kauppaamme n. vuonna 2007. Pienest\u00e4 lierosta&hellip; <\/p>\n<p class=\"toivo-read-more\"><a href=\"https:\/\/www.kapylanelainkauppa.fi\/index.php\/kaupan-henkilokunta-ja-asukit\/puodin-evakkaat-asukit\/\" class=\"more-link\">Lue lis\u00e4\u00e4 <span class=\"screen-reader-text\">Puodin ev\u00e4kk\u00e4\u00e4t asukit<\/span><\/a><\/p>\n","protected":false},"author":1,"featured_media":0,"parent":442,"menu_order":6,"comment_status":"closed","ping_status":"closed","template":"","meta":{"footnotes":""},"class_list":{"0":"post-74","1":"page","2":"type-page","3":"status-publish","5":"entry"},"_links":{"self":[{"href":"https:\/\/www.kapylanelainkauppa.fi\/index.php\/wp-json\/wp\/v2\/pages\/74","targetHints":{"allow":["GET"]}}],"collection":[{"href":"https:\/\/www.kapylanelainkauppa.fi\/index.php\/wp-json\/wp\/v2\/pages"}],"about":[{"href":"https:\/\/www.kapylanelainkauppa.fi\/index.php\/wp-json\/wp\/v2\/types\/page"}],"author":[{"embeddable":true,"href":"https:\/\/www.kapylanelainkauppa.fi\/index.php\/wp-json\/wp\/v2\/users\/1"}],"replies":[{"embeddable":true,"href":"https:\/\/www.kapylanelainkauppa.fi\/index.php\/wp-json\/wp\/v2\/comments?post=74"}],"version-history":[{"count":5,"href":"https:\/\/www.kapylanelainkauppa.fi\/index.php\/wp-json\/wp\/v2\/pages\/74\/revisions"}],"predecessor-version":[{"id":1973,"href":"https:\/\/www.kapylanelainkauppa.fi\/index.php\/wp-json\/wp\/v2\/pages\/74\/revisions\/1973"}],"up":[{"embeddable":true,"href":"https:\/\/www.kapylanelainkauppa.fi\/index.php\/wp-json\/wp\/v2\/pages\/442"}],"wp:attachment":[{"href":"https:\/\/www.kapylanelainkauppa.fi\/index.php\/wp-json\/wp\/v2\/media?parent=74"}],"curies":[{"name":"wp","href":"https:\/\/api.w.org\/{rel}","templated":true}]}}