{"id":76,"date":"2016-12-02T08:21:28","date_gmt":"2016-12-02T08:21:28","guid":{"rendered":"http:\/\/elainkauppa.savipaja.net\/?page_id=76"},"modified":"2023-10-31T18:51:16","modified_gmt":"2023-10-31T16:51:16","slug":"talon-tassuttelijat","status":"publish","type":"page","link":"https:\/\/www.kapylanelainkauppa.fi\/index.php\/kaupan-henkilokunta-ja-asukit\/talon-tassuttelijat\/","title":{"rendered":"Talon tassuttelijat"},"content":{"rendered":"<h5 style=\"text-align: center;\">KOIRATARINAT VIEL\u00c4 V\u00c4H\u00c4N KESKEN&#8230;<\/h5>\n<h2><a href=\"http:\/\/kapylanelainkauppa.fi\/index.php\/koirat\/talon-tassuttelijat\/skoje-buhund\/\">Skoje &#8211; Buhund<\/a><\/h2>\n<p><img loading=\"lazy\" decoding=\"async\" class=\"alignnone wp-image-792\" src=\"http:\/\/kapylanelainkauppa.fi\/wp-content\/uploads\/Skoje-naama.jpg\" alt=\"\" width=\"411\" height=\"554\" \/><\/p>\n<h2><\/h2>\n<h2 style=\"text-align: left;\"><a href=\"http:\/\/kapylanelainkauppa.fi\/index.php\/koirat\/talon-tassuttelijat\/kyy-malinois\/\">Kyy &#8211; Malinois<\/a><\/h2>\n<h2><img loading=\"lazy\" decoding=\"async\" class=\"alignnone size-full wp-image-1287\" src=\"http:\/\/kapylanelainkauppa.fi\/wp-content\/uploads\/qyyetusivu-mv603x479.jpg\" alt=\"\" width=\"603\" height=\"479\" \/><\/h2>\n<h2><\/h2>\n<h2><a href=\"http:\/\/kapylanelainkauppa.fi\/index.php\/koirat\/talon-tassuttelijat\/smirre-buhund\/\">Smirre &#8211; Buhund<\/a><\/h2>\n<p><img loading=\"lazy\" decoding=\"async\" class=\"wp-image-790 size-full alignleft\" src=\"http:\/\/kapylanelainkauppa.fi\/wp-content\/uploads\/smirrelahikuva1mv.jpg\" alt=\"\" width=\"603\" height=\"430\" \/><\/p>\n<h2><\/h2>\n<h2><\/h2>\n<h2><\/h2>\n<h2><\/h2>\n<h2><\/h2>\n<h2><\/h2>\n<h2><a href=\"http:\/\/kapylanelainkauppa.fi\/index.php\/koirat\/talon-tassuttelijat\/hering-howawart\/\">Hering &#8211; Hovawart<\/a><\/h2>\n<p><img loading=\"lazy\" decoding=\"async\" class=\"alignnone size-full wp-image-504\" src=\"http:\/\/kapylanelainkauppa.fi\/wp-content\/uploads\/heringlahikuva.jpg\" alt=\"\" width=\"603\" height=\"406\" srcset=\"https:\/\/www.kapylanelainkauppa.fi\/wp-content\/uploads\/heringlahikuva.jpg 603w, https:\/\/www.kapylanelainkauppa.fi\/wp-content\/uploads\/heringlahikuva-300x202.jpg 300w\" sizes=\"auto, (max-width: 603px) 100vw, 603px\" \/><\/p>\n<h2><a href=\"http:\/\/kapylanelainkauppa.fi\/index.php\/koirat\/talon-tassuttelijat\/ilo-labradorinnoutaja\/\">Ilo &#8211; Labradorinnoutaja<\/a><\/h2>\n<p><img loading=\"lazy\" decoding=\"async\" class=\"alignnone size-full wp-image-505\" src=\"http:\/\/kapylanelainkauppa.fi\/wp-content\/uploads\/opasilo_mv.jpg\" alt=\"\" width=\"603\" height=\"406\" srcset=\"https:\/\/www.kapylanelainkauppa.fi\/wp-content\/uploads\/opasilo_mv.jpg 603w, https:\/\/www.kapylanelainkauppa.fi\/wp-content\/uploads\/opasilo_mv-300x202.jpg 300w\" sizes=\"auto, (max-width: 603px) 100vw, 603px\" \/><\/p>\n","protected":false},"excerpt":{"rendered":"<p>KOIRATARINAT VIEL\u00c4 V\u00c4H\u00c4N KESKEN&#8230; Skoje &#8211; Buhund Kyy &#8211; Malinois Smirre &#8211; Buhund Hering &#8211; Hovawart Ilo &#8211; Labradorinnoutaja<\/p>\n","protected":false},"author":1,"featured_media":0,"parent":442,"menu_order":1,"comment_status":"closed","ping_status":"closed","template":"","meta":{"footnotes":""},"class_list":{"0":"post-76","1":"page","2":"type-page","3":"status-publish","5":"entry"},"_links":{"self":[{"href":"https:\/\/www.kapylanelainkauppa.fi\/index.php\/wp-json\/wp\/v2\/pages\/76","targetHints":{"allow":["GET"]}}],"collection":[{"href":"https:\/\/www.kapylanelainkauppa.fi\/index.php\/wp-json\/wp\/v2\/pages"}],"about":[{"href":"https:\/\/www.kapylanelainkauppa.fi\/index.php\/wp-json\/wp\/v2\/types\/page"}],"author":[{"embeddable":true,"href":"https:\/\/www.kapylanelainkauppa.fi\/index.php\/wp-json\/wp\/v2\/users\/1"}],"replies":[{"embeddable":true,"href":"https:\/\/www.kapylanelainkauppa.fi\/index.php\/wp-json\/wp\/v2\/comments?post=76"}],"version-history":[{"count":15,"href":"https:\/\/www.kapylanelainkauppa.fi\/index.php\/wp-json\/wp\/v2\/pages\/76\/revisions"}],"predecessor-version":[{"id":1960,"href":"https:\/\/www.kapylanelainkauppa.fi\/index.php\/wp-json\/wp\/v2\/pages\/76\/revisions\/1960"}],"up":[{"embeddable":true,"href":"https:\/\/www.kapylanelainkauppa.fi\/index.php\/wp-json\/wp\/v2\/pages\/442"}],"wp:attachment":[{"href":"https:\/\/www.kapylanelainkauppa.fi\/index.php\/wp-json\/wp\/v2\/media?parent=76"}],"curies":[{"name":"wp","href":"https:\/\/api.w.org\/{rel}","templated":true}]}}