{"id":78,"date":"2016-12-02T08:22:45","date_gmt":"2016-12-02T08:22:45","guid":{"rendered":"http:\/\/elainkauppa.savipaja.net\/?page_id=78"},"modified":"2023-10-31T19:12:10","modified_gmt":"2023-10-31T17:12:10","slug":"smirre-buhund","status":"publish","type":"page","link":"https:\/\/www.kapylanelainkauppa.fi\/index.php\/kaupan-henkilokunta-ja-asukit\/talon-tassuttelijat\/smirre-buhund\/","title":{"rendered":"Smirre &#8211; Buhund"},"content":{"rendered":"<h2>BH TK2 Vuonohaan Caritas Lucia &#8221;Smirre&#8221;<\/h2>\n<p>BUHUND<br \/>\n<img loading=\"lazy\" decoding=\"async\" class=\"size-medium wp-image-340 alignright\" src=\"http:\/\/kapylanelainkauppa.fi\/wp-content\/uploads\/Smirrepentu5vko-225x300.jpg\" alt=\"\" width=\"225\" height=\"300\" srcset=\"https:\/\/www.kapylanelainkauppa.fi\/wp-content\/uploads\/Smirrepentu5vko-225x300.jpg 225w, https:\/\/www.kapylanelainkauppa.fi\/wp-content\/uploads\/Smirrepentu5vko.jpg 691w\" sizes=\"auto, (max-width: 225px) 100vw, 225px\" \/>Narttu<\/p>\n<p>13.12.2002 &#8211; 20.5.2017<\/p>\n<p>v\u00e4ri Blakk<\/p>\n<p>lonkat B<\/p>\n<p>i : Trelowen Bretennek<br \/>\ne : Vuonohaan Princess<\/p>\n<p>Omistaja Kati Leino<\/p>\n<p><a href=\"http:\/\/jalostus.kennelliitto.fi\/frmKoira.aspx?RekNo=FIN11593\/03&amp;R=237\" target=\"_blank\" rel=\"noopener\">Smirre KoiraNetiss\u00e4<br \/>\n<\/a><a href=\"http:\/\/koti.mbnet.fi\/halle\/bhy\/\" target=\"_blank\" rel=\"noopener\">Buhundien rotuyhdistyksen nettisivut<\/a><a href=\"http:\/\/jalostus.kennelliitto.fi\/frmKoira.aspx?RekNo=FIN11593\/03&amp;R=237\" target=\"_blank\" rel=\"noopener\"><br \/>\n<\/a><a href=\"http:\/\/www.vuonohaankennel.net\/\" target=\"_blank\" rel=\"noopener\">Smirren kasvattaja<\/a><\/p>\n<p>Tarinaa tulossa&#8230;<\/p>\n<h2>Tulossatoa kokeista<\/h2>\n<h3>Suojelukokeilutilaisuus 27.4.2008<\/h3>\n<p><iframe loading=\"lazy\" src=\"http:\/\/www.youtube.com\/embed\/AVyWybz6KZ4\" width=\"420\" height=\"315\" frameborder=\"0\" allowfullscreen=\"allowfullscreen\"><\/iframe><\/p>\n<p>HARJOITUSAVUSTAJA ESA TAPIO:<br \/>\n* Viettitaso: Korkea, keskittynyt<br \/>\n* Saalisk\u00e4ytt\u00e4ytyminen: Saalistaa voimakkaasti, keskittyneesti<br \/>\n* Puolustusk\u00e4ytt\u00e4ytyminen: Ei testattu<br \/>\n* Puruote: Koulutuksella ehk\u00e4 kehitett\u00e4viss\u00e4<br \/>\n* Toimintakyky: Varma, toimii itsen\u00e4isesti<\/p>\n<h3>BH-koe<\/h3>\n<p><img loading=\"lazy\" decoding=\"async\" class=\"size-medium wp-image-341 alignright\" src=\"http:\/\/kapylanelainkauppa.fi\/wp-content\/uploads\/smirrebh-200x300.jpg\" alt=\"\" width=\"200\" height=\"300\" srcset=\"https:\/\/www.kapylanelainkauppa.fi\/wp-content\/uploads\/smirrebh-200x300.jpg 200w, https:\/\/www.kapylanelainkauppa.fi\/wp-content\/uploads\/smirrebh.jpg 394w\" sizes=\"auto, (max-width: 200px) 100vw, 200px\" \/>K\u00e4ytt\u00e4ytymiskoe<br \/>\nLohja 11.4.2006<br \/>\nTuomari Heikki Hiltunen<br \/>\nTulos hyv\u00e4ksytty BH<\/p>\n<h3>PK-viesti<\/h3>\n<table border=\"1\" cellspacing=\"2\" cellpadding=\"2\">\n<tbody>\n<tr>\n<td>Luokka \/ aika \/ paikka<br \/>\nTuomarit<\/td>\n<td>Maastopisteet<br \/>\nviesti \/ esineruutu<br \/>\n(max 170\/30)<\/td>\n<td>Tottelevaisuus<br \/>\n(max 100)<\/td>\n<td>Yhteens\u00e4<br \/>\n(max 300)<\/td>\n<td colspan=\"1\" rowspan=\"1\">Koulutustunnus<br \/>\nSijoitus<\/td>\n<\/tr>\n<tr>\n<td>ALO 1.10.2006 H\u00e4meenkyr\u00f6<br \/>\nTimo Nopanen<\/td>\n<td>169 \/ 28<\/td>\n<td>65<\/td>\n<td>262<\/td>\n<td colspan=\"1\" rowspan=\"1\">&#8211;<\/td>\n<\/tr>\n<tr>\n<td>ALO 7.10.2006 Lohja<br \/>\nKari M\u00e4kinen<\/td>\n<td>168 \/ 28<\/td>\n<td>65<\/td>\n<td>261<\/td>\n<td>&#8211;<\/td>\n<\/tr>\n<\/tbody>\n<\/table>\n<p><img loading=\"lazy\" decoding=\"async\" class=\"alignnone size-medium wp-image-343\" src=\"http:\/\/kapylanelainkauppa.fi\/wp-content\/uploads\/smirrepk-199x300.jpg\" alt=\"\" width=\"199\" height=\"300\" srcset=\"https:\/\/www.kapylanelainkauppa.fi\/wp-content\/uploads\/smirrepk-199x300.jpg 199w, https:\/\/www.kapylanelainkauppa.fi\/wp-content\/uploads\/smirrepk.jpg 315w\" sizes=\"auto, (max-width: 199px) 100vw, 199px\" \/> <img loading=\"lazy\" decoding=\"async\" class=\"alignnone size-medium wp-image-344\" src=\"http:\/\/kapylanelainkauppa.fi\/wp-content\/uploads\/smirreviesti-205x300.jpg\" alt=\"\" width=\"205\" height=\"300\" srcset=\"https:\/\/www.kapylanelainkauppa.fi\/wp-content\/uploads\/smirreviesti-205x300.jpg 205w, https:\/\/www.kapylanelainkauppa.fi\/wp-content\/uploads\/smirreviesti.jpg 315w\" sizes=\"auto, (max-width: 205px) 100vw, 205px\" \/> <img loading=\"lazy\" decoding=\"async\" class=\"alignnone size-medium wp-image-345\" src=\"http:\/\/kapylanelainkauppa.fi\/wp-content\/uploads\/smirreviestipalkka-200x300.jpg\" alt=\"\" width=\"200\" height=\"300\" srcset=\"https:\/\/www.kapylanelainkauppa.fi\/wp-content\/uploads\/smirreviestipalkka-200x300.jpg 200w, https:\/\/www.kapylanelainkauppa.fi\/wp-content\/uploads\/smirreviestipalkka.jpg 315w\" sizes=\"auto, (max-width: 200px) 100vw, 200px\" \/><\/p>\n<h3>LUONNETESTI<\/h3>\n<p>2.9.2006 Helsinki<br \/>\nTuomarit Lea Haanp\u00e4\u00e4 &amp; Bengt S\u00f6derholm<\/p>\n<table border=\"1\" cellspacing=\"2\" cellpadding=\"2\">\n<tbody>\n<tr>\n<td>Toimintakyky<\/td>\n<td>+2<\/td>\n<td>Suuri<\/td>\n<\/tr>\n<tr>\n<td>Ter\u00e4vyys<\/td>\n<td>+3<\/td>\n<td>Kohtuullinen ilman j\u00e4ljelle j\u00e4\u00e4v\u00e4\u00e4 hy\u00f6kk\u00e4yshalua<\/td>\n<\/tr>\n<tr>\n<td>Puolustushalu<\/td>\n<td>+3<\/td>\n<td>Kohtuullinen hillitty<\/td>\n<\/tr>\n<tr>\n<td>Taistelutahto<\/td>\n<td>+3<\/td>\n<td>Suuri<\/td>\n<\/tr>\n<tr>\n<td>Hermorakenne<\/td>\n<td>+1<\/td>\n<td>Hieman rauhaton<\/td>\n<\/tr>\n<tr>\n<td>Temperamentti<\/td>\n<td>+3<\/td>\n<td>Vilkas<\/td>\n<\/tr>\n<tr>\n<td>Kovuus<\/td>\n<td>+1<\/td>\n<td>Hieman pehme\u00e4<\/td>\n<\/tr>\n<tr>\n<td>Luoksep\u00e4\u00e4st\u00e4vyys<\/td>\n<td>+3<\/td>\n<td>Hyv\u00e4ntahtoinen, luoksep\u00e4\u00e4st\u00e4v\u00e4, avoin<\/td>\n<\/tr>\n<tr>\n<td>Laukauspelottomuus<\/td>\n<td>+<\/td>\n<td>laukausvarma<\/td>\n<\/tr>\n<tr>\n<td>Loppupisteet<\/td>\n<td colspan=\"1\" rowspan=\"1\">199<\/td>\n<td><\/td>\n<\/tr>\n<\/tbody>\n<\/table>\n<h3>TOKO<\/h3>\n<table border=\"1\" cellspacing=\"2\" cellpadding=\"2\">\n<tbody>\n<tr>\n<td colspan=\"3\" rowspan=\"1\">AVOIN LUOKKA<br \/>\nHelsinki 31.8.2008, tuomari Harri Laisi<\/td>\n<\/tr>\n<tr>\n<td>OSASUORITUS<\/td>\n<td>ARVOSANA<\/td>\n<td>PISTEET<\/td>\n<\/tr>\n<tr>\n<td>Paikalla makaaminen<\/td>\n<td>8<\/td>\n<td>24<\/td>\n<\/tr>\n<tr>\n<td>Seuraaminen taluttimetta<\/td>\n<td>8 \u00bd<\/td>\n<td>17<\/td>\n<\/tr>\n<tr>\n<td>Maahanmeno seuraamisen yhteydess\u00e4<\/td>\n<td>10<\/td>\n<td>20<\/td>\n<\/tr>\n<tr>\n<td>Luoksetulo<\/td>\n<td>7<\/td>\n<td>21<\/td>\n<\/tr>\n<tr>\n<td>Seisominen seuraamisen yhteydess\u00e4<\/td>\n<td>9<\/td>\n<td>18<\/td>\n<\/tr>\n<tr>\n<td>Noutaminen<\/td>\n<td>10<\/td>\n<td>20<\/td>\n<\/tr>\n<tr>\n<td>Kauko-ohjaus<\/td>\n<td>6 \u00bd<\/td>\n<td>19 \u00bd<\/td>\n<\/tr>\n<tr>\n<td>Estehyppy<\/td>\n<td>9<\/td>\n<td>18<\/td>\n<\/tr>\n<tr>\n<td>Kokonaisvaikutus<\/td>\n<td>8<\/td>\n<td>8<\/td>\n<\/tr>\n<tr>\n<td colspan=\"2\" rowspan=\"1\">1. palkinto<br \/>\nsijoitus 2. \/ 8<br \/>\nKoulutustunnus TK 2 &gt; siirto voittajaluokkaan<\/td>\n<td>165,5<\/td>\n<\/tr>\n<\/tbody>\n<\/table>\n<table border=\"1\" cellspacing=\"2\" cellpadding=\"2\">\n<tbody>\n<tr>\n<td colspan=\"3\" rowspan=\"1\">AVOIN LUOKKA<br \/>\nNurmij\u00e4rvi 4.5.2008, tuomari Hannele P\u00f6rsti<\/td>\n<\/tr>\n<tr>\n<td>OSASUORITUS<\/td>\n<td>ARVOSANA<\/td>\n<td>PISTEET<\/td>\n<\/tr>\n<tr>\n<td>Paikalla makaaminen<\/td>\n<td>9<\/td>\n<td>27<\/td>\n<\/tr>\n<tr>\n<td>Seuraaminen taluttimetta<\/td>\n<td>8 \u00bd<\/td>\n<td>17<\/td>\n<\/tr>\n<tr>\n<td>Maahanmeno seuraamisen yhteydess\u00e4<\/td>\n<td>9<\/td>\n<td>18<\/td>\n<\/tr>\n<tr>\n<td>Luoksetulo<\/td>\n<td>6<\/td>\n<td>18<\/td>\n<\/tr>\n<tr>\n<td>Seisominen seuraamisen yhteydess\u00e4<\/td>\n<td>9<\/td>\n<td>18<\/td>\n<\/tr>\n<tr>\n<td>Noutaminen<\/td>\n<td>9<\/td>\n<td>18<\/td>\n<\/tr>\n<tr>\n<td>Kauko-ohjaus<\/td>\n<td>8 \u00bd<\/td>\n<td>25 \u00bd<\/td>\n<\/tr>\n<tr>\n<td>Estehyppy<\/td>\n<td>0<\/td>\n<td>0<\/td>\n<\/tr>\n<tr>\n<td>Kokonaisvaikutus<\/td>\n<td>9<\/td>\n<td>9<\/td>\n<\/tr>\n<tr>\n<td colspan=\"2\" rowspan=\"1\">2. palkinto<\/td>\n<td>150,5<\/td>\n<\/tr>\n<\/tbody>\n<\/table>\n<table border=\"1\" cellspacing=\"2\" cellpadding=\"2\">\n<tbody>\n<tr>\n<td colspan=\"3\" rowspan=\"1\">AVOIN LUOKKA<br \/>\nPorvoo 27.4.2008, tuomari Ossi Harjula<\/td>\n<\/tr>\n<tr>\n<td>OSASUORITUS<\/td>\n<td>ARVOSANA<\/td>\n<td>PISTEET<\/td>\n<\/tr>\n<tr>\n<td>Paikalla makaaminen<\/td>\n<td>10<\/td>\n<td>30<\/td>\n<\/tr>\n<tr>\n<td>Seuraaminen taluttimetta<\/td>\n<td>8<\/td>\n<td>16<\/td>\n<\/tr>\n<tr>\n<td>Maahanmeno seuraamisen yhteydess\u00e4<\/td>\n<td>9<\/td>\n<td>18<\/td>\n<\/tr>\n<tr>\n<td>Luoksetulo<\/td>\n<td>7 \u00bd<\/td>\n<td>22 \u00bd<\/td>\n<\/tr>\n<tr>\n<td>Seisominen seuraamisen yhteydess\u00e4<\/td>\n<td>5<\/td>\n<td>10<\/td>\n<\/tr>\n<tr>\n<td>Noutaminen<\/td>\n<td>9<\/td>\n<td>18<\/td>\n<\/tr>\n<tr>\n<td>Kauko-ohjaus<\/td>\n<td>6 \u00bd<\/td>\n<td>19 \u00bd<\/td>\n<\/tr>\n<tr>\n<td>Estehyppy<\/td>\n<td>10<\/td>\n<td>20<\/td>\n<\/tr>\n<tr>\n<td>Kokonaisvaikutus<\/td>\n<td>7<\/td>\n<td>7<\/td>\n<\/tr>\n<tr>\n<td colspan=\"2\" rowspan=\"1\">1. palkinto<\/td>\n<td>161<\/td>\n<\/tr>\n<\/tbody>\n<\/table>\n<table border=\"1\" cellspacing=\"2\" cellpadding=\"2\">\n<tbody>\n<tr>\n<td colspan=\"3\" rowspan=\"1\">AVOIN LUOKKA<br \/>\nHelsinki 14.10.2007, tuomari Ralf Bj\u00f6rklund<\/td>\n<\/tr>\n<tr>\n<td>OSASUORITUS<\/td>\n<td>ARVOSANA<\/td>\n<td>PISTEET<\/td>\n<\/tr>\n<tr>\n<td>Paikalla makaaminen<\/td>\n<td>9<\/td>\n<td>27<\/td>\n<\/tr>\n<tr>\n<td>Seuraaminen taluttimetta<\/td>\n<td>7<\/td>\n<td>14<\/td>\n<\/tr>\n<tr>\n<td>Maahanmeno seuraamisen yhteydess\u00e4<\/td>\n<td>9<\/td>\n<td>18<\/td>\n<\/tr>\n<tr>\n<td>Luoksetulo<\/td>\n<td>8<\/td>\n<td>24<\/td>\n<\/tr>\n<tr>\n<td>Seisominen seuraamisen yhteydess\u00e4<\/td>\n<td>8 \u00bd<\/td>\n<td>17<\/td>\n<\/tr>\n<tr>\n<td>Noutaminen<\/td>\n<td>8<\/td>\n<td>16<\/td>\n<\/tr>\n<tr>\n<td>Kauko-ohjaus<\/td>\n<td>5 \u00bd<\/td>\n<td>16 \u00bd<\/td>\n<\/tr>\n<tr>\n<td>Estehyppy<\/td>\n<td>0<\/td>\n<td>0<\/td>\n<\/tr>\n<tr>\n<td>Kokonaisvaikutus<\/td>\n<td>8 \u00bd<\/td>\n<td>8 \u00bd<\/td>\n<\/tr>\n<tr>\n<td colspan=\"2\" rowspan=\"1\">2. palkinto<\/td>\n<td>141<\/td>\n<\/tr>\n<\/tbody>\n<\/table>\n<table border=\"1\" cellspacing=\"2\" cellpadding=\"2\">\n<tbody>\n<tr>\n<td colspan=\"3\" rowspan=\"1\">AVOIN LUOKKA<br \/>\nHelsinki 9.9.2007, tuomari Rolf Dahlbom<\/td>\n<\/tr>\n<tr>\n<td>OSASUORITUS<\/td>\n<td>ARVOSANA<\/td>\n<td>PISTEET<\/td>\n<\/tr>\n<tr>\n<td>Paikalla makaaminen<\/td>\n<td>7<\/td>\n<td>21<\/td>\n<\/tr>\n<tr>\n<td>Seuraaminen taluttimetta<\/td>\n<td>8<\/td>\n<td>16<\/td>\n<\/tr>\n<tr>\n<td>Maahanmeno seuraamisen yhteydess\u00e4<\/td>\n<td>9<\/td>\n<td>18<\/td>\n<\/tr>\n<tr>\n<td>Luoksetulo<\/td>\n<td>5<\/td>\n<td>15<\/td>\n<\/tr>\n<tr>\n<td>Seisominen seuraamisen yhteydess\u00e4<\/td>\n<td>8<\/td>\n<td>16<\/td>\n<\/tr>\n<tr>\n<td>Noutaminen<\/td>\n<td>8 \u00bd<\/td>\n<td>17<\/td>\n<\/tr>\n<tr>\n<td>Kauko-ohjaus<\/td>\n<td>5<\/td>\n<td>15<\/td>\n<\/tr>\n<tr>\n<td>Estehyppy<\/td>\n<td>0<\/td>\n<td>0<\/td>\n<\/tr>\n<tr>\n<td>Kokonaisvaikutus<\/td>\n<td>7 \u00bd<\/td>\n<td>7 \u00bd<\/td>\n<\/tr>\n<tr>\n<td colspan=\"2\" rowspan=\"1\">3. palkinto<\/td>\n<td>125 \u00bd<\/td>\n<\/tr>\n<\/tbody>\n<\/table>\n<table border=\"1\" cellspacing=\"2\" cellpadding=\"2\">\n<tbody>\n<tr>\n<td colspan=\"3\" rowspan=\"1\">AVOIN LUOKKA<br \/>\nHelsinki 2.9.2007, tuomari Harri Laisi<\/td>\n<\/tr>\n<tr>\n<td>OSASUORITUS<\/td>\n<td>ARVOSANA<\/td>\n<td>PISTEET<\/td>\n<\/tr>\n<tr>\n<td>Paikalla makaaminen<\/td>\n<td>10<\/td>\n<td>30<\/td>\n<\/tr>\n<tr>\n<td>Seuraaminen taluttimetta<\/td>\n<td>8<\/td>\n<td>16<\/td>\n<\/tr>\n<tr>\n<td>Maahanmeno seuraamisen yhteydess\u00e4<\/td>\n<td>0<\/td>\n<td>0<\/td>\n<\/tr>\n<tr>\n<td>Luoksetulo<\/td>\n<td>6 \u00bd<\/td>\n<td>19 \u00bd<\/td>\n<\/tr>\n<tr>\n<td>Seisominen seuraamisen yhteydess\u00e4<\/td>\n<td>8 \u00bd<\/td>\n<td>17<\/td>\n<\/tr>\n<tr>\n<td>Noutaminen<\/td>\n<td>9<\/td>\n<td>18<\/td>\n<\/tr>\n<tr>\n<td>Kauko-ohjaus<\/td>\n<td>6<\/td>\n<td>18<\/td>\n<\/tr>\n<tr>\n<td>Estehyppy<\/td>\n<td>0<\/td>\n<td>0<\/td>\n<\/tr>\n<tr>\n<td>Kokonaisvaikutus<\/td>\n<td>9<\/td>\n<td>9<\/td>\n<\/tr>\n<tr>\n<td colspan=\"2\" rowspan=\"1\">3. palkinto<\/td>\n<td>127 \u00bd<\/td>\n<\/tr>\n<\/tbody>\n<\/table>\n<table border=\"1\" cellspacing=\"2\" cellpadding=\"2\">\n<tbody>\n<tr>\n<td colspan=\"3\" rowspan=\"1\">AVOIN LUOKKA<br \/>\nJokela 13.8.2007, tuomari Rolf Dahlbom<\/td>\n<\/tr>\n<tr>\n<td>OSASUORITUS<\/td>\n<td>ARVOSANA<\/td>\n<td>PISTEET<\/td>\n<\/tr>\n<tr>\n<td>Paikalla makaaminen<\/td>\n<td>0<\/td>\n<td>0<\/td>\n<\/tr>\n<tr>\n<td>Seuraaminen taluttimetta<\/td>\n<td>8 \u00bd<\/td>\n<td>17<\/td>\n<\/tr>\n<tr>\n<td>Maahanmeno seuraamisen yhteydess\u00e4<\/td>\n<td>8<\/td>\n<td>16<\/td>\n<\/tr>\n<tr>\n<td>Luoksetulo<\/td>\n<td>5<\/td>\n<td>15<\/td>\n<\/tr>\n<tr>\n<td>Seisominen seuraamisen yhteydess\u00e4<\/td>\n<td>8 \u00bd<\/td>\n<td>17<\/td>\n<\/tr>\n<tr>\n<td>Noutaminen<\/td>\n<td>8 \u00bd<\/td>\n<td>17<\/td>\n<\/tr>\n<tr>\n<td>Kauko-ohjaus<\/td>\n<td>5<\/td>\n<td>15<\/td>\n<\/tr>\n<tr>\n<td>Estehyppy<\/td>\n<td>8 \u00bd<\/td>\n<td>17<\/td>\n<\/tr>\n<tr>\n<td>Kokonaisvaikutus<\/td>\n<td>8<\/td>\n<td>8<\/td>\n<\/tr>\n<tr>\n<td colspan=\"2\" rowspan=\"1\">3. palkinto<\/td>\n<td>122<\/td>\n<\/tr>\n<\/tbody>\n<\/table>\n<table border=\"1\" cellspacing=\"2\" cellpadding=\"2\">\n<tbody>\n<tr>\n<td colspan=\"3\" rowspan=\"1\">AVOIN LUOKKA<br \/>\nHelsinki 2.6.2007, tuomari Marita Packalen<\/td>\n<\/tr>\n<tr>\n<td>OSASUORITUS<\/td>\n<td>ARVOSANA<\/td>\n<td>PISTEET<\/td>\n<\/tr>\n<tr>\n<td>Paikalla makaaminen<\/td>\n<td>8<\/td>\n<td>24<\/td>\n<\/tr>\n<tr>\n<td>Seuraaminen taluttimetta<\/td>\n<td>9 \u00bd<\/td>\n<td>19<\/td>\n<\/tr>\n<tr>\n<td>Maahanmeno seuraamisen yhteydess\u00e4<\/td>\n<td>9<\/td>\n<td>18<\/td>\n<\/tr>\n<tr>\n<td>Luoksetulo<\/td>\n<td>6<\/td>\n<td>18<\/td>\n<\/tr>\n<tr>\n<td>Seisominen seuraamisen yhteydess\u00e4<\/td>\n<td>9<\/td>\n<td>18<\/td>\n<\/tr>\n<tr>\n<td>Noutaminen<\/td>\n<td>10<\/td>\n<td>20<\/td>\n<\/tr>\n<tr>\n<td>Kauko-ohjaus<\/td>\n<td>10<\/td>\n<td>30<\/td>\n<\/tr>\n<tr>\n<td>Estehyppy<\/td>\n<td>10<\/td>\n<td>20<\/td>\n<\/tr>\n<tr>\n<td>Kokonaisvaikutus<\/td>\n<td>9<\/td>\n<td>9<\/td>\n<\/tr>\n<tr>\n<td colspan=\"2\" rowspan=\"1\">1. palkinto<br \/>\nKilpailuoikeus VOI-luokkaan<\/td>\n<td>176<\/td>\n<\/tr>\n<\/tbody>\n<\/table>\n<table border=\"1\" cellspacing=\"2\" cellpadding=\"2\">\n<tbody>\n<tr>\n<td colspan=\"3\" rowspan=\"1\">ALOKASLUOKKA<br \/>\nPorvoo 5.5.2007, tuomari Harri Laisi<\/td>\n<\/tr>\n<tr>\n<td>OSASUORITUS<\/td>\n<td>ARVOSANA<\/td>\n<td>PISTEET<\/td>\n<\/tr>\n<tr>\n<td>Luoksep\u00e4\u00e4st\u00e4vyys<\/td>\n<td>10<\/td>\n<td>10<\/td>\n<\/tr>\n<tr>\n<td>Paikalla makaaminen<\/td>\n<td>10<\/td>\n<td>30<\/td>\n<\/tr>\n<tr>\n<td>Seuraaminen kytkettyn\u00e4<\/td>\n<td>9<\/td>\n<td>18<\/td>\n<\/tr>\n<tr>\n<td>Seuraaminen taluttimetta<\/td>\n<td>9<\/td>\n<td>36<\/td>\n<\/tr>\n<tr>\n<td>Maahanmeno seuraamisen yhteydess\u00e4<\/td>\n<td>10<\/td>\n<td>20<\/td>\n<\/tr>\n<tr>\n<td>Luoksetulo<\/td>\n<td>8 \u00bd<\/td>\n<td>25 \u00bd<\/td>\n<\/tr>\n<tr>\n<td>Seisominen seuraamisen yhteydess\u00e4<\/td>\n<td>10<\/td>\n<td>20<\/td>\n<\/tr>\n<tr>\n<td>Estehyppy<\/td>\n<td>9 \u00bd<\/td>\n<td>19<\/td>\n<\/tr>\n<tr>\n<td>Kokonaisvaikutus<\/td>\n<td>9<\/td>\n<td>9<\/td>\n<\/tr>\n<tr>\n<td colspan=\"2\" rowspan=\"1\">1. palkinto, KP<br \/>\nKilpailuoikeus AVO-luokkaan<br \/>\nsijoitus 3. \/ 38<\/td>\n<td>187 \u00bd<\/td>\n<\/tr>\n<\/tbody>\n<\/table>\n<table border=\"1\" cellspacing=\"2\" cellpadding=\"2\">\n<tbody>\n<tr>\n<td colspan=\"3\" rowspan=\"1\">ALOKASLUOKKA<br \/>\nLahti 14.1.2007, tuomari Harri Laisi<\/td>\n<\/tr>\n<tr>\n<td>OSASUORITUS<\/td>\n<td>ARVOSANA<\/td>\n<td>PISTEET<\/td>\n<\/tr>\n<tr>\n<td>Luoksep\u00e4\u00e4st\u00e4vyys<\/td>\n<td>10<\/td>\n<td>10<\/td>\n<\/tr>\n<tr>\n<td>Paikalla makaaminen<\/td>\n<td>10<\/td>\n<td>30<\/td>\n<\/tr>\n<tr>\n<td>Seuraaminen kytkettyn\u00e4<\/td>\n<td>9<\/td>\n<td>18<\/td>\n<\/tr>\n<tr>\n<td>Seuraaminen taluttimetta<\/td>\n<td>8 \u00bd<\/td>\n<td>34<\/td>\n<\/tr>\n<tr>\n<td>Maahanmeno seuraamisen yhteydess\u00e4<\/td>\n<td>0<\/td>\n<td>0<\/td>\n<\/tr>\n<tr>\n<td>Luoksetulo<\/td>\n<td>10<\/td>\n<td>30<\/td>\n<\/tr>\n<tr>\n<td>Seisominen seuraamisen yhteydess\u00e4<\/td>\n<td>10<\/td>\n<td>20<\/td>\n<\/tr>\n<tr>\n<td>Estehyppy<\/td>\n<td>0<\/td>\n<td>0<\/td>\n<\/tr>\n<tr>\n<td>Kokonaisvaikutus<\/td>\n<td>8<\/td>\n<td>8<\/td>\n<\/tr>\n<tr>\n<td colspan=\"2\" rowspan=\"1\">2. palkinto<\/td>\n<td>150<\/td>\n<\/tr>\n<\/tbody>\n<\/table>\n<h3>Muita puuhia<\/h3>\n<p>Olisiko koirallani lahjoja suojeluun-kokeilutilaisuus<br \/>\n24.8.2008<\/p>\n<p>Kiva Koirakansalainen-testi 30.8.2008<br \/>\nHyv\u00e4ksytty \ud83d\ude42<\/p>\n<h3>RotuRace-kiihdytyskilpailut<\/h3>\n<table border=\"1\" cellspacing=\"2\" cellpadding=\"2\">\n<tbody>\n<tr>\n<td>2008<\/td>\n<td>BUHUND-JOUKKUE NORJAT NARTUT<br \/>\nSmirre, Mila, Birgit, Hilma<br \/>\nJoukkueen sijoitus midi-luokassa 11. \/ 34<br \/>\nSmirren yksil\u00f6suoritus 7,48 (80m matkalla), sijoitus 24. \/ 135<\/td>\n<\/tr>\n<tr>\n<td>2007<\/td>\n<td>BUHUND-JOUKKUE R\u00c4KSYRAKETIT<br \/>\nSmirre, Mila, Freia ja Mella<br \/>\nJoukkueen sijoitus midi-luokassa 4. \/ 18<br \/>\nSmirren yksil\u00f6suoritus 7,66 (80m matkalla), sijoitus 10. \/ 72<\/td>\n<\/tr>\n<\/tbody>\n<\/table>\n","protected":false},"excerpt":{"rendered":"<p>BH TK2 Vuonohaan Caritas Lucia &#8221;Smirre&#8221; BUHUND Narttu 13.12.2002 &#8211; 20.5.2017 v\u00e4ri Blakk lonkat B i : Trelowen Bretennek e : Vuonohaan Princess Omistaja Kati Leino Smirre KoiraNetiss\u00e4 Buhundien rotuyhdistyksen nettisivut Smirren kasvattaja Tarinaa tulossa&#8230; Tulossatoa kokeista Suojelukokeilutilaisuus 27.4.2008 HARJOITUSAVUSTAJA ESA TAPIO: * Viettitaso: Korkea, keskittynyt * Saalisk\u00e4ytt\u00e4ytyminen: Saalistaa voimakkaasti, keskittyneesti * Puolustusk\u00e4ytt\u00e4ytyminen: Ei testattu&hellip; <\/p>\n<p class=\"toivo-read-more\"><a href=\"https:\/\/www.kapylanelainkauppa.fi\/index.php\/kaupan-henkilokunta-ja-asukit\/talon-tassuttelijat\/smirre-buhund\/\" class=\"more-link\">Lue lis\u00e4\u00e4 <span class=\"screen-reader-text\">Smirre &#8211; Buhund<\/span><\/a><\/p>\n","protected":false},"author":1,"featured_media":0,"parent":76,"menu_order":10,"comment_status":"closed","ping_status":"closed","template":"","meta":{"footnotes":""},"class_list":{"0":"post-78","1":"page","2":"type-page","3":"status-publish","5":"entry"},"_links":{"self":[{"href":"https:\/\/www.kapylanelainkauppa.fi\/index.php\/wp-json\/wp\/v2\/pages\/78","targetHints":{"allow":["GET"]}}],"collection":[{"href":"https:\/\/www.kapylanelainkauppa.fi\/index.php\/wp-json\/wp\/v2\/pages"}],"about":[{"href":"https:\/\/www.kapylanelainkauppa.fi\/index.php\/wp-json\/wp\/v2\/types\/page"}],"author":[{"embeddable":true,"href":"https:\/\/www.kapylanelainkauppa.fi\/index.php\/wp-json\/wp\/v2\/users\/1"}],"replies":[{"embeddable":true,"href":"https:\/\/www.kapylanelainkauppa.fi\/index.php\/wp-json\/wp\/v2\/comments?post=78"}],"version-history":[{"count":10,"href":"https:\/\/www.kapylanelainkauppa.fi\/index.php\/wp-json\/wp\/v2\/pages\/78\/revisions"}],"predecessor-version":[{"id":1983,"href":"https:\/\/www.kapylanelainkauppa.fi\/index.php\/wp-json\/wp\/v2\/pages\/78\/revisions\/1983"}],"up":[{"embeddable":true,"href":"https:\/\/www.kapylanelainkauppa.fi\/index.php\/wp-json\/wp\/v2\/pages\/76"}],"wp:attachment":[{"href":"https:\/\/www.kapylanelainkauppa.fi\/index.php\/wp-json\/wp\/v2\/media?parent=78"}],"curies":[{"name":"wp","href":"https:\/\/api.w.org\/{rel}","templated":true}]}}