{"id":8,"date":"2016-10-05T10:40:26","date_gmt":"2016-10-05T10:40:26","guid":{"rendered":"http:\/\/elainkauppa.savipaja.net\/?page_id=8"},"modified":"2023-10-31T18:37:14","modified_gmt":"2023-10-31T16:37:14","slug":"koirien-ruoat","status":"publish","type":"page","link":"https:\/\/www.kapylanelainkauppa.fi\/index.php\/tuotteet\/koirat\/koirien-ruoat\/","title":{"rendered":"Koirien ruoat"},"content":{"rendered":"<p><img loading=\"lazy\" decoding=\"async\" class=\"aligncenter wp-image-897\" src=\"http:\/\/www.kapylanelainkauppa.fi\/wp-content\/uploads\/koiranruokahuone.jpg\" alt=\"\" width=\"595\" height=\"446\" \/><\/p>\n<h5 style=\"text-align: center;\">Koirien ruokinta ja kaikki siihen liittyv\u00e4 muodostaa\u00a0 varmaan kattavimman valikoiman liikkeess\u00e4mme!<\/h5>\n<h5 style=\"text-align: center;\">Koirille l\u00f6ytyy laajan kuivaruokavalikoiman lis\u00e4ksi pakasteruoat, s\u00e4ilykkeet, lis\u00e4ravinteet ja vitamiinit, herkkupalat, koulutusnamut ja puruluut&#8230;<\/h5>\n<h5 style=\"text-align: center;\">N\u00e4ist\u00e4 tarkemmin omilla sivuillaan<\/h5>\n<p><a href=\"http:\/\/kapylanelainkauppa.fi\/index.php\/koirat\/koirien-ruoat\/koirien-kuivaruoat\/\">Koirien kuivaruoat<\/a><br \/>\n<a href=\"http:\/\/kapylanelainkauppa.fi\/index.php\/koirat\/koirien-ruoat\/koirien-pakasteet\/\">Koirien pakasteet<\/a><br \/>\n<a href=\"http:\/\/kapylanelainkauppa.fi\/index.php\/koirat\/koirien-ruoat\/koirien-sailykkeet\/\">Koirien s\u00e4ilykkeet ja lisukkeet<\/a><br \/>\n<a href=\"http:\/\/kapylanelainkauppa.fi\/index.php\/koirat\/koirien-ruoat\/koirien-herkut\/\">Koirien herkut ja puruluut<\/a><\/p>\n","protected":false},"excerpt":{"rendered":"<p>Koirien ruokinta ja kaikki siihen liittyv\u00e4 muodostaa\u00a0 varmaan kattavimman valikoiman liikkeess\u00e4mme! Koirille l\u00f6ytyy laajan kuivaruokavalikoiman lis\u00e4ksi pakasteruoat, s\u00e4ilykkeet, lis\u00e4ravinteet ja vitamiinit, herkkupalat, koulutusnamut ja puruluut&#8230; N\u00e4ist\u00e4 tarkemmin omilla sivuillaan Koirien kuivaruoat Koirien pakasteet Koirien s\u00e4ilykkeet ja lisukkeet Koirien herkut ja puruluut<\/p>\n","protected":false},"author":1,"featured_media":0,"parent":7,"menu_order":0,"comment_status":"closed","ping_status":"closed","template":"","meta":{"footnotes":""},"class_list":{"0":"post-8","1":"page","2":"type-page","3":"status-publish","5":"entry"},"_links":{"self":[{"href":"https:\/\/www.kapylanelainkauppa.fi\/index.php\/wp-json\/wp\/v2\/pages\/8","targetHints":{"allow":["GET"]}}],"collection":[{"href":"https:\/\/www.kapylanelainkauppa.fi\/index.php\/wp-json\/wp\/v2\/pages"}],"about":[{"href":"https:\/\/www.kapylanelainkauppa.fi\/index.php\/wp-json\/wp\/v2\/types\/page"}],"author":[{"embeddable":true,"href":"https:\/\/www.kapylanelainkauppa.fi\/index.php\/wp-json\/wp\/v2\/users\/1"}],"replies":[{"embeddable":true,"href":"https:\/\/www.kapylanelainkauppa.fi\/index.php\/wp-json\/wp\/v2\/comments?post=8"}],"version-history":[{"count":13,"href":"https:\/\/www.kapylanelainkauppa.fi\/index.php\/wp-json\/wp\/v2\/pages\/8\/revisions"}],"predecessor-version":[{"id":1944,"href":"https:\/\/www.kapylanelainkauppa.fi\/index.php\/wp-json\/wp\/v2\/pages\/8\/revisions\/1944"}],"up":[{"embeddable":true,"href":"https:\/\/www.kapylanelainkauppa.fi\/index.php\/wp-json\/wp\/v2\/pages\/7"}],"wp:attachment":[{"href":"https:\/\/www.kapylanelainkauppa.fi\/index.php\/wp-json\/wp\/v2\/media?parent=8"}],"curies":[{"name":"wp","href":"https:\/\/api.w.org\/{rel}","templated":true}]}}