{"id":80,"date":"2016-12-02T08:23:07","date_gmt":"2016-12-02T08:23:07","guid":{"rendered":"http:\/\/elainkauppa.savipaja.net\/?page_id=80"},"modified":"2026-02-03T09:20:45","modified_gmt":"2026-02-03T07:20:45","slug":"kyy-malinois","status":"publish","type":"page","link":"https:\/\/www.kapylanelainkauppa.fi\/index.php\/kaupan-henkilokunta-ja-asukit\/talon-tassuttelijat\/kyy-malinois\/","title":{"rendered":"Kyy &#8211; Malinois"},"content":{"rendered":"<h2><b>BH IP3 Tulikuuma Qyy\u00a0 &#8221;Kyy&#8221;<\/b><\/h2>\n<p><img loading=\"lazy\" decoding=\"async\" class=\"size-full wp-image-511 aligncenter\" src=\"http:\/\/kapylanelainkauppa.fi\/wp-content\/uploads\/qyy3_pieni.jpg\" alt=\"\" width=\"272\" height=\"357\" srcset=\"https:\/\/www.kapylanelainkauppa.fi\/wp-content\/uploads\/qyy3_pieni.jpg 272w, https:\/\/www.kapylanelainkauppa.fi\/wp-content\/uploads\/qyy3_pieni-229x300.jpg 229w\" sizes=\"auto, (max-width: 272px) 100vw, 272px\" \/><\/p>\n<p>BELGIANPAIMENKOIRA MALINOIS<br \/>\nNarttu<\/p>\n<p>21.9.2008-30.6.2021<\/p>\n<p>lonkat: A<br \/>\nkyyn\u00e4r\u00e4t: 0\/0, selk\u00e4 ok<br \/>\nsilm\u00e4t: ok<br \/>\n(15.2.2010)<\/p>\n<p>i : MR3 Cooper<br \/>\ne : BH Tulikuuma Pakkotila<\/p>\n<p>Omistaja:\u00a0 Kati Leino<\/p>\n<p><a href=\"http:\/\/jalostus.kennelliitto.fi\/frmKoira.aspx?RekNo=FIN16670%2F07\">Qyy KoiraNetiss\u00e4<\/a><\/p>\n<p><img loading=\"lazy\" decoding=\"async\" class=\"alignright wp-image-513 size-medium\" src=\"http:\/\/kapylanelainkauppa.fi\/wp-content\/uploads\/qyy_puree-300x236.jpg\" alt=\"\" width=\"300\" height=\"236\" srcset=\"https:\/\/www.kapylanelainkauppa.fi\/wp-content\/uploads\/qyy_puree-300x236.jpg 300w, https:\/\/www.kapylanelainkauppa.fi\/wp-content\/uploads\/qyy_puree.jpg 576w\" sizes=\"auto, (max-width: 300px) 100vw, 300px\" \/>Qyy on meid\u00e4n pieni &#8221;vahinkolapsi&#8221;. Sen piti pentuna tulla vain hoitoon joksikin aikaa, mutta kummasti j\u00e4ikin sitten kotiin osoittauduttuaan mukavaksi koiraksi ja Smirren hyv\u00e4ksi kaveriksi. Qyy on k\u00e4ytt\u00f6linjainen belgianpaimenkoira malinois ja jo se on velvoite harrastaa ja koska &#8221;potkua&#8221; tuntui olevan vaikka muille jakaa niin ajattelin, ett\u00e4 aloitamme sen kanssa viestin harrastamisen. Homma sujuikin hyvin, mutta sitten jossain vaiheessa k\u00e4vin ihan vaan testaamassa suojelutreeneiss\u00e4 miten se siihen hommaan syttyisi ja syttyih\u00e4n se \ud83d\ude00 Niin selv\u00e4sti kertoi, ett\u00e4 T\u00c4\u00c4 on se MUN JUTTU! Siit\u00e4 sitten itselleni tuntemattoman lajin pariin ja \u00e4kki\u00e4 tilanne eteni siihen, ett\u00e4 v\u00e4hint\u00e4\u00e4n kerran vkossa oli purutreenit, pari-kolme kertaa j\u00e4lkitreeni\u00e4 ja pari kertaa tottelevaisuutta. Qyy oli <img loading=\"lazy\" decoding=\"async\" class=\"aligncenter wp-image-1995 size-medium\" src=\"http:\/\/www.kapylanelainkauppa.fi\/wp-content\/uploads\/Qyy-jalki-300x199.jpg\" alt=\"\" width=\"300\" height=\"199\" srcset=\"https:\/\/www.kapylanelainkauppa.fi\/wp-content\/uploads\/Qyy-jalki-300x199.jpg 300w, https:\/\/www.kapylanelainkauppa.fi\/wp-content\/uploads\/Qyy-jalki-1024x679.jpg 1024w, https:\/\/www.kapylanelainkauppa.fi\/wp-content\/uploads\/Qyy-jalki-768x509.jpg 768w, https:\/\/www.kapylanelainkauppa.fi\/wp-content\/uploads\/Qyy-jalki-1536x1018.jpg 1536w, https:\/\/www.kapylanelainkauppa.fi\/wp-content\/uploads\/Qyy-jalki-1260x835.jpg 1260w, https:\/\/www.kapylanelainkauppa.fi\/wp-content\/uploads\/Qyy-jalki.jpg 1598w\" sizes=\"auto, (max-width: 300px) 100vw, 300px\" \/>aika hyv\u00e4 puruissa ja etenkin tottelevaisuudessa, mutta j\u00e4ljelle sill\u00e4 ei oikein ollut malttia eik\u00e4 em\u00e4nn\u00e4ll\u00e4 riitt\u00e4v\u00e4\u00e4 taitoa. Kaiken kaikkiaan koiran &#8221;ongelma&#8221; oli sen kiihkeys ja valtava vietti, joka syttyi pienest\u00e4kin tekemisest\u00e4. Usein treenaaminen olikin aikamoista koiran mielentilan hallitsemisen yritt\u00e4mist\u00e4 ettei ihan lennett\u00e4isi korkeelta ja kovaa&#8230;kokoajan&#8230; \ud83d\ude09 Tuloksia kuitenkin syntyi ja mentiin yksi koe=tulos vuodessa-taktiikalla.<\/p>\n<p>BH-koe suoritettiin hyv\u00e4ksytysti 17.6.2011 &#8211; video tulossa\u00a0 \u00a0\u00a0<img loading=\"lazy\" decoding=\"async\" class=\"wp-image-706 alignright\" src=\"http:\/\/kapylanelainkauppa.fi\/wp-content\/uploads\/1376216_10201922874567145_465411246_n.jpg\" alt=\"\" width=\"362\" height=\"247\" \/><\/p>\n<p>IP1\u00a0 27.10.2012<br \/>\nIP2\u00a0 1.9.2013<br \/>\nIP3\u00a0 \u00a04.10.2014<\/p>\n<p>Lis\u00e4ksi k\u00e4vimme MH-luonnekuvauksessa 18.4.2010 ja<br \/>\nLuonnetestiss\u00e4 LTE 108 pistett\u00e4 31.5.2015<\/p>\n<p>Qyyll\u00e4 on ollut v\u00e4h\u00e4n vaivaa selk\u00e4ns\u00e4 kanssa ja p\u00e4\u00e4tin, ett\u00e4 IP3:n saavuttamisen j\u00e4lkeen se j\u00e4\u00e4 el\u00e4kkeelle rakkaasta lajistaan.\u00a0 Ajattelin sitten el\u00e4kelajiksi hakua ja aloitettiin sen treenaaminen. Johonkin lajiin valmiiksi koulutettu koira on kohtuullisen helppo siirt\u00e4\u00e4 toiseen lajiin ja niin k\u00e4vi my\u00f6s meill\u00e4 haun kanssa. Oltaisiin oltu valmiita kokeeseen 2016, mutta sel\u00e4st\u00e4 l\u00f6ytyikin sitten spondyloosimuutoksia ja nivelrikkoa, joten p\u00e4\u00e4tin ettei en\u00e4\u00e4 jatketa muuta kuin omaksi iloksi puuhastelua&#8230;\u00a0 Nyky\u00e4\u00e4n Qyy viett\u00e4\u00e4 leppoista el\u00e4m\u00e4\u00e4 Skojen turvallisena &#8221;isosiskona&#8221; ja p\u00e4\u00e4see v\u00e4lill\u00e4 mukaan sen hakutreeneihin loistamaan \ud83d\ude00<\/p>\n<p><img loading=\"lazy\" decoding=\"async\" class=\"alignnone wp-image-708\" src=\"http:\/\/kapylanelainkauppa.fi\/wp-content\/uploads\/DSC_1965-300x199.jpg\" alt=\"\" width=\"340\" height=\"226\" \/><img loading=\"lazy\" decoding=\"async\" class=\"alignright wp-image-514\" src=\"http:\/\/kapylanelainkauppa.fi\/wp-content\/uploads\/qyy_seuraa21kk9.jpg\" alt=\"\" width=\"271\" height=\"350\" srcset=\"https:\/\/www.kapylanelainkauppa.fi\/wp-content\/uploads\/qyy_seuraa21kk9.jpg 397w, https:\/\/www.kapylanelainkauppa.fi\/wp-content\/uploads\/qyy_seuraa21kk9-233x300.jpg 233w\" sizes=\"auto, (max-width: 271px) 100vw, 271px\" \/><\/p>\n","protected":false},"excerpt":{"rendered":"<p>BH IP3 Tulikuuma Qyy\u00a0 &#8221;Kyy&#8221; BELGIANPAIMENKOIRA MALINOIS Narttu 21.9.2008-30.6.2021 lonkat: A kyyn\u00e4r\u00e4t: 0\/0, selk\u00e4 ok silm\u00e4t: ok (15.2.2010) i : MR3 Cooper e : BH Tulikuuma Pakkotila Omistaja:\u00a0 Kati Leino Qyy KoiraNetiss\u00e4 Qyy on meid\u00e4n pieni &#8221;vahinkolapsi&#8221;. Sen piti pentuna tulla vain hoitoon joksikin aikaa, mutta kummasti j\u00e4ikin sitten kotiin osoittauduttuaan mukavaksi koiraksi ja Smirren&hellip; <\/p>\n<p class=\"toivo-read-more\"><a href=\"https:\/\/www.kapylanelainkauppa.fi\/index.php\/kaupan-henkilokunta-ja-asukit\/talon-tassuttelijat\/kyy-malinois\/\" class=\"more-link\">Lue lis\u00e4\u00e4 <span class=\"screen-reader-text\">Kyy &#8211; Malinois<\/span><\/a><\/p>\n","protected":false},"author":1,"featured_media":0,"parent":76,"menu_order":20,"comment_status":"closed","ping_status":"closed","template":"","meta":{"footnotes":""},"class_list":{"0":"post-80","1":"page","2":"type-page","3":"status-publish","5":"entry"},"_links":{"self":[{"href":"https:\/\/www.kapylanelainkauppa.fi\/index.php\/wp-json\/wp\/v2\/pages\/80","targetHints":{"allow":["GET"]}}],"collection":[{"href":"https:\/\/www.kapylanelainkauppa.fi\/index.php\/wp-json\/wp\/v2\/pages"}],"about":[{"href":"https:\/\/www.kapylanelainkauppa.fi\/index.php\/wp-json\/wp\/v2\/types\/page"}],"author":[{"embeddable":true,"href":"https:\/\/www.kapylanelainkauppa.fi\/index.php\/wp-json\/wp\/v2\/users\/1"}],"replies":[{"embeddable":true,"href":"https:\/\/www.kapylanelainkauppa.fi\/index.php\/wp-json\/wp\/v2\/comments?post=80"}],"version-history":[{"count":10,"href":"https:\/\/www.kapylanelainkauppa.fi\/index.php\/wp-json\/wp\/v2\/pages\/80\/revisions"}],"predecessor-version":[{"id":2218,"href":"https:\/\/www.kapylanelainkauppa.fi\/index.php\/wp-json\/wp\/v2\/pages\/80\/revisions\/2218"}],"up":[{"embeddable":true,"href":"https:\/\/www.kapylanelainkauppa.fi\/index.php\/wp-json\/wp\/v2\/pages\/76"}],"wp:attachment":[{"href":"https:\/\/www.kapylanelainkauppa.fi\/index.php\/wp-json\/wp\/v2\/media?parent=80"}],"curies":[{"name":"wp","href":"https:\/\/api.w.org\/{rel}","templated":true}]}}