{"id":88,"date":"2016-12-02T08:26:08","date_gmt":"2016-12-02T08:26:08","guid":{"rendered":"http:\/\/elainkauppa.savipaja.net\/?page_id=88"},"modified":"2026-01-14T16:31:08","modified_gmt":"2026-01-14T14:31:08","slug":"lomahoito","status":"publish","type":"page","link":"https:\/\/www.kapylanelainkauppa.fi\/index.php\/palvelut\/lomahoito\/","title":{"rendered":"Lomahoito"},"content":{"rendered":"<h5 style=\"text-align: center;\"><strong>LEMMIKKIHOTELLI<\/strong><\/h5>\n<h6 style=\"text-align: center;\">Meill\u00e4 on kauppamme tiloissa varattuna\u00a0 esim. lomamatkasi ajaksi hoitoa tarvitseville pikku lemmikeille\u00a0 oma rauhallinen &#8221;hotelli&#8221;huone\u00a0<span class=\"_47e3 _5mfr\" title=\"Hymi\u00f6 smile\"><img loading=\"lazy\" decoding=\"async\" class=\"img\" role=\"presentation\" src=\"https:\/\/static.fhel1-1.fna.fbcdn.net\/images\/emoji.php\/v9\/f4c\/1\/16\/1f642.png\" alt=\"\" width=\"16\" height=\"16\" \/><\/span><\/h6>\n<h6 style=\"text-align: center;\">Otamme hoitoon pikkuel\u00e4imi\u00e4; kanit, marsut, pikkujyrsij\u00e4t, linnut, kilpikonnat&#8230;<br \/>\n<span class=\"text_exposed_show\">Hoidamme lemmikkisi asiantuntevasti ja yksil\u00f6llisesti omistajan toiveita noudattaen.<br \/>\nTeemme hoidosta aina kirjallisen <a href=\"http:\/\/kapylanelainkauppa.fi\/wp-content\/uploads\/LEMMIKIN-HOITOSOPIMUS1.docx\">sopimuksen.\u00a0\u00a0<\/a><br \/>\nVoit tuoda lemmikkisi omassa h\u00e4kiss\u00e4\u00e4n tai tiedustella meilt\u00e4 varah\u00e4kki\u00e4.<\/span><\/h6>\n<p style=\"text-align: center;\"><big><img decoding=\"async\" class=\"aligncenter\" src=\"http:\/\/www.kapylanelainkauppa.fi\/lomahoitopupu.jpg\" alt=\"\" \/><\/big><img loading=\"lazy\" decoding=\"async\" class=\"alignnone size-medium wp-image-1173\" src=\"http:\/\/kapylanelainkauppa.fi\/wp-content\/uploads\/kanitaco-300x286.jpg\" alt=\"\" width=\"300\" height=\"286\" srcset=\"https:\/\/www.kapylanelainkauppa.fi\/wp-content\/uploads\/kanitaco-300x286.jpg 300w, https:\/\/www.kapylanelainkauppa.fi\/wp-content\/uploads\/kanitaco.jpg 591w\" sizes=\"auto, (max-width: 300px) 100vw, 300px\" \/><\/p>\n<p><strong>Hinnat:<br \/>\nalkaen 1.1.2026\u00a0 \u00a0 \u00a0 \u00a0 \u00a0 \u00a0 \u00a0 \u00a0 \u00a0 \u00a0 \u00a0 \u00a0 \u00a0 \u00a0 \u00a0<\/strong><\/p>\n<p><strong>Kanit:<\/strong><br \/>\n1 kani \/ h\u00e4kki 12\u20ac\/ vrk<br \/>\n2 kania \/ h\u00e4kki 18\u20ac\/vrk<\/p>\n<p>Pelkk\u00e4 vkonloppu 2-3vrk<br \/>\n1 kani \/ h\u00e4kki 15\u20ac \/ vrk<br \/>\n2 kania \/ h\u00e4kki 20\u20ac \/ vrk<\/p>\n<p>J\u00e4ttikanit 15\u20ac\/vrk, vkonloppu 20\u20ac\/vrk<\/p>\n<p>Kanien herkk\u00e4 ruoansulatus huomioiden, toivomme, ett\u00e4 niille varattaisiin mukaan pieni m\u00e4\u00e4r\u00e4 sit\u00e4 ruokaa ja hein\u00e4\u00e4, jota ovat tottuneet kotona sy\u00f6m\u00e4\u00e4n.<\/p>\n<p>Kaneilla on jaloittelumahdollisuus huoneen lattialla p\u00e4ivitt\u00e4in.<br \/>\nHintaan sis\u00e4ltyy kuiva- ja tuoreruoka ja kuivikkeet.<\/p>\n<p>Kynsienleikkuu hoitojakson yhteydess\u00e4 3\u20ac.<\/p>\n<p>Mahdollisesta turkinhoidosta tai muista hoitotoimenpiteist\u00e4 sovitaan erikseen.<\/p>\n<p>Huom! Hoitoon tulevien kanien kohdalla vaadimme niille voimassaolevan RHD-Myxo-yhdistelm\u00e4rokotuksen.<\/p>\n<p><strong>Marsut:<\/strong><br \/>\n1 marsu \/ h\u00e4kki 10\u20ac\/vrk<br \/>\n2 marsua \/ h\u00e4kki 14\u20ac\/vrk<br \/>\n3 marsua \/ h\u00e4kki 18\u20ac\/vrk<\/p>\n<p>Pelkk\u00e4 vkonloppu 2-3vrk<br \/>\n1 marsu \/ h\u00e4kki 12\u20ac\/vrk<br \/>\n2 marsua \/ h\u00e4kki 16\u20ac\/vrk<br \/>\n3 marsua \/ h\u00e4kki 20\u20ac\/vrk<\/p>\n<p>Hintaan sis\u00e4ltyy kuiva- ja tuoreruoka sek\u00e4 kuivikkeet.<\/p>\n<p>Kynsienleikkuu hoitojakson yhteydess\u00e4 3\u20ac\/marsu.<\/p>\n<p>Mahdollisesta turkinhoidosta tai muista hoitotoimenpiteist\u00e4 sovitaan erikseen.<\/p>\n<p><strong>Pienjyrsij\u00e4t (hiiret, gerbiilit, hamsterit):<\/strong> 8\u20ac \/ h\u00e4kki\/terraario \/ vrk.<br \/>\n<strong>Rotat, Degut: <\/strong>1-2kpl 10\u20ac \/ h\u00e4kki \/ vrk\u00a0 \u00a0 \u00a0 \u00a0 \u00a03-4kpl 12\u20ac \/ h\u00e4kki\/ vrk<\/p>\n<p><strong>Linnut: Peipot, kanariat, undulaatit:<\/strong> 8\u20ac \/ h\u00e4kki \/ vrk<br \/>\n<strong>Parakiitit, keskikokoiset papukaijat: <\/strong>10\u20ac\/vrk\u00a0 \u00a0 \u00a0 \u00a0 \u00a0 \u00a0 \u00a0 \u00a0 \u00a0 \u00a0 \u00a0 \u00a0 \u00a0 \u00a0 \u00a0 \u00a0 \u00a0 \u00a0 \u00a0\u00a0<strong><br \/>\nIsommat papukaijat:<\/strong> 12\u20ac \/ vrk<\/p>\n<p><strong>Maakilpikonnat:<\/strong> 10\u20ac \/ vrk<\/p>\n<p>Ylim\u00e4\u00e4r\u00e4iset <strong>hoitotoimenpiteet<\/strong>, l\u00e4\u00e4kitykset, silm\u00e4tipat yms. lis\u00e4maksu 2\u20ac\/vrk<\/p>\n<p><strong>Tervetuloa!<\/strong><\/p>\n<div class=\"text_exposed_show\"><\/div>\n","protected":false},"excerpt":{"rendered":"<p>LEMMIKKIHOTELLI Meill\u00e4 on kauppamme tiloissa varattuna\u00a0 esim. lomamatkasi ajaksi hoitoa tarvitseville pikku lemmikeille\u00a0 oma rauhallinen &#8221;hotelli&#8221;huone\u00a0 Otamme hoitoon pikkuel\u00e4imi\u00e4; kanit, marsut, pikkujyrsij\u00e4t, linnut, kilpikonnat&#8230; Hoidamme lemmikkisi asiantuntevasti ja yksil\u00f6llisesti omistajan toiveita noudattaen. Teemme hoidosta aina kirjallisen sopimuksen.\u00a0\u00a0 Voit tuoda lemmikkisi omassa h\u00e4kiss\u00e4\u00e4n tai tiedustella meilt\u00e4 varah\u00e4kki\u00e4. Hinnat: alkaen 1.1.2026\u00a0 \u00a0 \u00a0 \u00a0 \u00a0 \u00a0 \u00a0&hellip; <\/p>\n<p class=\"toivo-read-more\"><a href=\"https:\/\/www.kapylanelainkauppa.fi\/index.php\/palvelut\/lomahoito\/\" class=\"more-link\">Lue lis\u00e4\u00e4 <span class=\"screen-reader-text\">Lomahoito<\/span><\/a><\/p>\n","protected":false},"author":1,"featured_media":0,"parent":439,"menu_order":90,"comment_status":"closed","ping_status":"closed","template":"","meta":{"footnotes":""},"class_list":{"0":"post-88","1":"page","2":"type-page","3":"status-publish","5":"entry"},"_links":{"self":[{"href":"https:\/\/www.kapylanelainkauppa.fi\/index.php\/wp-json\/wp\/v2\/pages\/88","targetHints":{"allow":["GET"]}}],"collection":[{"href":"https:\/\/www.kapylanelainkauppa.fi\/index.php\/wp-json\/wp\/v2\/pages"}],"about":[{"href":"https:\/\/www.kapylanelainkauppa.fi\/index.php\/wp-json\/wp\/v2\/types\/page"}],"author":[{"embeddable":true,"href":"https:\/\/www.kapylanelainkauppa.fi\/index.php\/wp-json\/wp\/v2\/users\/1"}],"replies":[{"embeddable":true,"href":"https:\/\/www.kapylanelainkauppa.fi\/index.php\/wp-json\/wp\/v2\/comments?post=88"}],"version-history":[{"count":30,"href":"https:\/\/www.kapylanelainkauppa.fi\/index.php\/wp-json\/wp\/v2\/pages\/88\/revisions"}],"predecessor-version":[{"id":2201,"href":"https:\/\/www.kapylanelainkauppa.fi\/index.php\/wp-json\/wp\/v2\/pages\/88\/revisions\/2201"}],"up":[{"embeddable":true,"href":"https:\/\/www.kapylanelainkauppa.fi\/index.php\/wp-json\/wp\/v2\/pages\/439"}],"wp:attachment":[{"href":"https:\/\/www.kapylanelainkauppa.fi\/index.php\/wp-json\/wp\/v2\/media?parent=88"}],"curies":[{"name":"wp","href":"https:\/\/api.w.org\/{rel}","templated":true}]}}