{"id":90,"date":"2016-12-02T08:26:56","date_gmt":"2016-12-02T08:26:56","guid":{"rendered":"http:\/\/elainkauppa.savipaja.net\/?page_id=90"},"modified":"2024-10-30T11:53:19","modified_gmt":"2024-10-30T09:53:19","slug":"kotiinkuljetus","status":"publish","type":"page","link":"https:\/\/www.kapylanelainkauppa.fi\/index.php\/palvelut\/kotiinkuljetus\/","title":{"rendered":"Kotiinkuljetus"},"content":{"rendered":"<h5 style=\"text-align: center;\"><\/h5>\n<h5 style=\"text-align: center;\">Tarjoamme isommille ostoksillesi kotiinkuljetuspalvelun<br \/>\nkohtuullisen matkan p\u00e4\u00e4h\u00e4n!<\/h5>\n<p><img loading=\"lazy\" decoding=\"async\" class=\" wp-image-1210 aligncenter\" style=\"font-size: 25px;\" src=\"http:\/\/kapylanelainkauppa.fi\/wp-content\/uploads\/kotiinkuljetus2-300x204.jpg\" alt=\"\" width=\"360\" height=\"245\" srcset=\"https:\/\/www.kapylanelainkauppa.fi\/wp-content\/uploads\/kotiinkuljetus2-300x204.jpg 300w, https:\/\/www.kapylanelainkauppa.fi\/wp-content\/uploads\/kotiinkuljetus2.jpg 603w\" sizes=\"auto, (max-width: 360px) 100vw, 360px\" \/><\/p>\n<h6 style=\"text-align: center;\">Voit tilata tuotteesi k\u00e4ym\u00e4ll\u00e4 liikkeess\u00e4mme tai<br \/>\npuhelimitse 09 757 33 07,<br \/>\ntekstiviestill\u00e4 numeroon 050 4755616\u00a0 tai<br \/>\ns\u00e4hk\u00f6postilla myynti@kapylanelainkauppa.fi.<\/h6>\n<h6 style=\"text-align: center;\">Toimitukset joustavasti myym\u00e4l\u00e4n sulkemisen eli klo 18.00 j\u00e4lkeen arkena ja klo 14.00 j\u00e4lkeen la.<br \/>\nOstokset voit maksaa etuk\u00e4teen puodillamme, tilille tai MobilePay, jolloin voimme j\u00e4tt\u00e4\u00e4 tuotteet oven taakse tai olla paikalla ja maksaa silloin. Kuljetusmaksu on sama riippumatta kuinka monta s\u00e4kki\u00e4 tilaat samalla kerralla.<\/h6>\n<h6 style=\"text-align: center;\">Eniten tilataan raskaita s\u00e4kkej\u00e4, mutta voit toki tilata ihan mit\u00e4 vaan kauppamme tuotteita \ud83d\ude42<\/h6>\n<ul>\n<li>HINNASTO:<\/li>\n<li>\u00a0K\u00e4pyl\u00e4 5 \u20ac<\/li>\n<li>\u00a0 L\u00e4hialueet 7\u20ac<br \/>\n&#8211; Kumpula<br \/>\n&#8211; Koskela<br \/>\n&#8211; Toukola<br \/>\n&#8211; Vallila<br \/>\n&#8211; Oulunkyl\u00e4<br \/>\n&#8211; Maunula<br \/>\n&#8211; Pakila<br \/>\n&#8211; Palohein\u00e4<br \/>\n&#8211; Viikki<\/li>\n<li>Kauemmas v\u00e4hint\u00e4\u00e4n 10 eur<\/li>\n<li>Vantaan Metsola, Korso, Nikinm\u00e4ki ja l\u00e4hiymp\u00e4rist\u00f6 onnistuu my\u00f6s helposti, koska ajoa sinne muutenkin \ud83d\ude09<\/li>\n<\/ul>\n","protected":false},"excerpt":{"rendered":"<p>Tarjoamme isommille ostoksillesi kotiinkuljetuspalvelun kohtuullisen matkan p\u00e4\u00e4h\u00e4n! Voit tilata tuotteesi k\u00e4ym\u00e4ll\u00e4 liikkeess\u00e4mme tai puhelimitse 09 757 33 07, tekstiviestill\u00e4 numeroon 050 4755616\u00a0 tai s\u00e4hk\u00f6postilla myynti@kapylanelainkauppa.fi. Toimitukset joustavasti myym\u00e4l\u00e4n sulkemisen eli klo 18.00 j\u00e4lkeen arkena ja klo 14.00 j\u00e4lkeen la. Ostokset voit maksaa etuk\u00e4teen puodillamme, tilille tai MobilePay, jolloin voimme j\u00e4tt\u00e4\u00e4 tuotteet oven taakse tai olla&hellip; <\/p>\n<p class=\"toivo-read-more\"><a href=\"https:\/\/www.kapylanelainkauppa.fi\/index.php\/palvelut\/kotiinkuljetus\/\" class=\"more-link\">Lue lis\u00e4\u00e4 <span class=\"screen-reader-text\">Kotiinkuljetus<\/span><\/a><\/p>\n","protected":false},"author":1,"featured_media":0,"parent":439,"menu_order":100,"comment_status":"closed","ping_status":"closed","template":"","meta":{"footnotes":""},"class_list":{"0":"post-90","1":"page","2":"type-page","3":"status-publish","5":"entry"},"_links":{"self":[{"href":"https:\/\/www.kapylanelainkauppa.fi\/index.php\/wp-json\/wp\/v2\/pages\/90","targetHints":{"allow":["GET"]}}],"collection":[{"href":"https:\/\/www.kapylanelainkauppa.fi\/index.php\/wp-json\/wp\/v2\/pages"}],"about":[{"href":"https:\/\/www.kapylanelainkauppa.fi\/index.php\/wp-json\/wp\/v2\/types\/page"}],"author":[{"embeddable":true,"href":"https:\/\/www.kapylanelainkauppa.fi\/index.php\/wp-json\/wp\/v2\/users\/1"}],"replies":[{"embeddable":true,"href":"https:\/\/www.kapylanelainkauppa.fi\/index.php\/wp-json\/wp\/v2\/comments?post=90"}],"version-history":[{"count":20,"href":"https:\/\/www.kapylanelainkauppa.fi\/index.php\/wp-json\/wp\/v2\/pages\/90\/revisions"}],"predecessor-version":[{"id":2095,"href":"https:\/\/www.kapylanelainkauppa.fi\/index.php\/wp-json\/wp\/v2\/pages\/90\/revisions\/2095"}],"up":[{"embeddable":true,"href":"https:\/\/www.kapylanelainkauppa.fi\/index.php\/wp-json\/wp\/v2\/pages\/439"}],"wp:attachment":[{"href":"https:\/\/www.kapylanelainkauppa.fi\/index.php\/wp-json\/wp\/v2\/media?parent=90"}],"curies":[{"name":"wp","href":"https:\/\/api.w.org\/{rel}","templated":true}]}}