{"id":92,"date":"2016-12-02T08:27:28","date_gmt":"2016-12-02T08:27:28","guid":{"rendered":"http:\/\/elainkauppa.savipaja.net\/?page_id=92"},"modified":"2025-04-02T16:18:09","modified_gmt":"2025-04-02T13:18:09","slug":"linkit","status":"publish","type":"page","link":"https:\/\/www.kapylanelainkauppa.fi\/index.php\/linkit\/","title":{"rendered":"L\u00f6yt\u00f6nurkka"},"content":{"rendered":"<h5 style=\"text-align: center;\">T\u00e4\u00e4lt\u00e4 l\u00f6yd\u00e4t valikoimasta poistuvia-, &#8221;lajinsa viimeisi\u00e4-&#8221;, &#8221;second hand-&#8221;,\u00a0 tai muuten vain edullisesti alennusmyynniss\u00e4 olevia tuotteita&#8230;<\/h5>\n<table style=\"border-collapse: collapse;\" border=\"1\" cellspacing=\"0\" cellpadding=\"0\">\n<colgroup> <\/colgroup>\n<tbody>\n<tr>\n<td>\u00a0<img loading=\"lazy\" decoding=\"async\" class=\"aligncenter wp-image-2025 size-medium\" src=\"http:\/\/www.kapylanelainkauppa.fi\/wp-content\/uploads\/loytokopat-metalli-225x300.jpg\" alt=\"\" width=\"225\" height=\"300\" srcset=\"https:\/\/www.kapylanelainkauppa.fi\/wp-content\/uploads\/loytokopat-metalli-225x300.jpg 225w, https:\/\/www.kapylanelainkauppa.fi\/wp-content\/uploads\/loytokopat-metalli-768x1023.jpg 768w, https:\/\/www.kapylanelainkauppa.fi\/wp-content\/uploads\/loytokopat-metalli-rotated.jpg 908w\" sizes=\"auto, (max-width: 225px) 100vw, 225px\" \/><\/p>\n<h6 style=\"text-align: center;\">Metallisia kuonokoppia -50%<\/h6>\n<\/td>\n<td>\u00a0<img loading=\"lazy\" decoding=\"async\" class=\"aligncenter wp-image-2026 size-medium\" src=\"http:\/\/www.kapylanelainkauppa.fi\/wp-content\/uploads\/Loytokopat-nahka-300x225.jpg\" alt=\"\" width=\"300\" height=\"225\" srcset=\"https:\/\/www.kapylanelainkauppa.fi\/wp-content\/uploads\/Loytokopat-nahka-300x225.jpg 300w, https:\/\/www.kapylanelainkauppa.fi\/wp-content\/uploads\/Loytokopat-nahka-1024x768.jpg 1024w, https:\/\/www.kapylanelainkauppa.fi\/wp-content\/uploads\/Loytokopat-nahka-768x576.jpg 768w, https:\/\/www.kapylanelainkauppa.fi\/wp-content\/uploads\/Loytokopat-nahka-rotated.jpg 1210w\" sizes=\"auto, (max-width: 300px) 100vw, 300px\" \/><\/p>\n<h6 style=\"text-align: center;\">Nahkaisia Kuonokoppia -50%<\/h6>\n<\/td>\n<\/tr>\n<tr>\n<td><\/td>\n<td><\/td>\n<\/tr>\n<tr>\n<td>\u00a0<img loading=\"lazy\" decoding=\"async\" class=\"aligncenter wp-image-2027 size-medium\" src=\"http:\/\/www.kapylanelainkauppa.fi\/wp-content\/uploads\/Loytosuodattimet-300x220.jpg\" alt=\"\" width=\"300\" height=\"220\" srcset=\"https:\/\/www.kapylanelainkauppa.fi\/wp-content\/uploads\/Loytosuodattimet-300x220.jpg 300w, https:\/\/www.kapylanelainkauppa.fi\/wp-content\/uploads\/Loytosuodattimet-1024x750.jpg 1024w, https:\/\/www.kapylanelainkauppa.fi\/wp-content\/uploads\/Loytosuodattimet-768x563.jpg 768w, https:\/\/www.kapylanelainkauppa.fi\/wp-content\/uploads\/Loytosuodattimet.jpg 1129w\" sizes=\"auto, (max-width: 300px) 100vw, 300px\" \/><\/p>\n<h6 style=\"text-align: center;\">Er\u00e4 akvaariosuodattimen<br \/>\nfilttereit\u00e4 -70%<\/h6>\n<\/td>\n<td>\u00a0<img loading=\"lazy\" decoding=\"async\" class=\"aligncenter wp-image-2028 size-medium\" src=\"http:\/\/www.kapylanelainkauppa.fi\/wp-content\/uploads\/Loytohaalarit-300x224.jpg\" alt=\"\" width=\"300\" height=\"224\" srcset=\"https:\/\/www.kapylanelainkauppa.fi\/wp-content\/uploads\/Loytohaalarit-300x224.jpg 300w, https:\/\/www.kapylanelainkauppa.fi\/wp-content\/uploads\/Loytohaalarit-1024x765.jpg 1024w, https:\/\/www.kapylanelainkauppa.fi\/wp-content\/uploads\/Loytohaalarit-768x574.jpg 768w, https:\/\/www.kapylanelainkauppa.fi\/wp-content\/uploads\/Loytohaalarit-rotated.jpg 1169w\" sizes=\"auto, (max-width: 300px) 100vw, 300px\" \/><\/p>\n<h6 style=\"text-align: center;\">Vanhoja Sadehaalareita -40%<\/h6>\n<\/td>\n<\/tr>\n<tr>\n<td>\u00a0<img loading=\"lazy\" decoding=\"async\" class=\"aligncenter wp-image-2029 size-medium\" src=\"http:\/\/www.kapylanelainkauppa.fi\/wp-content\/uploads\/Loytotaluttimet-300x225.jpg\" alt=\"\" width=\"300\" height=\"225\" srcset=\"https:\/\/www.kapylanelainkauppa.fi\/wp-content\/uploads\/Loytotaluttimet-300x225.jpg 300w, https:\/\/www.kapylanelainkauppa.fi\/wp-content\/uploads\/Loytotaluttimet-1024x769.jpg 1024w, https:\/\/www.kapylanelainkauppa.fi\/wp-content\/uploads\/Loytotaluttimet-768x577.jpg 768w, https:\/\/www.kapylanelainkauppa.fi\/wp-content\/uploads\/Loytotaluttimet-rotated.jpg 1089w\" sizes=\"auto, (max-width: 300px) 100vw, 300px\" \/><\/p>\n<h6 style=\"text-align: center;\">Monitoimitaluttimia (15\u20ac-19\u20ac) -30%<\/h6>\n<\/td>\n<td>\u00a0<img loading=\"lazy\" decoding=\"async\" class=\"aligncenter wp-image-2030 size-medium\" src=\"http:\/\/www.kapylanelainkauppa.fi\/wp-content\/uploads\/Loytotarrat-239x300.jpg\" alt=\"\" width=\"239\" height=\"300\" srcset=\"https:\/\/www.kapylanelainkauppa.fi\/wp-content\/uploads\/Loytotarrat-239x300.jpg 239w, https:\/\/www.kapylanelainkauppa.fi\/wp-content\/uploads\/Loytotarrat-768x963.jpg 768w, https:\/\/www.kapylanelainkauppa.fi\/wp-content\/uploads\/Loytotarrat.jpg 817w\" sizes=\"auto, (max-width: 239px) 100vw, 239px\" \/><\/p>\n<h6 style=\"text-align: center;\">Rotutarrat! My\u00f6s hevoset, linnut,<br \/>\nkissat, kanit, marsut 1\u20ac \/ kpl<\/h6>\n<\/td>\n<\/tr>\n<tr>\n<td>\u00a0<img loading=\"lazy\" decoding=\"async\" class=\"aligncenter wp-image-2031 size-medium\" src=\"http:\/\/www.kapylanelainkauppa.fi\/wp-content\/uploads\/Loytovaljaat-257x300.jpg\" alt=\"\" width=\"257\" height=\"300\" srcset=\"https:\/\/www.kapylanelainkauppa.fi\/wp-content\/uploads\/Loytovaljaat-257x300.jpg 257w, https:\/\/www.kapylanelainkauppa.fi\/wp-content\/uploads\/Loytovaljaat-877x1024.jpg 877w, https:\/\/www.kapylanelainkauppa.fi\/wp-content\/uploads\/Loytovaljaat-768x897.jpg 768w, https:\/\/www.kapylanelainkauppa.fi\/wp-content\/uploads\/Loytovaljaat.jpg 908w\" sizes=\"auto, (max-width: 257px) 100vw, 257px\" \/><\/p>\n<h6 style=\"text-align: center;\">Pehmovaljaat<\/h6>\n<h6 style=\"text-align: center;\">T-malli<\/h6>\n<p style=\"text-align: center;\"><strong>5\u20ac<\/strong><\/p>\n<\/td>\n<td>\n<h6 style=\"text-align: center;\"><img loading=\"lazy\" decoding=\"async\" class=\"alignnone  wp-image-1556\" src=\"http:\/\/kapylanelainkauppa.fi\/wp-content\/uploads\/Hurtta-haalari-300x253.jpg\" alt=\"\" width=\"263\" height=\"222\" srcset=\"https:\/\/www.kapylanelainkauppa.fi\/wp-content\/uploads\/Hurtta-haalari-300x253.jpg 300w, https:\/\/www.kapylanelainkauppa.fi\/wp-content\/uploads\/Hurtta-haalari.jpg 1191w\" sizes=\"auto, (max-width: 263px) 100vw, 263px\" \/><\/h6>\n<h6>Hurtan vanhat<\/h6>\n<h6>Sadehaalarit<br \/>\n<strong>-30%<\/strong><\/h6>\n<\/td>\n<\/tr>\n<tr>\n<td>\n<h6>\u00a0 Husky-valjaita<\/h6>\n<h6>Jokke ym.<\/h6>\n<h6><strong>15\u20ac<\/strong><\/h6>\n<\/td>\n<td>\n<h6>Hydor-suodatinpatruunoita yms.<img loading=\"lazy\" decoding=\"async\" class=\"alignnone size-medium wp-image-2127\" src=\"http:\/\/www.kapylanelainkauppa.fi\/wp-content\/uploads\/20250402_141835-300x237.jpg\" alt=\"\" width=\"300\" height=\"237\" srcset=\"https:\/\/www.kapylanelainkauppa.fi\/wp-content\/uploads\/20250402_141835-300x237.jpg 300w, https:\/\/www.kapylanelainkauppa.fi\/wp-content\/uploads\/20250402_141835-1024x811.jpg 1024w, https:\/\/www.kapylanelainkauppa.fi\/wp-content\/uploads\/20250402_141835-768x608.jpg 768w, https:\/\/www.kapylanelainkauppa.fi\/wp-content\/uploads\/20250402_141835-1536x1216.jpg 1536w, https:\/\/www.kapylanelainkauppa.fi\/wp-content\/uploads\/20250402_141835-2048x1621.jpg 2048w, https:\/\/www.kapylanelainkauppa.fi\/wp-content\/uploads\/20250402_141835-1260x997.jpg 1260w\" sizes=\"auto, (max-width: 300px) 100vw, 300px\" \/><\/h6>\n<\/td>\n<\/tr>\n<tr>\n<td><\/td>\n<td>\n<h6>Fluval-suodatinpatruunoita yms.<img loading=\"lazy\" decoding=\"async\" class=\"size-medium wp-image-2130 alignright\" src=\"http:\/\/www.kapylanelainkauppa.fi\/wp-content\/uploads\/20250402_141843-300x251.jpg\" alt=\"\" width=\"300\" height=\"251\" srcset=\"https:\/\/www.kapylanelainkauppa.fi\/wp-content\/uploads\/20250402_141843-300x251.jpg 300w, https:\/\/www.kapylanelainkauppa.fi\/wp-content\/uploads\/20250402_141843-1024x857.jpg 1024w, https:\/\/www.kapylanelainkauppa.fi\/wp-content\/uploads\/20250402_141843-768x643.jpg 768w, https:\/\/www.kapylanelainkauppa.fi\/wp-content\/uploads\/20250402_141843-1536x1285.jpg 1536w, https:\/\/www.kapylanelainkauppa.fi\/wp-content\/uploads\/20250402_141843-2048x1713.jpg 2048w, https:\/\/www.kapylanelainkauppa.fi\/wp-content\/uploads\/20250402_141843-1260x1054.jpg 1260w\" sizes=\"auto, (max-width: 300px) 100vw, 300px\" \/><\/h6>\n<\/td>\n<\/tr>\n<tr>\n<td><\/td>\n<td><\/td>\n<\/tr>\n<tr>\n<td><\/td>\n<td><\/td>\n<\/tr>\n<\/tbody>\n<\/table>\n","protected":false},"excerpt":{"rendered":"<p>T\u00e4\u00e4lt\u00e4 l\u00f6yd\u00e4t valikoimasta poistuvia-, &#8221;lajinsa viimeisi\u00e4-&#8221;, &#8221;second hand-&#8221;,\u00a0 tai muuten vain edullisesti alennusmyynniss\u00e4 olevia tuotteita&#8230; \u00a0 Metallisia kuonokoppia -50% \u00a0 Nahkaisia Kuonokoppia -50% \u00a0 Er\u00e4 akvaariosuodattimen filttereit\u00e4 -70% \u00a0 Vanhoja Sadehaalareita -40% \u00a0 Monitoimitaluttimia (15\u20ac-19\u20ac) -30% \u00a0 Rotutarrat! My\u00f6s hevoset, linnut, kissat, kanit, marsut 1\u20ac \/ kpl \u00a0 Pehmovaljaat T-malli 5\u20ac Hurtan vanhat Sadehaalarit -30%&hellip; <\/p>\n<p class=\"toivo-read-more\"><a href=\"https:\/\/www.kapylanelainkauppa.fi\/index.php\/linkit\/\" class=\"more-link\">Lue lis\u00e4\u00e4 <span class=\"screen-reader-text\">L\u00f6yt\u00f6nurkka<\/span><\/a><\/p>\n","protected":false},"author":1,"featured_media":0,"parent":0,"menu_order":110,"comment_status":"closed","ping_status":"closed","template":"","meta":{"footnotes":""},"class_list":{"0":"post-92","1":"page","2":"type-page","3":"status-publish","5":"entry"},"_links":{"self":[{"href":"https:\/\/www.kapylanelainkauppa.fi\/index.php\/wp-json\/wp\/v2\/pages\/92","targetHints":{"allow":["GET"]}}],"collection":[{"href":"https:\/\/www.kapylanelainkauppa.fi\/index.php\/wp-json\/wp\/v2\/pages"}],"about":[{"href":"https:\/\/www.kapylanelainkauppa.fi\/index.php\/wp-json\/wp\/v2\/types\/page"}],"author":[{"embeddable":true,"href":"https:\/\/www.kapylanelainkauppa.fi\/index.php\/wp-json\/wp\/v2\/users\/1"}],"replies":[{"embeddable":true,"href":"https:\/\/www.kapylanelainkauppa.fi\/index.php\/wp-json\/wp\/v2\/comments?post=92"}],"version-history":[{"count":26,"href":"https:\/\/www.kapylanelainkauppa.fi\/index.php\/wp-json\/wp\/v2\/pages\/92\/revisions"}],"predecessor-version":[{"id":2135,"href":"https:\/\/www.kapylanelainkauppa.fi\/index.php\/wp-json\/wp\/v2\/pages\/92\/revisions\/2135"}],"wp:attachment":[{"href":"https:\/\/www.kapylanelainkauppa.fi\/index.php\/wp-json\/wp\/v2\/media?parent=92"}],"curies":[{"name":"wp","href":"https:\/\/api.w.org\/{rel}","templated":true}]}}